{"id":1762,"date":"2023-08-26T15:01:32","date_gmt":"2023-08-26T13:01:32","guid":{"rendered":"https:\/\/369agara.com\/?post_type=product&#038;p=1762"},"modified":"2025-05-13T13:16:33","modified_gmt":"2025-05-13T11:16:33","slug":"tige-metallique-mise-terre","status":"publish","type":"product","link":"https:\/\/369agara.com\/sv\/produkt\/tige-metallique-mise-terre\/","title":{"rendered":"Jordande metallst\u00e5ng"},"content":{"rendered":"<p><span style=\"font-family: 'Book Antiqua', Palatino; font-size: 120%; color: #333399;\">Jordningsst\u00e5ngen \u00e4r 30 cm l\u00e5ng och levereras med en 12 meter l\u00e5ng sladd.<\/span><\/p>\n<p><span style=\"font-family: 'Book Antiqua', Palatino; font-size: 120%; color: #333399;\">Den kompenserar f\u00f6r eventuella fel i ditt interna jordningssystem (v\u00e4gguttag som inte \u00e4r anslutna till jord, otillr\u00e4cklig jord etc.)<\/span><\/p>\n<p><span style=\"font-family: 'Book Antiqua', Palatino; font-size: 120%; color: #333399;\">F\u00f6r att jordningen ska vara effektiv \u00e4r det viktigt att du testar kvaliteten p\u00e5 ditt jordsystem, antingen med en l\u00e4mplig anordning eller genom att anlita en fackman med l\u00e4mplig utrustning.<\/span><\/p>\n<p><span style=\"font-family: 'Book Antiqua', Palatino; font-size: 120%; color: #333399;\">Om elinstallationerna \u00e4r f\u00f6r gamla eller felaktigt installerade kan jordanslutningen vara otillr\u00e4cklig eller obefintlig. I s\u00e5 fall kan du plantera den h\u00e4r jordningsst\u00e5ngen av metall direkt i jorden i din tr\u00e4dg\u00e5rd, helst i ett fuktigt eller regnigt omr\u00e5de.<\/span><br \/>\n<span style=\"font-family: 'Book Antiqua', Palatino; font-size: 120%; color: #333399;\">Sedan ansluter du din jordningsapparat till sladden.<\/span><\/p>\n<p><span style=\"font-family: 'Book Antiqua', Palatino; font-size: 120%; color: #333399;\">Eftersom jordledningen \u00e4r mycket tunn och mycket stark kan den passera genom ett f\u00f6nster och skadas inte n\u00e4r du st\u00e4nger det.<\/span><\/p>\n<p><span style=\"font-family: 'Book Antiqua', Palatino; font-size: 120%; color: #333399;\">Om det beh\u00f6vs, beroende p\u00e5 hur l\u00e5ng kabel du beh\u00f6ver f\u00f6r att n\u00e5 den plats d\u00e4r du vill anv\u00e4nda din jordningsanordning, kan du anv\u00e4nda en jordningsf\u00f6rl\u00e4ngningskabel (3 m eller 12 m).<\/span><\/p>\n<h3><span style=\"font-family: 'Book Antiqua', Palatino; font-size: 120%; color: #333399;\">Vad \u00e4r jordning?<\/span><\/h3>\n<p><span style=\"font-family: 'Book Antiqua', Palatino; font-size: 120%; color: #333399;\">Enligt Clinton Ober, Stephen Sinatra och Martin Zuckers bok \"Connecting to the Earth, Perhaps the most important health discovery\", som fungerar som ett referensverk i \u00e4mnet, \u00e5terst\u00e4lls kroppens naturliga elektriska balans genom att kroppen kopplas till jorden (eller jordas) och laddas ur elektrostatiskt, precis som n\u00e4r man g\u00e5r barfota i gr\u00e4set.<\/span><\/p>\n<p><span style=\"font-family: 'Book Antiqua', Palatino; font-size: 120%; color: #333399;\">De olika jordningsprodukterna \u00e5terskapar detta naturliga fenomen.<\/span><\/p>\n<p><span style=\"font-family: 'Book Antiqua', Palatino; font-size: 120%; color: #333399;\">Det har ett antal f\u00f6rdelar, bland annat :<\/span><\/p>\n<ul>\n<li><span style=\"font-family: 'Book Antiqua', Palatino; font-size: 120%; color: #333399;\">ett f\u00f6rb\u00e4ttrat immunf\u00f6rsvar<\/span><\/li>\n<li><span style=\"font-family: 'Book Antiqua', Palatino; font-size: 120%; color: #333399;\">f\u00f6rb\u00e4ttrad matsm\u00e4ltning<\/span><\/li>\n<li><span style=\"font-family: 'Book Antiqua', Palatino; font-size: 120%; color: #333399;\">en f\u00f6rb\u00e4ttring av s\u00f6mnkvaliteten och en balansering av v\u00e5r biologiska klocka<\/span><\/li>\n<li><span style=\"font-family: 'Book Antiqua', Palatino; font-size: 120%; color: #333399;\">\u00f6kad energi och minskad stress<\/span><\/li>\n<li><span style=\"font-family: 'Book Antiqua', Palatino; font-size: 120%; color: #333399;\">f\u00f6rb\u00e4ttrad blodcirkulation<\/span><\/li>\n<li><span style=\"font-family: 'Book Antiqua', Palatino; font-size: 120%; color: #333399;\">snabbare \u00e5terh\u00e4mtning efter intensiv fysisk aktivitet och snabbare l\u00e4kning av skador<\/span><\/li>\n<li><span style=\"font-family: 'Book Antiqua', Palatino; font-size: 120%; color: #333399;\">lindring av muskelsp\u00e4nningar, huvudv\u00e4rk, hormonella symtom och menstruationssymtom<\/span><\/li>\n<li><span style=\"font-family: 'Book Antiqua', Palatino; font-size: 120%; color: #333399;\">en minskning av inflammation<\/span><\/li>\n<li><span style=\"font-family: 'Book Antiqua', Palatino; font-size: 120%; color: #333399;\">minskad stress, \u00e5ngest, irritabilitet och till och med symtom p\u00e5 el\u00f6verk\u00e4nslighet<\/span><\/li>\n<\/ul>\n<p><span style=\"font-family: 'Book Antiqua', Palatino; font-size: 120%; color: #333399;\">Denna information ers\u00e4tter inte p\u00e5 n\u00e5got s\u00e4tt r\u00e5d fr\u00e5n din l\u00e4kare och \u00e4r inte avsedd att behandla eller bota n\u00e5got medicinskt tillst\u00e5nd. Vid eventuella h\u00e4lsoproblem b\u00f6r du r\u00e5dfr\u00e5ga din l\u00e4kare.<\/span><\/p>\n<h3><span style=\"font-family: 'Book Antiqua', Palatino; font-size: 120%; color: #333399;\">Agara r\u00e5d<\/span><\/h3>\n<p><span style=\"font-family: 'Book Antiqua', Palatino; font-size: 120%; color: #333399;\">F\u00f6r att jordningen ska vara effektiv \u00e4r det viktigt att du testar kvaliteten p\u00e5 ditt jordningssystem, antingen med en l\u00e4mplig enhet (jordtestare, Tohm-E eller Catohm DT-300 jordm\u00e4tare) eller genom att anlita en fackman med l\u00e4mplig utrustning.\u00a0<\/span><\/p>\n<p><span style=\"font-family: 'Book Antiqua', Palatino; font-size: 120%; color: #ed1c24;\">Om elinstallationerna \u00e4r f\u00f6r gamla eller felaktigt installerade kan jordanslutningen vara otillr\u00e4cklig eller obefintlig.<\/span><\/p>\n<p><span style=\"font-family: 'Book Antiqua', Palatino; font-size: 120%; color: #ed1c24;\">Det \u00e4r ocks\u00e5 mycket viktigt att minimera elektriska f\u00e4lt i rummet (klockradio, s\u00e4nglampor, osk\u00e4rmade eluttag och f\u00f6rl\u00e4ngningssladdar) f\u00f6r att f\u00f6rhindra att de st\u00f6r jordsystemet. Tveka inte att m\u00e4ta dem eller l\u00e5ta m\u00e4ta dem!<\/span><\/p>","protected":false},"excerpt":{"rendered":"<p><span style=\"font-family: 'Book Antiqua', Palatino; font-size: 120%; color: #333399;\">Jordningsst\u00e5ngen i metall ska planteras i jorden utanf\u00f6r i h\u00e4ndelse av oanslutna eller felaktiga jordningsuttag.\u00a0<\/span><\/p>\n<p><span style=\"font-family: 'Book Antiqua', Palatino; font-size: 120%; color: #333399;\">Levereras med en 12 m l\u00e5ng sladd.<\/span><\/p>","protected":false},"featured_media":1763,"comment_status":"open","ping_status":"closed","template":"","meta":[],"product_brand":[267],"product_cat":[164],"product_tag":[248,249,264,245],"class_list":{"0":"post-1762","1":"product","2":"type-product","3":"status-publish","4":"has-post-thumbnail","6":"product_brand-earthing","7":"product_cat-baubiologie","8":"product_tag-baubiologie","9":"product_tag-electromagnetisme","10":"product_tag-exterieur","11":"product_tag-maison","13":"first","14":"instock","15":"taxable","16":"shipping-taxable","17":"purchasable","18":"product-type-simple"},"yoast_head":"<!-- This site is optimized with the Yoast SEO Premium plugin v25.1 (Yoast SEO v27.4) - https:\/\/yoast.com\/product\/yoast-seo-premium-wordpress\/ -->\n<title>Tige m\u00e9tallique de mise \u00e0 la terre Earthing | Agara<\/title>\n<meta name=\"description\" content=\"Den jordande metallslangen ska planteras i jorden utanf\u00f6r i h\u00e4ndelse av n\u00e4tjordsuttag som inte \u00e4r anslutna till jord eller \u00e4r felaktiga.Levereras med en 12 m tr\u00e5d.\" \/>\n<meta name=\"robots\" content=\"index, follow, max-snippet:-1, max-image-preview:large, max-video-preview:-1\" \/>\n<link rel=\"canonical\" href=\"https:\/\/369agara.com\/sv\/produkt\/tige-metallique-mise-terre\/\" \/>\n<meta property=\"og:locale\" content=\"sv_SE\" \/>\n<meta property=\"og:type\" content=\"article\" \/>\n<meta property=\"og:title\" content=\"Tige m\u00e9tallique de mise \u00e0 la terre Earthing\" \/>\n<meta property=\"og:description\" content=\"Den jordande metallslangen ska planteras i jorden utanf\u00f6r i h\u00e4ndelse av n\u00e4tjordsuttag som inte \u00e4r anslutna till jord eller \u00e4r felaktiga.Levereras med en 12 m tr\u00e5d.\" \/>\n<meta property=\"og:url\" content=\"https:\/\/369agara.com\/sv\/produkt\/tige-metallique-mise-terre\/\" \/>\n<meta property=\"og:site_name\" content=\"Agara\" \/>\n<meta property=\"article:modified_time\" content=\"2025-05-13T11:16:33+00:00\" \/>\n<meta property=\"og:image\" content=\"https:\/\/369agara.com\/wp-content\/uploads\/2023\/08\/tige-metallique-de-mise-a-terre-earthing.jpg\" \/>\n\t<meta property=\"og:image:width\" content=\"800\" \/>\n\t<meta property=\"og:image:height\" content=\"800\" \/>\n\t<meta property=\"og:image:type\" content=\"image\/jpeg\" \/>\n<meta name=\"twitter:card\" content=\"summary_large_image\" \/>\n<meta name=\"twitter:label1\" content=\"Ber\u00e4knad l\u00e4stid\" \/>\n\t<meta name=\"twitter:data1\" content=\"3 minuter\" \/>\n<script type=\"application\/ld+json\" class=\"yoast-schema-graph\">{\"@context\":\"https:\\\/\\\/schema.org\",\"@graph\":[{\"@type\":\"WebPage\",\"@id\":\"https:\\\/\\\/369agara.com\\\/produit\\\/tige-metallique-mise-terre\\\/\",\"url\":\"https:\\\/\\\/369agara.com\\\/produit\\\/tige-metallique-mise-terre\\\/\",\"name\":\"Tige m\u00e9tallique de mise \u00e0 la terre Earthing | Agara\",\"isPartOf\":{\"@id\":\"https:\\\/\\\/369agara.com\\\/#website\"},\"primaryImageOfPage\":{\"@id\":\"https:\\\/\\\/369agara.com\\\/produit\\\/tige-metallique-mise-terre\\\/#primaryimage\"},\"image\":{\"@id\":\"https:\\\/\\\/369agara.com\\\/produit\\\/tige-metallique-mise-terre\\\/#primaryimage\"},\"thumbnailUrl\":\"https:\\\/\\\/369agara.com\\\/wp-content\\\/uploads\\\/2023\\\/08\\\/tige-metallique-de-mise-a-terre-earthing.jpg\",\"datePublished\":\"2023-08-26T13:01:32+00:00\",\"dateModified\":\"2025-05-13T11:16:33+00:00\",\"description\":\"Den jordande metallslangen ska planteras i jorden utanf\u00f6r i h\u00e4ndelse av n\u00e4tjordsuttag som inte \u00e4r anslutna till jord eller \u00e4r felaktiga.Levereras med en 12 m tr\u00e5d.\",\"breadcrumb\":{\"@id\":\"https:\\\/\\\/369agara.com\\\/produit\\\/tige-metallique-mise-terre\\\/#breadcrumb\"},\"inLanguage\":\"sv-SE\",\"potentialAction\":[{\"@type\":\"ReadAction\",\"target\":[\"https:\\\/\\\/369agara.com\\\/produit\\\/tige-metallique-mise-terre\\\/\"]}]},{\"@type\":\"ImageObject\",\"inLanguage\":\"sv-SE\",\"@id\":\"https:\\\/\\\/369agara.com\\\/produit\\\/tige-metallique-mise-terre\\\/#primaryimage\",\"url\":\"https:\\\/\\\/369agara.com\\\/wp-content\\\/uploads\\\/2023\\\/08\\\/tige-metallique-de-mise-a-terre-earthing.jpg\",\"contentUrl\":\"https:\\\/\\\/369agara.com\\\/wp-content\\\/uploads\\\/2023\\\/08\\\/tige-metallique-de-mise-a-terre-earthing.jpg\",\"width\":800,\"height\":800},{\"@type\":\"BreadcrumbList\",\"@id\":\"https:\\\/\\\/369agara.com\\\/produit\\\/tige-metallique-mise-terre\\\/#breadcrumb\",\"itemListElement\":[{\"@type\":\"ListItem\",\"position\":1,\"name\":\"Accueil\",\"item\":\"https:\\\/\\\/369agara.com\\\/\"},{\"@type\":\"ListItem\",\"position\":2,\"name\":\"La boutique\",\"item\":\"https:\\\/\\\/369agara.com\\\/la-boutique\\\/\"},{\"@type\":\"ListItem\",\"position\":3,\"name\":\"Tige m\u00e9tallique de mise \u00e0 la terre Earthing\"}]},{\"@type\":\"WebSite\",\"@id\":\"https:\\\/\\\/369agara.com\\\/#website\",\"url\":\"https:\\\/\\\/369agara.com\\\/\",\"name\":\"Livsrikedomar\",\"description\":\"D\u00e9connectez pour mieux vous connecter\",\"publisher\":{\"@id\":\"https:\\\/\\\/369agara.com\\\/#organization\"},\"potentialAction\":[{\"@type\":\"SearchAction\",\"target\":{\"@type\":\"EntryPoint\",\"urlTemplate\":\"https:\\\/\\\/369agara.com\\\/?s={search_term_string}\"},\"query-input\":{\"@type\":\"PropertyValueSpecification\",\"valueRequired\":true,\"valueName\":\"search_term_string\"}}],\"inLanguage\":\"sv-SE\"},{\"@type\":\"Organization\",\"@id\":\"https:\\\/\\\/369agara.com\\\/#organization\",\"name\":\"EACreations\",\"url\":\"https:\\\/\\\/369agara.com\\\/\",\"logo\":{\"@type\":\"ImageObject\",\"inLanguage\":\"sv-SE\",\"@id\":\"https:\\\/\\\/369agara.com\\\/#\\\/schema\\\/logo\\\/image\\\/\",\"url\":\"\",\"contentUrl\":\"\",\"caption\":\"EACreations\"},\"image\":{\"@id\":\"https:\\\/\\\/369agara.com\\\/#\\\/schema\\\/logo\\\/image\\\/\"}}]}<\/script>\n<!-- \/ Yoast SEO Premium plugin. -->","yoast_head_json":{"title":"Tige m\u00e9tallique de mise \u00e0 la terre Earthing | Agara","description":"Den jordande metallslangen ska planteras i jorden utanf\u00f6r i h\u00e4ndelse av n\u00e4tjordsuttag som inte \u00e4r anslutna till jord eller \u00e4r felaktiga.Levereras med en 12 m tr\u00e5d.","robots":{"index":"index","follow":"follow","max-snippet":"max-snippet:-1","max-image-preview":"max-image-preview:large","max-video-preview":"max-video-preview:-1"},"canonical":"https:\/\/369agara.com\/sv\/produkt\/tige-metallique-mise-terre\/","og_locale":"sv_SE","og_type":"article","og_title":"Tige m\u00e9tallique de mise \u00e0 la terre Earthing","og_description":"Den jordande metallslangen ska planteras i jorden utanf\u00f6r i h\u00e4ndelse av n\u00e4tjordsuttag som inte \u00e4r anslutna till jord eller \u00e4r felaktiga.Levereras med en 12 m tr\u00e5d.","og_url":"https:\/\/369agara.com\/sv\/produkt\/tige-metallique-mise-terre\/","og_site_name":"Agara","article_modified_time":"2025-05-13T11:16:33+00:00","og_image":[{"width":800,"height":800,"url":"https:\/\/369agara.com\/wp-content\/uploads\/2023\/08\/tige-metallique-de-mise-a-terre-earthing.jpg","type":"image\/jpeg"}],"twitter_card":"summary_large_image","twitter_misc":{"Ber\u00e4knad l\u00e4stid":"3 minuter"},"schema":{"@context":"https:\/\/schema.org","@graph":[{"@type":"WebPage","@id":"https:\/\/369agara.com\/produit\/tige-metallique-mise-terre\/","url":"https:\/\/369agara.com\/produit\/tige-metallique-mise-terre\/","name":"Tige m\u00e9tallique de mise \u00e0 la terre Earthing | Agara","isPartOf":{"@id":"https:\/\/369agara.com\/#website"},"primaryImageOfPage":{"@id":"https:\/\/369agara.com\/produit\/tige-metallique-mise-terre\/#primaryimage"},"image":{"@id":"https:\/\/369agara.com\/produit\/tige-metallique-mise-terre\/#primaryimage"},"thumbnailUrl":"https:\/\/369agara.com\/wp-content\/uploads\/2023\/08\/tige-metallique-de-mise-a-terre-earthing.jpg","datePublished":"2023-08-26T13:01:32+00:00","dateModified":"2025-05-13T11:16:33+00:00","description":"Den jordande metallslangen ska planteras i jorden utanf\u00f6r i h\u00e4ndelse av n\u00e4tjordsuttag som inte \u00e4r anslutna till jord eller \u00e4r felaktiga.Levereras med en 12 m tr\u00e5d.","breadcrumb":{"@id":"https:\/\/369agara.com\/produit\/tige-metallique-mise-terre\/#breadcrumb"},"inLanguage":"sv-SE","potentialAction":[{"@type":"ReadAction","target":["https:\/\/369agara.com\/produit\/tige-metallique-mise-terre\/"]}]},{"@type":"ImageObject","inLanguage":"sv-SE","@id":"https:\/\/369agara.com\/produit\/tige-metallique-mise-terre\/#primaryimage","url":"https:\/\/369agara.com\/wp-content\/uploads\/2023\/08\/tige-metallique-de-mise-a-terre-earthing.jpg","contentUrl":"https:\/\/369agara.com\/wp-content\/uploads\/2023\/08\/tige-metallique-de-mise-a-terre-earthing.jpg","width":800,"height":800},{"@type":"BreadcrumbList","@id":"https:\/\/369agara.com\/produit\/tige-metallique-mise-terre\/#breadcrumb","itemListElement":[{"@type":"ListItem","position":1,"name":"Accueil","item":"https:\/\/369agara.com\/"},{"@type":"ListItem","position":2,"name":"La boutique","item":"https:\/\/369agara.com\/la-boutique\/"},{"@type":"ListItem","position":3,"name":"Tige m\u00e9tallique de mise \u00e0 la terre Earthing"}]},{"@type":"WebSite","@id":"https:\/\/369agara.com\/#website","url":"https:\/\/369agara.com\/","name":"Livsrikedomar","description":"Koppla bort f\u00f6r att skapa b\u00e4ttre kontakt","publisher":{"@id":"https:\/\/369agara.com\/#organization"},"potentialAction":[{"@type":"SearchAction","target":{"@type":"EntryPoint","urlTemplate":"https:\/\/369agara.com\/?s={search_term_string}"},"query-input":{"@type":"PropertyValueSpecification","valueRequired":true,"valueName":"search_term_string"}}],"inLanguage":"sv-SE"},{"@type":"Organization","@id":"https:\/\/369agara.com\/#organization","name":"EACreations","url":"https:\/\/369agara.com\/","logo":{"@type":"ImageObject","inLanguage":"sv-SE","@id":"https:\/\/369agara.com\/#\/schema\/logo\/image\/","url":"","contentUrl":"","caption":"EACreations"},"image":{"@id":"https:\/\/369agara.com\/#\/schema\/logo\/image\/"}}]}},"jetpack_sharing_enabled":true,"_links":{"self":[{"href":"https:\/\/369agara.com\/sv\/wp-json\/wp\/v2\/product\/1762","targetHints":{"allow":["GET"]}}],"collection":[{"href":"https:\/\/369agara.com\/sv\/wp-json\/wp\/v2\/product"}],"about":[{"href":"https:\/\/369agara.com\/sv\/wp-json\/wp\/v2\/types\/product"}],"replies":[{"embeddable":true,"href":"https:\/\/369agara.com\/sv\/wp-json\/wp\/v2\/comments?post=1762"}],"wp:featuredmedia":[{"embeddable":true,"href":"https:\/\/369agara.com\/sv\/wp-json\/wp\/v2\/media\/1763"}],"wp:attachment":[{"href":"https:\/\/369agara.com\/sv\/wp-json\/wp\/v2\/media?parent=1762"}],"wp:term":[{"taxonomy":"product_brand","embeddable":true,"href":"https:\/\/369agara.com\/sv\/wp-json\/wp\/v2\/product_brand?post=1762"},{"taxonomy":"product_cat","embeddable":true,"href":"https:\/\/369agara.com\/sv\/wp-json\/wp\/v2\/product_cat?post=1762"},{"taxonomy":"product_tag","embeddable":true,"href":"https:\/\/369agara.com\/sv\/wp-json\/wp\/v2\/product_tag?post=1762"}],"curies":[{"name":"wp","href":"https:\/\/api.w.org\/{rel}","templated":true}]}}