{"id":1764,"date":"2023-09-18T20:22:35","date_gmt":"2023-09-18T18:22:35","guid":{"rendered":"https:\/\/369agara.com\/?post_type=product&#038;p=1764"},"modified":"2025-05-15T22:00:00","modified_gmt":"2025-05-15T20:00:00","slug":"lampe-chevet-rome","status":"publish","type":"product","link":"https:\/\/369agara.com\/sv\/produkt\/lampe-chevet-rome\/","title":{"rendered":"Biologa Danell \"Rome\" armoured s\u00e4nglampa"},"content":{"rendered":"<p><span style=\"font-family: 'Book Antiqua', Palatino; font-size: 120%; color: #333399;\"><strong>Den sk\u00e4rmade s\u00e4nglampan \"Rome\" fr\u00e5n Biologa Danell ger skydd mot l\u00e5gfrekventa elektriska och magnetiska f\u00e4lt.<\/strong><\/span><\/p>\n<p><span style=\"font-family: 'Book Antiqua', Palatino; font-size: 120%; color: #333399;\">Den \u00e4r perfekt som s\u00e4nglampa eller som bordslampa i vardagsrummet, matsalen etc.<\/span><\/p>\n<p><span style=\"font-family: 'Book Antiqua', Palatino; font-size: 120%; color: #333399;\">Denna lampa har utformats f\u00f6r att passa perfekt till den avsk\u00e4rmande taklampan Danell Biologa.<\/span><\/p>\n<p><span style=\"font-family: 'Book Antiqua', Palatino; font-size: 120%; color: #333399;\">Den kombinerar ocks\u00e5 elegant design med anv\u00e4ndarv\u00e4nlighet (dragstr\u00f6mbrytare, tydlig avl\u00e4sning). Den cylindriska lampsk\u00e4rmen ger en touch av modernitet och originalitet till alla inredningar.<\/span><\/p>\n<p><span style=\"font-family: 'Book Antiqua', Palatino; font-size: 120%; color: #333399;\">Basen \u00e4r svarvad bok. Varje svarvad fot skiljer sig i f\u00e4rg och \u00e5dring fr\u00e5n n\u00e4sta, s\u00e5 din lampa \u00e4r unik.<\/span><\/p>\n<p><span style=\"font-family: 'Book Antiqua', Palatino; font-size: 120%; color: #333399;\">Lampsk\u00e4rmen \u00e4r tillverkad av kartong p\u00e5 insidan och kl\u00e4dd i naturf\u00e4rgat n\u00e4sseltyg p\u00e5 utsidan.<\/span><\/p>\n<h3><span style=\"font-family: 'Book Antiqua', Palatino; font-size: 120%; color: #333399;\">Dess f\u00f6rdelar\u00a0<\/span><\/h3>\n<p><span style=\"font-family: 'Book Antiqua', Palatino; font-size: 120%; color: #333399;\">Alla Danell Biologas sk\u00e4rmlampor \u00e4r tillverkade av h\u00e4lsosamma, milj\u00f6v\u00e4nliga material och \u00e4r framf\u00f6r allt fria fr\u00e5n elektriska f\u00f6roreningar.<\/span><\/p>\n<ul>\n<li><span style=\"font-family: 'Book Antiqua', Palatino; font-size: 120%; color: #333399;\">Den kabel som anv\u00e4nds \u00e4r sk\u00e4rmad: de 3 ledarna (fas + neutral + jord) omges av en metallfolie som \u00e4r jordad f\u00f6r att eliminera det elektriska f\u00e4ltet.<\/span><\/li>\n<li><span style=\"font-family: 'Book Antiqua', Palatino; font-size: 120%; color: #333399;\">De 3 tr\u00e5darna \u00e4r tvinnade 15 g\u00e5nger per meter f\u00f6r att d\u00e4mpa magnetf\u00e4ltet.<\/span><\/li>\n<li><span style=\"font-family: 'Book Antiqua', Palatino; font-size: 120%; color: #333399;\">Den 3-poliga kontakten \u00e4r sk\u00e4rmad. Det faktum att den \u00e4r jordad inneb\u00e4r ocks\u00e5 att du inte kan ansluta den \u00e5t fel h\u00e5ll.<\/span><\/li>\n<li><span style=\"font-family: 'Book Antiqua', Palatino; font-size: 120%; color: #333399;\">Brytaren \u00e4r bipol\u00e4r (bryter fas och neutral samtidigt).<\/span><\/li>\n<li><span style=\"font-family: 'Book Antiqua', Palatino; font-size: 120%; color: #333399;\">En avsk\u00e4rmningsspiral skruvas fast p\u00e5 varje gl\u00f6dlampa f\u00f6r att eliminera eventuella kvarvarande elektriska f\u00e4lt som avges av gl\u00f6dlampan.<\/span><\/li>\n<\/ul>\n<p><span style=\"font-family: 'Book Antiqua', Palatino; font-size: 120%; color: #333399;\">Elektriska f\u00e4lt p\u00e5verkar v\u00e5rt nervsystem, hormonsystem och immunf\u00f6rsvar. De p\u00e5verkar s\u00f6mnkvaliteten och f\u00f6rm\u00e5gan att \u00e5terh\u00e4mta sig. De skapar stress, nervositet och koncentrationssv\u00e5righeter. De rubbar ocks\u00e5 syra-basbalansen genom att f\u00f6rsura v\u00e5ra kroppar. Du kan eliminera dessa skadliga effekter genom att v\u00e4lja en sk\u00e4rmad lampa!<\/span><\/p>\n<p><span style=\"font-family: 'Book Antiqua', Palatino; font-size: 120%; color: #333399;\">Den bepansrade s\u00e4nglampan Biologa Danell \u00e4r helt och h\u00e5llet tillverkad i Tyskland. De h\u00f6gkvalitativa delarna kommer fr\u00e5n f\u00f6retag som kan sin sak och arbetar l\u00e5ngsiktigt. Detta inneb\u00e4r att delar som lampsk\u00e4rmar och n\u00e4tsladdar kan bytas ut \u00e4ven efter flera \u00e5r.<\/span><\/p>\n<p><span style=\"font-family: 'Book Antiqua', Palatino; font-size: 120%; color: #333399;\">Biologa Danells motto \u00e4r att tillverka h\u00e5llbara produkter som kan repareras och renoveras.<\/span><\/p>\n<p><span style=\"font-family: 'Book Antiqua', Palatino; font-size: 120%; color: #ed1c24;\"><strong>Varning! Denna sk\u00e4rmade lampa m\u00e5ste anslutas till ett jordat v\u00e4gguttag eller grenuttag!\u00a0<\/strong><\/span><\/p>\n<h3><span style=\"font-family: 'Book Antiqua', Palatino; font-size: 120%; color: #333399;\">J\u00e4mf\u00f6rande avsk\u00e4rmningseffekt (g\u00e4ller f\u00f6r alla Biologa Danells avsk\u00e4rmade armaturer)<\/span><\/h3>\n<p><span style=\"font-family: 'Book Antiqua', Palatino; font-size: 120%; color: #333399;\">En osk\u00e4rmad armatur (skyddsklass 2) med osk\u00e4rmad matningskabel ger ett elektriskt v\u00e4xelf\u00e4lt p\u00e5 100,0 till 160,0 V\/m (riktv\u00e4rde rekommenderat av Habitat Biology: 10 V\/m).<\/span><br \/>\n<span style=\"font-family: 'Book Antiqua', Palatino; font-size: 120%; color: #333399;\">En avsk\u00e4rmad armatur (skyddsklass 1) med l\u00e4mplig konstruktion genererar endast ett elektriskt v\u00e4xelf\u00e4lt p\u00e5 mellan 0,4 och 0,6 V\/m.<\/span><br \/>\n<span style=\"font-family: 'Book Antiqua', Palatino; font-size: 120%; color: #333399;\">Testet utf\u00f6rs i enlighet med specifikationerna, frekvensbanden och m\u00e4tavst\u00e5nden i de erk\u00e4nda sk\u00e4rmstandarderna (f\u00f6r sk\u00e4rmar och monitorer med l\u00e5g str\u00e5lning): TCO'99, volym I (MPR II) och DIN EN 50279 (m\u00e4tavst\u00e5nd 30 cm).<\/span><\/p>\n<h3><span style=\"font-family: 'Book Antiqua', Palatino; font-size: 120%; color: #333399;\">Tekniska specifikationer<\/span><\/h3>\n<ul>\n<li><span style=\"font-family: 'Book Antiqua', Palatino; font-size: 120%; color: #333399;\">Bas i naturlig bok<\/span><\/li>\n<li><span style=\"font-family: 'Book Antiqua', Palatino; font-size: 120%; color: #333399;\">Cylindrisk lampsk\u00e4rm i papperskartong kl\u00e4dd med n\u00e4sseltyg i naturliga bomullsf\u00e4rger<\/span><\/li>\n<li><span style=\"font-family: 'Book Antiqua', Palatino; font-size: 120%; color: #333399;\">Levereras med en biologiskt optimerad Danell 5,5 W LED-kapsel<\/span><\/li>\n<li><span style=\"font-family: 'Book Antiqua', Palatino; font-size: 120%; color: #333399;\">Kompatibel med LED-lampor max 33W (gl\u00f6dlampor 40W)<\/span><\/li>\n<li><span style=\"font-family: 'Book Antiqua', Palatino; font-size: 120%; color: #333399;\">Vit sk\u00e4rmad kabel, ca 1,80 m l\u00e5ng.<\/span><\/li>\n<li><span style=\"font-family: 'Book Antiqua', Palatino; font-size: 120%; color: #333399;\">Garanti: 2 \u00e5r<\/span><\/li>\n<\/ul>\n<p><span style=\"font-family: 'Book Antiqua', Palatino; font-size: 120%; color: #333399;\">Tillverkad i Tyskland av Biologa Danell<\/span><\/p>\n<h3><span style=\"font-family: 'Book Antiqua', Palatino; font-size: 120%; color: #333399;\">M\u00e5tt och dimensioner<\/span><\/h3>\n<ul>\n<li><span style=\"font-family: 'Book Antiqua', Palatino; font-size: 120%; color: #333399;\">Total h\u00f6jd: 31 cm<\/span><\/li>\n<li><span style=\"font-family: 'Book Antiqua', Palatino; font-size: 120%; color: #333399;\">Sk\u00e4rmens h\u00f6jd: 15 cm<\/span><\/li>\n<li><span style=\"font-family: 'Book Antiqua', Palatino; font-size: 120%; color: #333399;\">Sk\u00e4rmens diameter: 20 cm<\/span><\/li>\n<li><span style=\"font-family: 'Book Antiqua', Palatino; font-size: 120%; color: #333399;\">Basens diameter: 15 cm\u00a0<\/span><\/li>\n<\/ul>","protected":false},"excerpt":{"rendered":"<p><span style=\"font-family: 'Book Antiqua', Palatino; font-size: 120%; color: #333399;\"><strong>Den sk\u00e4rmade s\u00e4nglampan \"Rome\" fr\u00e5n Biologa Danell ger skydd mot v\u00e5gf\u00e4lt (l\u00e5gfrekventa elektriska och magnetiska f\u00e4lt).\u00a0<\/strong><\/span><\/p>\n<p><span style=\"font-family: 'Book Antiqua', Palatino; font-size: 120%; color: #333399;\">Den cylindriska bomullssk\u00e4rmen ger en touch av modernitet och design till ditt hem.\u00a0<\/span><\/p>\n<p><span style=\"font-family: 'Book Antiqua', Palatino; font-size: 120%; color: #333399;\">Dess f\u00f6rdelar: sk\u00e4rmad kabel, jordanslutning, bipol\u00e4r omkopplare, sk\u00e4rmningsspole etc.\u00a0<\/span><\/p>\n<p><span style=\"font-family: 'Book Antiqua', Palatino; font-size: 120%; color: #333399;\">Matchar den armerade taklampan Danell Biologa.<\/span><\/p>","protected":false},"featured_media":1873,"comment_status":"open","ping_status":"closed","template":"","meta":[],"product_brand":[265],"product_cat":[164],"product_tag":[248,246,247,249,258,245],"class_list":{"0":"post-1764","1":"product","2":"type-product","3":"status-publish","4":"has-post-thumbnail","6":"product_brand-biologa-danell","7":"product_cat-baubiologie","8":"product_tag-baubiologie","9":"product_tag-bureau","10":"product_tag-chambre","11":"product_tag-electromagnetisme","12":"product_tag-lampe","13":"product_tag-maison","15":"first","16":"instock","17":"taxable","18":"shipping-taxable","19":"purchasable","20":"product-type-simple"},"yoast_head":"<!-- This site is optimized with the Yoast SEO Premium plugin v25.1 (Yoast SEO v27.4) - https:\/\/yoast.com\/product\/yoast-seo-premium-wordpress\/ -->\n<title>Lampe de chevet blind\u00e9e Biologa Danell &quot;Rome&quot; | Agara<\/title>\n<meta name=\"description\" content=\"La lampe de chevet blind\u00e9e &quot;Rome&quot; Biologa Danell permet de se prot\u00e9ger des champs ondes (champs \u00e9lectriques et magn\u00e9tiques en basses fr\u00e9quences).\u00a0Son abat-jour cylindrique en coton apporte une touche de modernit\u00e9 et de design dans votre int\u00e9rieur.\u00a0Ses atouts : c\u00e2ble blind\u00e9, prise de terre, interrupteur bipolaire, spire de blindage...\u00a0Assortie au plafonnier blind\u00e9 Biologa Danell.\" \/>\n<meta name=\"robots\" content=\"index, follow, max-snippet:-1, max-image-preview:large, max-video-preview:-1\" \/>\n<link rel=\"canonical\" href=\"https:\/\/369agara.com\/sv\/produkt\/lampe-chevet-rome\/\" \/>\n<meta property=\"og:locale\" content=\"sv_SE\" \/>\n<meta property=\"og:type\" content=\"article\" \/>\n<meta property=\"og:title\" content=\"Lampe de chevet blind\u00e9e Biologa Danell &quot;Rome&quot;\" \/>\n<meta property=\"og:description\" content=\"La lampe de chevet blind\u00e9e &quot;Rome&quot; Biologa Danell permet de se prot\u00e9ger des champs ondes (champs \u00e9lectriques et magn\u00e9tiques en basses fr\u00e9quences).\u00a0Son abat-jour cylindrique en coton apporte une touche de modernit\u00e9 et de design dans votre int\u00e9rieur.\u00a0Ses atouts : c\u00e2ble blind\u00e9, prise de terre, interrupteur bipolaire, spire de blindage...\u00a0Assortie au plafonnier blind\u00e9 Biologa Danell.\" \/>\n<meta property=\"og:url\" content=\"https:\/\/369agara.com\/sv\/produkt\/lampe-chevet-rome\/\" \/>\n<meta property=\"og:site_name\" content=\"Agara\" \/>\n<meta property=\"article:modified_time\" content=\"2025-05-15T20:00:00+00:00\" \/>\n<meta property=\"og:image\" content=\"https:\/\/369agara.com\/wp-content\/uploads\/2023\/09\/lampe-de-chevet-blindee-biologa-danell-abat-jour-cylindrique.jpg\" \/>\n\t<meta property=\"og:image:width\" content=\"800\" \/>\n\t<meta property=\"og:image:height\" content=\"800\" \/>\n\t<meta property=\"og:image:type\" content=\"image\/jpeg\" \/>\n<meta name=\"twitter:card\" content=\"summary_large_image\" \/>\n<meta name=\"twitter:label1\" content=\"Ber\u00e4knad l\u00e4stid\" \/>\n\t<meta name=\"twitter:data1\" content=\"4 minuter\" \/>\n<script type=\"application\/ld+json\" class=\"yoast-schema-graph\">{\"@context\":\"https:\\\/\\\/schema.org\",\"@graph\":[{\"@type\":\"WebPage\",\"@id\":\"https:\\\/\\\/369agara.com\\\/produit\\\/lampe-chevet-rome\\\/\",\"url\":\"https:\\\/\\\/369agara.com\\\/produit\\\/lampe-chevet-rome\\\/\",\"name\":\"Lampe de chevet blind\u00e9e Biologa Danell \\\"Rome\\\" | Agara\",\"isPartOf\":{\"@id\":\"https:\\\/\\\/369agara.com\\\/#website\"},\"primaryImageOfPage\":{\"@id\":\"https:\\\/\\\/369agara.com\\\/produit\\\/lampe-chevet-rome\\\/#primaryimage\"},\"image\":{\"@id\":\"https:\\\/\\\/369agara.com\\\/produit\\\/lampe-chevet-rome\\\/#primaryimage\"},\"thumbnailUrl\":\"https:\\\/\\\/369agara.com\\\/wp-content\\\/uploads\\\/2023\\\/09\\\/lampe-de-chevet-blindee-biologa-danell-abat-jour-cylindrique.jpg\",\"datePublished\":\"2023-09-18T18:22:35+00:00\",\"dateModified\":\"2025-05-15T20:00:00+00:00\",\"description\":\"La lampe de chevet blind\u00e9e \\\"Rome\\\" Biologa Danell permet de se prot\u00e9ger des champs ondes (champs \u00e9lectriques et magn\u00e9tiques en basses fr\u00e9quences).\u00a0Son abat-jour cylindrique en coton apporte une touche de modernit\u00e9 et de design dans votre int\u00e9rieur.\u00a0Ses atouts : c\u00e2ble blind\u00e9, prise de terre, interrupteur bipolaire, spire de blindage...\u00a0Assortie au plafonnier blind\u00e9 Biologa Danell.\",\"breadcrumb\":{\"@id\":\"https:\\\/\\\/369agara.com\\\/produit\\\/lampe-chevet-rome\\\/#breadcrumb\"},\"inLanguage\":\"sv-SE\",\"potentialAction\":[{\"@type\":\"ReadAction\",\"target\":[\"https:\\\/\\\/369agara.com\\\/produit\\\/lampe-chevet-rome\\\/\"]}]},{\"@type\":\"ImageObject\",\"inLanguage\":\"sv-SE\",\"@id\":\"https:\\\/\\\/369agara.com\\\/produit\\\/lampe-chevet-rome\\\/#primaryimage\",\"url\":\"https:\\\/\\\/369agara.com\\\/wp-content\\\/uploads\\\/2023\\\/09\\\/lampe-de-chevet-blindee-biologa-danell-abat-jour-cylindrique.jpg\",\"contentUrl\":\"https:\\\/\\\/369agara.com\\\/wp-content\\\/uploads\\\/2023\\\/09\\\/lampe-de-chevet-blindee-biologa-danell-abat-jour-cylindrique.jpg\",\"width\":800,\"height\":800},{\"@type\":\"BreadcrumbList\",\"@id\":\"https:\\\/\\\/369agara.com\\\/produit\\\/lampe-chevet-rome\\\/#breadcrumb\",\"itemListElement\":[{\"@type\":\"ListItem\",\"position\":1,\"name\":\"Accueil\",\"item\":\"https:\\\/\\\/369agara.com\\\/\"},{\"@type\":\"ListItem\",\"position\":2,\"name\":\"La boutique\",\"item\":\"https:\\\/\\\/369agara.com\\\/la-boutique\\\/\"},{\"@type\":\"ListItem\",\"position\":3,\"name\":\"Lampe de chevet blind\u00e9e Biologa Danell \u00ab\u00a0Rome\u00a0\u00bb\"}]},{\"@type\":\"WebSite\",\"@id\":\"https:\\\/\\\/369agara.com\\\/#website\",\"url\":\"https:\\\/\\\/369agara.com\\\/\",\"name\":\"Livsrikedomar\",\"description\":\"D\u00e9connectez pour mieux vous connecter\",\"publisher\":{\"@id\":\"https:\\\/\\\/369agara.com\\\/#organization\"},\"potentialAction\":[{\"@type\":\"SearchAction\",\"target\":{\"@type\":\"EntryPoint\",\"urlTemplate\":\"https:\\\/\\\/369agara.com\\\/?s={search_term_string}\"},\"query-input\":{\"@type\":\"PropertyValueSpecification\",\"valueRequired\":true,\"valueName\":\"search_term_string\"}}],\"inLanguage\":\"sv-SE\"},{\"@type\":\"Organization\",\"@id\":\"https:\\\/\\\/369agara.com\\\/#organization\",\"name\":\"EACreations\",\"url\":\"https:\\\/\\\/369agara.com\\\/\",\"logo\":{\"@type\":\"ImageObject\",\"inLanguage\":\"sv-SE\",\"@id\":\"https:\\\/\\\/369agara.com\\\/#\\\/schema\\\/logo\\\/image\\\/\",\"url\":\"\",\"contentUrl\":\"\",\"caption\":\"EACreations\"},\"image\":{\"@id\":\"https:\\\/\\\/369agara.com\\\/#\\\/schema\\\/logo\\\/image\\\/\"}}]}<\/script>\n<!-- \/ Yoast SEO Premium plugin. -->","yoast_head_json":{"title":"Lampe de chevet blind\u00e9e Biologa Danell \"Rome\" | Agara","description":"La lampe de chevet blind\u00e9e \"Rome\" Biologa Danell permet de se prot\u00e9ger des champs ondes (champs \u00e9lectriques et magn\u00e9tiques en basses fr\u00e9quences).\u00a0Son abat-jour cylindrique en coton apporte une touche de modernit\u00e9 et de design dans votre int\u00e9rieur.\u00a0Ses atouts : c\u00e2ble blind\u00e9, prise de terre, interrupteur bipolaire, spire de blindage...\u00a0Assortie au plafonnier blind\u00e9 Biologa Danell.","robots":{"index":"index","follow":"follow","max-snippet":"max-snippet:-1","max-image-preview":"max-image-preview:large","max-video-preview":"max-video-preview:-1"},"canonical":"https:\/\/369agara.com\/sv\/produkt\/lampe-chevet-rome\/","og_locale":"sv_SE","og_type":"article","og_title":"Lampe de chevet blind\u00e9e Biologa Danell \"Rome\"","og_description":"La lampe de chevet blind\u00e9e \"Rome\" Biologa Danell permet de se prot\u00e9ger des champs ondes (champs \u00e9lectriques et magn\u00e9tiques en basses fr\u00e9quences).\u00a0Son abat-jour cylindrique en coton apporte une touche de modernit\u00e9 et de design dans votre int\u00e9rieur.\u00a0Ses atouts : c\u00e2ble blind\u00e9, prise de terre, interrupteur bipolaire, spire de blindage...\u00a0Assortie au plafonnier blind\u00e9 Biologa Danell.","og_url":"https:\/\/369agara.com\/sv\/produkt\/lampe-chevet-rome\/","og_site_name":"Agara","article_modified_time":"2025-05-15T20:00:00+00:00","og_image":[{"width":800,"height":800,"url":"https:\/\/369agara.com\/wp-content\/uploads\/2023\/09\/lampe-de-chevet-blindee-biologa-danell-abat-jour-cylindrique.jpg","type":"image\/jpeg"}],"twitter_card":"summary_large_image","twitter_misc":{"Ber\u00e4knad l\u00e4stid":"4 minuter"},"schema":{"@context":"https:\/\/schema.org","@graph":[{"@type":"WebPage","@id":"https:\/\/369agara.com\/produit\/lampe-chevet-rome\/","url":"https:\/\/369agara.com\/produit\/lampe-chevet-rome\/","name":"Lampe de chevet blind\u00e9e Biologa Danell \"Rome\" | Agara","isPartOf":{"@id":"https:\/\/369agara.com\/#website"},"primaryImageOfPage":{"@id":"https:\/\/369agara.com\/produit\/lampe-chevet-rome\/#primaryimage"},"image":{"@id":"https:\/\/369agara.com\/produit\/lampe-chevet-rome\/#primaryimage"},"thumbnailUrl":"https:\/\/369agara.com\/wp-content\/uploads\/2023\/09\/lampe-de-chevet-blindee-biologa-danell-abat-jour-cylindrique.jpg","datePublished":"2023-09-18T18:22:35+00:00","dateModified":"2025-05-15T20:00:00+00:00","description":"La lampe de chevet blind\u00e9e \"Rome\" Biologa Danell permet de se prot\u00e9ger des champs ondes (champs \u00e9lectriques et magn\u00e9tiques en basses fr\u00e9quences).\u00a0Son abat-jour cylindrique en coton apporte une touche de modernit\u00e9 et de design dans votre int\u00e9rieur.\u00a0Ses atouts : c\u00e2ble blind\u00e9, prise de terre, interrupteur bipolaire, spire de blindage...\u00a0Assortie au plafonnier blind\u00e9 Biologa Danell.","breadcrumb":{"@id":"https:\/\/369agara.com\/produit\/lampe-chevet-rome\/#breadcrumb"},"inLanguage":"sv-SE","potentialAction":[{"@type":"ReadAction","target":["https:\/\/369agara.com\/produit\/lampe-chevet-rome\/"]}]},{"@type":"ImageObject","inLanguage":"sv-SE","@id":"https:\/\/369agara.com\/produit\/lampe-chevet-rome\/#primaryimage","url":"https:\/\/369agara.com\/wp-content\/uploads\/2023\/09\/lampe-de-chevet-blindee-biologa-danell-abat-jour-cylindrique.jpg","contentUrl":"https:\/\/369agara.com\/wp-content\/uploads\/2023\/09\/lampe-de-chevet-blindee-biologa-danell-abat-jour-cylindrique.jpg","width":800,"height":800},{"@type":"BreadcrumbList","@id":"https:\/\/369agara.com\/produit\/lampe-chevet-rome\/#breadcrumb","itemListElement":[{"@type":"ListItem","position":1,"name":"Accueil","item":"https:\/\/369agara.com\/"},{"@type":"ListItem","position":2,"name":"La boutique","item":"https:\/\/369agara.com\/la-boutique\/"},{"@type":"ListItem","position":3,"name":"Lampe de chevet blind\u00e9e Biologa Danell \u00ab\u00a0Rome\u00a0\u00bb"}]},{"@type":"WebSite","@id":"https:\/\/369agara.com\/#website","url":"https:\/\/369agara.com\/","name":"Livsrikedomar","description":"Koppla bort f\u00f6r att skapa b\u00e4ttre kontakt","publisher":{"@id":"https:\/\/369agara.com\/#organization"},"potentialAction":[{"@type":"SearchAction","target":{"@type":"EntryPoint","urlTemplate":"https:\/\/369agara.com\/?s={search_term_string}"},"query-input":{"@type":"PropertyValueSpecification","valueRequired":true,"valueName":"search_term_string"}}],"inLanguage":"sv-SE"},{"@type":"Organization","@id":"https:\/\/369agara.com\/#organization","name":"EACreations","url":"https:\/\/369agara.com\/","logo":{"@type":"ImageObject","inLanguage":"sv-SE","@id":"https:\/\/369agara.com\/#\/schema\/logo\/image\/","url":"","contentUrl":"","caption":"EACreations"},"image":{"@id":"https:\/\/369agara.com\/#\/schema\/logo\/image\/"}}]}},"jetpack_sharing_enabled":true,"_links":{"self":[{"href":"https:\/\/369agara.com\/sv\/wp-json\/wp\/v2\/product\/1764","targetHints":{"allow":["GET"]}}],"collection":[{"href":"https:\/\/369agara.com\/sv\/wp-json\/wp\/v2\/product"}],"about":[{"href":"https:\/\/369agara.com\/sv\/wp-json\/wp\/v2\/types\/product"}],"replies":[{"embeddable":true,"href":"https:\/\/369agara.com\/sv\/wp-json\/wp\/v2\/comments?post=1764"}],"wp:featuredmedia":[{"embeddable":true,"href":"https:\/\/369agara.com\/sv\/wp-json\/wp\/v2\/media\/1873"}],"wp:attachment":[{"href":"https:\/\/369agara.com\/sv\/wp-json\/wp\/v2\/media?parent=1764"}],"wp:term":[{"taxonomy":"product_brand","embeddable":true,"href":"https:\/\/369agara.com\/sv\/wp-json\/wp\/v2\/product_brand?post=1764"},{"taxonomy":"product_cat","embeddable":true,"href":"https:\/\/369agara.com\/sv\/wp-json\/wp\/v2\/product_cat?post=1764"},{"taxonomy":"product_tag","embeddable":true,"href":"https:\/\/369agara.com\/sv\/wp-json\/wp\/v2\/product_tag?post=1764"}],"curies":[{"name":"wp","href":"https:\/\/api.w.org\/{rel}","templated":true}]}}