{"id":1766,"date":"2023-08-26T18:44:23","date_gmt":"2023-08-26T16:44:23","guid":{"rendered":"https:\/\/369agara.com\/?post_type=product&#038;p=1766"},"modified":"2025-05-15T22:00:17","modified_gmt":"2025-05-15T20:00:17","slug":"capsule-g9-led-55w","status":"publish","type":"product","link":"https:\/\/369agara.com\/sv\/produkt\/capsule-g9-led-55w\/","title":{"rendered":"Capsule G9 LED 5,5 W Biologa Danell | 485 lm"},"content":{"rendered":"<div class=\"block md-bottom product-description-block\">\n<div class=\"block-content box-bg\">\n<div class=\"product-description typo\">\n<p><span style=\"font-family: 'Book Antiqua', Palatino; font-size: 120%; color: #333399;\">Biologa Danell G9 LED 5,5 W-kapseln \u00e4r ett utm\u00e4rkt alternativ till den konventionella G9-halogenkapseln med h\u00f6g sp\u00e4nning och ger utm\u00e4rkt f\u00e4rg\u00e5tergivning och flimmerfritt ljus.<\/span><\/p>\n<ul>\n<li><span style=\"font-family: 'Book Antiqua', Palatino; font-size: 120%; color: #333399;\">L\u00e5g energif\u00f6rbrukning<\/span><\/li>\n<li><span style=\"font-family: 'Book Antiqua', Palatino; font-size: 120%; color: #333399;\">L\u00e5ng livsl\u00e4ngd<\/span><\/li>\n<li><span style=\"font-family: 'Book Antiqua', Palatino; font-size: 120%; color: #333399;\">Flimmerfri: biologiskt optimerad ljusk\u00e4lla f\u00f6r daglig anv\u00e4ndning<\/span><\/li>\n<li><span style=\"font-family: 'Book Antiqua', Palatino; font-size: 120%; color: #333399;\">Kompatibel med m\u00e5nga modeller av befintliga Danell-sk\u00e4rmlampor*.<\/span><\/li>\n<\/ul>\n<p><span style=\"font-family: 'Book Antiqua', Palatino; font-size: 120%; color: #333399;\">Det kvasi-kontinuerliga ljusspektrum som avges ligger n\u00e4ra det hos gl\u00f6dlampor eller halogenlampor, utan andelen termisk str\u00e5lning (IR eller infrar\u00f6d).<\/span><\/p>\n<p><span style=\"font-family: 'Book Antiqua', Palatino; font-size: 120%; color: #333399;\">F\u00e4rg\u00e5tergivningsindex (Ra eller CRI) beskriver ljusets effekt p\u00e5 f\u00f6rem\u00e5ls f\u00e4rgutseende j\u00e4mf\u00f6rt med dagsljus (oberoende av f\u00e4rgtemperatur). Denna LED har ett mycket bra CRI p\u00e5 95 j\u00e4mf\u00f6rt med en gl\u00f6dlampa med ett CRI p\u00e5 100.<\/span><\/p>\n<p><span style=\"font-family: 'Book Antiqua', Palatino; font-size: 120%; color: #333399;\">F\u00e4rgtemperaturen \u00e4r ett m\u00e5tt p\u00e5 respektive f\u00e4rgintryck hos en ljusk\u00e4lla. Varma ljusf\u00e4rger (varmvitt, 2700-3000 K) har ett l\u00e5gt Kelvin-tal, medan kalla ljusf\u00e4rger (kallvitt, 5000 K) har ett h\u00f6gt.<\/span><\/p>\n<p><span style=\"font-family: 'Book Antiqua', Palatino; font-size: 120%; color: #333399;\">Ljusutsl\u00e4ppsvinkeln p\u00e5 270\u00b0 \u00e4r idealisk f\u00f6r alla applikationer d\u00e4r gl\u00f6dlampor tidigare anv\u00e4ndes.<\/span><\/p>\n<p><span style=\"font-family: 'Book Antiqua', Palatino; font-size: 120%; color: #333399;\">Konventionella\" LED-lampor \u00e4r tillverkade av en halvledare och drivs med ett integrerat f\u00f6rkopplingsdon. Den sp\u00e4nning som uppst\u00e5r skapar ett starkt \"ljusflimmer\" (pulsation), som i allm\u00e4nhet inte kan uppfattas med blotta \u00f6gat. Flimrande ljus kan dock orsaka stress i v\u00e5ra kroppar.<\/span><br \/>\n<span style=\"font-family: 'Book Antiqua', Palatino; font-size: 120%; color: #333399;\">Pulseringen \u00e4r reducerad till ett minimum (under 1%) med denna biologiskt optimerade LED.<\/span><\/p>\n<p><span style=\"font-family: 'Book Antiqua', Palatino; font-size: 120%; color: #333399;\">Energieffektivitetsklass EEK: klassificering av alla hush\u00e5llslampor. H\u00e4nsyn tas till watt, lumen och drifttimmar. Det europeiska direktivet 98\/11\/EG omfattar klasserna E (mindre effektiv) till A ++ (mycket effektiv). Danell G9 LED-kapsel \u00e4r i kategori A+.<\/span><\/p>\n<p><span style=\"font-family: 'Book Antiqua', Palatino; font-size: 120%; color: #333399;\">G9 plug-in-sockel: kan anv\u00e4ndas med G9-adapter f\u00f6r E14-sockel (41-7104) och G9-adapter f\u00f6r E27-sockel (41-7126) f\u00f6r n\u00e4stan alla kommersiellt tillg\u00e4ngliga lampor med skruvsockel. F\u00f6rdelen med detta \u00e4r att det bara finns en enda typ av gl\u00f6dlampa, oavsett storlek p\u00e5 sockeln. Gl\u00f6dlampan kan enkelt bytas ut genom att dra ut den och s\u00e4tta i den igen.<\/span><\/p>\n<p><strong><span style=\"font-family: 'Book Antiqua', Palatino; font-size: 120%; color: #333399;\">Observera efter anv\u00e4ndning att LED-lampan har inbyggd elektronik (inget kvicksilver!). Den ska d\u00e4rf\u00f6r l\u00e4mnas till en insamlingsplats f\u00f6r elektroniskt avfall efter anv\u00e4ndning (sl\u00e4ng den inte tillsammans med hush\u00e5llsavfall).<\/span><\/strong><\/p>\n<p><span style=\"font-family: 'Book Antiqua', Palatino; font-size: 120%; color: #ed1c24;\">* Ej l\u00e4mplig f\u00f6r sk\u00e4rmade armaturer i Biologa Danell-serien \"Brushed Steel\" (41-8803, 41-8904, 41-8882, 41-8904, 41-8926) eller den sk\u00e4rmade saltlampan (41-6226).<\/span><\/p>\n<h3><span style=\"font-family: 'Book Antiqua', Palatino; font-size: 120%; color: #333399;\">Tekniska specifikationer<\/span><\/h3>\n<ul>\n<li><span style=\"font-family: 'Book Antiqua', Palatino; font-size: 120%; color: #333399;\">F\u00f6rs\u00e4ljning per enhet<\/span><\/li>\n<li><span style=\"font-family: 'Book Antiqua', Palatino; font-size: 120%; color: #333399;\">Total h\u00f6jd: 54,5 mm +\/- 0,5<\/span><\/li>\n<li><span style=\"font-family: 'Book Antiqua', Palatino; font-size: 120%; color: #333399;\">Filamenth\u00f6jd: 20 mm +\/- 0,5<\/span><\/li>\n<li><span style=\"font-family: 'Book Antiqua', Palatino; font-size: 120%; color: #333399;\">Diameter: 18 mm +\/- 0,5<\/span><\/li>\n<li><span style=\"font-family: 'Book Antiqua', Palatino; font-size: 120%; color: #333399;\">Flimmerfri ljuspuls (&lt;1%)<\/span><\/li>\n<li><span style=\"font-family: 'Book Antiqua', Palatino; font-size: 120%; color: #333399;\">Str\u00f6mf\u00f6rbrukning: 5,5 W (watt); motsvarar en 41 W gl\u00f6dlampa<\/span><\/li>\n<li><span style=\"font-family: 'Book Antiqua', Palatino; font-size: 120%; color: #333399;\">Ljusfl\u00f6de: 485 lm (lumen)<\/span><\/li>\n<li><span style=\"font-family: 'Book Antiqua', Palatino; font-size: 120%; color: #333399;\">F\u00e4rgtemperatur: 2970 K (Kelvin) varmvit<\/span><\/li>\n<li><span style=\"font-family: 'Book Antiqua', Palatino; font-size: 120%; color: #333399;\">F\u00e4rg\u00e5tergivningsindex: 95 (CRI eller Ra)<\/span><\/li>\n<li><span style=\"font-family: 'Book Antiqua', Palatino; font-size: 120%; color: #333399;\">Tydlig design<\/span><\/li>\n<li><span style=\"font-family: 'Book Antiqua', Palatino; font-size: 120%; color: #333399;\">Energieffektivitetsklass: A+<\/span><\/li>\n<li><span style=\"font-family: 'Book Antiqua', Palatino; font-size: 120%; color: #333399;\">Energif\u00f6rbrukning: 5,5 kWh \/ 1000 h<\/span><\/li>\n<li><span style=\"font-family: 'Book Antiqua', Palatino; font-size: 120%; color: #333399;\">Ljusets spridningsvinkel: 270\u00b0.<\/span><\/li>\n<li><span style=\"font-family: 'Book Antiqua', Palatino; font-size: 120%; color: #333399;\">Bas (standardbeteckning): G9<\/span><\/li>\n<li><span style=\"font-family: 'Book Antiqua', Palatino; font-size: 120%; color: #333399;\">Kvicksilverfri<\/span><\/li>\n<li><span style=\"font-family: 'Book Antiqua', Palatino; font-size: 120%; color: #333399;\">Uppv\u00e4rmningstid: &lt;0,3 sekunder<\/span><\/li>\n<li><span style=\"font-family: 'Book Antiqua', Palatino; font-size: 120%; color: #333399;\">Ej dimbar<\/span><\/li>\n<li><span style=\"font-family: 'Book Antiqua', Palatino; font-size: 120%; color: #333399;\">Genomsnittlig livsl\u00e4ngd: 20.000 timmar<\/span><\/li>\n<li><span style=\"font-family: 'Book Antiqua', Palatino; font-size: 120%; color: #333399;\">Upp till 20.000 kopplingscykler<\/span><\/li>\n<li><span style=\"font-family: 'Book Antiqua', Palatino; font-size: 120%; color: #333399;\">Driftstemperatur : -25 \u00b0C till + 40 \u00b0C<\/span><\/li>\n<li><span style=\"font-family: 'Book Antiqua', Palatino; font-size: 120%; color: #333399;\">N\u00e4tsp\u00e4nning: 220 till 240 V \/ 50 Hz<\/span><\/li>\n<li><span style=\"font-family: 'Book Antiqua', Palatino; font-size: 120%; color: #333399;\">Vikt: 15 g<\/span><\/li>\n<li><span style=\"font-family: 'Book Antiqua', Palatino; font-size: 120%; color: #333399;\">L\u00e4mplig f\u00f6r alla armaturer med en befintlig G9-fatning; passar keramiska G9 E14- och G9 E27-fatningar<\/span><\/li>\n<\/ul>\n<p><span style=\"font-family: 'Book Antiqua', Palatino; font-size: 120%; color: #333399;\">F\u00f6r anv\u00e4ndning i alla privata bostadsomr\u00e5den, offentliga byggnader, hotell, kontorshus etc.<\/span><\/p>\n<p><span style=\"font-family: 'Book Antiqua', Palatino; font-size: 120%; color: #333399;\">Utomhusbruk endast med l\u00e4mplig belysning.<\/span><\/p>\n<h3><span style=\"color: #333399; font-family: 'Book Antiqua', Palatino; font-size: 120%;\">V\u00e4nligen kontakta<\/span><\/h3>\n<\/div>\n<\/div>\n<\/div>\n<div class=\"block product-attachments-block sm-bottom\">\n<div class=\"block-content\">\n<section class=\"product-attachments\">\n<div class=\"row\">\n<div class=\"attachment col-12 col-lg-4\">\n<div class=\"box-bg my-2\">\n<ul>\n<li class=\"h5\"><span style=\"font-family: 'Book Antiqua', Palatino; font-size: 120%; color: #333399;\">Capsule G9 LED 5,5 W<\/span><br \/>\n<span style=\"font-family: 'Book Antiqua', Palatino; font-size: 120%; color: #333399;\">Tekniska data<\/span><\/li>\n<\/ul>\n<\/div>\n<\/div>\n<div class=\"attachment col-12 col-lg-4\">\n<div class=\"box-bg my-2\">\n<ul>\n<li class=\"h5\"><span style=\"font-family: 'Book Antiqua', Palatino; font-size: 120%; color: #333399;\">Capsule G9 LED 5,5 W<\/span><br \/>\n<span style=\"font-family: 'Book Antiqua', Palatino; font-size: 120%; color: #333399;\">Instruktioner f\u00f6r anv\u00e4ndning<\/span><\/li>\n<\/ul>\n<\/div>\n<\/div>\n<\/div>\n<\/section>\n<\/div>\n<\/div>","protected":false},"excerpt":{"rendered":"<p><span style=\"font-family: 'Book Antiqua', Palatino; font-size: 120%; color: #333399;\">Biologa Danell G9 LED 5,5 W-kapseln \u00e4r ett utm\u00e4rkt alternativ till den konventionella G9-halogenkapseln med h\u00f6g sp\u00e4nning och ger utm\u00e4rkt f\u00e4rg\u00e5tergivning och flimmerfritt ljus.\u00a0<\/span><\/p>\n<p><span style=\"font-family: 'Book Antiqua', Palatino; font-size: 120%; color: #333399;\">Motsvarande 41 W, 485 lm.<\/span><\/p>","protected":false},"featured_media":1769,"comment_status":"open","ping_status":"closed","template":"","meta":[],"product_brand":[265],"product_cat":[164],"product_tag":[248,246,247,251,258,245],"class_list":{"0":"post-1766","1":"product","2":"type-product","3":"status-publish","4":"has-post-thumbnail","6":"product_brand-biologa-danell","7":"product_cat-baubiologie","8":"product_tag-baubiologie","9":"product_tag-bureau","10":"product_tag-chambre","11":"product_tag-electricite","12":"product_tag-lampe","13":"product_tag-maison","15":"first","16":"instock","17":"taxable","18":"shipping-taxable","19":"purchasable","20":"product-type-simple"},"yoast_head":"<!-- This site is optimized with the Yoast SEO Premium plugin v25.1 (Yoast SEO v27.4) - https:\/\/yoast.com\/product\/yoast-seo-premium-wordpress\/ -->\n<title>Capsule G9 LED 5.5 W Biologa Danell | 485 lm | Agara<\/title>\n<meta name=\"description\" content=\"La capsule G9 LED 5.5 W Biologa Danell est une excellente alternative \u00e0 la capsule halog\u00e8ne G9 haute tension conventionnelle, offrant un excellent rendu des couleurs et une lumi\u00e8re sans scintillement.\u00a0Equivalent 41 W, 485 lm.\" \/>\n<meta name=\"robots\" content=\"index, follow, max-snippet:-1, max-image-preview:large, max-video-preview:-1\" \/>\n<link rel=\"canonical\" href=\"https:\/\/369agara.com\/sv\/produkt\/capsule-g9-led-55w\/\" \/>\n<meta property=\"og:locale\" content=\"sv_SE\" \/>\n<meta property=\"og:type\" content=\"article\" \/>\n<meta property=\"og:title\" content=\"Capsule G9 LED 5.5 W Biologa Danell | 485 lm\" \/>\n<meta property=\"og:description\" content=\"La capsule G9 LED 5.5 W Biologa Danell est une excellente alternative \u00e0 la capsule halog\u00e8ne G9 haute tension conventionnelle, offrant un excellent rendu des couleurs et une lumi\u00e8re sans scintillement.\u00a0Equivalent 41 W, 485 lm.\" \/>\n<meta property=\"og:url\" content=\"https:\/\/369agara.com\/sv\/produkt\/capsule-g9-led-55w\/\" \/>\n<meta property=\"og:site_name\" content=\"Agara\" \/>\n<meta property=\"article:modified_time\" content=\"2025-05-15T20:00:17+00:00\" \/>\n<meta property=\"og:image\" content=\"https:\/\/369agara.com\/wp-content\/uploads\/2023\/08\/capsule-g9-led-55-w-biologa-danell.jpg\" \/>\n\t<meta property=\"og:image:width\" content=\"800\" \/>\n\t<meta property=\"og:image:height\" content=\"800\" \/>\n\t<meta property=\"og:image:type\" content=\"image\/jpeg\" \/>\n<meta name=\"twitter:card\" content=\"summary_large_image\" \/>\n<meta name=\"twitter:label1\" content=\"Ber\u00e4knad l\u00e4stid\" \/>\n\t<meta name=\"twitter:data1\" content=\"4 minuter\" \/>\n<script type=\"application\/ld+json\" class=\"yoast-schema-graph\">{\"@context\":\"https:\\\/\\\/schema.org\",\"@graph\":[{\"@type\":\"WebPage\",\"@id\":\"https:\\\/\\\/369agara.com\\\/produit\\\/capsule-g9-led-55w\\\/\",\"url\":\"https:\\\/\\\/369agara.com\\\/produit\\\/capsule-g9-led-55w\\\/\",\"name\":\"Capsule G9 LED 5.5 W Biologa Danell | 485 lm | Agara\",\"isPartOf\":{\"@id\":\"https:\\\/\\\/369agara.com\\\/#website\"},\"primaryImageOfPage\":{\"@id\":\"https:\\\/\\\/369agara.com\\\/produit\\\/capsule-g9-led-55w\\\/#primaryimage\"},\"image\":{\"@id\":\"https:\\\/\\\/369agara.com\\\/produit\\\/capsule-g9-led-55w\\\/#primaryimage\"},\"thumbnailUrl\":\"https:\\\/\\\/369agara.com\\\/wp-content\\\/uploads\\\/2023\\\/08\\\/capsule-g9-led-55-w-biologa-danell.jpg\",\"datePublished\":\"2023-08-26T16:44:23+00:00\",\"dateModified\":\"2025-05-15T20:00:17+00:00\",\"description\":\"La capsule G9 LED 5.5 W Biologa Danell est une excellente alternative \u00e0 la capsule halog\u00e8ne G9 haute tension conventionnelle, offrant un excellent rendu des couleurs et une lumi\u00e8re sans scintillement.\u00a0Equivalent 41 W, 485 lm.\",\"breadcrumb\":{\"@id\":\"https:\\\/\\\/369agara.com\\\/produit\\\/capsule-g9-led-55w\\\/#breadcrumb\"},\"inLanguage\":\"sv-SE\",\"potentialAction\":[{\"@type\":\"ReadAction\",\"target\":[\"https:\\\/\\\/369agara.com\\\/produit\\\/capsule-g9-led-55w\\\/\"]}]},{\"@type\":\"ImageObject\",\"inLanguage\":\"sv-SE\",\"@id\":\"https:\\\/\\\/369agara.com\\\/produit\\\/capsule-g9-led-55w\\\/#primaryimage\",\"url\":\"https:\\\/\\\/369agara.com\\\/wp-content\\\/uploads\\\/2023\\\/08\\\/capsule-g9-led-55-w-biologa-danell.jpg\",\"contentUrl\":\"https:\\\/\\\/369agara.com\\\/wp-content\\\/uploads\\\/2023\\\/08\\\/capsule-g9-led-55-w-biologa-danell.jpg\",\"width\":800,\"height\":800},{\"@type\":\"BreadcrumbList\",\"@id\":\"https:\\\/\\\/369agara.com\\\/produit\\\/capsule-g9-led-55w\\\/#breadcrumb\",\"itemListElement\":[{\"@type\":\"ListItem\",\"position\":1,\"name\":\"Accueil\",\"item\":\"https:\\\/\\\/369agara.com\\\/\"},{\"@type\":\"ListItem\",\"position\":2,\"name\":\"La boutique\",\"item\":\"https:\\\/\\\/369agara.com\\\/la-boutique\\\/\"},{\"@type\":\"ListItem\",\"position\":3,\"name\":\"Capsule G9 LED 5.5 W Biologa Danell | 485 lm\"}]},{\"@type\":\"WebSite\",\"@id\":\"https:\\\/\\\/369agara.com\\\/#website\",\"url\":\"https:\\\/\\\/369agara.com\\\/\",\"name\":\"Livsrikedomar\",\"description\":\"D\u00e9connectez pour mieux vous connecter\",\"publisher\":{\"@id\":\"https:\\\/\\\/369agara.com\\\/#organization\"},\"potentialAction\":[{\"@type\":\"SearchAction\",\"target\":{\"@type\":\"EntryPoint\",\"urlTemplate\":\"https:\\\/\\\/369agara.com\\\/?s={search_term_string}\"},\"query-input\":{\"@type\":\"PropertyValueSpecification\",\"valueRequired\":true,\"valueName\":\"search_term_string\"}}],\"inLanguage\":\"sv-SE\"},{\"@type\":\"Organization\",\"@id\":\"https:\\\/\\\/369agara.com\\\/#organization\",\"name\":\"EACreations\",\"url\":\"https:\\\/\\\/369agara.com\\\/\",\"logo\":{\"@type\":\"ImageObject\",\"inLanguage\":\"sv-SE\",\"@id\":\"https:\\\/\\\/369agara.com\\\/#\\\/schema\\\/logo\\\/image\\\/\",\"url\":\"\",\"contentUrl\":\"\",\"caption\":\"EACreations\"},\"image\":{\"@id\":\"https:\\\/\\\/369agara.com\\\/#\\\/schema\\\/logo\\\/image\\\/\"}}]}<\/script>\n<!-- \/ Yoast SEO Premium plugin. -->","yoast_head_json":{"title":"Capsule G9 LED 5.5 W Biologa Danell | 485 lm | Agara","description":"La capsule G9 LED 5.5 W Biologa Danell est une excellente alternative \u00e0 la capsule halog\u00e8ne G9 haute tension conventionnelle, offrant un excellent rendu des couleurs et une lumi\u00e8re sans scintillement.\u00a0Equivalent 41 W, 485 lm.","robots":{"index":"index","follow":"follow","max-snippet":"max-snippet:-1","max-image-preview":"max-image-preview:large","max-video-preview":"max-video-preview:-1"},"canonical":"https:\/\/369agara.com\/sv\/produkt\/capsule-g9-led-55w\/","og_locale":"sv_SE","og_type":"article","og_title":"Capsule G9 LED 5.5 W Biologa Danell | 485 lm","og_description":"La capsule G9 LED 5.5 W Biologa Danell est une excellente alternative \u00e0 la capsule halog\u00e8ne G9 haute tension conventionnelle, offrant un excellent rendu des couleurs et une lumi\u00e8re sans scintillement.\u00a0Equivalent 41 W, 485 lm.","og_url":"https:\/\/369agara.com\/sv\/produkt\/capsule-g9-led-55w\/","og_site_name":"Agara","article_modified_time":"2025-05-15T20:00:17+00:00","og_image":[{"width":800,"height":800,"url":"https:\/\/369agara.com\/wp-content\/uploads\/2023\/08\/capsule-g9-led-55-w-biologa-danell.jpg","type":"image\/jpeg"}],"twitter_card":"summary_large_image","twitter_misc":{"Ber\u00e4knad l\u00e4stid":"4 minuter"},"schema":{"@context":"https:\/\/schema.org","@graph":[{"@type":"WebPage","@id":"https:\/\/369agara.com\/produit\/capsule-g9-led-55w\/","url":"https:\/\/369agara.com\/produit\/capsule-g9-led-55w\/","name":"Capsule G9 LED 5.5 W Biologa Danell | 485 lm | Agara","isPartOf":{"@id":"https:\/\/369agara.com\/#website"},"primaryImageOfPage":{"@id":"https:\/\/369agara.com\/produit\/capsule-g9-led-55w\/#primaryimage"},"image":{"@id":"https:\/\/369agara.com\/produit\/capsule-g9-led-55w\/#primaryimage"},"thumbnailUrl":"https:\/\/369agara.com\/wp-content\/uploads\/2023\/08\/capsule-g9-led-55-w-biologa-danell.jpg","datePublished":"2023-08-26T16:44:23+00:00","dateModified":"2025-05-15T20:00:17+00:00","description":"La capsule G9 LED 5.5 W Biologa Danell est une excellente alternative \u00e0 la capsule halog\u00e8ne G9 haute tension conventionnelle, offrant un excellent rendu des couleurs et une lumi\u00e8re sans scintillement.\u00a0Equivalent 41 W, 485 lm.","breadcrumb":{"@id":"https:\/\/369agara.com\/produit\/capsule-g9-led-55w\/#breadcrumb"},"inLanguage":"sv-SE","potentialAction":[{"@type":"ReadAction","target":["https:\/\/369agara.com\/produit\/capsule-g9-led-55w\/"]}]},{"@type":"ImageObject","inLanguage":"sv-SE","@id":"https:\/\/369agara.com\/produit\/capsule-g9-led-55w\/#primaryimage","url":"https:\/\/369agara.com\/wp-content\/uploads\/2023\/08\/capsule-g9-led-55-w-biologa-danell.jpg","contentUrl":"https:\/\/369agara.com\/wp-content\/uploads\/2023\/08\/capsule-g9-led-55-w-biologa-danell.jpg","width":800,"height":800},{"@type":"BreadcrumbList","@id":"https:\/\/369agara.com\/produit\/capsule-g9-led-55w\/#breadcrumb","itemListElement":[{"@type":"ListItem","position":1,"name":"Accueil","item":"https:\/\/369agara.com\/"},{"@type":"ListItem","position":2,"name":"La boutique","item":"https:\/\/369agara.com\/la-boutique\/"},{"@type":"ListItem","position":3,"name":"Capsule G9 LED 5.5 W Biologa Danell | 485 lm"}]},{"@type":"WebSite","@id":"https:\/\/369agara.com\/#website","url":"https:\/\/369agara.com\/","name":"Livsrikedomar","description":"Koppla bort f\u00f6r att skapa b\u00e4ttre kontakt","publisher":{"@id":"https:\/\/369agara.com\/#organization"},"potentialAction":[{"@type":"SearchAction","target":{"@type":"EntryPoint","urlTemplate":"https:\/\/369agara.com\/?s={search_term_string}"},"query-input":{"@type":"PropertyValueSpecification","valueRequired":true,"valueName":"search_term_string"}}],"inLanguage":"sv-SE"},{"@type":"Organization","@id":"https:\/\/369agara.com\/#organization","name":"EACreations","url":"https:\/\/369agara.com\/","logo":{"@type":"ImageObject","inLanguage":"sv-SE","@id":"https:\/\/369agara.com\/#\/schema\/logo\/image\/","url":"","contentUrl":"","caption":"EACreations"},"image":{"@id":"https:\/\/369agara.com\/#\/schema\/logo\/image\/"}}]}},"jetpack_sharing_enabled":true,"_links":{"self":[{"href":"https:\/\/369agara.com\/sv\/wp-json\/wp\/v2\/product\/1766","targetHints":{"allow":["GET"]}}],"collection":[{"href":"https:\/\/369agara.com\/sv\/wp-json\/wp\/v2\/product"}],"about":[{"href":"https:\/\/369agara.com\/sv\/wp-json\/wp\/v2\/types\/product"}],"replies":[{"embeddable":true,"href":"https:\/\/369agara.com\/sv\/wp-json\/wp\/v2\/comments?post=1766"}],"wp:featuredmedia":[{"embeddable":true,"href":"https:\/\/369agara.com\/sv\/wp-json\/wp\/v2\/media\/1769"}],"wp:attachment":[{"href":"https:\/\/369agara.com\/sv\/wp-json\/wp\/v2\/media?parent=1766"}],"wp:term":[{"taxonomy":"product_brand","embeddable":true,"href":"https:\/\/369agara.com\/sv\/wp-json\/wp\/v2\/product_brand?post=1766"},{"taxonomy":"product_cat","embeddable":true,"href":"https:\/\/369agara.com\/sv\/wp-json\/wp\/v2\/product_cat?post=1766"},{"taxonomy":"product_tag","embeddable":true,"href":"https:\/\/369agara.com\/sv\/wp-json\/wp\/v2\/product_tag?post=1766"}],"curies":[{"name":"wp","href":"https:\/\/api.w.org\/{rel}","templated":true}]}}