{"id":1898,"date":"2023-09-18T21:57:17","date_gmt":"2023-09-18T19:57:17","guid":{"rendered":"https:\/\/369agara.com\/?post_type=product&#038;p=1898"},"modified":"2025-05-15T21:53:31","modified_gmt":"2025-05-15T19:53:31","slug":"fiche-mise-terre-gp1-yshield","status":"publish","type":"product","link":"https:\/\/369agara.com\/sv\/produkt\/fiche-mise-terre-gp1-yshield\/","title":{"rendered":"GP1 YShield jordkontakt f\u00f6r v\u00e5gskyddad f\u00e4rg, duk och n\u00e4t"},"content":{"rendered":"<div class=\"block md-bottom product-description-block\">\n<div class=\"block-content box-bg\">\n<div class=\"product-description typo\">\n<p><span style=\"font-family: 'Book Antiqua', Palatino; font-size: 120%; color: #333399;\">GP1 YShield \u00e4r en professionell EF-jordningskontakt som \u00e4r kompatibel med CEE 7\/4- och CEE 7\/7-v\u00e4gguttag (franska och tyska schukouttag).\u00a0<\/span><\/p>\n<p><span style=\"font-family: 'Book Antiqua', Palatino; font-size: 120%; color: #333399;\">Den ser till att dukar, m\u00e5larf\u00e4rger, antiv\u00e5gsk\u00e4rmar etc. \u00e4r ordentligt jordade. Den skruvas in i ett jordat v\u00e4gguttag.\u00a0<\/span><\/p>\n<p><span style=\"font-family: 'Book Antiqua', Palatino; font-size: 120%; color: #333399;\">Den anv\u00e4nds tillsammans med en jordplatta GS2, GS3 eller GF3 och en jordkabel GL (finns i 5 olika l\u00e4ngder: 20 cm, 1 meter, 2 meter, 5 meter eller 10 meter).\u00a0<\/span><\/p>\n<h3><span style=\"font-family: 'Book Antiqua', Palatino; font-size: 120%; color: #333399;\">Anslutningsm\u00f6jligheter<\/span><\/h3>\n<p><span style=\"font-family: 'Book Antiqua', Palatino; font-size: 120%; color: #333399;\">4 kabelanslutningar<\/span><\/p>\n<h3><span style=\"font-family: 'Book Antiqua', Palatino; font-size: 120%; color: #333399;\">Leveransens omfattning<\/span><\/h3>\n<p><span style=\"font-family: 'Book Antiqua', Palatino; font-size: 120%; color: #333399;\">Jordad kontakt, 55 x 55 x 8 mm skyddslock, alla n\u00f6dv\u00e4ndiga skruvar, brickor, kabelskor och ett skruvverktyg med Torx\u00ae-bitar.<\/span><\/p>\n<h3><span style=\"font-family: 'Book Antiqua', Palatino; font-size: 120%; color: #333399;\">Installation<\/span><\/h3>\n<p><span style=\"font-family: 'Book Antiqua', Palatino; font-size: 120%; color: #333399;\">1. Lossa och ta bort skruven fr\u00e5n sockelinsatsen<\/span><\/p>\n<p><span style=\"font-family: 'Book Antiqua', Palatino; font-size: 120%; color: #333399;\">2. S\u00e4tt ihop kontakten med sockelinsatsen genom att skruva ihop dem med en M2,5\u00d735 eller M3x35 skruv.<\/span><\/p>\n<p><span style=\"font-family: 'Book Antiqua', Palatino; font-size: 120%; color: #333399;\">3. Skruva fast kabeln (kabelsko) med M4x3,2-skruvarna och sp\u00e4nnbrickan.<\/span><\/p>\n<h3><span style=\"font-family: 'Book Antiqua', Palatino; font-size: 120%; color: #333399;\">Tekniska specifikationer<\/span><\/h3>\n<p><span style=\"font-family: 'Book Antiqua', Palatino; font-size: 120%; color: #333399;\"><strong>Jordplugg f\u00f6r fasta installationer<\/strong>\u00a0s\u00e5som f\u00e4rg, duk, n\u00e4t, antiv\u00e5gbel\u00e4ggningar etc.<\/span><\/p>\n<p><span style=\"font-family: 'Book Antiqua', Palatino; font-size: 120%; color: #333399;\">F\u00f6r jordning av textilartiklar, anv\u00e4nd GPE YShield jordningskontakt.<\/span><\/p>\n<p><span style=\"font-family: 'Book Antiqua', Palatino; font-size: 120%; color: #333399;\">Vikt: 80 g<\/span><\/p>\n<p><span style=\"font-family: 'Book Antiqua', Palatino; font-size: 120%; color: #333399;\">Tillverkad i Tyskland<\/span><\/p>\n<p><span style=\"font-family: 'Book Antiqua', Palatino; font-size: 120%; color: #ed1c24;\">Vi tar inget ansvar f\u00f6r skador p\u00e5 personer, djur eller f\u00f6rem\u00e5l som orsakats av felaktig anv\u00e4ndning av denna produkt, i synnerhet jordning och elinstallation som inte \u00f6verensst\u00e4mmer med DIN 57100 \/ VDE 0100. <\/span><\/p>\n<p><span style=\"font-family: 'Book Antiqua', Palatino; font-size: 120%; color: #ed1c24;\">Vi rekommenderar att den elektriska installationen och jordningen av YShield\u00ae -produkterna kontrolleras av en beh\u00f6rig elektriker.<\/span><\/p>\n<\/div>\n<\/div>\n<\/div>\n<div class=\"block product-attachments-block sm-bottom\">\n<h3 class=\"title-block\"><span style=\"font-family: 'Book Antiqua', Palatino; font-size: 120%; color: #333399;\">V\u00e4nligen kontakta<\/span><\/h3>\n<div class=\"block-content\">\n<section class=\"product-attachments\">\n<div class=\"row\">\n<div class=\"attachment col-12 col-lg-4\">\n<div class=\"box-bg my-2\">\n<ul>\n<li class=\"h5\"><span style=\"font-family: 'Book Antiqua', Palatino; font-size: 120%; color: #333399;\">GP1 YShield-pl\u00e5t<\/span><br \/>\n<span style=\"font-family: 'Book Antiqua', Palatino; font-size: 120%; color: #333399;\">Tekniskt blad - Bruksanvisning<\/span><\/li>\n<\/ul>\n<\/div>\n<\/div>\n<div class=\"attachment col-12 col-lg-4\">\n<div class=\"box-bg my-2\">\n<ul>\n<li class=\"h5\"><span style=\"font-family: 'Book Antiqua', Palatino; font-size: 120%; color: #333399;\">Jordning<\/span><br \/>\n<span style=\"font-family: 'Book Antiqua', Palatino; font-size: 120%; color: #333399;\">Fokus p\u00e5 de nya YShield-jordningsaccessoarerna - efter 2021<\/span><\/li>\n<\/ul>\n<\/div>\n<\/div>\n<\/div>\n<\/section>\n<\/div>\n<\/div>","protected":false},"excerpt":{"rendered":"<p><span style=\"font-family: 'Book Antiqua', Palatino; font-size: 120%; color: #333399;\">Jordningsuttaget GP1 YShield \u00e4r kompatibelt med v\u00e4gguttag CEE 7\/4 och CEE 7\/7.\u00a0<\/span><\/p>\n<p><span style=\"font-family: 'Book Antiqua', Palatino; font-size: 120%; color: #333399;\">Den \u00e4r avsedd f\u00f6r permanent jordning av v\u00e5gskyddade textilier, bel\u00e4ggningar och f\u00e4rger.<\/span><\/p>","protected":false},"featured_media":1899,"comment_status":"open","ping_status":"closed","template":"","meta":[],"product_brand":[268],"product_cat":[164],"product_tag":[248,246,247,249,245,262],"class_list":{"0":"post-1898","1":"product","2":"type-product","3":"status-publish","4":"has-post-thumbnail","6":"product_brand-yshield","7":"product_cat-baubiologie","8":"product_tag-baubiologie","9":"product_tag-bureau","10":"product_tag-chambre","11":"product_tag-electromagnetisme","12":"product_tag-maison","13":"product_tag-peinture","15":"first","16":"instock","17":"taxable","18":"shipping-taxable","19":"purchasable","20":"product-type-simple"},"yoast_head":"<!-- This site is optimized with the Yoast SEO Premium plugin v25.1 (Yoast SEO v27.4) - https:\/\/yoast.com\/product\/yoast-seo-premium-wordpress\/ -->\n<title>Fiche de mise \u00e0 la terre GP1 YShield pour peintures, toiles et grillages anti-ondes | Agara<\/title>\n<meta name=\"description\" content=\"La fiche de mise \u00e0 la terre GP1 YShield est compatible avec les prises de courant murales CEE 7\/4 et CEE 7\/7.\u00a0Elle est destin\u00e9e \u00e0 la mise \u00e0 la terre permanente des toiles, rev\u00eatements et peintures anti-ondes.\" \/>\n<meta name=\"robots\" content=\"index, follow, max-snippet:-1, max-image-preview:large, max-video-preview:-1\" \/>\n<link rel=\"canonical\" href=\"https:\/\/369agara.com\/sv\/produkt\/fiche-mise-terre-gp1-yshield\/\" \/>\n<meta property=\"og:locale\" content=\"sv_SE\" \/>\n<meta property=\"og:type\" content=\"article\" \/>\n<meta property=\"og:title\" content=\"Fiche de mise \u00e0 la terre GP1 YShield pour peintures, toiles et grillages anti-ondes\" \/>\n<meta property=\"og:description\" content=\"La fiche de mise \u00e0 la terre GP1 YShield est compatible avec les prises de courant murales CEE 7\/4 et CEE 7\/7.\u00a0Elle est destin\u00e9e \u00e0 la mise \u00e0 la terre permanente des toiles, rev\u00eatements et peintures anti-ondes.\" \/>\n<meta property=\"og:url\" content=\"https:\/\/369agara.com\/sv\/produkt\/fiche-mise-terre-gp1-yshield\/\" \/>\n<meta property=\"og:site_name\" content=\"Agara\" \/>\n<meta property=\"article:modified_time\" content=\"2025-05-15T19:53:31+00:00\" \/>\n<meta property=\"og:image\" content=\"https:\/\/369agara.com\/wp-content\/uploads\/2023\/09\/fiche-de-mise-a-la-terre-gp1-yshield-1.jpg\" \/>\n\t<meta property=\"og:image:width\" content=\"800\" \/>\n\t<meta property=\"og:image:height\" content=\"800\" \/>\n\t<meta property=\"og:image:type\" content=\"image\/jpeg\" \/>\n<meta name=\"twitter:card\" content=\"summary_large_image\" \/>\n<meta name=\"twitter:label1\" content=\"Ber\u00e4knad l\u00e4stid\" \/>\n\t<meta name=\"twitter:data1\" content=\"2 minuter\" \/>\n<script type=\"application\/ld+json\" class=\"yoast-schema-graph\">{\"@context\":\"https:\\\/\\\/schema.org\",\"@graph\":[{\"@type\":\"WebPage\",\"@id\":\"https:\\\/\\\/369agara.com\\\/produit\\\/fiche-mise-terre-gp1-yshield\\\/\",\"url\":\"https:\\\/\\\/369agara.com\\\/produit\\\/fiche-mise-terre-gp1-yshield\\\/\",\"name\":\"Fiche de mise \u00e0 la terre GP1 YShield pour peintures, toiles et grillages anti-ondes | Agara\",\"isPartOf\":{\"@id\":\"https:\\\/\\\/369agara.com\\\/#website\"},\"primaryImageOfPage\":{\"@id\":\"https:\\\/\\\/369agara.com\\\/produit\\\/fiche-mise-terre-gp1-yshield\\\/#primaryimage\"},\"image\":{\"@id\":\"https:\\\/\\\/369agara.com\\\/produit\\\/fiche-mise-terre-gp1-yshield\\\/#primaryimage\"},\"thumbnailUrl\":\"https:\\\/\\\/369agara.com\\\/wp-content\\\/uploads\\\/2023\\\/09\\\/fiche-de-mise-a-la-terre-gp1-yshield-1.jpg\",\"datePublished\":\"2023-09-18T19:57:17+00:00\",\"dateModified\":\"2025-05-15T19:53:31+00:00\",\"description\":\"La fiche de mise \u00e0 la terre GP1 YShield est compatible avec les prises de courant murales CEE 7\\\/4 et CEE 7\\\/7.\u00a0Elle est destin\u00e9e \u00e0 la mise \u00e0 la terre permanente des toiles, rev\u00eatements et peintures anti-ondes.\",\"breadcrumb\":{\"@id\":\"https:\\\/\\\/369agara.com\\\/produit\\\/fiche-mise-terre-gp1-yshield\\\/#breadcrumb\"},\"inLanguage\":\"sv-SE\",\"potentialAction\":[{\"@type\":\"ReadAction\",\"target\":[\"https:\\\/\\\/369agara.com\\\/produit\\\/fiche-mise-terre-gp1-yshield\\\/\"]}]},{\"@type\":\"ImageObject\",\"inLanguage\":\"sv-SE\",\"@id\":\"https:\\\/\\\/369agara.com\\\/produit\\\/fiche-mise-terre-gp1-yshield\\\/#primaryimage\",\"url\":\"https:\\\/\\\/369agara.com\\\/wp-content\\\/uploads\\\/2023\\\/09\\\/fiche-de-mise-a-la-terre-gp1-yshield-1.jpg\",\"contentUrl\":\"https:\\\/\\\/369agara.com\\\/wp-content\\\/uploads\\\/2023\\\/09\\\/fiche-de-mise-a-la-terre-gp1-yshield-1.jpg\",\"width\":800,\"height\":800},{\"@type\":\"BreadcrumbList\",\"@id\":\"https:\\\/\\\/369agara.com\\\/produit\\\/fiche-mise-terre-gp1-yshield\\\/#breadcrumb\",\"itemListElement\":[{\"@type\":\"ListItem\",\"position\":1,\"name\":\"Accueil\",\"item\":\"https:\\\/\\\/369agara.com\\\/\"},{\"@type\":\"ListItem\",\"position\":2,\"name\":\"La boutique\",\"item\":\"https:\\\/\\\/369agara.com\\\/la-boutique\\\/\"},{\"@type\":\"ListItem\",\"position\":3,\"name\":\"Fiche de mise \u00e0 la terre GP1 YShield pour peintures, toiles et grillages anti-ondes\"}]},{\"@type\":\"WebSite\",\"@id\":\"https:\\\/\\\/369agara.com\\\/#website\",\"url\":\"https:\\\/\\\/369agara.com\\\/\",\"name\":\"Livsrikedomar\",\"description\":\"D\u00e9connectez pour mieux vous connecter\",\"publisher\":{\"@id\":\"https:\\\/\\\/369agara.com\\\/#organization\"},\"potentialAction\":[{\"@type\":\"SearchAction\",\"target\":{\"@type\":\"EntryPoint\",\"urlTemplate\":\"https:\\\/\\\/369agara.com\\\/?s={search_term_string}\"},\"query-input\":{\"@type\":\"PropertyValueSpecification\",\"valueRequired\":true,\"valueName\":\"search_term_string\"}}],\"inLanguage\":\"sv-SE\"},{\"@type\":\"Organization\",\"@id\":\"https:\\\/\\\/369agara.com\\\/#organization\",\"name\":\"EACreations\",\"url\":\"https:\\\/\\\/369agara.com\\\/\",\"logo\":{\"@type\":\"ImageObject\",\"inLanguage\":\"sv-SE\",\"@id\":\"https:\\\/\\\/369agara.com\\\/#\\\/schema\\\/logo\\\/image\\\/\",\"url\":\"\",\"contentUrl\":\"\",\"caption\":\"EACreations\"},\"image\":{\"@id\":\"https:\\\/\\\/369agara.com\\\/#\\\/schema\\\/logo\\\/image\\\/\"}}]}<\/script>\n<!-- \/ Yoast SEO Premium plugin. -->","yoast_head_json":{"title":"Fiche de mise \u00e0 la terre GP1 YShield pour peintures, toiles et grillages anti-ondes | Agara","description":"La fiche de mise \u00e0 la terre GP1 YShield est compatible avec les prises de courant murales CEE 7\/4 et CEE 7\/7.\u00a0Elle est destin\u00e9e \u00e0 la mise \u00e0 la terre permanente des toiles, rev\u00eatements et peintures anti-ondes.","robots":{"index":"index","follow":"follow","max-snippet":"max-snippet:-1","max-image-preview":"max-image-preview:large","max-video-preview":"max-video-preview:-1"},"canonical":"https:\/\/369agara.com\/sv\/produkt\/fiche-mise-terre-gp1-yshield\/","og_locale":"sv_SE","og_type":"article","og_title":"Fiche de mise \u00e0 la terre GP1 YShield pour peintures, toiles et grillages anti-ondes","og_description":"La fiche de mise \u00e0 la terre GP1 YShield est compatible avec les prises de courant murales CEE 7\/4 et CEE 7\/7.\u00a0Elle est destin\u00e9e \u00e0 la mise \u00e0 la terre permanente des toiles, rev\u00eatements et peintures anti-ondes.","og_url":"https:\/\/369agara.com\/sv\/produkt\/fiche-mise-terre-gp1-yshield\/","og_site_name":"Agara","article_modified_time":"2025-05-15T19:53:31+00:00","og_image":[{"width":800,"height":800,"url":"https:\/\/369agara.com\/wp-content\/uploads\/2023\/09\/fiche-de-mise-a-la-terre-gp1-yshield-1.jpg","type":"image\/jpeg"}],"twitter_card":"summary_large_image","twitter_misc":{"Ber\u00e4knad l\u00e4stid":"2 minuter"},"schema":{"@context":"https:\/\/schema.org","@graph":[{"@type":"WebPage","@id":"https:\/\/369agara.com\/produit\/fiche-mise-terre-gp1-yshield\/","url":"https:\/\/369agara.com\/produit\/fiche-mise-terre-gp1-yshield\/","name":"Fiche de mise \u00e0 la terre GP1 YShield pour peintures, toiles et grillages anti-ondes | Agara","isPartOf":{"@id":"https:\/\/369agara.com\/#website"},"primaryImageOfPage":{"@id":"https:\/\/369agara.com\/produit\/fiche-mise-terre-gp1-yshield\/#primaryimage"},"image":{"@id":"https:\/\/369agara.com\/produit\/fiche-mise-terre-gp1-yshield\/#primaryimage"},"thumbnailUrl":"https:\/\/369agara.com\/wp-content\/uploads\/2023\/09\/fiche-de-mise-a-la-terre-gp1-yshield-1.jpg","datePublished":"2023-09-18T19:57:17+00:00","dateModified":"2025-05-15T19:53:31+00:00","description":"La fiche de mise \u00e0 la terre GP1 YShield est compatible avec les prises de courant murales CEE 7\/4 et CEE 7\/7.\u00a0Elle est destin\u00e9e \u00e0 la mise \u00e0 la terre permanente des toiles, rev\u00eatements et peintures anti-ondes.","breadcrumb":{"@id":"https:\/\/369agara.com\/produit\/fiche-mise-terre-gp1-yshield\/#breadcrumb"},"inLanguage":"sv-SE","potentialAction":[{"@type":"ReadAction","target":["https:\/\/369agara.com\/produit\/fiche-mise-terre-gp1-yshield\/"]}]},{"@type":"ImageObject","inLanguage":"sv-SE","@id":"https:\/\/369agara.com\/produit\/fiche-mise-terre-gp1-yshield\/#primaryimage","url":"https:\/\/369agara.com\/wp-content\/uploads\/2023\/09\/fiche-de-mise-a-la-terre-gp1-yshield-1.jpg","contentUrl":"https:\/\/369agara.com\/wp-content\/uploads\/2023\/09\/fiche-de-mise-a-la-terre-gp1-yshield-1.jpg","width":800,"height":800},{"@type":"BreadcrumbList","@id":"https:\/\/369agara.com\/produit\/fiche-mise-terre-gp1-yshield\/#breadcrumb","itemListElement":[{"@type":"ListItem","position":1,"name":"Accueil","item":"https:\/\/369agara.com\/"},{"@type":"ListItem","position":2,"name":"La boutique","item":"https:\/\/369agara.com\/la-boutique\/"},{"@type":"ListItem","position":3,"name":"Fiche de mise \u00e0 la terre GP1 YShield pour peintures, toiles et grillages anti-ondes"}]},{"@type":"WebSite","@id":"https:\/\/369agara.com\/#website","url":"https:\/\/369agara.com\/","name":"Livsrikedomar","description":"Koppla bort f\u00f6r att skapa b\u00e4ttre kontakt","publisher":{"@id":"https:\/\/369agara.com\/#organization"},"potentialAction":[{"@type":"SearchAction","target":{"@type":"EntryPoint","urlTemplate":"https:\/\/369agara.com\/?s={search_term_string}"},"query-input":{"@type":"PropertyValueSpecification","valueRequired":true,"valueName":"search_term_string"}}],"inLanguage":"sv-SE"},{"@type":"Organization","@id":"https:\/\/369agara.com\/#organization","name":"EACreations","url":"https:\/\/369agara.com\/","logo":{"@type":"ImageObject","inLanguage":"sv-SE","@id":"https:\/\/369agara.com\/#\/schema\/logo\/image\/","url":"","contentUrl":"","caption":"EACreations"},"image":{"@id":"https:\/\/369agara.com\/#\/schema\/logo\/image\/"}}]}},"jetpack_sharing_enabled":true,"_links":{"self":[{"href":"https:\/\/369agara.com\/sv\/wp-json\/wp\/v2\/product\/1898","targetHints":{"allow":["GET"]}}],"collection":[{"href":"https:\/\/369agara.com\/sv\/wp-json\/wp\/v2\/product"}],"about":[{"href":"https:\/\/369agara.com\/sv\/wp-json\/wp\/v2\/types\/product"}],"replies":[{"embeddable":true,"href":"https:\/\/369agara.com\/sv\/wp-json\/wp\/v2\/comments?post=1898"}],"wp:featuredmedia":[{"embeddable":true,"href":"https:\/\/369agara.com\/sv\/wp-json\/wp\/v2\/media\/1899"}],"wp:attachment":[{"href":"https:\/\/369agara.com\/sv\/wp-json\/wp\/v2\/media?parent=1898"}],"wp:term":[{"taxonomy":"product_brand","embeddable":true,"href":"https:\/\/369agara.com\/sv\/wp-json\/wp\/v2\/product_brand?post=1898"},{"taxonomy":"product_cat","embeddable":true,"href":"https:\/\/369agara.com\/sv\/wp-json\/wp\/v2\/product_cat?post=1898"},{"taxonomy":"product_tag","embeddable":true,"href":"https:\/\/369agara.com\/sv\/wp-json\/wp\/v2\/product_tag?post=1898"}],"curies":[{"name":"wp","href":"https:\/\/api.w.org\/{rel}","templated":true}]}}