{"id":1919,"date":"2023-09-19T19:02:09","date_gmt":"2023-09-19T17:02:09","guid":{"rendered":"https:\/\/369agara.com\/?post_type=product&#038;p=1919"},"modified":"2025-05-15T21:52:58","modified_gmt":"2025-05-15T19:52:58","slug":"lessive-tissus-liquide-poudre","status":"publish","type":"product","link":"https:\/\/369agara.com\/sv\/produkt\/lessive-tissus-liquide-poudre\/","title":{"rendered":"YShield tv\u00e4ttmedel f\u00f6r mikrov\u00e5gsskyddade tyger - flytande | pulver"},"content":{"rendered":"<p><span style=\"font-family: 'Book Antiqua', Palatino; font-size: 120%; color: #333399;\">Texcare YShield tv\u00e4ttmedel har utvecklats speciellt f\u00f6r att tv\u00e4tta olika antiv\u00e5gtyger tillverkade av silver- och rostfria st\u00e5ltr\u00e5dar, samtidigt som fibrerna v\u00e5rdas och deras avsk\u00e4rmande egenskaper bevaras.<\/span><\/p>\n<ul>\n<li><span style=\"font-family: 'Book Antiqua', Palatino; font-size: 120%; color: #333399;\">Fabrikstester och kundfeedback har visat att konventionella reng\u00f6ringsmedel (eller till och med kemtv\u00e4tt) tenderar att skada armeringsfibrerna och f\u00f6r\u00e4ndra tygernas prestanda och utseende.<\/span><\/li>\n<li><span style=\"font-family: 'Book Antiqua', Palatino; font-size: 120%; color: #333399;\">Texcare tv\u00e4ttmedel l\u00e4mnar textilierna helt rena och bevarar deras egenskaper och prestanda.<\/span><\/li>\n<\/ul>\n<p><span style=\"font-family: 'Book Antiqua', Palatino; font-size: 120%; color: #ed1c24;\">Detta tv\u00e4ttmedel \u00e4r\u00a0<strong>ekologisk<\/strong>\u00a0och skyddar d\u00e4rmed milj\u00f6n. Det har ocks\u00e5 varit\u00a0<strong>speciellt utformad f\u00f6r personer med allergier och MCS<\/strong>\u00a0Parfymfri, garanterat fri fr\u00e5n f\u00e4rg\u00e4mnen och kemikalier.<\/span><\/p>\n<p><span style=\"font-family: 'Book Antiqua', Palatino; font-size: 120%; color: #333399;\">Du kan g\u00f6ra 20 tv\u00e4ttar med en liter tv\u00e4ttmedel \/ ett kilo Texcare-tv\u00e4ttmedel.<\/span><br \/>\n<span style=\"font-family: 'Book Antiqua', Palatino; font-size: 120%; color: #333399;\">50 ml tv\u00e4ttmedel r\u00e4cker per tv\u00e4tt, oavsett vattnets h\u00e5rdhet.<\/span><\/p>\n<p><span style=\"font-family: 'Book Antiqua', Palatino; font-size: 120%; color: #333399;\">Anv\u00e4nd helst det k\u00e4nsliga programmet p\u00e5 din tv\u00e4ttmaskin, tv\u00e4tta kallt eller i max. 30\u00b0C och centrifugera l\u00e4tt.<\/span><\/p>\n<p><span style=\"font-family: 'Book Antiqua', Palatino; font-size: 120%; color: #ed1c24;\">I samtliga fall h\u00e4nvisas till de tekniska manualerna f\u00f6r de olika tygerna och de sk\u00f6tselanvisningar som anges d\u00e4r.<\/span><\/p>\n<h3><span style=\"font-family: 'Book Antiqua', Palatino; font-size: 120%; color: #333399;\">Tekniska specifikationer<\/span><\/h3>\n<p><span style=\"font-family: 'Book Antiqua', Palatino; font-size: 120%; color: #333399;\">V\u00e4tska :<\/span><\/p>\n<ul>\n<li><span style=\"font-family: 'Book Antiqua', Palatino; font-size: 120%; color: #333399;\"><strong>Sammans\u00e4ttning<\/strong>\u00a0<strong>:<\/strong>\u00a0tv\u00e5l av rapsolja 5 till 15%, ytaktivt \u00e4mne av socker 5 till 15%, kokosn\u00f6tsalkoholsulfat 5 till 15%, vegetabilisk alkohol (etanol) 1 till 5%, sulfaterad ricinolja<\/span><\/li>\n<li><span style=\"font-family: 'Book Antiqua', Palatino; font-size: 120%; color: #333399;\"><strong>Ingredienser INCI :<\/strong>\u00a0vatten, kaliumtv\u00e5l, C8-16 alkylpolyglukosid, natrium C 8-14 fettalkoholsulfat, alkohol, sulfaterad ricinolja, kaliumcitrat.<\/span><\/li>\n<li><span style=\"font-family: 'Book Antiqua', Palatino; font-size: 120%; color: #333399;\">Kapacitet : 1 liter<\/span><\/li>\n<li><span style=\"font-family: 'Book Antiqua', Palatino; font-size: 120%; color: #333399;\">Vikt: 1,2 kg<\/span><\/li>\n<\/ul>\n<p><span style=\"font-family: 'Book Antiqua', Palatino; font-size: 120%; color: #333399;\">Pulver :<\/span><\/p>\n<ul>\n<li><span style=\"font-family: 'Book Antiqua', Palatino; font-size: 120%; color: #333399;\"><strong>Sammans\u00e4ttning:<\/strong>\u00a0zeolit 15 till 30%, tv\u00e5l av vegetabilisk olja 15 till 30%, citrat 15 till 30%, sockertensider 5 till 15%, natriumkarbonat 5 till 15%, silikater 1 till 5%, natriumbikarbonat 1 till 5%, organisk Quillaja &lt;1%, fukthalt i pulver 10 till 15%<\/span><\/li>\n<li><span style=\"font-family: 'Book Antiqua', Palatino; font-size: 120%; color: #333399;\"><strong>Ingredienser INCI :<\/strong>\u00a0zeolit, natriumtv\u00e5l, natriumcitrat, kokosglukosid, natriumkarbonat, natriumsilikat, natriumbikarbonat, Quillaja Saponaria<\/span><\/li>\n<li><span style=\"font-family: 'Book Antiqua', Palatino; font-size: 120%; color: #333399;\">Inneh\u00e5ll : 1 kg<\/span><\/li>\n<li><span style=\"font-family: 'Book Antiqua', Palatino; font-size: 120%; color: #333399;\">Vikt: 1,1 kg<\/span><\/li>\n<\/ul>","protected":false},"excerpt":{"rendered":"<p><span style=\"font-family: 'Book Antiqua', Palatino; font-size: 120%; color: #333399;\">Texcare YShield tv\u00e4ttmedel \u00e4r speciellt framtaget f\u00f6r att tv\u00e4tta och v\u00e5rda anti-v\u00e5gtyger av silver- och rostfria tr\u00e5dar.\u00a0<\/span><\/p>\n<ul>\n<li><span style=\"font-family: 'Book Antiqua', Palatino; font-size: 120%; color: #333399;\">Enlitersdunk (20 tv\u00e4ttar).<\/span><\/li>\n<li><span style=\"font-family: 'Book Antiqua', Palatino; font-size: 120%; color: #333399;\">En p\u00e5se p\u00e5 ett kilo (20 tv\u00e4ttar).<\/span><\/li>\n<\/ul>","protected":false},"featured_media":1922,"comment_status":"open","ping_status":"closed","template":"","meta":[],"product_brand":[268],"product_cat":[164],"product_tag":[248,247,249,245],"class_list":{"0":"post-1919","1":"product","2":"type-product","3":"status-publish","4":"has-post-thumbnail","6":"product_brand-yshield","7":"product_cat-baubiologie","8":"product_tag-baubiologie","9":"product_tag-chambre","10":"product_tag-electromagnetisme","11":"product_tag-maison","13":"first","14":"instock","15":"taxable","16":"shipping-taxable","17":"purchasable","18":"product-type-variable"},"yoast_head":"<!-- This site is optimized with the Yoast SEO Premium plugin v25.1 (Yoast SEO v27.4) - https:\/\/yoast.com\/product\/yoast-seo-premium-wordpress\/ -->\n<title>Lessive YShield pour tissus de protection anti-ondes - liquide | poudre | Agara<\/title>\n<meta name=\"description\" content=\"La lessive Texcare YShield est sp\u00e9cialement con\u00e7ue pour laver et prendre soin des tissus anti-ondes compos\u00e9s d&#039;argent et de fils d&#039;acier inoxydable.\u00a0Bidon d&#039;un litre (20 lavages) \/ Sac d&#039;un kilo (20 lavages).\" \/>\n<meta name=\"robots\" content=\"index, follow, max-snippet:-1, max-image-preview:large, max-video-preview:-1\" \/>\n<link rel=\"canonical\" href=\"https:\/\/369agara.com\/sv\/produkt\/lessive-tissus-liquide-poudre\/\" \/>\n<meta property=\"og:locale\" content=\"sv_SE\" \/>\n<meta property=\"og:type\" content=\"article\" \/>\n<meta property=\"og:title\" content=\"Lessive YShield pour tissus de protection anti-ondes - liquide | poudre\" \/>\n<meta property=\"og:description\" content=\"La lessive Texcare YShield est sp\u00e9cialement con\u00e7ue pour laver et prendre soin des tissus anti-ondes compos\u00e9s d&#039;argent et de fils d&#039;acier inoxydable.\u00a0Bidon d&#039;un litre (20 lavages) \/ Sac d&#039;un kilo (20 lavages).\" \/>\n<meta property=\"og:url\" content=\"https:\/\/369agara.com\/sv\/produkt\/lessive-tissus-liquide-poudre\/\" \/>\n<meta property=\"og:site_name\" content=\"Agara\" \/>\n<meta property=\"article:modified_time\" content=\"2025-05-15T19:52:58+00:00\" \/>\n<meta property=\"og:image\" content=\"https:\/\/369agara.com\/wp-content\/uploads\/2023\/09\/lessive-liquide-texcare-yshield-pour-tissus-anti-ondes.jpg\" \/>\n\t<meta property=\"og:image:width\" content=\"800\" \/>\n\t<meta property=\"og:image:height\" content=\"800\" \/>\n\t<meta property=\"og:image:type\" content=\"image\/jpeg\" \/>\n<meta name=\"twitter:card\" content=\"summary_large_image\" \/>\n<meta name=\"twitter:label1\" content=\"Ber\u00e4knad l\u00e4stid\" \/>\n\t<meta name=\"twitter:data1\" content=\"2 minuter\" \/>\n<script type=\"application\/ld+json\" class=\"yoast-schema-graph\">{\"@context\":\"https:\\\/\\\/schema.org\",\"@graph\":[{\"@type\":\"WebPage\",\"@id\":\"https:\\\/\\\/369agara.com\\\/produit\\\/lessive-tissus-liquide-poudre\\\/\",\"url\":\"https:\\\/\\\/369agara.com\\\/produit\\\/lessive-tissus-liquide-poudre\\\/\",\"name\":\"Lessive YShield pour tissus de protection anti-ondes - liquide | poudre | Agara\",\"isPartOf\":{\"@id\":\"https:\\\/\\\/369agara.com\\\/#website\"},\"primaryImageOfPage\":{\"@id\":\"https:\\\/\\\/369agara.com\\\/produit\\\/lessive-tissus-liquide-poudre\\\/#primaryimage\"},\"image\":{\"@id\":\"https:\\\/\\\/369agara.com\\\/produit\\\/lessive-tissus-liquide-poudre\\\/#primaryimage\"},\"thumbnailUrl\":\"https:\\\/\\\/369agara.com\\\/wp-content\\\/uploads\\\/2023\\\/09\\\/lessive-liquide-texcare-yshield-pour-tissus-anti-ondes.jpg\",\"datePublished\":\"2023-09-19T17:02:09+00:00\",\"dateModified\":\"2025-05-15T19:52:58+00:00\",\"description\":\"La lessive Texcare YShield est sp\u00e9cialement con\u00e7ue pour laver et prendre soin des tissus anti-ondes compos\u00e9s d'argent et de fils d'acier inoxydable.\u00a0Bidon d'un litre (20 lavages) \\\/ Sac d'un kilo (20 lavages).\",\"breadcrumb\":{\"@id\":\"https:\\\/\\\/369agara.com\\\/produit\\\/lessive-tissus-liquide-poudre\\\/#breadcrumb\"},\"inLanguage\":\"sv-SE\",\"potentialAction\":[{\"@type\":\"ReadAction\",\"target\":[\"https:\\\/\\\/369agara.com\\\/produit\\\/lessive-tissus-liquide-poudre\\\/\"]}]},{\"@type\":\"ImageObject\",\"inLanguage\":\"sv-SE\",\"@id\":\"https:\\\/\\\/369agara.com\\\/produit\\\/lessive-tissus-liquide-poudre\\\/#primaryimage\",\"url\":\"https:\\\/\\\/369agara.com\\\/wp-content\\\/uploads\\\/2023\\\/09\\\/lessive-liquide-texcare-yshield-pour-tissus-anti-ondes.jpg\",\"contentUrl\":\"https:\\\/\\\/369agara.com\\\/wp-content\\\/uploads\\\/2023\\\/09\\\/lessive-liquide-texcare-yshield-pour-tissus-anti-ondes.jpg\",\"width\":800,\"height\":800},{\"@type\":\"BreadcrumbList\",\"@id\":\"https:\\\/\\\/369agara.com\\\/produit\\\/lessive-tissus-liquide-poudre\\\/#breadcrumb\",\"itemListElement\":[{\"@type\":\"ListItem\",\"position\":1,\"name\":\"Accueil\",\"item\":\"https:\\\/\\\/369agara.com\\\/\"},{\"@type\":\"ListItem\",\"position\":2,\"name\":\"La boutique\",\"item\":\"https:\\\/\\\/369agara.com\\\/la-boutique\\\/\"},{\"@type\":\"ListItem\",\"position\":3,\"name\":\"Lessive YShield pour tissus de protection anti-ondes &#8211; liquide | poudre\"}]},{\"@type\":\"WebSite\",\"@id\":\"https:\\\/\\\/369agara.com\\\/#website\",\"url\":\"https:\\\/\\\/369agara.com\\\/\",\"name\":\"Livsrikedomar\",\"description\":\"D\u00e9connectez pour mieux vous connecter\",\"publisher\":{\"@id\":\"https:\\\/\\\/369agara.com\\\/#organization\"},\"potentialAction\":[{\"@type\":\"SearchAction\",\"target\":{\"@type\":\"EntryPoint\",\"urlTemplate\":\"https:\\\/\\\/369agara.com\\\/?s={search_term_string}\"},\"query-input\":{\"@type\":\"PropertyValueSpecification\",\"valueRequired\":true,\"valueName\":\"search_term_string\"}}],\"inLanguage\":\"sv-SE\"},{\"@type\":\"Organization\",\"@id\":\"https:\\\/\\\/369agara.com\\\/#organization\",\"name\":\"EACreations\",\"url\":\"https:\\\/\\\/369agara.com\\\/\",\"logo\":{\"@type\":\"ImageObject\",\"inLanguage\":\"sv-SE\",\"@id\":\"https:\\\/\\\/369agara.com\\\/#\\\/schema\\\/logo\\\/image\\\/\",\"url\":\"\",\"contentUrl\":\"\",\"caption\":\"EACreations\"},\"image\":{\"@id\":\"https:\\\/\\\/369agara.com\\\/#\\\/schema\\\/logo\\\/image\\\/\"}}]}<\/script>\n<!-- \/ Yoast SEO Premium plugin. -->","yoast_head_json":{"title":"Lessive YShield pour tissus de protection anti-ondes - liquide | poudre | Agara","description":"La lessive Texcare YShield est sp\u00e9cialement con\u00e7ue pour laver et prendre soin des tissus anti-ondes compos\u00e9s d'argent et de fils d'acier inoxydable.\u00a0Bidon d'un litre (20 lavages) \/ Sac d'un kilo (20 lavages).","robots":{"index":"index","follow":"follow","max-snippet":"max-snippet:-1","max-image-preview":"max-image-preview:large","max-video-preview":"max-video-preview:-1"},"canonical":"https:\/\/369agara.com\/sv\/produkt\/lessive-tissus-liquide-poudre\/","og_locale":"sv_SE","og_type":"article","og_title":"Lessive YShield pour tissus de protection anti-ondes - liquide | poudre","og_description":"La lessive Texcare YShield est sp\u00e9cialement con\u00e7ue pour laver et prendre soin des tissus anti-ondes compos\u00e9s d'argent et de fils d'acier inoxydable.\u00a0Bidon d'un litre (20 lavages) \/ Sac d'un kilo (20 lavages).","og_url":"https:\/\/369agara.com\/sv\/produkt\/lessive-tissus-liquide-poudre\/","og_site_name":"Agara","article_modified_time":"2025-05-15T19:52:58+00:00","og_image":[{"width":800,"height":800,"url":"https:\/\/369agara.com\/wp-content\/uploads\/2023\/09\/lessive-liquide-texcare-yshield-pour-tissus-anti-ondes.jpg","type":"image\/jpeg"}],"twitter_card":"summary_large_image","twitter_misc":{"Ber\u00e4knad l\u00e4stid":"2 minuter"},"schema":{"@context":"https:\/\/schema.org","@graph":[{"@type":"WebPage","@id":"https:\/\/369agara.com\/produit\/lessive-tissus-liquide-poudre\/","url":"https:\/\/369agara.com\/produit\/lessive-tissus-liquide-poudre\/","name":"Lessive YShield pour tissus de protection anti-ondes - liquide | poudre | Agara","isPartOf":{"@id":"https:\/\/369agara.com\/#website"},"primaryImageOfPage":{"@id":"https:\/\/369agara.com\/produit\/lessive-tissus-liquide-poudre\/#primaryimage"},"image":{"@id":"https:\/\/369agara.com\/produit\/lessive-tissus-liquide-poudre\/#primaryimage"},"thumbnailUrl":"https:\/\/369agara.com\/wp-content\/uploads\/2023\/09\/lessive-liquide-texcare-yshield-pour-tissus-anti-ondes.jpg","datePublished":"2023-09-19T17:02:09+00:00","dateModified":"2025-05-15T19:52:58+00:00","description":"La lessive Texcare YShield est sp\u00e9cialement con\u00e7ue pour laver et prendre soin des tissus anti-ondes compos\u00e9s d'argent et de fils d'acier inoxydable.\u00a0Bidon d'un litre (20 lavages) \/ Sac d'un kilo (20 lavages).","breadcrumb":{"@id":"https:\/\/369agara.com\/produit\/lessive-tissus-liquide-poudre\/#breadcrumb"},"inLanguage":"sv-SE","potentialAction":[{"@type":"ReadAction","target":["https:\/\/369agara.com\/produit\/lessive-tissus-liquide-poudre\/"]}]},{"@type":"ImageObject","inLanguage":"sv-SE","@id":"https:\/\/369agara.com\/produit\/lessive-tissus-liquide-poudre\/#primaryimage","url":"https:\/\/369agara.com\/wp-content\/uploads\/2023\/09\/lessive-liquide-texcare-yshield-pour-tissus-anti-ondes.jpg","contentUrl":"https:\/\/369agara.com\/wp-content\/uploads\/2023\/09\/lessive-liquide-texcare-yshield-pour-tissus-anti-ondes.jpg","width":800,"height":800},{"@type":"BreadcrumbList","@id":"https:\/\/369agara.com\/produit\/lessive-tissus-liquide-poudre\/#breadcrumb","itemListElement":[{"@type":"ListItem","position":1,"name":"Accueil","item":"https:\/\/369agara.com\/"},{"@type":"ListItem","position":2,"name":"La boutique","item":"https:\/\/369agara.com\/la-boutique\/"},{"@type":"ListItem","position":3,"name":"Lessive YShield pour tissus de protection anti-ondes &#8211; liquide | poudre"}]},{"@type":"WebSite","@id":"https:\/\/369agara.com\/#website","url":"https:\/\/369agara.com\/","name":"Livsrikedomar","description":"Koppla bort f\u00f6r att skapa b\u00e4ttre kontakt","publisher":{"@id":"https:\/\/369agara.com\/#organization"},"potentialAction":[{"@type":"SearchAction","target":{"@type":"EntryPoint","urlTemplate":"https:\/\/369agara.com\/?s={search_term_string}"},"query-input":{"@type":"PropertyValueSpecification","valueRequired":true,"valueName":"search_term_string"}}],"inLanguage":"sv-SE"},{"@type":"Organization","@id":"https:\/\/369agara.com\/#organization","name":"EACreations","url":"https:\/\/369agara.com\/","logo":{"@type":"ImageObject","inLanguage":"sv-SE","@id":"https:\/\/369agara.com\/#\/schema\/logo\/image\/","url":"","contentUrl":"","caption":"EACreations"},"image":{"@id":"https:\/\/369agara.com\/#\/schema\/logo\/image\/"}}]}},"jetpack_sharing_enabled":true,"_links":{"self":[{"href":"https:\/\/369agara.com\/sv\/wp-json\/wp\/v2\/product\/1919","targetHints":{"allow":["GET"]}}],"collection":[{"href":"https:\/\/369agara.com\/sv\/wp-json\/wp\/v2\/product"}],"about":[{"href":"https:\/\/369agara.com\/sv\/wp-json\/wp\/v2\/types\/product"}],"replies":[{"embeddable":true,"href":"https:\/\/369agara.com\/sv\/wp-json\/wp\/v2\/comments?post=1919"}],"wp:featuredmedia":[{"embeddable":true,"href":"https:\/\/369agara.com\/sv\/wp-json\/wp\/v2\/media\/1922"}],"wp:attachment":[{"href":"https:\/\/369agara.com\/sv\/wp-json\/wp\/v2\/media?parent=1919"}],"wp:term":[{"taxonomy":"product_brand","embeddable":true,"href":"https:\/\/369agara.com\/sv\/wp-json\/wp\/v2\/product_brand?post=1919"},{"taxonomy":"product_cat","embeddable":true,"href":"https:\/\/369agara.com\/sv\/wp-json\/wp\/v2\/product_cat?post=1919"},{"taxonomy":"product_tag","embeddable":true,"href":"https:\/\/369agara.com\/sv\/wp-json\/wp\/v2\/product_tag?post=1919"}],"curies":[{"name":"wp","href":"https:\/\/api.w.org\/{rel}","templated":true}]}}