{"id":1959,"date":"2023-09-19T21:29:06","date_gmt":"2023-09-19T19:29:06","guid":{"rendered":"https:\/\/369agara.com\/?post_type=product&#038;p=1959"},"modified":"2025-05-15T21:52:35","modified_gmt":"2025-05-15T19:52:35","slug":"toile-protection-hnv100-yshield-1-ou-2-pers","status":"publish","type":"product","link":"https:\/\/369agara.com\/sv\/produkt\/toile-protection-hnv100-yshield-1-ou-2-pers\/","title":{"rendered":"HNV100 YShield mikrov\u00e5gssk\u00f6ld - h\u00f6ga och l\u00e5ga frekvenser - s\u00e4ng f\u00f6r 1 eller 2 personer"},"content":{"rendered":"<div class=\"block md-bottom product-description-block\">\n<div class=\"block-content box-bg\">\n<div class=\"product-description typo\">\n<p><span style=\"font-family: 'Book Antiqua', Palatino; font-size: 120%; color: #333399;\">Underl\u00e4gget HNV100 anti-wave i tyg skyddar dig mot h\u00f6gfrekvent str\u00e5lning (mobiltelefoni),\u00a0<strong>5G<\/strong>(t.ex. tr\u00e5dl\u00f6sa DECT-telefoner, WiFi, Wimax, Bluetooth, radar etc.) och l\u00e5ga frekvenser (elektriska f\u00e4lt i samband med hush\u00e5llsinstallationer) n\u00e4r den \u00e4r jordad.<\/span><\/p>\n<p><span style=\"font-family: 'Book Antiqua', Palatino; font-size: 120%; color: #333399;\">Den \u00e4r idealisk som komplement till skyddstak mot v\u00e5gor, men kan ocks\u00e5 anv\u00e4ndas separat under en s\u00e4ng eller ett skrivbord f\u00f6r att skydda mot str\u00e5lning fr\u00e5n golvet eller grannen nedanf\u00f6r.<\/span><\/p>\n<p><span style=\"font-family: 'Book Antiqua', Palatino; font-size: 120%; color: #333399;\">Den representerar b\u00e4sta m\u00f6jliga f\u00f6rh\u00e5llande mellan kvalitet\/skydd\/pris f\u00f6r denna typ av produkt och erbjuder 100 dB d\u00e4mpning vid 1 GHz \u00f6ver ett mycket brett frekvensband.<\/span><\/p>\n<p><span style=\"font-family: 'Book Antiqua', Palatino; font-size: 120%; color: #ed1c24;\">Eftersom den inte \u00e4r tv\u00e4ttbar rekommenderar vi att du t\u00e4cker den med en matta eller golvbel\u00e4ggning efter eget val f\u00f6r att bevara dess livsl\u00e4ngd.<\/span><\/p>\n<h3><span style=\"font-family: 'Book Antiqua', Palatino; font-size: 120%; color: #333399;\">2 versioner<\/span><\/h3>\n<ul>\n<li><span style=\"font-family: 'Book Antiqua', Palatino; font-size: 120%; color: #333399;\"><strong>F\u00f6r enkels\u00e4ng | 175 x 250 cm<\/strong><\/span><br \/>\n<span style=\"font-family: 'Book Antiqua', Palatino; font-size: 120%; color: #333399;\">Best\u00e5r av 2 remsor av HNV100 YShield-tyg, 90 cm breda och 250 cm l\u00e5nga, som ska \u00f6verlappas med 5 cm, f\u00f6r en total bredd p\u00e5 175 cm.<\/span><\/li>\n<li><span style=\"font-family: 'Book Antiqua', Palatino; font-size: 120%; color: #333399;\"><strong>F\u00f6r dubbels\u00e4ng | 250 x 250 cm<\/strong><\/span><br \/>\n<span style=\"font-family: 'Book Antiqua', Palatino; font-size: 120%; color: #333399;\">Best\u00e5r av 3 remsor av HNV100 YShield-tyg, 90 cm breda och 250 cm l\u00e5nga, som ska \u00f6verlappas med 5 cm, f\u00f6r en total bredd p\u00e5 260 cm.<\/span><\/li>\n<\/ul>\n<h3><span style=\"font-family: 'Book Antiqua', Palatino; font-size: 120%; color: #333399;\">Jordning<\/span><\/h3>\n<p><span style=\"font-family: 'Book Antiqua', Palatino; font-size: 120%; color: #333399;\">HNV100 \u00e4r ett mycket ledande tyg som kan jordas, vilket inneb\u00e4r att det \u00e4ven skyddar mot l\u00e5gfrekventa elektriska f\u00e4lt.<\/span><\/p>\n<p><span style=\"font-family: 'Book Antiqua', Palatino; font-size: 120%; color: #333399;\">F\u00f6r att g\u00f6ra detta anv\u00e4nder du :<\/span><\/p>\n<ul>\n<li><span style=\"font-family: 'Book Antiqua', Palatino; font-size: 120%; color: #333399;\">en magnetisk jordplatta GCM eller en skruvbar jordplatta GCS<\/span><\/li>\n<li><span style=\"font-family: 'Book Antiqua', Palatino; font-size: 120%; color: #333399;\">en GL-jordkabel (5 olika l\u00e4ngder: 20 cm, 1 meter, 2 meter, 5 meter och 10 meter, beroende p\u00e5 avst\u00e5ndet till ett jordat v\u00e4gguttag),<\/span><\/li>\n<li><span style=\"font-family: 'Book Antiqua', Palatino; font-size: 120%; color: #333399;\">en jordkontakt GP1 med permanent sk\u00e4rm f\u00f6r anslutning till ett v\u00e4gguttag eller ett jordspett GCR f\u00f6r anslutning utomhus, direkt i marken.<\/span><\/li>\n<\/ul>\n<p><span style=\"font-family: 'Book Antiqua', Palatino; font-size: 120%; color: #ed1c24;\"><strong>V\u00e4nligen notera! Jordningstillbeh\u00f6r ing\u00e5r inte i priset f\u00f6r mattan!<\/strong>\u00a0De b\u00f6r k\u00f6pas separat.<\/span><\/p>\n<h3><span style=\"font-family: 'Book Antiqua', Palatino; font-size: 120%; color: #333399;\">Tekniska specifikationer<\/span><\/h3>\n<ul>\n<li><span style=\"font-family: 'Book Antiqua', Palatino; font-size: 120%; color: #333399;\">D\u00e4mpning: 103 dB vid 1 GHz f\u00f6r ett lager<\/span><\/li>\n<li><span style=\"font-family: 'Book Antiqua', Palatino; font-size: 120%; color: #333399;\">Sk\u00e4rmd\u00e4mpningen valideras och verifieras regelbundet i YShields EMC-laboratorium, enligt f\u00f6ljande m\u00e4tkonfigurationer och standarder: ASTM D4935-10, IEEE Std 299-2006, IEEEE Std 1128-1998, ASTM A698 \/ A698M-07.<\/span><\/li>\n<li><span style=\"font-family: 'Book Antiqua', Palatino; font-size: 120%; color: #333399;\">Sammans\u00e4ttning: nylon, koppar, nickel<\/span><\/li>\n<li><span style=\"font-family: 'Book Antiqua', Palatino; font-size: 120%; color: #333399;\">Vikt: 70 g \/ m\u00b2<\/span><\/li>\n<li><span style=\"font-family: 'Book Antiqua', Palatino; font-size: 120%; color: #333399;\">F\u00e4rg: gr\u00e5\u00a0<\/span><\/li>\n<li><span style=\"font-family: 'Book Antiqua', Palatino; font-size: 120%; color: #333399;\">Tjocklek: 0,16 mm<\/span><\/li>\n<li><span style=\"font-family: 'Book Antiqua', Palatino; font-size: 120%; color: #333399;\">Dragh\u00e5llfasthet: mycket bra i b\u00e5da riktningarna, 50 N\/mm<\/span><\/li>\n<li><span style=\"font-family: 'Book Antiqua', Palatino; font-size: 120%; color: #333399;\">Tv\u00e4tta inte<\/span><\/li>\n<li><span style=\"font-family: 'Book Antiqua', Palatino; font-size: 120%; color: #333399;\">F\u00e5r inte anv\u00e4ndas utomhus<\/span><\/li>\n<li><span style=\"font-family: 'Book Antiqua', Palatino; font-size: 120%; color: #333399;\">Ytans ledningsf\u00f6rm\u00e5ga: 0,01 ohm (kvadratiskt motst\u00e5nd)<\/span><\/li>\n<\/ul>\n<p><span style=\"font-family: 'Book Antiqua', Palatino; font-size: 120%; color: #333399;\">Tillverkad i Kina\u00a0<\/span><\/p>\n<p><span style=\"font-family: 'Book Antiqua', Palatino; font-size: 120%; color: #ed1c24;\"><strong>Eftersom dukarna sk\u00e4rs till p\u00e5 best\u00e4llning kan de inte returneras eller bytas.<\/strong><\/span><\/p>\n<p><span style=\"font-family: 'Book Antiqua', Palatino; font-size: 120%; color: #ed1c24;\">Vi tar inget ansvar f\u00f6r skador p\u00e5 m\u00e4nniskor, djur eller f\u00f6rem\u00e5l som orsakas av felaktig anv\u00e4ndning av antiv\u00e5gsdukar och -tyger, i synnerhet jordning och elektrisk installation som inte \u00f6verensst\u00e4mmer med DIN 57100 \/ VDE 0100-standarderna. Vi rekommenderar att den elektriska installationen och jordningen av YShield\u00ae -tyger kontrolleras av en specialiserad elektriker.<\/span><\/p>\n<h3><span style=\"font-size: 120%; color: #333399; font-family: 'Book Antiqua', Palatino;\">V\u00e4nligen kontakta<\/span><\/h3>\n<\/div>\n<\/div>\n<\/div>\n<div class=\"block product-attachments-block sm-bottom\">\n<div class=\"block-content\">\n<section class=\"product-attachments\">\n<div class=\"row\">\n<div class=\"attachment col-12 col-lg-4\">\n<div class=\"box-bg my-2\">\n<ul>\n<li class=\"h5\"><span style=\"font-family: 'Book Antiqua', Palatino; font-size: 120%; color: #333399;\">HNV100 YShield-certifikat<br \/>\n<\/span><span style=\"font-family: 'Book Antiqua', Palatino; font-size: 120%; color: #333399;\">HNV100 YShield d\u00e4mpningscertifikat f\u00f6r tyg<\/span><\/li>\n<\/ul>\n<\/div>\n<\/div>\n<div class=\"attachment col-12 col-lg-4\">\n<div class=\"box-bg my-2\">\n<ul>\n<li class=\"h5\"><span style=\"font-family: 'Book Antiqua', Palatino; font-size: 120%; color: #333399;\">HNV100 YShield<br \/>\n<\/span><span style=\"font-family: 'Book Antiqua', Palatino; font-size: 120%; color: #333399;\">Datablad - Installation<\/span><\/li>\n<\/ul>\n<\/div>\n<\/div>\n<\/div>\n<\/section>\n<\/div>\n<\/div>","protected":false},"excerpt":{"rendered":"<p><span style=\"font-family: 'Book Antiqua', Palatino; font-size: 120%; color: #333399;\">Utm\u00e4rkt valuta f\u00f6r pengarna!\u00a0<\/span><\/p>\n<p><span style=\"font-family: 'Book Antiqua', Palatino; font-size: 120%; color: #333399;\">V\u00e5gskyddsv\u00e4ven HNV100 YShield \u00e4r en blandv\u00e4v som skyddar mot h\u00f6gfrekvent str\u00e5lning (mobiltelefoni),\u00a0<strong>5G<\/strong>(t.ex. DECT tr\u00e5dl\u00f6sa telefoner, WiFi, Wimax, Bluetooth, radar etc.) och l\u00e5ga frekvenser (elektriska f\u00e4lt kopplade till hush\u00e5llsinstallationer) n\u00e4r den \u00e4r jordad.\u00a0<\/span><\/p>\n<p><span style=\"font-family: 'Book Antiqua', Palatino; font-size: 120%; color: #333399;\">2 modeller tillg\u00e4ngliga: f\u00f6r enkels\u00e4ngar (tv\u00e5 remsor f\u00f6r m\u00e5tten 175 x 250 cm) och f\u00f6r dubbels\u00e4ngar (tre remsor f\u00f6r m\u00e5tten 260 x 250 cm).\u00a0<\/span><\/p>\n<p><span style=\"font-family: 'Book Antiqua', Palatino; font-size: 120%; color: #333399;\">D\u00e4mpning: 103 dB.<\/span><\/p>","protected":false},"featured_media":3778,"comment_status":"open","ping_status":"closed","template":"","meta":[],"product_brand":[268],"product_cat":[164],"product_tag":[248,246,247,249,245],"class_list":{"0":"post-1959","1":"product","2":"type-product","3":"status-publish","4":"has-post-thumbnail","6":"product_brand-yshield","7":"product_cat-baubiologie","8":"product_tag-baubiologie","9":"product_tag-bureau","10":"product_tag-chambre","11":"product_tag-electromagnetisme","12":"product_tag-maison","14":"first","15":"instock","16":"taxable","17":"shipping-taxable","18":"purchasable","19":"product-type-variable"},"yoast_head":"<!-- This site is optimized with the Yoast SEO Premium plugin v25.1 (Yoast SEO v27.4) - https:\/\/yoast.com\/product\/yoast-seo-premium-wordpress\/ -->\n<title>Toile de protection anti-ondes HNV100 YShield - Hautes et basses fr\u00e9quences - lit 1 ou 2 personnes | Agara<\/title>\n<meta name=\"description\" content=\"Un excellent rapport qualit\u00e9\/att\u00e9nuation\/prix !\u00a0La toile de protection anti-ondes HNV100 YShield est une toile mixte, qui permet de prot\u00e9ger \u00e0 la fois des rayonnements de hautes fr\u00e9quences (t\u00e9l\u00e9phonie mobile,\u00a05G, t\u00e9l\u00e9phones sans fil DECT, Wifi, Wimax, bluetooth, radars, etc) et de basses fr\u00e9quences (champs \u00e9lectriques li\u00e9s \u00e0 l&#039;installation domestique) lorsqu&#039;elle est reli\u00e9e \u00e0 la terre.\u00a02 mod\u00e8les disponibles : pour lit 1 personne (deux l\u00e9s pour dimensions 175 x 250 cm) et pour lit 2 personnes (trois l\u00e9s pour dimensions 260 x 250 cm).\u00a0Att\u00e9nuation : 103 dB.\" \/>\n<meta name=\"robots\" content=\"index, follow, max-snippet:-1, max-image-preview:large, max-video-preview:-1\" \/>\n<link rel=\"canonical\" href=\"https:\/\/369agara.com\/sv\/produkt\/toile-protection-hnv100-yshield-1-ou-2-pers\/\" \/>\n<meta property=\"og:locale\" content=\"sv_SE\" \/>\n<meta property=\"og:type\" content=\"article\" \/>\n<meta property=\"og:title\" content=\"Toile de protection anti-ondes HNV100 YShield - Hautes et basses fr\u00e9quences - lit 1 ou 2 personnes\" \/>\n<meta property=\"og:description\" content=\"Un excellent rapport qualit\u00e9\/att\u00e9nuation\/prix !\u00a0La toile de protection anti-ondes HNV100 YShield est une toile mixte, qui permet de prot\u00e9ger \u00e0 la fois des rayonnements de hautes fr\u00e9quences (t\u00e9l\u00e9phonie mobile,\u00a05G, t\u00e9l\u00e9phones sans fil DECT, Wifi, Wimax, bluetooth, radars, etc) et de basses fr\u00e9quences (champs \u00e9lectriques li\u00e9s \u00e0 l&#039;installation domestique) lorsqu&#039;elle est reli\u00e9e \u00e0 la terre.\u00a02 mod\u00e8les disponibles : pour lit 1 personne (deux l\u00e9s pour dimensions 175 x 250 cm) et pour lit 2 personnes (trois l\u00e9s pour dimensions 260 x 250 cm).\u00a0Att\u00e9nuation : 103 dB.\" \/>\n<meta property=\"og:url\" content=\"https:\/\/369agara.com\/sv\/produkt\/toile-protection-hnv100-yshield-1-ou-2-pers\/\" \/>\n<meta property=\"og:site_name\" content=\"Agara\" \/>\n<meta property=\"article:modified_time\" content=\"2025-05-15T19:52:35+00:00\" \/>\n<meta property=\"og:image\" content=\"https:\/\/369agara.com\/wp-content\/uploads\/2023\/09\/dessous-de-lit-tapis-anti-ondes-en-toile-hnv100-yshield-hautes-et-basses-frequences-5.jpg\" \/>\n\t<meta property=\"og:image:width\" content=\"800\" \/>\n\t<meta property=\"og:image:height\" content=\"800\" \/>\n\t<meta property=\"og:image:type\" content=\"image\/jpeg\" \/>\n<meta name=\"twitter:card\" content=\"summary_large_image\" \/>\n<meta name=\"twitter:label1\" content=\"Ber\u00e4knad l\u00e4stid\" \/>\n\t<meta name=\"twitter:data1\" content=\"4 minuter\" \/>\n<script type=\"application\/ld+json\" class=\"yoast-schema-graph\">{\"@context\":\"https:\\\/\\\/schema.org\",\"@graph\":[{\"@type\":\"WebPage\",\"@id\":\"https:\\\/\\\/369agara.com\\\/produit\\\/toile-protection-hnv100-yshield-1-ou-2-pers\\\/\",\"url\":\"https:\\\/\\\/369agara.com\\\/produit\\\/toile-protection-hnv100-yshield-1-ou-2-pers\\\/\",\"name\":\"Toile de protection anti-ondes HNV100 YShield - Hautes et basses fr\u00e9quences - lit 1 ou 2 personnes | Agara\",\"isPartOf\":{\"@id\":\"https:\\\/\\\/369agara.com\\\/#website\"},\"primaryImageOfPage\":{\"@id\":\"https:\\\/\\\/369agara.com\\\/produit\\\/toile-protection-hnv100-yshield-1-ou-2-pers\\\/#primaryimage\"},\"image\":{\"@id\":\"https:\\\/\\\/369agara.com\\\/produit\\\/toile-protection-hnv100-yshield-1-ou-2-pers\\\/#primaryimage\"},\"thumbnailUrl\":\"https:\\\/\\\/369agara.com\\\/wp-content\\\/uploads\\\/2023\\\/09\\\/dessous-de-lit-tapis-anti-ondes-en-toile-hnv100-yshield-hautes-et-basses-frequences-5.jpg\",\"datePublished\":\"2023-09-19T19:29:06+00:00\",\"dateModified\":\"2025-05-15T19:52:35+00:00\",\"description\":\"Un excellent rapport qualit\u00e9\\\/att\u00e9nuation\\\/prix !\u00a0La toile de protection anti-ondes HNV100 YShield est une toile mixte, qui permet de prot\u00e9ger \u00e0 la fois des rayonnements de hautes fr\u00e9quences (t\u00e9l\u00e9phonie mobile,\u00a05G, t\u00e9l\u00e9phones sans fil DECT, Wifi, Wimax, bluetooth, radars, etc) et de basses fr\u00e9quences (champs \u00e9lectriques li\u00e9s \u00e0 l'installation domestique) lorsqu'elle est reli\u00e9e \u00e0 la terre.\u00a02 mod\u00e8les disponibles : pour lit 1 personne (deux l\u00e9s pour dimensions 175 x 250 cm) et pour lit 2 personnes (trois l\u00e9s pour dimensions 260 x 250 cm).\u00a0Att\u00e9nuation : 103 dB.\",\"breadcrumb\":{\"@id\":\"https:\\\/\\\/369agara.com\\\/produit\\\/toile-protection-hnv100-yshield-1-ou-2-pers\\\/#breadcrumb\"},\"inLanguage\":\"sv-SE\",\"potentialAction\":[{\"@type\":\"ReadAction\",\"target\":[\"https:\\\/\\\/369agara.com\\\/produit\\\/toile-protection-hnv100-yshield-1-ou-2-pers\\\/\"]}]},{\"@type\":\"ImageObject\",\"inLanguage\":\"sv-SE\",\"@id\":\"https:\\\/\\\/369agara.com\\\/produit\\\/toile-protection-hnv100-yshield-1-ou-2-pers\\\/#primaryimage\",\"url\":\"https:\\\/\\\/369agara.com\\\/wp-content\\\/uploads\\\/2023\\\/09\\\/dessous-de-lit-tapis-anti-ondes-en-toile-hnv100-yshield-hautes-et-basses-frequences-5.jpg\",\"contentUrl\":\"https:\\\/\\\/369agara.com\\\/wp-content\\\/uploads\\\/2023\\\/09\\\/dessous-de-lit-tapis-anti-ondes-en-toile-hnv100-yshield-hautes-et-basses-frequences-5.jpg\",\"width\":800,\"height\":800},{\"@type\":\"BreadcrumbList\",\"@id\":\"https:\\\/\\\/369agara.com\\\/produit\\\/toile-protection-hnv100-yshield-1-ou-2-pers\\\/#breadcrumb\",\"itemListElement\":[{\"@type\":\"ListItem\",\"position\":1,\"name\":\"Accueil\",\"item\":\"https:\\\/\\\/369agara.com\\\/\"},{\"@type\":\"ListItem\",\"position\":2,\"name\":\"La boutique\",\"item\":\"https:\\\/\\\/369agara.com\\\/la-boutique\\\/\"},{\"@type\":\"ListItem\",\"position\":3,\"name\":\"Toile de protection anti-ondes HNV100 YShield &#8211; Hautes et basses fr\u00e9quences &#8211; lit 1 ou 2 personnes\"}]},{\"@type\":\"WebSite\",\"@id\":\"https:\\\/\\\/369agara.com\\\/#website\",\"url\":\"https:\\\/\\\/369agara.com\\\/\",\"name\":\"Livsrikedomar\",\"description\":\"D\u00e9connectez pour mieux vous connecter\",\"publisher\":{\"@id\":\"https:\\\/\\\/369agara.com\\\/#organization\"},\"potentialAction\":[{\"@type\":\"SearchAction\",\"target\":{\"@type\":\"EntryPoint\",\"urlTemplate\":\"https:\\\/\\\/369agara.com\\\/?s={search_term_string}\"},\"query-input\":{\"@type\":\"PropertyValueSpecification\",\"valueRequired\":true,\"valueName\":\"search_term_string\"}}],\"inLanguage\":\"sv-SE\"},{\"@type\":\"Organization\",\"@id\":\"https:\\\/\\\/369agara.com\\\/#organization\",\"name\":\"EACreations\",\"url\":\"https:\\\/\\\/369agara.com\\\/\",\"logo\":{\"@type\":\"ImageObject\",\"inLanguage\":\"sv-SE\",\"@id\":\"https:\\\/\\\/369agara.com\\\/#\\\/schema\\\/logo\\\/image\\\/\",\"url\":\"\",\"contentUrl\":\"\",\"caption\":\"EACreations\"},\"image\":{\"@id\":\"https:\\\/\\\/369agara.com\\\/#\\\/schema\\\/logo\\\/image\\\/\"}}]}<\/script>\n<!-- \/ Yoast SEO Premium plugin. -->","yoast_head_json":{"title":"Toile de protection anti-ondes HNV100 YShield - Hautes et basses fr\u00e9quences - lit 1 ou 2 personnes | Agara","description":"Un excellent rapport qualit\u00e9\/att\u00e9nuation\/prix !\u00a0La toile de protection anti-ondes HNV100 YShield est une toile mixte, qui permet de prot\u00e9ger \u00e0 la fois des rayonnements de hautes fr\u00e9quences (t\u00e9l\u00e9phonie mobile,\u00a05G, t\u00e9l\u00e9phones sans fil DECT, Wifi, Wimax, bluetooth, radars, etc) et de basses fr\u00e9quences (champs \u00e9lectriques li\u00e9s \u00e0 l'installation domestique) lorsqu'elle est reli\u00e9e \u00e0 la terre.\u00a02 mod\u00e8les disponibles : pour lit 1 personne (deux l\u00e9s pour dimensions 175 x 250 cm) et pour lit 2 personnes (trois l\u00e9s pour dimensions 260 x 250 cm).\u00a0Att\u00e9nuation : 103 dB.","robots":{"index":"index","follow":"follow","max-snippet":"max-snippet:-1","max-image-preview":"max-image-preview:large","max-video-preview":"max-video-preview:-1"},"canonical":"https:\/\/369agara.com\/sv\/produkt\/toile-protection-hnv100-yshield-1-ou-2-pers\/","og_locale":"sv_SE","og_type":"article","og_title":"Toile de protection anti-ondes HNV100 YShield - Hautes et basses fr\u00e9quences - lit 1 ou 2 personnes","og_description":"Un excellent rapport qualit\u00e9\/att\u00e9nuation\/prix !\u00a0La toile de protection anti-ondes HNV100 YShield est une toile mixte, qui permet de prot\u00e9ger \u00e0 la fois des rayonnements de hautes fr\u00e9quences (t\u00e9l\u00e9phonie mobile,\u00a05G, t\u00e9l\u00e9phones sans fil DECT, Wifi, Wimax, bluetooth, radars, etc) et de basses fr\u00e9quences (champs \u00e9lectriques li\u00e9s \u00e0 l'installation domestique) lorsqu'elle est reli\u00e9e \u00e0 la terre.\u00a02 mod\u00e8les disponibles : pour lit 1 personne (deux l\u00e9s pour dimensions 175 x 250 cm) et pour lit 2 personnes (trois l\u00e9s pour dimensions 260 x 250 cm).\u00a0Att\u00e9nuation : 103 dB.","og_url":"https:\/\/369agara.com\/sv\/produkt\/toile-protection-hnv100-yshield-1-ou-2-pers\/","og_site_name":"Agara","article_modified_time":"2025-05-15T19:52:35+00:00","og_image":[{"width":800,"height":800,"url":"https:\/\/369agara.com\/wp-content\/uploads\/2023\/09\/dessous-de-lit-tapis-anti-ondes-en-toile-hnv100-yshield-hautes-et-basses-frequences-5.jpg","type":"image\/jpeg"}],"twitter_card":"summary_large_image","twitter_misc":{"Ber\u00e4knad l\u00e4stid":"4 minuter"},"schema":{"@context":"https:\/\/schema.org","@graph":[{"@type":"WebPage","@id":"https:\/\/369agara.com\/produit\/toile-protection-hnv100-yshield-1-ou-2-pers\/","url":"https:\/\/369agara.com\/produit\/toile-protection-hnv100-yshield-1-ou-2-pers\/","name":"Toile de protection anti-ondes HNV100 YShield - Hautes et basses fr\u00e9quences - lit 1 ou 2 personnes | Agara","isPartOf":{"@id":"https:\/\/369agara.com\/#website"},"primaryImageOfPage":{"@id":"https:\/\/369agara.com\/produit\/toile-protection-hnv100-yshield-1-ou-2-pers\/#primaryimage"},"image":{"@id":"https:\/\/369agara.com\/produit\/toile-protection-hnv100-yshield-1-ou-2-pers\/#primaryimage"},"thumbnailUrl":"https:\/\/369agara.com\/wp-content\/uploads\/2023\/09\/dessous-de-lit-tapis-anti-ondes-en-toile-hnv100-yshield-hautes-et-basses-frequences-5.jpg","datePublished":"2023-09-19T19:29:06+00:00","dateModified":"2025-05-15T19:52:35+00:00","description":"Un excellent rapport qualit\u00e9\/att\u00e9nuation\/prix !\u00a0La toile de protection anti-ondes HNV100 YShield est une toile mixte, qui permet de prot\u00e9ger \u00e0 la fois des rayonnements de hautes fr\u00e9quences (t\u00e9l\u00e9phonie mobile,\u00a05G, t\u00e9l\u00e9phones sans fil DECT, Wifi, Wimax, bluetooth, radars, etc) et de basses fr\u00e9quences (champs \u00e9lectriques li\u00e9s \u00e0 l'installation domestique) lorsqu'elle est reli\u00e9e \u00e0 la terre.\u00a02 mod\u00e8les disponibles : pour lit 1 personne (deux l\u00e9s pour dimensions 175 x 250 cm) et pour lit 2 personnes (trois l\u00e9s pour dimensions 260 x 250 cm).\u00a0Att\u00e9nuation : 103 dB.","breadcrumb":{"@id":"https:\/\/369agara.com\/produit\/toile-protection-hnv100-yshield-1-ou-2-pers\/#breadcrumb"},"inLanguage":"sv-SE","potentialAction":[{"@type":"ReadAction","target":["https:\/\/369agara.com\/produit\/toile-protection-hnv100-yshield-1-ou-2-pers\/"]}]},{"@type":"ImageObject","inLanguage":"sv-SE","@id":"https:\/\/369agara.com\/produit\/toile-protection-hnv100-yshield-1-ou-2-pers\/#primaryimage","url":"https:\/\/369agara.com\/wp-content\/uploads\/2023\/09\/dessous-de-lit-tapis-anti-ondes-en-toile-hnv100-yshield-hautes-et-basses-frequences-5.jpg","contentUrl":"https:\/\/369agara.com\/wp-content\/uploads\/2023\/09\/dessous-de-lit-tapis-anti-ondes-en-toile-hnv100-yshield-hautes-et-basses-frequences-5.jpg","width":800,"height":800},{"@type":"BreadcrumbList","@id":"https:\/\/369agara.com\/produit\/toile-protection-hnv100-yshield-1-ou-2-pers\/#breadcrumb","itemListElement":[{"@type":"ListItem","position":1,"name":"Accueil","item":"https:\/\/369agara.com\/"},{"@type":"ListItem","position":2,"name":"La boutique","item":"https:\/\/369agara.com\/la-boutique\/"},{"@type":"ListItem","position":3,"name":"Toile de protection anti-ondes HNV100 YShield &#8211; Hautes et basses fr\u00e9quences &#8211; lit 1 ou 2 personnes"}]},{"@type":"WebSite","@id":"https:\/\/369agara.com\/#website","url":"https:\/\/369agara.com\/","name":"Livsrikedomar","description":"Koppla bort f\u00f6r att skapa b\u00e4ttre kontakt","publisher":{"@id":"https:\/\/369agara.com\/#organization"},"potentialAction":[{"@type":"SearchAction","target":{"@type":"EntryPoint","urlTemplate":"https:\/\/369agara.com\/?s={search_term_string}"},"query-input":{"@type":"PropertyValueSpecification","valueRequired":true,"valueName":"search_term_string"}}],"inLanguage":"sv-SE"},{"@type":"Organization","@id":"https:\/\/369agara.com\/#organization","name":"EACreations","url":"https:\/\/369agara.com\/","logo":{"@type":"ImageObject","inLanguage":"sv-SE","@id":"https:\/\/369agara.com\/#\/schema\/logo\/image\/","url":"","contentUrl":"","caption":"EACreations"},"image":{"@id":"https:\/\/369agara.com\/#\/schema\/logo\/image\/"}}]}},"jetpack_sharing_enabled":true,"_links":{"self":[{"href":"https:\/\/369agara.com\/sv\/wp-json\/wp\/v2\/product\/1959","targetHints":{"allow":["GET"]}}],"collection":[{"href":"https:\/\/369agara.com\/sv\/wp-json\/wp\/v2\/product"}],"about":[{"href":"https:\/\/369agara.com\/sv\/wp-json\/wp\/v2\/types\/product"}],"replies":[{"embeddable":true,"href":"https:\/\/369agara.com\/sv\/wp-json\/wp\/v2\/comments?post=1959"}],"wp:featuredmedia":[{"embeddable":true,"href":"https:\/\/369agara.com\/sv\/wp-json\/wp\/v2\/media\/3778"}],"wp:attachment":[{"href":"https:\/\/369agara.com\/sv\/wp-json\/wp\/v2\/media?parent=1959"}],"wp:term":[{"taxonomy":"product_brand","embeddable":true,"href":"https:\/\/369agara.com\/sv\/wp-json\/wp\/v2\/product_brand?post=1959"},{"taxonomy":"product_cat","embeddable":true,"href":"https:\/\/369agara.com\/sv\/wp-json\/wp\/v2\/product_cat?post=1959"},{"taxonomy":"product_tag","embeddable":true,"href":"https:\/\/369agara.com\/sv\/wp-json\/wp\/v2\/product_tag?post=1959"}],"curies":[{"name":"wp","href":"https:\/\/api.w.org\/{rel}","templated":true}]}}