{"id":2099,"date":"2023-09-23T22:45:19","date_gmt":"2023-09-23T20:45:19","guid":{"rendered":"https:\/\/369agara.com\/?post_type=product&#038;p=2099"},"modified":"2025-05-15T21:30:42","modified_gmt":"2025-05-15T19:30:42","slug":"interrupteur-auto-na7-comfort-16a","status":"publish","type":"product","link":"https:\/\/369agara.com\/sv\/produkt\/interrupteur-auto-na7-comfort-16a\/","title":{"rendered":"Gigahertz Solutions NA7 Comfort 16 Amp automatisk f\u00e4ltbrytare"},"content":{"rendered":"<p><span style=\"font-family: 'Book Antiqua', Palatino; font-size: 120%; color: #333399;\">Gigahertz Solutions NA7 Comfort 16 Amp automatisk f\u00e4ltbrytare (\u00e4ven k\u00e4nd som bioswitch eller n\u00e4tfr\u00e5nkopplingsrel\u00e4) installeras p\u00e5 elpanelen.<\/span><\/p>\n<p><span style=\"font-family: 'Book Antiqua', Palatino; font-size: 120%; color: #333399;\">Den kopplar automatiskt bort den krets som den \u00e4r avsedd f\u00f6r om det inte finns n\u00e5got str\u00f6mbehov. Den krets som p\u00e5 detta s\u00e4tt separeras fr\u00e5n str\u00f6mf\u00f6rs\u00f6rjningsn\u00e4tet \u00e4r inte l\u00e4ngre str\u00f6mf\u00f6rande och skapar inte l\u00e4ngre elektriska f\u00e4lt.<\/span><\/p>\n<p><span style=\"font-family: 'Book Antiqua', Palatino; font-size: 120%; color: #333399;\">P\u00e5 samma s\u00e4tt \u00e5terst\u00e4ller f\u00e4ltbrytaren omedelbart fl\u00f6det s\u00e5 snart en anv\u00e4ndare beg\u00e4r str\u00f6m.<\/span><\/p>\n<p><span style=\"font-family: 'Book Antiqua', Palatino; font-size: 120%; color: #333399;\">Det inneb\u00e4r att du enkelt och effektivt kan skydda sovplatser, barnrum eller n\u00e5gon annan del av ditt hem.<\/span><\/p>\n<p><span style=\"font-family: 'Book Antiqua', Palatino; font-size: 120%; color: #333399;\">Ljusbrytare (max. 1,5 W) och nattlampor fungerar ocks\u00e5 i \"avbrutet\" l\u00e4ge.<\/span><\/p>\n<p><span style=\"font-family: 'Book Antiqua', Palatino; font-size: 120%; color: #333399;\">Indikatorlampa f\u00f6r l\u00e4get \"Avbruten\".<\/span><\/p>\n<p><span style=\"font-family: 'Book Antiqua', Palatino; font-size: 120%; color: #333399;\">Enkel och s\u00e4ker montering.<\/span><\/p>\n<p><span style=\"font-family: 'Book Antiqua', Palatino; font-size: 120%; color: #333399;\"><strong>Kompatibel med l\u00e5genergilampor (kompaktlysr\u00f6r) och LED-lampor.<\/strong><\/span><\/p>\n<h3><span style=\"font-family: 'Book Antiqua', Palatino; font-size: 120%; color: #333399;\">Tekniska specifikationer<\/span><\/h3>\n<ul>\n<li><span style=\"font-family: 'Book Antiqua', Palatino; font-size: 120%; color: #333399;\">Driftsp\u00e4nning: 230 V<\/span><\/li>\n<li><span style=\"font-family: 'Book Antiqua', Palatino; font-size: 120%; color: #333399;\">Str\u00f6mstyrka: 16 A<\/span><\/li>\n<li><span style=\"font-family: 'Book Antiqua', Palatino; font-size: 120%; color: #333399;\">Str\u00f6mf\u00f6rbrukning: &lt; 0,9 - 1,4 W<\/span><\/li>\n<li><span style=\"font-family: 'Book Antiqua', Palatino; font-size: 120%; color: #333399;\">M\u00e5tt: 2 enheter p\u00e5 panelen (34 mm), h\u00f6jd 55 mm<\/span><\/li>\n<li><span style=\"font-family: 'Book Antiqua', Palatino; font-size: 120%; color: #333399;\">\u00d6vervakningssp\u00e4nning: 230 VDC max. 8 mA<\/span><\/li>\n<li><span style=\"font-family: 'Book Antiqua', Palatino; font-size: 120%; color: #333399;\">K\u00e4nslighet: 0-3 mA<\/span><\/li>\n<li><span style=\"font-family: 'Book Antiqua', Palatino; font-size: 120%; color: #333399;\">Avst\u00e4ngningsf\u00f6rdr\u00f6jning: 3 s Anslutningsf\u00f6rdr\u00f6jning: 0,1 s<br \/>\nIndikeringslampor: Gr\u00f6n = krets skyddad \/ R\u00f6d = krets under belastning<\/span><\/li>\n<\/ul>\n<p><span style=\"font-family: 'Book Antiqua', Palatino; font-size: 120%; color: #333399;\">Levereras med en kontrollampa som kopplas in i respektive rum och slocknar n\u00e4r t.ex. lampan sl\u00e4cks eller s\u00e4nglampan st\u00e4ngs av, eller forts\u00e4tter att lysa om en str\u00f6mf\u00f6rbrukare gl\u00f6ms bort.<\/span><\/p>\n<p><span style=\"font-family: 'Book Antiqua', Palatino; font-size: 120%; color: #333399;\">Levereras med ett 1 \u00b5F Gigahertz Solutions-filter, som monteras direkt p\u00e5 den automatiska f\u00e4ltbrytaren (vid elpanelen). Filtret reducerar sp\u00e4nningstopparna i den allm\u00e4nna elf\u00f6rs\u00f6rjningen som f\u00f6rorenar hemmets eln\u00e4t (\"dirty power\"), samtidigt som det \u00f6kar str\u00f6mstabiliteten och tillf\u00f6rlitligheten hos den automatiska f\u00e4ltbrytaren, s\u00e4rskilt vid anv\u00e4ndning av LED-lampor.<\/span><\/p>\n<p><span style=\"font-family: 'Book Antiqua', Palatino; font-size: 120%; color: #333399;\">Garanti: 2 \u00e5r<\/span><\/p>\n<p><span style=\"font-family: 'Book Antiqua', Palatino; font-size: 120%; color: #333399;\">Tillverkad i Tyskland av Gigahertz Solutions<\/span><\/p>\n<h3><span style=\"font-family: 'Book Antiqua', Palatino; font-size: 120%; color: #333399;\">Agara r\u00e5d<\/span><\/h3>\n<p><span style=\"font-family: 'Book Antiqua', Palatino; font-size: 120%; color: #ed1c24;\">Anlita en beh\u00f6rig elektriker f\u00f6r att installera och drifts\u00e4tta f\u00e4ltstr\u00f6mbrytaren.<\/span><\/p>\n<p><span style=\"font-family: 'Book Antiqua', Palatino; font-size: 120%; color: #333399;\">F\u00f6r att ta reda p\u00e5 vilken eller vilka kretsar som ska installeras rekommenderar vi att du f\u00f6rst m\u00e4ter din kropps inducerade sp\u00e4nning genom att st\u00e5 i det rum som du vill skydda (t.ex. i sovrummet, liggande p\u00e5 s\u00e4ngen). Sl\u00e5 av (eller om du kan f\u00e5 hj\u00e4lp, sl\u00e5 av kretsarna en efter en i elcentralen) och identifiera de kretsar som p\u00e5verkar din inducerade sp\u00e4nning. Det \u00e4r p\u00e5 den eller de kretsar som kommer att minska den s\u00e5 mycket som m\u00f6jligt som du b\u00f6r installera en automatisk f\u00e4ltbrytare.<\/span><\/p>\n<p><span style=\"font-family: 'Book Antiqua', Palatino; font-size: 120%; color: #ed1c24;\">Automatiska f\u00e4ltbrytare f\u00e5r endast anv\u00e4ndas av kvalificerad personal. Vi tar inget ansvar f\u00f6r sak- eller personskador som uppst\u00e5r p\u00e5 grund av felaktig anv\u00e4ndning av automatiska f\u00e4ltbrytare.\u00a0<\/span><br \/>\n<span style=\"font-family: 'Book Antiqua', Palatino; font-size: 120%; color: #333399;\">Det \u00e4r upp till fackmannen att utf\u00f6ra installationen i enlighet med de standarder som g\u00e4ller i respektive land och i enlighet med god praxis.<\/span><\/p>\n<p><span style=\"font-family: 'Book Antiqua', Palatino; font-size: 120%; color: #333399;\"><a style=\"color: #333399;\" href=\"https:\/\/369agara.com\/a-quoi-sert-un-interrupteur-automatique-de-champ\/\">Vad \u00e4r syftet med en automatisk f\u00e4ltbrytare (och hur vet man vilken\/vilka kretsar som ska brytas)?<\/a><\/span><\/p>\n<p><span style=\"font-family: 'Book Antiqua', Palatino; font-size: 120%; color: #333399;\"><a style=\"color: #333399;\" href=\"https:\/\/369agara.com\/choisir-son-interrupteur-automatique-de-champ\/\">Hur v\u00e4ljer jag min automatiska f\u00e4ltbrytare?<\/a><\/span><\/p>","protected":false},"excerpt":{"rendered":"<p><span style=\"font-family: 'Book Antiqua', Palatino; font-size: 120%; color: #333399;\">Den enpoliga automatiska f\u00e4ltbrytaren NA7 Comfort Gigahertz Solutions \u00e4r l\u00e4mplig f\u00f6r 16 A-kretsar.\u00a0<\/span><\/p>\n<p><span style=\"font-family: 'Book Antiqua', Palatino; font-size: 120%; color: #333399;\">Kompatibel med l\u00e5genergilampor (kompaktlysr\u00f6r) och LED-lampor.\u00a0<\/span><\/p>\n<p><span style=\"font-family: 'Book Antiqua', Palatino; font-size: 120%; color: #333399;\">Levereras med en pilotlampa och ett 1 \u00b5F-filter.\u00a0<\/span><\/p>\n<p><span style=\"font-family: 'Book Antiqua', Palatino; font-size: 120%; color: #333399;\">VDE-certifierad.<\/span><\/p>","protected":false},"featured_media":2100,"comment_status":"open","ping_status":"closed","template":"","meta":[],"product_brand":[269],"product_cat":[164],"product_tag":[248,246,247,251,275,245],"class_list":{"0":"post-2099","1":"product","2":"type-product","3":"status-publish","4":"has-post-thumbnail","6":"product_brand-gigahertz-solutions","7":"product_cat-baubiologie","8":"product_tag-baubiologie","9":"product_tag-bureau","10":"product_tag-chambre","11":"product_tag-electricite","12":"product_tag-interrupteur-automatique-de-champs","13":"product_tag-maison","15":"first","16":"instock","17":"taxable","18":"shipping-taxable","19":"purchasable","20":"product-type-simple"},"yoast_head":"<!-- This site is optimized with the Yoast SEO Premium plugin v25.1 (Yoast SEO v27.4) - https:\/\/yoast.com\/product\/yoast-seo-premium-wordpress\/ -->\n<title>Interrupteur automatique de champ Gigahertz Solutions NA7 Comfort 16 Amp\u00e8res | Agara<\/title>\n<meta name=\"description\" content=\"L&#039;interrupteur automatique de champ unipolaire NA7 Comfort Gigahertz Solutions convient pour les circuits 16 A.\u00a0Compatible avec les ampoules basse consommation (fluo-compactes) et les LED.\u00a0Livr\u00e9 avec une veilleuse de contr\u00f4le et un filtre 1 \u00b5F.\u00a0Certifi\u00e9 VDE.\" \/>\n<meta name=\"robots\" content=\"index, follow, max-snippet:-1, max-image-preview:large, max-video-preview:-1\" \/>\n<link rel=\"canonical\" href=\"https:\/\/369agara.com\/sv\/produkt\/interrupteur-auto-na7-comfort-16a\/\" \/>\n<meta property=\"og:locale\" content=\"sv_SE\" \/>\n<meta property=\"og:type\" content=\"article\" \/>\n<meta property=\"og:title\" content=\"Interrupteur automatique de champ Gigahertz Solutions NA7 Comfort 16 Amp\u00e8res\" \/>\n<meta property=\"og:description\" content=\"L&#039;interrupteur automatique de champ unipolaire NA7 Comfort Gigahertz Solutions convient pour les circuits 16 A.\u00a0Compatible avec les ampoules basse consommation (fluo-compactes) et les LED.\u00a0Livr\u00e9 avec une veilleuse de contr\u00f4le et un filtre 1 \u00b5F.\u00a0Certifi\u00e9 VDE.\" \/>\n<meta property=\"og:url\" content=\"https:\/\/369agara.com\/sv\/produkt\/interrupteur-auto-na7-comfort-16a\/\" \/>\n<meta property=\"og:site_name\" content=\"Agara\" \/>\n<meta property=\"article:modified_time\" content=\"2025-05-15T19:30:42+00:00\" \/>\n<meta property=\"og:image\" content=\"https:\/\/369agara.com\/wp-content\/uploads\/2023\/09\/interrupteur-automatique-de-champ-gigahertz-solutions-na7-comfort-16-amperes.jpg\" \/>\n\t<meta property=\"og:image:width\" content=\"800\" \/>\n\t<meta property=\"og:image:height\" content=\"800\" \/>\n\t<meta property=\"og:image:type\" content=\"image\/jpeg\" \/>\n<meta name=\"twitter:card\" content=\"summary_large_image\" \/>\n<meta name=\"twitter:label1\" content=\"Ber\u00e4knad l\u00e4stid\" \/>\n\t<meta name=\"twitter:data1\" content=\"3 minuter\" \/>\n<script type=\"application\/ld+json\" class=\"yoast-schema-graph\">{\"@context\":\"https:\\\/\\\/schema.org\",\"@graph\":[{\"@type\":\"WebPage\",\"@id\":\"https:\\\/\\\/369agara.com\\\/produit\\\/interrupteur-auto-na7-comfort-16a\\\/\",\"url\":\"https:\\\/\\\/369agara.com\\\/produit\\\/interrupteur-auto-na7-comfort-16a\\\/\",\"name\":\"Interrupteur automatique de champ Gigahertz Solutions NA7 Comfort 16 Amp\u00e8res | Agara\",\"isPartOf\":{\"@id\":\"https:\\\/\\\/369agara.com\\\/#website\"},\"primaryImageOfPage\":{\"@id\":\"https:\\\/\\\/369agara.com\\\/produit\\\/interrupteur-auto-na7-comfort-16a\\\/#primaryimage\"},\"image\":{\"@id\":\"https:\\\/\\\/369agara.com\\\/produit\\\/interrupteur-auto-na7-comfort-16a\\\/#primaryimage\"},\"thumbnailUrl\":\"https:\\\/\\\/369agara.com\\\/wp-content\\\/uploads\\\/2023\\\/09\\\/interrupteur-automatique-de-champ-gigahertz-solutions-na7-comfort-16-amperes.jpg\",\"datePublished\":\"2023-09-23T20:45:19+00:00\",\"dateModified\":\"2025-05-15T19:30:42+00:00\",\"description\":\"L'interrupteur automatique de champ unipolaire NA7 Comfort Gigahertz Solutions convient pour les circuits 16 A.\u00a0Compatible avec les ampoules basse consommation (fluo-compactes) et les LED.\u00a0Livr\u00e9 avec une veilleuse de contr\u00f4le et un filtre 1 \u00b5F.\u00a0Certifi\u00e9 VDE.\",\"breadcrumb\":{\"@id\":\"https:\\\/\\\/369agara.com\\\/produit\\\/interrupteur-auto-na7-comfort-16a\\\/#breadcrumb\"},\"inLanguage\":\"sv-SE\",\"potentialAction\":[{\"@type\":\"ReadAction\",\"target\":[\"https:\\\/\\\/369agara.com\\\/produit\\\/interrupteur-auto-na7-comfort-16a\\\/\"]}]},{\"@type\":\"ImageObject\",\"inLanguage\":\"sv-SE\",\"@id\":\"https:\\\/\\\/369agara.com\\\/produit\\\/interrupteur-auto-na7-comfort-16a\\\/#primaryimage\",\"url\":\"https:\\\/\\\/369agara.com\\\/wp-content\\\/uploads\\\/2023\\\/09\\\/interrupteur-automatique-de-champ-gigahertz-solutions-na7-comfort-16-amperes.jpg\",\"contentUrl\":\"https:\\\/\\\/369agara.com\\\/wp-content\\\/uploads\\\/2023\\\/09\\\/interrupteur-automatique-de-champ-gigahertz-solutions-na7-comfort-16-amperes.jpg\",\"width\":800,\"height\":800},{\"@type\":\"BreadcrumbList\",\"@id\":\"https:\\\/\\\/369agara.com\\\/produit\\\/interrupteur-auto-na7-comfort-16a\\\/#breadcrumb\",\"itemListElement\":[{\"@type\":\"ListItem\",\"position\":1,\"name\":\"Accueil\",\"item\":\"https:\\\/\\\/369agara.com\\\/\"},{\"@type\":\"ListItem\",\"position\":2,\"name\":\"La boutique\",\"item\":\"https:\\\/\\\/369agara.com\\\/la-boutique\\\/\"},{\"@type\":\"ListItem\",\"position\":3,\"name\":\"Interrupteur automatique de champ Gigahertz Solutions NA7 Comfort 16 Amp\u00e8res\"}]},{\"@type\":\"WebSite\",\"@id\":\"https:\\\/\\\/369agara.com\\\/#website\",\"url\":\"https:\\\/\\\/369agara.com\\\/\",\"name\":\"Livsrikedomar\",\"description\":\"D\u00e9connectez pour mieux vous connecter\",\"publisher\":{\"@id\":\"https:\\\/\\\/369agara.com\\\/#organization\"},\"potentialAction\":[{\"@type\":\"SearchAction\",\"target\":{\"@type\":\"EntryPoint\",\"urlTemplate\":\"https:\\\/\\\/369agara.com\\\/?s={search_term_string}\"},\"query-input\":{\"@type\":\"PropertyValueSpecification\",\"valueRequired\":true,\"valueName\":\"search_term_string\"}}],\"inLanguage\":\"sv-SE\"},{\"@type\":\"Organization\",\"@id\":\"https:\\\/\\\/369agara.com\\\/#organization\",\"name\":\"EACreations\",\"url\":\"https:\\\/\\\/369agara.com\\\/\",\"logo\":{\"@type\":\"ImageObject\",\"inLanguage\":\"sv-SE\",\"@id\":\"https:\\\/\\\/369agara.com\\\/#\\\/schema\\\/logo\\\/image\\\/\",\"url\":\"\",\"contentUrl\":\"\",\"caption\":\"EACreations\"},\"image\":{\"@id\":\"https:\\\/\\\/369agara.com\\\/#\\\/schema\\\/logo\\\/image\\\/\"}}]}<\/script>\n<!-- \/ Yoast SEO Premium plugin. -->","yoast_head_json":{"title":"Interrupteur automatique de champ Gigahertz Solutions NA7 Comfort 16 Amp\u00e8res | Agara","description":"Den enpoliga automatiska f\u00e4ltbrytaren NA7 Comfort Gigahertz Solutions \u00e4r l\u00e4mplig f\u00f6r 16 A-kretsar. Kompatibel med l\u00e5genergilampor (kompaktlysr\u00f6r) och LED-lampor. Levereras med en kontrollampa och ett filter p\u00e5 1 \u00b5F. VDE-certifierad.","robots":{"index":"index","follow":"follow","max-snippet":"max-snippet:-1","max-image-preview":"max-image-preview:large","max-video-preview":"max-video-preview:-1"},"canonical":"https:\/\/369agara.com\/sv\/produkt\/interrupteur-auto-na7-comfort-16a\/","og_locale":"sv_SE","og_type":"article","og_title":"Interrupteur automatique de champ Gigahertz Solutions NA7 Comfort 16 Amp\u00e8res","og_description":"L'interrupteur automatique de champ unipolaire NA7 Comfort Gigahertz Solutions convient pour les circuits 16 A.\u00a0Compatible avec les ampoules basse consommation (fluo-compactes) et les LED.\u00a0Livr\u00e9 avec une veilleuse de contr\u00f4le et un filtre 1 \u00b5F.\u00a0Certifi\u00e9 VDE.","og_url":"https:\/\/369agara.com\/sv\/produkt\/interrupteur-auto-na7-comfort-16a\/","og_site_name":"Agara","article_modified_time":"2025-05-15T19:30:42+00:00","og_image":[{"width":800,"height":800,"url":"https:\/\/369agara.com\/wp-content\/uploads\/2023\/09\/interrupteur-automatique-de-champ-gigahertz-solutions-na7-comfort-16-amperes.jpg","type":"image\/jpeg"}],"twitter_card":"summary_large_image","twitter_misc":{"Ber\u00e4knad l\u00e4stid":"3 minuter"},"schema":{"@context":"https:\/\/schema.org","@graph":[{"@type":"WebPage","@id":"https:\/\/369agara.com\/produit\/interrupteur-auto-na7-comfort-16a\/","url":"https:\/\/369agara.com\/produit\/interrupteur-auto-na7-comfort-16a\/","name":"Interrupteur automatique de champ Gigahertz Solutions NA7 Comfort 16 Amp\u00e8res | Agara","isPartOf":{"@id":"https:\/\/369agara.com\/#website"},"primaryImageOfPage":{"@id":"https:\/\/369agara.com\/produit\/interrupteur-auto-na7-comfort-16a\/#primaryimage"},"image":{"@id":"https:\/\/369agara.com\/produit\/interrupteur-auto-na7-comfort-16a\/#primaryimage"},"thumbnailUrl":"https:\/\/369agara.com\/wp-content\/uploads\/2023\/09\/interrupteur-automatique-de-champ-gigahertz-solutions-na7-comfort-16-amperes.jpg","datePublished":"2023-09-23T20:45:19+00:00","dateModified":"2025-05-15T19:30:42+00:00","description":"Den enpoliga automatiska f\u00e4ltbrytaren NA7 Comfort Gigahertz Solutions \u00e4r l\u00e4mplig f\u00f6r 16 A-kretsar. Kompatibel med l\u00e5genergilampor (kompaktlysr\u00f6r) och LED-lampor. Levereras med en kontrollampa och ett filter p\u00e5 1 \u00b5F. VDE-certifierad.","breadcrumb":{"@id":"https:\/\/369agara.com\/produit\/interrupteur-auto-na7-comfort-16a\/#breadcrumb"},"inLanguage":"sv-SE","potentialAction":[{"@type":"ReadAction","target":["https:\/\/369agara.com\/produit\/interrupteur-auto-na7-comfort-16a\/"]}]},{"@type":"ImageObject","inLanguage":"sv-SE","@id":"https:\/\/369agara.com\/produit\/interrupteur-auto-na7-comfort-16a\/#primaryimage","url":"https:\/\/369agara.com\/wp-content\/uploads\/2023\/09\/interrupteur-automatique-de-champ-gigahertz-solutions-na7-comfort-16-amperes.jpg","contentUrl":"https:\/\/369agara.com\/wp-content\/uploads\/2023\/09\/interrupteur-automatique-de-champ-gigahertz-solutions-na7-comfort-16-amperes.jpg","width":800,"height":800},{"@type":"BreadcrumbList","@id":"https:\/\/369agara.com\/produit\/interrupteur-auto-na7-comfort-16a\/#breadcrumb","itemListElement":[{"@type":"ListItem","position":1,"name":"Accueil","item":"https:\/\/369agara.com\/"},{"@type":"ListItem","position":2,"name":"La boutique","item":"https:\/\/369agara.com\/la-boutique\/"},{"@type":"ListItem","position":3,"name":"Interrupteur automatique de champ Gigahertz Solutions NA7 Comfort 16 Amp\u00e8res"}]},{"@type":"WebSite","@id":"https:\/\/369agara.com\/#website","url":"https:\/\/369agara.com\/","name":"Livsrikedomar","description":"Koppla bort f\u00f6r att skapa b\u00e4ttre kontakt","publisher":{"@id":"https:\/\/369agara.com\/#organization"},"potentialAction":[{"@type":"SearchAction","target":{"@type":"EntryPoint","urlTemplate":"https:\/\/369agara.com\/?s={search_term_string}"},"query-input":{"@type":"PropertyValueSpecification","valueRequired":true,"valueName":"search_term_string"}}],"inLanguage":"sv-SE"},{"@type":"Organization","@id":"https:\/\/369agara.com\/#organization","name":"EACreations","url":"https:\/\/369agara.com\/","logo":{"@type":"ImageObject","inLanguage":"sv-SE","@id":"https:\/\/369agara.com\/#\/schema\/logo\/image\/","url":"","contentUrl":"","caption":"EACreations"},"image":{"@id":"https:\/\/369agara.com\/#\/schema\/logo\/image\/"}}]}},"jetpack_sharing_enabled":true,"_links":{"self":[{"href":"https:\/\/369agara.com\/sv\/wp-json\/wp\/v2\/product\/2099","targetHints":{"allow":["GET"]}}],"collection":[{"href":"https:\/\/369agara.com\/sv\/wp-json\/wp\/v2\/product"}],"about":[{"href":"https:\/\/369agara.com\/sv\/wp-json\/wp\/v2\/types\/product"}],"replies":[{"embeddable":true,"href":"https:\/\/369agara.com\/sv\/wp-json\/wp\/v2\/comments?post=2099"}],"wp:featuredmedia":[{"embeddable":true,"href":"https:\/\/369agara.com\/sv\/wp-json\/wp\/v2\/media\/2100"}],"wp:attachment":[{"href":"https:\/\/369agara.com\/sv\/wp-json\/wp\/v2\/media?parent=2099"}],"wp:term":[{"taxonomy":"product_brand","embeddable":true,"href":"https:\/\/369agara.com\/sv\/wp-json\/wp\/v2\/product_brand?post=2099"},{"taxonomy":"product_cat","embeddable":true,"href":"https:\/\/369agara.com\/sv\/wp-json\/wp\/v2\/product_cat?post=2099"},{"taxonomy":"product_tag","embeddable":true,"href":"https:\/\/369agara.com\/sv\/wp-json\/wp\/v2\/product_tag?post=2099"}],"curies":[{"name":"wp","href":"https:\/\/api.w.org\/{rel}","templated":true}]}}