{"id":2115,"date":"2023-09-24T16:01:36","date_gmt":"2023-09-24T14:01:36","guid":{"rendered":"https:\/\/369agara.com\/?post_type=product&#038;p=2115"},"modified":"2025-05-15T21:48:58","modified_gmt":"2025-05-15T19:48:58","slug":"filtre-47%c2%b5f-x25","status":"publish","type":"product","link":"https:\/\/369agara.com\/sv\/produkt\/filtre-47%c2%b5f-x25\/","title":{"rendered":"Filter 4,7 \u00b5F x 25 Gigahertz L\u00f6sningar f\u00f6r automatiska f\u00e4ltbrytare"},"content":{"rendered":"<p><span style=\"font-family: 'Book Antiqua', Palatino; font-size: 120%; color: #333399;\">Filtret 4,7 \u00b5F x 25 Gigahertz Solutions monteras direkt p\u00e5 den automatiska f\u00e4ltbrytaren (p\u00e5 elcentralen).<\/span><\/p>\n<p><span style=\"font-family: 'Book Antiqua', Palatino; font-size: 120%; color: #333399;\">Den har st\u00f6rre effekt \u00e4n\u00a0<strong>4 filter 1 \u00b5F<\/strong>\u00a0x 21 anv\u00e4nds tillsammans.<\/span><\/p>\n<p><span style=\"font-family: 'Book Antiqua', Palatino; font-size: 120%; color: #333399;\">Den reducerar sp\u00e4nningstopparna i den allm\u00e4nna elf\u00f6rs\u00f6rjningen som f\u00f6rorenar hemmets eln\u00e4t (\"dirty power\"), vilket \u00f6kar str\u00f6mstabiliteten och tillf\u00f6rlitligheten hos den automatiska f\u00e4ltbrytaren.<\/span><\/p>\n<p><span style=\"font-family: 'Book Antiqua', Palatino; font-size: 120%; color: #333399;\">Detta f\u00f6rb\u00e4ttrar den totala kvaliteten p\u00e5 den krets som den automatiska f\u00e4ltbrytaren \u00e4r ansluten till.<\/span><\/p>\n<p><span style=\"font-family: 'Book Antiqua', Palatino; font-size: 120%; color: #333399;\">Den f\u00f6rb\u00e4ttrar ocks\u00e5 IAC-utl\u00f6sningens tillf\u00f6rlitlighet n\u00e4r LED-lampor anv\u00e4nds (f\u00f6r modeller som \u00e4r kompatibla med denna typ av lampor, t.ex. NA7 Comfort och NA8 Comfort).<\/span><\/p>\n<p><span style=\"font-family: 'Book Antiqua', Palatino; font-size: 120%; color: #333399;\">Kompatibel med alla fabrikat av automatiska f\u00e4ltbrytare.<\/span><\/p>\n<p><span style=\"font-family: 'Book Antiqua', Palatino; font-size: 120%; color: #333399;\">VDE-certifierad.<\/span><\/p>\n<p><span style=\"font-family: 'Book Antiqua', Palatino; font-size: 120%; color: #333399;\">Levereras med monteringsanvisning.<\/span><\/p>","protected":false},"excerpt":{"rendered":"<p><span style=\"font-family: 'Book Antiqua', Palatino; font-size: 120%; color: #333399;\">VDE-certifierat kapacitansfilter p\u00e5 4,7 \u00b5F, som monteras direkt p\u00e5 den automatiska f\u00e4ltbrytaren.\u00a0<\/span><br \/>\n<span style=\"font-family: 'Book Antiqua', Palatino; font-size: 120%; color: #333399;\">Motsvarar anv\u00e4ndning av 4 st 1 \u00b5F-filter.\u00a0<\/span><\/p>\n<p><span style=\"font-family: 'Book Antiqua', Palatino; font-size: 120%; color: #333399;\">Minskar sp\u00e4nningstoppar i den elektriska kretsen och f\u00f6rb\u00e4ttrar den totala kvaliteten p\u00e5 den ber\u00f6rda kretsen.<\/span><\/p>","protected":false},"featured_media":2116,"comment_status":"open","ping_status":"closed","template":"","meta":[],"product_brand":[269],"product_cat":[164],"product_tag":[248,246,247,251,245],"class_list":{"0":"post-2115","1":"product","2":"type-product","3":"status-publish","4":"has-post-thumbnail","6":"product_brand-gigahertz-solutions","7":"product_cat-baubiologie","8":"product_tag-baubiologie","9":"product_tag-bureau","10":"product_tag-chambre","11":"product_tag-electricite","12":"product_tag-maison","14":"first","15":"instock","16":"taxable","17":"shipping-taxable","18":"purchasable","19":"product-type-simple"},"yoast_head":"<!-- This site is optimized with the Yoast SEO Premium plugin v25.1 (Yoast SEO v27.4) - https:\/\/yoast.com\/product\/yoast-seo-premium-wordpress\/ -->\n<title>Filtre 4.7 \u00b5F x 25 Gigahertz Solutions pour interrupteurs automatiques de champ | Agara<\/title>\n<meta name=\"description\" content=\"Filtre de capacit\u00e9 4.7 \u00b5F, certifi\u00e9 VDE, \u00e0 monter directement sur l&#039;interrupteur automatique de champ.\u00a0Correspond \u00e0 l&#039;utilisation de 4 filtres 1 \u00b5F.\u00a0R\u00e9duit les pics de tension du circuit \u00e9lectrique et am\u00e9liore la qualit\u00e9 globale du circuit concern\u00e9.\" \/>\n<meta name=\"robots\" content=\"index, follow, max-snippet:-1, max-image-preview:large, max-video-preview:-1\" \/>\n<link rel=\"canonical\" href=\"https:\/\/369agara.com\/sv\/produkt\/filtre-47\u00b5f-x25\/\" \/>\n<meta property=\"og:locale\" content=\"sv_SE\" \/>\n<meta property=\"og:type\" content=\"article\" \/>\n<meta property=\"og:title\" content=\"Filtre 4.7 \u00b5F x 25 Gigahertz Solutions pour interrupteurs automatiques de champ\" \/>\n<meta property=\"og:description\" content=\"Filtre de capacit\u00e9 4.7 \u00b5F, certifi\u00e9 VDE, \u00e0 monter directement sur l&#039;interrupteur automatique de champ.\u00a0Correspond \u00e0 l&#039;utilisation de 4 filtres 1 \u00b5F.\u00a0R\u00e9duit les pics de tension du circuit \u00e9lectrique et am\u00e9liore la qualit\u00e9 globale du circuit concern\u00e9.\" \/>\n<meta property=\"og:url\" content=\"https:\/\/369agara.com\/sv\/produkt\/filtre-47\u00b5f-x25\/\" \/>\n<meta property=\"og:site_name\" content=\"Agara\" \/>\n<meta property=\"article:modified_time\" content=\"2025-05-15T19:48:58+00:00\" \/>\n<meta property=\"og:image\" content=\"https:\/\/369agara.com\/wp-content\/uploads\/2023\/09\/filtre-4-7-c2b5f-x-25-gigahertz-solutions-interrupteurs-automatiques-de-champ.jpg\" \/>\n\t<meta property=\"og:image:width\" content=\"800\" \/>\n\t<meta property=\"og:image:height\" content=\"800\" \/>\n\t<meta property=\"og:image:type\" content=\"image\/jpeg\" \/>\n<meta name=\"twitter:card\" content=\"summary_large_image\" \/>\n<meta name=\"twitter:label1\" content=\"Ber\u00e4knad l\u00e4stid\" \/>\n\t<meta name=\"twitter:data1\" content=\"1 minut\" \/>\n<script type=\"application\/ld+json\" class=\"yoast-schema-graph\">{\"@context\":\"https:\\\/\\\/schema.org\",\"@graph\":[{\"@type\":\"WebPage\",\"@id\":\"https:\\\/\\\/369agara.com\\\/produit\\\/filtre-47%c2%b5f-x25\\\/\",\"url\":\"https:\\\/\\\/369agara.com\\\/produit\\\/filtre-47%c2%b5f-x25\\\/\",\"name\":\"Filtre 4.7 \u00b5F x 25 Gigahertz Solutions pour interrupteurs automatiques de champ | Agara\",\"isPartOf\":{\"@id\":\"https:\\\/\\\/369agara.com\\\/#website\"},\"primaryImageOfPage\":{\"@id\":\"https:\\\/\\\/369agara.com\\\/produit\\\/filtre-47%c2%b5f-x25\\\/#primaryimage\"},\"image\":{\"@id\":\"https:\\\/\\\/369agara.com\\\/produit\\\/filtre-47%c2%b5f-x25\\\/#primaryimage\"},\"thumbnailUrl\":\"https:\\\/\\\/369agara.com\\\/wp-content\\\/uploads\\\/2023\\\/09\\\/filtre-4-7-c2b5f-x-25-gigahertz-solutions-interrupteurs-automatiques-de-champ.jpg\",\"datePublished\":\"2023-09-24T14:01:36+00:00\",\"dateModified\":\"2025-05-15T19:48:58+00:00\",\"description\":\"Filtre de capacit\u00e9 4.7 \u00b5F, certifi\u00e9 VDE, \u00e0 monter directement sur l'interrupteur automatique de champ.\u00a0Correspond \u00e0 l'utilisation de 4 filtres 1 \u00b5F.\u00a0R\u00e9duit les pics de tension du circuit \u00e9lectrique et am\u00e9liore la qualit\u00e9 globale du circuit concern\u00e9.\",\"breadcrumb\":{\"@id\":\"https:\\\/\\\/369agara.com\\\/produit\\\/filtre-47%c2%b5f-x25\\\/#breadcrumb\"},\"inLanguage\":\"sv-SE\",\"potentialAction\":[{\"@type\":\"ReadAction\",\"target\":[\"https:\\\/\\\/369agara.com\\\/produit\\\/filtre-47%c2%b5f-x25\\\/\"]}]},{\"@type\":\"ImageObject\",\"inLanguage\":\"sv-SE\",\"@id\":\"https:\\\/\\\/369agara.com\\\/produit\\\/filtre-47%c2%b5f-x25\\\/#primaryimage\",\"url\":\"https:\\\/\\\/369agara.com\\\/wp-content\\\/uploads\\\/2023\\\/09\\\/filtre-4-7-c2b5f-x-25-gigahertz-solutions-interrupteurs-automatiques-de-champ.jpg\",\"contentUrl\":\"https:\\\/\\\/369agara.com\\\/wp-content\\\/uploads\\\/2023\\\/09\\\/filtre-4-7-c2b5f-x-25-gigahertz-solutions-interrupteurs-automatiques-de-champ.jpg\",\"width\":800,\"height\":800},{\"@type\":\"BreadcrumbList\",\"@id\":\"https:\\\/\\\/369agara.com\\\/produit\\\/filtre-47%c2%b5f-x25\\\/#breadcrumb\",\"itemListElement\":[{\"@type\":\"ListItem\",\"position\":1,\"name\":\"Accueil\",\"item\":\"https:\\\/\\\/369agara.com\\\/\"},{\"@type\":\"ListItem\",\"position\":2,\"name\":\"La boutique\",\"item\":\"https:\\\/\\\/369agara.com\\\/la-boutique\\\/\"},{\"@type\":\"ListItem\",\"position\":3,\"name\":\"Filtre 4.7 \u00b5F x 25 Gigahertz Solutions pour interrupteurs automatiques de champ\"}]},{\"@type\":\"WebSite\",\"@id\":\"https:\\\/\\\/369agara.com\\\/#website\",\"url\":\"https:\\\/\\\/369agara.com\\\/\",\"name\":\"Livsrikedomar\",\"description\":\"D\u00e9connectez pour mieux vous connecter\",\"publisher\":{\"@id\":\"https:\\\/\\\/369agara.com\\\/#organization\"},\"potentialAction\":[{\"@type\":\"SearchAction\",\"target\":{\"@type\":\"EntryPoint\",\"urlTemplate\":\"https:\\\/\\\/369agara.com\\\/?s={search_term_string}\"},\"query-input\":{\"@type\":\"PropertyValueSpecification\",\"valueRequired\":true,\"valueName\":\"search_term_string\"}}],\"inLanguage\":\"sv-SE\"},{\"@type\":\"Organization\",\"@id\":\"https:\\\/\\\/369agara.com\\\/#organization\",\"name\":\"EACreations\",\"url\":\"https:\\\/\\\/369agara.com\\\/\",\"logo\":{\"@type\":\"ImageObject\",\"inLanguage\":\"sv-SE\",\"@id\":\"https:\\\/\\\/369agara.com\\\/#\\\/schema\\\/logo\\\/image\\\/\",\"url\":\"\",\"contentUrl\":\"\",\"caption\":\"EACreations\"},\"image\":{\"@id\":\"https:\\\/\\\/369agara.com\\\/#\\\/schema\\\/logo\\\/image\\\/\"}}]}<\/script>\n<!-- \/ Yoast SEO Premium plugin. -->","yoast_head_json":{"title":"Filtre 4.7 \u00b5F x 25 Gigahertz Solutions pour interrupteurs automatiques de champ | Agara","description":"Filtre de capacit\u00e9 4.7 \u00b5F, certifi\u00e9 VDE, \u00e0 monter directement sur l'interrupteur automatique de champ.\u00a0Correspond \u00e0 l'utilisation de 4 filtres 1 \u00b5F.\u00a0R\u00e9duit les pics de tension du circuit \u00e9lectrique et am\u00e9liore la qualit\u00e9 globale du circuit concern\u00e9.","robots":{"index":"index","follow":"follow","max-snippet":"max-snippet:-1","max-image-preview":"max-image-preview:large","max-video-preview":"max-video-preview:-1"},"canonical":"https:\/\/369agara.com\/sv\/produkt\/filtre-47\u00b5f-x25\/","og_locale":"sv_SE","og_type":"article","og_title":"Filtre 4.7 \u00b5F x 25 Gigahertz Solutions pour interrupteurs automatiques de champ","og_description":"Filtre de capacit\u00e9 4.7 \u00b5F, certifi\u00e9 VDE, \u00e0 monter directement sur l'interrupteur automatique de champ.\u00a0Correspond \u00e0 l'utilisation de 4 filtres 1 \u00b5F.\u00a0R\u00e9duit les pics de tension du circuit \u00e9lectrique et am\u00e9liore la qualit\u00e9 globale du circuit concern\u00e9.","og_url":"https:\/\/369agara.com\/sv\/produkt\/filtre-47\u00b5f-x25\/","og_site_name":"Agara","article_modified_time":"2025-05-15T19:48:58+00:00","og_image":[{"width":800,"height":800,"url":"https:\/\/369agara.com\/wp-content\/uploads\/2023\/09\/filtre-4-7-c2b5f-x-25-gigahertz-solutions-interrupteurs-automatiques-de-champ.jpg","type":"image\/jpeg"}],"twitter_card":"summary_large_image","twitter_misc":{"Ber\u00e4knad l\u00e4stid":"1 minut"},"schema":{"@context":"https:\/\/schema.org","@graph":[{"@type":"WebPage","@id":"https:\/\/369agara.com\/produit\/filtre-47%c2%b5f-x25\/","url":"https:\/\/369agara.com\/produit\/filtre-47%c2%b5f-x25\/","name":"Filtre 4.7 \u00b5F x 25 Gigahertz Solutions pour interrupteurs automatiques de champ | Agara","isPartOf":{"@id":"https:\/\/369agara.com\/#website"},"primaryImageOfPage":{"@id":"https:\/\/369agara.com\/produit\/filtre-47%c2%b5f-x25\/#primaryimage"},"image":{"@id":"https:\/\/369agara.com\/produit\/filtre-47%c2%b5f-x25\/#primaryimage"},"thumbnailUrl":"https:\/\/369agara.com\/wp-content\/uploads\/2023\/09\/filtre-4-7-c2b5f-x-25-gigahertz-solutions-interrupteurs-automatiques-de-champ.jpg","datePublished":"2023-09-24T14:01:36+00:00","dateModified":"2025-05-15T19:48:58+00:00","description":"Filtre de capacit\u00e9 4.7 \u00b5F, certifi\u00e9 VDE, \u00e0 monter directement sur l'interrupteur automatique de champ.\u00a0Correspond \u00e0 l'utilisation de 4 filtres 1 \u00b5F.\u00a0R\u00e9duit les pics de tension du circuit \u00e9lectrique et am\u00e9liore la qualit\u00e9 globale du circuit concern\u00e9.","breadcrumb":{"@id":"https:\/\/369agara.com\/produit\/filtre-47%c2%b5f-x25\/#breadcrumb"},"inLanguage":"sv-SE","potentialAction":[{"@type":"ReadAction","target":["https:\/\/369agara.com\/produit\/filtre-47%c2%b5f-x25\/"]}]},{"@type":"ImageObject","inLanguage":"sv-SE","@id":"https:\/\/369agara.com\/produit\/filtre-47%c2%b5f-x25\/#primaryimage","url":"https:\/\/369agara.com\/wp-content\/uploads\/2023\/09\/filtre-4-7-c2b5f-x-25-gigahertz-solutions-interrupteurs-automatiques-de-champ.jpg","contentUrl":"https:\/\/369agara.com\/wp-content\/uploads\/2023\/09\/filtre-4-7-c2b5f-x-25-gigahertz-solutions-interrupteurs-automatiques-de-champ.jpg","width":800,"height":800},{"@type":"BreadcrumbList","@id":"https:\/\/369agara.com\/produit\/filtre-47%c2%b5f-x25\/#breadcrumb","itemListElement":[{"@type":"ListItem","position":1,"name":"Accueil","item":"https:\/\/369agara.com\/"},{"@type":"ListItem","position":2,"name":"La boutique","item":"https:\/\/369agara.com\/la-boutique\/"},{"@type":"ListItem","position":3,"name":"Filtre 4.7 \u00b5F x 25 Gigahertz Solutions pour interrupteurs automatiques de champ"}]},{"@type":"WebSite","@id":"https:\/\/369agara.com\/#website","url":"https:\/\/369agara.com\/","name":"Livsrikedomar","description":"Koppla bort f\u00f6r att skapa b\u00e4ttre kontakt","publisher":{"@id":"https:\/\/369agara.com\/#organization"},"potentialAction":[{"@type":"SearchAction","target":{"@type":"EntryPoint","urlTemplate":"https:\/\/369agara.com\/?s={search_term_string}"},"query-input":{"@type":"PropertyValueSpecification","valueRequired":true,"valueName":"search_term_string"}}],"inLanguage":"sv-SE"},{"@type":"Organization","@id":"https:\/\/369agara.com\/#organization","name":"EACreations","url":"https:\/\/369agara.com\/","logo":{"@type":"ImageObject","inLanguage":"sv-SE","@id":"https:\/\/369agara.com\/#\/schema\/logo\/image\/","url":"","contentUrl":"","caption":"EACreations"},"image":{"@id":"https:\/\/369agara.com\/#\/schema\/logo\/image\/"}}]}},"jetpack_sharing_enabled":true,"_links":{"self":[{"href":"https:\/\/369agara.com\/sv\/wp-json\/wp\/v2\/product\/2115","targetHints":{"allow":["GET"]}}],"collection":[{"href":"https:\/\/369agara.com\/sv\/wp-json\/wp\/v2\/product"}],"about":[{"href":"https:\/\/369agara.com\/sv\/wp-json\/wp\/v2\/types\/product"}],"replies":[{"embeddable":true,"href":"https:\/\/369agara.com\/sv\/wp-json\/wp\/v2\/comments?post=2115"}],"wp:featuredmedia":[{"embeddable":true,"href":"https:\/\/369agara.com\/sv\/wp-json\/wp\/v2\/media\/2116"}],"wp:attachment":[{"href":"https:\/\/369agara.com\/sv\/wp-json\/wp\/v2\/media?parent=2115"}],"wp:term":[{"taxonomy":"product_brand","embeddable":true,"href":"https:\/\/369agara.com\/sv\/wp-json\/wp\/v2\/product_brand?post=2115"},{"taxonomy":"product_cat","embeddable":true,"href":"https:\/\/369agara.com\/sv\/wp-json\/wp\/v2\/product_cat?post=2115"},{"taxonomy":"product_tag","embeddable":true,"href":"https:\/\/369agara.com\/sv\/wp-json\/wp\/v2\/product_tag?post=2115"}],"curies":[{"name":"wp","href":"https:\/\/api.w.org\/{rel}","templated":true}]}}