{"id":2123,"date":"2023-09-25T16:55:53","date_gmt":"2023-09-25T14:55:53","guid":{"rendered":"https:\/\/369agara.com\/?post_type=product&#038;p=2123"},"modified":"2025-05-11T20:24:36","modified_gmt":"2025-05-11T18:24:36","slug":"lampe-bureau-blindee-architecte","status":"publish","type":"product","link":"https:\/\/369agara.com\/sv\/produkt\/lampe-bureau-blindee-architecte\/","title":{"rendered":"Danell Biologa \"Architect\" bordslampa med armatur matt aluminium | matt svart"},"content":{"rendered":"<p><span style=\"font-family: 'Book Antiqua', Palatino; font-size: 120%; color: #333399;\">Den sk\u00e4rmade skrivbordslampan \"Architect\" fr\u00e5n Biologa Danell ger skydd mot elektriska och magnetiska f\u00e4lt.<\/span><\/p>\n<p><span style=\"font-family: 'Book Antiqua', Palatino; font-size: 120%; color: #333399;\">Den kombinerar ocks\u00e5 elegant design med anv\u00e4ndarv\u00e4nlighet (l\u00e5ng roterande arm, tydlig avl\u00e4sning).<\/span><\/p>\n<p><span style=\"font-family: 'Book Antiqua', Palatino; font-size: 120%; color: #333399;\">Alla Danell Biologas sk\u00e4rmlampor \u00e4r tillverkade av h\u00e4lsosamma, milj\u00f6v\u00e4nliga material och \u00e4r framf\u00f6r allt fria fr\u00e5n elektriska f\u00f6roreningar.<\/span><\/p>\n<ul>\n<li><span style=\"font-family: 'Book Antiqua', Palatino; font-size: 120%; color: #333399;\">Den kabel som anv\u00e4nds \u00e4r sk\u00e4rmad: de 3 ledarna (fas + neutral + jord) omges av en metallfolie som \u00e4r jordad f\u00f6r att eliminera det elektriska f\u00e4ltet.<\/span><\/li>\n<li><span style=\"font-family: 'Book Antiqua', Palatino; font-size: 120%; color: #333399;\">De 3 tr\u00e5darna \u00e4r tvinnade 15 g\u00e5nger per meter f\u00f6r att d\u00e4mpa magnetf\u00e4ltet.<\/span><\/li>\n<li><span style=\"font-family: 'Book Antiqua', Palatino; font-size: 120%; color: #333399;\">Den 3-poliga kontakten \u00e4r sk\u00e4rmad. Det faktum att den \u00e4r jordad inneb\u00e4r ocks\u00e5 att du inte kan ansluta den \u00e5t fel h\u00e5ll.<\/span><\/li>\n<li><span style=\"font-family: 'Book Antiqua', Palatino; font-size: 120%; color: #333399;\">Brytaren \u00e4r bipol\u00e4r (bryter fas och neutral samtidigt).<\/span><\/li>\n<li><span style=\"font-family: 'Book Antiqua', Palatino; font-size: 120%; color: #333399;\">En avsk\u00e4rmningsspiral skruvas fast p\u00e5 varje gl\u00f6dlampa f\u00f6r att eliminera eventuella kvarvarande elektriska f\u00e4lt som avges av gl\u00f6dlampan.<\/span><\/li>\n<\/ul>\n<p><span style=\"font-family: 'Book Antiqua', Palatino; font-size: 120%; color: #333399;\">Elektriska f\u00e4lt p\u00e5verkar v\u00e5rt nervsystem, hormonsystem och immunf\u00f6rsvar. De p\u00e5verkar s\u00f6mnkvaliteten och f\u00f6rm\u00e5gan att \u00e5terh\u00e4mta sig. De skapar stress, nervositet och koncentrationssv\u00e5righeter. De rubbar ocks\u00e5 syra-basbalansen genom att f\u00f6rsura v\u00e5ra kroppar. Du kan eliminera dessa skadliga effekter genom att v\u00e4lja en sk\u00e4rmad lampa!<\/span><\/p>\n<p><span style=\"font-family: 'Book Antiqua', Palatino; font-size: 120%; color: #ed1c24;\"><strong>Varning f\u00f6r elektriska f\u00e4lt! F\u00f6r att eliminera elektriska f\u00e4lt m\u00e5ste denna sk\u00e4rmade lampa anslutas till ett jordat v\u00e4gguttag eller grenuttag!\u00a0<\/strong><\/span><\/p>\n<h3><span style=\"font-family: 'Book Antiqua', Palatino; font-size: 120%; color: #333399;\">J\u00e4mf\u00f6rande avsk\u00e4rmningseffekt (g\u00e4ller f\u00f6r alla Biologa Danells avsk\u00e4rmade armaturer)<\/span><\/h3>\n<p><span style=\"font-family: 'Book Antiqua', Palatino; font-size: 120%; color: #333399;\">En osk\u00e4rmad armatur (skyddsklass 2) med osk\u00e4rmad matningskabel ger ett elektriskt v\u00e4xelf\u00e4lt p\u00e5 100,0 till 160,0 V\/m (riktv\u00e4rde rekommenderat av Habitat Biology: 10 V\/m).<\/span><\/p>\n<p><span style=\"font-family: 'Book Antiqua', Palatino; font-size: 120%; color: #333399;\">En avsk\u00e4rmad armatur (skyddsklass 1) med l\u00e4mplig konstruktion genererar endast ett elektriskt v\u00e4xelf\u00e4lt p\u00e5 mellan 0,4 och 0,6 V\/m.<\/span><br \/>\n<span style=\"font-family: 'Book Antiqua', Palatino; font-size: 120%; color: #333399;\">Testet utf\u00f6rs i enlighet med specifikationerna, frekvensbanden och m\u00e4tavst\u00e5nden i de erk\u00e4nda sk\u00e4rmstandarderna (f\u00f6r sk\u00e4rmar och monitorer med l\u00e5g str\u00e5lning): TCO'99, volym I (MPR II) och DIN EN 50279 (m\u00e4tavst\u00e5nd 30 cm).<\/span><\/p>\n<h3><span style=\"font-family: 'Book Antiqua', Palatino; font-size: 120%; color: #333399;\">Tekniska specifikationer<\/span><\/h3>\n<ul>\n<li><span style=\"font-family: 'Book Antiqua', Palatino; font-size: 120%; color: #333399;\">Matt aluminium<\/span><\/li>\n<li><span style=\"font-family: 'Book Antiqua', Palatino; font-size: 120%; color: #333399;\">Arml\u00e4ngd: ca 1 meter<\/span><\/li>\n<li><span style=\"font-family: 'Book Antiqua', Palatino; font-size: 120%; color: #333399;\">Reflektorns diameter: ca 19 cm<\/span><\/li>\n<li><span style=\"font-family: 'Book Antiqua', Palatino; font-size: 120%; color: #333399;\">Reflektorn har samma f\u00e4rg som lampan p\u00e5 utsidan och \u00e4r mattvit p\u00e5 insidan f\u00f6r \u00f6kad tydlighet.<\/span><\/li>\n<li><span style=\"font-family: 'Book Antiqua', Palatino; font-size: 120%; color: #333399;\">Svart sk\u00e4rmad kabel, ca 2 meter<\/span><\/li>\n<li><span style=\"font-family: 'Book Antiqua', Palatino; font-size: 120%; color: #333399;\">F\u00e4stkl\u00e4mma (max. 70 mm tjock) medf\u00f6ljer<\/span><\/li>\n<li><span style=\"font-family: 'Book Antiqua', Palatino; font-size: 120%; color: #333399;\">Levereras med en keramisk E27-sockel och 2 x 48 W 740 lm halogenkapslar (energieffektivitetsklass C)<\/span><\/li>\n<\/ul>\n<p><span style=\"font-family: 'Book Antiqua', Palatino; font-size: 120%; color: #333399;\">Garanti: 3 \u00e5r<\/span><\/p>\n<p><span style=\"font-family: 'Book Antiqua', Palatino; font-size: 120%; color: #333399;\">Valfri bas i matchande f\u00e4rg (diameter 26 cm, vikt 6,5 kg)<\/span><\/p>\n<p><span style=\"font-family: 'Book Antiqua', Palatino; font-size: 120%; color: #333399;\">Tillverkad i Tyskland av Biologa Danell.\u00a0<\/span><\/p>","protected":false},"excerpt":{"rendered":"<p><span style=\"font-family: 'Book Antiqua', Palatino; font-size: 120%; color: #333399;\">Den sk\u00e4rmade skrivbordslampan \"Architect\" fr\u00e5n Biologa Danell ger skydd mot v\u00e5gor (elektriska och magnetiska f\u00e4lt).\u00a0<\/span><\/p>\n<p><span style=\"font-family: 'Book Antiqua', Palatino; font-size: 120%; color: #333399;\">Dess f\u00f6rdelar: sk\u00e4rmad kabel, jordanslutning, bipol\u00e4r omkopplare, sk\u00e4rmningsspole etc.\u00a0<\/span><\/p>\n<p><span style=\"font-family: 'Book Antiqua', Palatino; font-size: 120%; color: #333399;\">Levereras med en f\u00e4stkl\u00e4mma i samma f\u00e4rg som lampan. Fot som tillval.<\/span><\/p>","protected":false},"featured_media":2130,"comment_status":"open","ping_status":"closed","template":"","meta":[],"product_brand":[],"product_cat":[164],"product_tag":[248,246,247,249,258,245],"class_list":{"0":"post-2123","1":"product","2":"type-product","3":"status-publish","4":"has-post-thumbnail","6":"product_cat-baubiologie","7":"product_tag-baubiologie","8":"product_tag-bureau","9":"product_tag-chambre","10":"product_tag-electromagnetisme","11":"product_tag-lampe","12":"product_tag-maison","14":"first","15":"instock","16":"taxable","17":"shipping-taxable","18":"purchasable","19":"product-type-variable"},"yoast_head":"<!-- This site is optimized with the Yoast SEO Premium plugin v25.1 (Yoast SEO v27.4) - https:\/\/yoast.com\/product\/yoast-seo-premium-wordpress\/ -->\n<title>Lampe de bureau blind\u00e9e Biologa Danell &quot;Architecte&quot; alu mat | noir mat | Agara<\/title>\n<meta name=\"description\" content=\"Biologa Danell &#039;Architecte&#039; sk\u00e4rmad skrivbordslampa skyddar mot v\u00e5gor (elektriska och magnetiska f\u00e4lt). Dess f\u00f6rdelar: sk\u00e4rmad kabel, jordanslutning, bipol\u00e4r brytare, sk\u00e4rmsv\u00e4ng, etc. Levereras med f\u00e4stkl\u00e4mma i lampans f\u00e4rg. Valfri fot.\" \/>\n<meta name=\"robots\" content=\"index, follow, max-snippet:-1, max-image-preview:large, max-video-preview:-1\" \/>\n<link rel=\"canonical\" href=\"https:\/\/369agara.com\/sv\/produkt\/lampe-bureau-blindee-architecte\/\" \/>\n<meta property=\"og:locale\" content=\"sv_SE\" \/>\n<meta property=\"og:type\" content=\"article\" \/>\n<meta property=\"og:title\" content=\"Lampe de bureau blind\u00e9e Biologa Danell &quot;Architecte&quot; alu mat | noir mat\" \/>\n<meta property=\"og:description\" content=\"Biologa Danell &#039;Architecte&#039; sk\u00e4rmad skrivbordslampa skyddar mot v\u00e5gor (elektriska och magnetiska f\u00e4lt). Dess f\u00f6rdelar: sk\u00e4rmad kabel, jordanslutning, bipol\u00e4r brytare, sk\u00e4rmsv\u00e4ng, etc. Levereras med f\u00e4stkl\u00e4mma i lampans f\u00e4rg. Valfri fot.\" \/>\n<meta property=\"og:url\" content=\"https:\/\/369agara.com\/sv\/produkt\/lampe-bureau-blindee-architecte\/\" \/>\n<meta property=\"og:site_name\" content=\"Agara\" \/>\n<meta property=\"article:modified_time\" content=\"2025-05-11T18:24:36+00:00\" \/>\n<meta property=\"og:image\" content=\"https:\/\/369agara.com\/wp-content\/uploads\/2023\/09\/lampe-de-bureau-blindee-danell-architecte-alu-mat.jpg\" \/>\n\t<meta property=\"og:image:width\" content=\"800\" \/>\n\t<meta property=\"og:image:height\" content=\"800\" \/>\n\t<meta property=\"og:image:type\" content=\"image\/jpeg\" \/>\n<meta name=\"twitter:card\" content=\"summary_large_image\" \/>\n<meta name=\"twitter:label1\" content=\"Ber\u00e4knad l\u00e4stid\" \/>\n\t<meta name=\"twitter:data1\" content=\"3 minuter\" \/>\n<script type=\"application\/ld+json\" class=\"yoast-schema-graph\">{\"@context\":\"https:\\\/\\\/schema.org\",\"@graph\":[{\"@type\":\"WebPage\",\"@id\":\"https:\\\/\\\/369agara.com\\\/produit\\\/lampe-bureau-blindee-architecte\\\/\",\"url\":\"https:\\\/\\\/369agara.com\\\/produit\\\/lampe-bureau-blindee-architecte\\\/\",\"name\":\"Lampe de bureau blind\u00e9e Biologa Danell \\\"Architecte\\\" alu mat | noir mat | Agara\",\"isPartOf\":{\"@id\":\"https:\\\/\\\/369agara.com\\\/#website\"},\"primaryImageOfPage\":{\"@id\":\"https:\\\/\\\/369agara.com\\\/produit\\\/lampe-bureau-blindee-architecte\\\/#primaryimage\"},\"image\":{\"@id\":\"https:\\\/\\\/369agara.com\\\/produit\\\/lampe-bureau-blindee-architecte\\\/#primaryimage\"},\"thumbnailUrl\":\"https:\\\/\\\/369agara.com\\\/wp-content\\\/uploads\\\/2023\\\/09\\\/lampe-de-bureau-blindee-danell-architecte-alu-mat.jpg\",\"datePublished\":\"2023-09-25T14:55:53+00:00\",\"dateModified\":\"2025-05-11T18:24:36+00:00\",\"description\":\"Biologa Danell 'Architecte' sk\u00e4rmad skrivbordslampa skyddar mot v\u00e5gor (elektriska och magnetiska f\u00e4lt). Dess f\u00f6rdelar: sk\u00e4rmad kabel, jordanslutning, bipol\u00e4r brytare, sk\u00e4rmsv\u00e4ng, etc. Levereras med f\u00e4stkl\u00e4mma i lampans f\u00e4rg. Valfri fot.\",\"breadcrumb\":{\"@id\":\"https:\\\/\\\/369agara.com\\\/produit\\\/lampe-bureau-blindee-architecte\\\/#breadcrumb\"},\"inLanguage\":\"sv-SE\",\"potentialAction\":[{\"@type\":\"ReadAction\",\"target\":[\"https:\\\/\\\/369agara.com\\\/produit\\\/lampe-bureau-blindee-architecte\\\/\"]}]},{\"@type\":\"ImageObject\",\"inLanguage\":\"sv-SE\",\"@id\":\"https:\\\/\\\/369agara.com\\\/produit\\\/lampe-bureau-blindee-architecte\\\/#primaryimage\",\"url\":\"https:\\\/\\\/369agara.com\\\/wp-content\\\/uploads\\\/2023\\\/09\\\/lampe-de-bureau-blindee-danell-architecte-alu-mat.jpg\",\"contentUrl\":\"https:\\\/\\\/369agara.com\\\/wp-content\\\/uploads\\\/2023\\\/09\\\/lampe-de-bureau-blindee-danell-architecte-alu-mat.jpg\",\"width\":800,\"height\":800},{\"@type\":\"BreadcrumbList\",\"@id\":\"https:\\\/\\\/369agara.com\\\/produit\\\/lampe-bureau-blindee-architecte\\\/#breadcrumb\",\"itemListElement\":[{\"@type\":\"ListItem\",\"position\":1,\"name\":\"Accueil\",\"item\":\"https:\\\/\\\/369agara.com\\\/\"},{\"@type\":\"ListItem\",\"position\":2,\"name\":\"La boutique\",\"item\":\"https:\\\/\\\/369agara.com\\\/la-boutique\\\/\"},{\"@type\":\"ListItem\",\"position\":3,\"name\":\"Lampe de bureau blind\u00e9e Biologa Danell \u00ab\u00a0Architecte\u00a0\u00bb alu mat | noir mat\"}]},{\"@type\":\"WebSite\",\"@id\":\"https:\\\/\\\/369agara.com\\\/#website\",\"url\":\"https:\\\/\\\/369agara.com\\\/\",\"name\":\"Livsrikedomar\",\"description\":\"D\u00e9connectez pour mieux vous connecter\",\"publisher\":{\"@id\":\"https:\\\/\\\/369agara.com\\\/#organization\"},\"potentialAction\":[{\"@type\":\"SearchAction\",\"target\":{\"@type\":\"EntryPoint\",\"urlTemplate\":\"https:\\\/\\\/369agara.com\\\/?s={search_term_string}\"},\"query-input\":{\"@type\":\"PropertyValueSpecification\",\"valueRequired\":true,\"valueName\":\"search_term_string\"}}],\"inLanguage\":\"sv-SE\"},{\"@type\":\"Organization\",\"@id\":\"https:\\\/\\\/369agara.com\\\/#organization\",\"name\":\"EACreations\",\"url\":\"https:\\\/\\\/369agara.com\\\/\",\"logo\":{\"@type\":\"ImageObject\",\"inLanguage\":\"sv-SE\",\"@id\":\"https:\\\/\\\/369agara.com\\\/#\\\/schema\\\/logo\\\/image\\\/\",\"url\":\"\",\"contentUrl\":\"\",\"caption\":\"EACreations\"},\"image\":{\"@id\":\"https:\\\/\\\/369agara.com\\\/#\\\/schema\\\/logo\\\/image\\\/\"}}]}<\/script>\n<!-- \/ Yoast SEO Premium plugin. -->","yoast_head_json":{"title":"Lampe de bureau blind\u00e9e Biologa Danell \"Architecte\" alu mat | noir mat | Agara","description":"Biologa Danell 'Architecte' sk\u00e4rmad skrivbordslampa skyddar mot v\u00e5gor (elektriska och magnetiska f\u00e4lt). Dess f\u00f6rdelar: sk\u00e4rmad kabel, jordanslutning, bipol\u00e4r brytare, sk\u00e4rmsv\u00e4ng, etc. Levereras med f\u00e4stkl\u00e4mma i lampans f\u00e4rg. Valfri fot.","robots":{"index":"index","follow":"follow","max-snippet":"max-snippet:-1","max-image-preview":"max-image-preview:large","max-video-preview":"max-video-preview:-1"},"canonical":"https:\/\/369agara.com\/sv\/produkt\/lampe-bureau-blindee-architecte\/","og_locale":"sv_SE","og_type":"article","og_title":"Lampe de bureau blind\u00e9e Biologa Danell \"Architecte\" alu mat | noir mat","og_description":"Biologa Danell 'Architecte' sk\u00e4rmad skrivbordslampa skyddar mot v\u00e5gor (elektriska och magnetiska f\u00e4lt). Dess f\u00f6rdelar: sk\u00e4rmad kabel, jordanslutning, bipol\u00e4r brytare, sk\u00e4rmsv\u00e4ng, etc. Levereras med f\u00e4stkl\u00e4mma i lampans f\u00e4rg. Valfri fot.","og_url":"https:\/\/369agara.com\/sv\/produkt\/lampe-bureau-blindee-architecte\/","og_site_name":"Agara","article_modified_time":"2025-05-11T18:24:36+00:00","og_image":[{"width":800,"height":800,"url":"https:\/\/369agara.com\/wp-content\/uploads\/2023\/09\/lampe-de-bureau-blindee-danell-architecte-alu-mat.jpg","type":"image\/jpeg"}],"twitter_card":"summary_large_image","twitter_misc":{"Ber\u00e4knad l\u00e4stid":"3 minuter"},"schema":{"@context":"https:\/\/schema.org","@graph":[{"@type":"WebPage","@id":"https:\/\/369agara.com\/produit\/lampe-bureau-blindee-architecte\/","url":"https:\/\/369agara.com\/produit\/lampe-bureau-blindee-architecte\/","name":"Lampe de bureau blind\u00e9e Biologa Danell \"Architecte\" alu mat | noir mat | Agara","isPartOf":{"@id":"https:\/\/369agara.com\/#website"},"primaryImageOfPage":{"@id":"https:\/\/369agara.com\/produit\/lampe-bureau-blindee-architecte\/#primaryimage"},"image":{"@id":"https:\/\/369agara.com\/produit\/lampe-bureau-blindee-architecte\/#primaryimage"},"thumbnailUrl":"https:\/\/369agara.com\/wp-content\/uploads\/2023\/09\/lampe-de-bureau-blindee-danell-architecte-alu-mat.jpg","datePublished":"2023-09-25T14:55:53+00:00","dateModified":"2025-05-11T18:24:36+00:00","description":"Biologa Danell 'Architecte' sk\u00e4rmad skrivbordslampa skyddar mot v\u00e5gor (elektriska och magnetiska f\u00e4lt). Dess f\u00f6rdelar: sk\u00e4rmad kabel, jordanslutning, bipol\u00e4r brytare, sk\u00e4rmsv\u00e4ng, etc. Levereras med f\u00e4stkl\u00e4mma i lampans f\u00e4rg. Valfri fot.","breadcrumb":{"@id":"https:\/\/369agara.com\/produit\/lampe-bureau-blindee-architecte\/#breadcrumb"},"inLanguage":"sv-SE","potentialAction":[{"@type":"ReadAction","target":["https:\/\/369agara.com\/produit\/lampe-bureau-blindee-architecte\/"]}]},{"@type":"ImageObject","inLanguage":"sv-SE","@id":"https:\/\/369agara.com\/produit\/lampe-bureau-blindee-architecte\/#primaryimage","url":"https:\/\/369agara.com\/wp-content\/uploads\/2023\/09\/lampe-de-bureau-blindee-danell-architecte-alu-mat.jpg","contentUrl":"https:\/\/369agara.com\/wp-content\/uploads\/2023\/09\/lampe-de-bureau-blindee-danell-architecte-alu-mat.jpg","width":800,"height":800},{"@type":"BreadcrumbList","@id":"https:\/\/369agara.com\/produit\/lampe-bureau-blindee-architecte\/#breadcrumb","itemListElement":[{"@type":"ListItem","position":1,"name":"Accueil","item":"https:\/\/369agara.com\/"},{"@type":"ListItem","position":2,"name":"La boutique","item":"https:\/\/369agara.com\/la-boutique\/"},{"@type":"ListItem","position":3,"name":"Lampe de bureau blind\u00e9e Biologa Danell \u00ab\u00a0Architecte\u00a0\u00bb alu mat | noir mat"}]},{"@type":"WebSite","@id":"https:\/\/369agara.com\/#website","url":"https:\/\/369agara.com\/","name":"Livsrikedomar","description":"Koppla bort f\u00f6r att skapa b\u00e4ttre kontakt","publisher":{"@id":"https:\/\/369agara.com\/#organization"},"potentialAction":[{"@type":"SearchAction","target":{"@type":"EntryPoint","urlTemplate":"https:\/\/369agara.com\/?s={search_term_string}"},"query-input":{"@type":"PropertyValueSpecification","valueRequired":true,"valueName":"search_term_string"}}],"inLanguage":"sv-SE"},{"@type":"Organization","@id":"https:\/\/369agara.com\/#organization","name":"EACreations","url":"https:\/\/369agara.com\/","logo":{"@type":"ImageObject","inLanguage":"sv-SE","@id":"https:\/\/369agara.com\/#\/schema\/logo\/image\/","url":"","contentUrl":"","caption":"EACreations"},"image":{"@id":"https:\/\/369agara.com\/#\/schema\/logo\/image\/"}}]}},"jetpack_sharing_enabled":true,"_links":{"self":[{"href":"https:\/\/369agara.com\/sv\/wp-json\/wp\/v2\/product\/2123","targetHints":{"allow":["GET"]}}],"collection":[{"href":"https:\/\/369agara.com\/sv\/wp-json\/wp\/v2\/product"}],"about":[{"href":"https:\/\/369agara.com\/sv\/wp-json\/wp\/v2\/types\/product"}],"replies":[{"embeddable":true,"href":"https:\/\/369agara.com\/sv\/wp-json\/wp\/v2\/comments?post=2123"}],"wp:featuredmedia":[{"embeddable":true,"href":"https:\/\/369agara.com\/sv\/wp-json\/wp\/v2\/media\/2130"}],"wp:attachment":[{"href":"https:\/\/369agara.com\/sv\/wp-json\/wp\/v2\/media?parent=2123"}],"wp:term":[{"taxonomy":"product_brand","embeddable":true,"href":"https:\/\/369agara.com\/sv\/wp-json\/wp\/v2\/product_brand?post=2123"},{"taxonomy":"product_cat","embeddable":true,"href":"https:\/\/369agara.com\/sv\/wp-json\/wp\/v2\/product_cat?post=2123"},{"taxonomy":"product_tag","embeddable":true,"href":"https:\/\/369agara.com\/sv\/wp-json\/wp\/v2\/product_tag?post=2123"}],"curies":[{"name":"wp","href":"https:\/\/api.w.org\/{rel}","templated":true}]}}