{"id":2139,"date":"2023-09-25T17:52:00","date_gmt":"2023-09-25T15:52:00","guid":{"rendered":"https:\/\/369agara.com\/?post_type=product&#038;p=2139"},"modified":"2025-05-11T12:27:08","modified_gmt":"2025-05-11T10:27:08","slug":"filtre-polier-panda","status":"publish","type":"product","link":"https:\/\/369agara.com\/sv\/produkt\/filtre-polier-panda\/","title":{"rendered":"Polier PANDA15X2 smutsig elektricitet och Linky PLC filter"},"content":{"rendered":"<p><span style=\"font-family: 'Book Antiqua', Palatino; font-size: 120%; color: #333399;\">Polier-filtret PANDA15X2 filtrerar bort parasit\u00e4ra frekvenser fr\u00e5n eln\u00e4tet, s\u00e5 kallad \"smutsig el\", i frekvensbandet 10 kHz till 1 MHz (kompakta fluxlampor, datortransformatorer, neonljus etc.) samt Linky PLC som cirkulerar i ditt eln\u00e4t.<\/span><\/p>\n<p><span style=\"font-family: 'Book Antiqua', Palatino; font-size: 120%; color: #333399;\">Det inneh\u00e5ller en h\u00f6gpresterande 15 \u00b5F (mikrofarad) kondensator som skyddas av en s\u00e4kring som minskar elektriska st\u00f6rningar i ditt n\u00e4tverk. Dess interna elektromagnetiska avsk\u00e4rmning minskar ocks\u00e5 det elektriska f\u00e4ltet runt filtret (f\u00f6r att denna avsk\u00e4rmning ska fungera m\u00e5ste Panda-filtret anslutas till ett jordat uttag).<\/span><\/p>\n<p><span style=\"font-family: 'Book Antiqua', Palatino; font-size: 120%; color: #333399;\">Den begr\u00e4nsar de biologiska effekter som genereras av de parasit\u00e4ra frekvenser som kallas \"smutsig elektricitet\" och som transporteras av elkablarna i din elinstallation.<\/span><\/p>\n<p><span style=\"font-family: 'Book Antiqua', Palatino; font-size: 120%; color: #333399;\">Den andra f\u00f6rdelen med detta filter \u00e4r dess\u00a0<strong>uttag integrerat i h\u00f6ljet<\/strong>Detta g\u00f6r att du kan anv\u00e4nda den kontakt som filtret \u00e4r anslutet till (medan den kontakt som filtret \u00e4r anslutet till med andra filter \u00e4r avsedd endast f\u00f6r detta \u00e4ndam\u00e5l och inte kan anv\u00e4ndas f\u00f6r att ansluta n\u00e5gon annan apparat).<\/span><\/p>\n<h3><span style=\"font-family: 'Book Antiqua', Palatino; font-size: 120%; color: #333399;\">Vad \u00e4r \"smutsig el\"?<\/span><\/h3>\n<p><span style=\"font-family: 'Book Antiqua', Palatino; font-size: 120%; color: #333399;\">Med \"smutsig elektricitet\" avses \u00f6verlagringen av h\u00f6gfrekventa st\u00f6rningsfrekvenser p\u00e5 det l\u00e5gfrekventa 50 Hz eln\u00e4tet. De kommer huvudsakligen fr\u00e5n :<\/span><\/p>\n<ul>\n<li><span style=\"font-family: 'Book Antiqua', Palatino; font-size: 120%; color: #333399;\">kompaktlysr\u00f6r, neonljus<\/span><\/li>\n<li><span style=\"font-family: 'Book Antiqua', Palatino; font-size: 120%; color: #333399;\">omriktare f\u00f6r fotovoltaiska paneler<\/span><\/li>\n<li><span style=\"font-family: 'Book Antiqua', Palatino; font-size: 120%; color: #333399;\">vissa dimrar<\/span><\/li>\n<li><span style=\"font-family: 'Book Antiqua', Palatino; font-size: 120%; color: #333399;\">datorer och datortransformatorer<\/span><\/li>\n<li><span style=\"font-family: 'Book Antiqua', Palatino; font-size: 120%; color: #333399;\">kopieringsapparater<\/span><\/li>\n<li><span style=\"font-family: 'Book Antiqua', Palatino; font-size: 120%; color: #333399;\">PLC (Power Line Communication), inklusive Linky<\/span><\/li>\n<li><span style=\"font-family: 'Book Antiqua', Palatino; font-size: 120%; color: #333399;\">elmotorer med variabel hastighet<\/span><\/li>\n<li><span style=\"font-family: 'Book Antiqua', Palatino; font-size: 120%; color: #333399;\">elektriska transformatorer<\/span><\/li>\n<\/ul>\n<p><span style=\"font-family: 'Book Antiqua', Palatino; font-size: 120%; color: #333399;\">H\u00e4lsoeffekterna kan vara f\u00f6ljande: hj\u00e4rtklappning, s\u00f6mnl\u00f6shet, migr\u00e4n och huvudv\u00e4rk, tinnitus, yrsel, koncentrationssv\u00e5righeter, irritabilitet, \u00e5ngest, illam\u00e5ende, stickningar eller br\u00e4nnande k\u00e4nslor, led- och muskelsm\u00e4rta etc.\u00a0<\/span><\/p>\n<p><span style=\"font-family: 'Book Antiqua', Palatino; font-size: 120%; color: #333399;\">El\u00f6verk\u00e4nsliga personer kombinerar ofta flera av dessa symtom.<\/span><\/p>\n<h3><span style=\"font-family: 'Book Antiqua', Palatino; font-size: 120%; color: #333399;\">Hur Panda POLIER-filtret fungerar<\/span><\/h3>\n<p><span style=\"font-family: 'Book Antiqua', Palatino; font-size: 120%; color: #333399;\">Panda POLIER-filtret minskar den smutsiga elektricitet som finns i ditt n\u00e4tverk samtidigt som det d\u00e4mpar h\u00f6gfrekvent brus n\u00e4ra dina kablar och elektriska apparater. Att minska ledningsbunden st\u00f6rning inneb\u00e4r att f\u00f6rhindra att dessa parasit\u00e4ra frekvenser str\u00e5lar ut runt omkring dig, i alla kablar i ditt hem.\u00a0\u00a0<\/span><\/p>\n<p><span style=\"font-family: 'Book Antiqua', Palatino; font-size: 120%; color: #333399;\">Pandafiltret kopplas in i ett 16 A-uttag, s\u00e5 n\u00e4ra k\u00e4llan\/k\u00e4llorna till den smutsiga elen som m\u00f6jligt (f\u00f6r att f\u00f6rhindra att den sprids i n\u00e4tet), och minskar niv\u00e5n av smutsig el i hela kretsen som det \u00e4r anslutet till.\u00a0<\/span><br \/>\n<span style=\"font-family: 'Book Antiqua', Palatino; font-size: 120%; color: #333399;\">F\u00f6r smutsig el som kommer utifr\u00e5n (solcellspaneler eller transformatorer) b\u00f6r Pandafilteret placeras s\u00e5 n\u00e4ra elcentralen som m\u00f6jligt.<\/span><\/p>\n<p><span style=\"font-family: 'Book Antiqua', Palatino; font-size: 120%; color: #333399;\">Beroende p\u00e5 storleken p\u00e5 ditt hem rekommenderar vi att du installerar\u00a0<strong>2 till 5 filter<\/strong>\u00a0:<\/span><\/p>\n<ul>\n<li><span style=\"font-family: 'Book Antiqua', Palatino; font-size: 120%; color: #333399;\">en n\u00e4ra den elektriska huvudpanelen f\u00f6r att skydda dig fr\u00e5n Linky PLC och\/eller externa elektriska transformatorer,\u00a0<\/span><\/li>\n<li><span style=\"font-family: 'Book Antiqua', Palatino; font-size: 120%; color: #333399;\">en i n\u00e4rheten av din dator<\/span><\/li>\n<li><span style=\"font-family: 'Book Antiqua', Palatino; font-size: 120%; color: #333399;\">en i k\u00f6ket<\/span><\/li>\n<li><span style=\"font-family: 'Book Antiqua', Palatino; font-size: 120%; color: #333399;\">en n\u00e4ra all st\u00f6rande utrustning<\/span><\/li>\n<\/ul>\n<p><span style=\"font-family: 'Book Antiqua', Palatino; font-size: 120%; color: #333399;\">Vi rekommenderar att du ansluter dessa filter till jordade uttag f\u00f6r att dra nytta av den inbyggda avsk\u00e4rmningen.<\/span><\/p>\n<p><span style=\"font-family: 'Book Antiqua', Palatino; font-size: 120%; color: #333399;\">Genom att installera flera filter \u00f6kar deras effektivitet och livsl\u00e4ngd.<\/span><\/p>\n<h3><span style=\"font-family: 'Book Antiqua', Palatino; font-size: 120%; color: #333399;\">Tekniska specifikationer<\/span><\/h3>\n<ul>\n<li><span style=\"font-family: 'Book Antiqua', Palatino; font-size: 120%; color: #333399;\">Effektivt i frekvensbandet 10 kHz till 1 MHz<\/span><\/li>\n<li><span style=\"font-family: 'Book Antiqua', Palatino; font-size: 120%; color: #333399;\">15 \u00b5F AC-kondensator (AC = v\u00e4xelstr\u00f6m)<\/span><\/li>\n<li><span style=\"font-family: 'Book Antiqua', Palatino; font-size: 120%; color: #333399;\">Filtrets nominella driftsp\u00e4nning: 230 V AC<\/span><\/li>\n<li><span style=\"font-family: 'Book Antiqua', Palatino; font-size: 120%; color: #333399;\">Urladdningsmotst\u00e5nd integrerat i kondensatorn<\/span><\/li>\n<li><span style=\"font-family: 'Book Antiqua', Palatino; font-size: 120%; color: #333399;\">Intern s\u00e4kring<\/span><\/li>\n<li><span style=\"font-family: 'Book Antiqua', Palatino; font-size: 120%; color: #333399;\">Elektromagnetisk sk\u00e4rm p\u00e5 kondensatorn, ska anslutas till jordterminalen<\/span><\/li>\n<li><span style=\"font-family: 'Book Antiqua', Palatino; font-size: 120%; color: #333399;\">2P+T-kontakter f\u00f6r franska uttag; schuko-uttag enligt europeisk standard<\/span><\/li>\n<li><span style=\"font-family: 'Book Antiqua', Palatino; font-size: 120%; color: #333399;\">Godk\u00e4nd enligt europeiska s\u00e4kerhetsstandarder<\/span><\/li>\n<li><span style=\"font-family: 'Book Antiqua', Palatino; font-size: 120%; color: #333399;\">M\u00e5tt: 110 x 65 x 95 mm<\/span><\/li>\n<li><span style=\"font-family: 'Book Antiqua', Palatino; font-size: 120%; color: #333399;\">Vikt: 260 g<\/span><\/li>\n<\/ul>\n<p><span style=\"font-family: 'Book Antiqua', Palatino; font-size: 120%; color: #333399;\">Tillverkad i Frankrike av Polier<\/span><\/p>\n<p><span style=\"font-family: 'Book Antiqua', Palatino; font-size: 120%; color: #333399;\">Garanti: 3 \u00e5r<\/span><\/p>\n<h3><span style=\"font-family: 'Book Antiqua', Palatino; font-size: 120%; color: #333399;\">Agara r\u00e5d\u00a0<\/span><\/h3>\n<p><span style=\"font-family: 'Book Antiqua', Palatino; font-size: 120%; color: #333399;\">POLIER Panda-filtret skyddar mot smutsig el, men har ingen inverkan p\u00e5 de elektriska 50 Hz-f\u00e4lten i din elinstallation (kablar i v\u00e4ggarna) och anslutna elektriska apparater.<\/span><br \/>\n<span style=\"font-family: 'Book Antiqua', Palatino; font-size: 120%; color: #ed1c24;\">F\u00f6r att minska din exponering s\u00e5 mycket som m\u00f6jligt \u00e4r det d\u00e4rf\u00f6r viktigt att du ocks\u00e5 skyddar dig mot dessa elektriska f\u00e4lt genom att installera l\u00e4mpliga skydd (grenuttag, sk\u00e4rmade kablar och f\u00f6rl\u00e4ngningssladdar, sk\u00e4rmad belysning, automatiska f\u00e4ltbrytare etc.)<\/span><\/p>","protected":false},"excerpt":{"rendered":"<p><span style=\"font-family: 'Book Antiqua', Palatino; font-size: 120%; color: #333399;\">PANDA15x2-filtret fr\u00e5n Polier filtrerar smutsig elektricitet i frekvensbandet 10 kHz till 1 MHz (kompakta fluxlampor, datortransformatorer, neonljus etc.) samt Linky PLC som cirkulerar i ditt eln\u00e4t.\u00a0<\/span><\/p>\n<p><span style=\"font-family: 'Book Antiqua', Palatino; font-size: 120%; color: #333399;\">Denna nya modell har en ny X2 15 \u00b5F-klass kondensator. Den \u00e4r nu tillverkad av \u00e5tervunnen plast, vilket minskar dess koldioxidavtryck.<\/span><\/p>","protected":false},"featured_media":2140,"comment_status":"open","ping_status":"closed","template":"","meta":[],"product_brand":[],"product_cat":[164],"product_tag":[248,246,247,251,245],"class_list":{"0":"post-2139","1":"product","2":"type-product","3":"status-publish","4":"has-post-thumbnail","6":"product_cat-baubiologie","7":"product_tag-baubiologie","8":"product_tag-bureau","9":"product_tag-chambre","10":"product_tag-electricite","11":"product_tag-maison","13":"first","14":"instock","15":"taxable","16":"shipping-taxable","17":"purchasable","18":"product-type-simple"},"yoast_head":"<!-- This site is optimized with the Yoast SEO Premium plugin v25.1 (Yoast SEO v27.4) - https:\/\/yoast.com\/product\/yoast-seo-premium-wordpress\/ -->\n<title>Filtre Polier PANDA15X2 \u00e9lectricit\u00e9 sale et CPL Linky | Agara<\/title>\n<meta name=\"description\" content=\"Le filtre PANDA15x2 de Polier permet de filtrer l&#039;\u00e9lectricit\u00e9 sale dans la bande de fr\u00e9quences 10 kHz \u00e0 1 MHz (lampes flux compactes, transformateurs d&#039;ordinateurs, n\u00e9ons, ...) ainsi que le CPL du Linky circulant sur votre r\u00e9seau \u00e9lectrique.\u00a0Ce nouveau mod\u00e8le est muni d&#039;un nouveau condensateur de classe X2 15 \u00b5F. Il est d\u00e9sormais fabriqu\u00e9 \u00e0 partir de plastique recycl\u00e9, ce qui permet de r\u00e9duire son empreinte carbone.\" \/>\n<meta name=\"robots\" content=\"index, follow, max-snippet:-1, max-image-preview:large, max-video-preview:-1\" \/>\n<link rel=\"canonical\" href=\"https:\/\/369agara.com\/sv\/produkt\/filtre-polier-panda\/\" \/>\n<meta property=\"og:locale\" content=\"sv_SE\" \/>\n<meta property=\"og:type\" content=\"article\" \/>\n<meta property=\"og:title\" content=\"Filtre Polier PANDA15X2 \u00e9lectricit\u00e9 sale et CPL Linky\" \/>\n<meta property=\"og:description\" content=\"Le filtre PANDA15x2 de Polier permet de filtrer l&#039;\u00e9lectricit\u00e9 sale dans la bande de fr\u00e9quences 10 kHz \u00e0 1 MHz (lampes flux compactes, transformateurs d&#039;ordinateurs, n\u00e9ons, ...) ainsi que le CPL du Linky circulant sur votre r\u00e9seau \u00e9lectrique.\u00a0Ce nouveau mod\u00e8le est muni d&#039;un nouveau condensateur de classe X2 15 \u00b5F. Il est d\u00e9sormais fabriqu\u00e9 \u00e0 partir de plastique recycl\u00e9, ce qui permet de r\u00e9duire son empreinte carbone.\" \/>\n<meta property=\"og:url\" content=\"https:\/\/369agara.com\/sv\/produkt\/filtre-polier-panda\/\" \/>\n<meta property=\"og:site_name\" content=\"Agara\" \/>\n<meta property=\"article:modified_time\" content=\"2025-05-11T10:27:08+00:00\" \/>\n<meta property=\"og:image\" content=\"https:\/\/369agara.com\/wp-content\/uploads\/2023\/09\/filtre-polier-panda-electricite-sale-et-cpl-linky.jpg\" \/>\n\t<meta property=\"og:image:width\" content=\"800\" \/>\n\t<meta property=\"og:image:height\" content=\"800\" \/>\n\t<meta property=\"og:image:type\" content=\"image\/jpeg\" \/>\n<meta name=\"twitter:card\" content=\"summary_large_image\" \/>\n<meta name=\"twitter:label1\" content=\"Ber\u00e4knad l\u00e4stid\" \/>\n\t<meta name=\"twitter:data1\" content=\"4 minuter\" \/>\n<script type=\"application\/ld+json\" class=\"yoast-schema-graph\">{\"@context\":\"https:\\\/\\\/schema.org\",\"@graph\":[{\"@type\":\"WebPage\",\"@id\":\"https:\\\/\\\/369agara.com\\\/produit\\\/filtre-polier-panda\\\/\",\"url\":\"https:\\\/\\\/369agara.com\\\/produit\\\/filtre-polier-panda\\\/\",\"name\":\"Filtre Polier PANDA15X2 \u00e9lectricit\u00e9 sale et CPL Linky | Agara\",\"isPartOf\":{\"@id\":\"https:\\\/\\\/369agara.com\\\/#website\"},\"primaryImageOfPage\":{\"@id\":\"https:\\\/\\\/369agara.com\\\/produit\\\/filtre-polier-panda\\\/#primaryimage\"},\"image\":{\"@id\":\"https:\\\/\\\/369agara.com\\\/produit\\\/filtre-polier-panda\\\/#primaryimage\"},\"thumbnailUrl\":\"https:\\\/\\\/369agara.com\\\/wp-content\\\/uploads\\\/2023\\\/09\\\/filtre-polier-panda-electricite-sale-et-cpl-linky.jpg\",\"datePublished\":\"2023-09-25T15:52:00+00:00\",\"dateModified\":\"2025-05-11T10:27:08+00:00\",\"description\":\"Le filtre PANDA15x2 de Polier permet de filtrer l'\u00e9lectricit\u00e9 sale dans la bande de fr\u00e9quences 10 kHz \u00e0 1 MHz (lampes flux compactes, transformateurs d'ordinateurs, n\u00e9ons, ...) ainsi que le CPL du Linky circulant sur votre r\u00e9seau \u00e9lectrique.\u00a0Ce nouveau mod\u00e8le est muni d'un nouveau condensateur de classe X2 15 \u00b5F. Il est d\u00e9sormais fabriqu\u00e9 \u00e0 partir de plastique recycl\u00e9, ce qui permet de r\u00e9duire son empreinte carbone.\",\"breadcrumb\":{\"@id\":\"https:\\\/\\\/369agara.com\\\/produit\\\/filtre-polier-panda\\\/#breadcrumb\"},\"inLanguage\":\"sv-SE\",\"potentialAction\":[{\"@type\":\"ReadAction\",\"target\":[\"https:\\\/\\\/369agara.com\\\/produit\\\/filtre-polier-panda\\\/\"]}]},{\"@type\":\"ImageObject\",\"inLanguage\":\"sv-SE\",\"@id\":\"https:\\\/\\\/369agara.com\\\/produit\\\/filtre-polier-panda\\\/#primaryimage\",\"url\":\"https:\\\/\\\/369agara.com\\\/wp-content\\\/uploads\\\/2023\\\/09\\\/filtre-polier-panda-electricite-sale-et-cpl-linky.jpg\",\"contentUrl\":\"https:\\\/\\\/369agara.com\\\/wp-content\\\/uploads\\\/2023\\\/09\\\/filtre-polier-panda-electricite-sale-et-cpl-linky.jpg\",\"width\":800,\"height\":800},{\"@type\":\"BreadcrumbList\",\"@id\":\"https:\\\/\\\/369agara.com\\\/produit\\\/filtre-polier-panda\\\/#breadcrumb\",\"itemListElement\":[{\"@type\":\"ListItem\",\"position\":1,\"name\":\"Accueil\",\"item\":\"https:\\\/\\\/369agara.com\\\/\"},{\"@type\":\"ListItem\",\"position\":2,\"name\":\"La boutique\",\"item\":\"https:\\\/\\\/369agara.com\\\/la-boutique\\\/\"},{\"@type\":\"ListItem\",\"position\":3,\"name\":\"Filtre Polier PANDA15X2 \u00e9lectricit\u00e9 sale et CPL Linky\"}]},{\"@type\":\"WebSite\",\"@id\":\"https:\\\/\\\/369agara.com\\\/#website\",\"url\":\"https:\\\/\\\/369agara.com\\\/\",\"name\":\"Livsrikedomar\",\"description\":\"D\u00e9connectez pour mieux vous connecter\",\"publisher\":{\"@id\":\"https:\\\/\\\/369agara.com\\\/#organization\"},\"potentialAction\":[{\"@type\":\"SearchAction\",\"target\":{\"@type\":\"EntryPoint\",\"urlTemplate\":\"https:\\\/\\\/369agara.com\\\/?s={search_term_string}\"},\"query-input\":{\"@type\":\"PropertyValueSpecification\",\"valueRequired\":true,\"valueName\":\"search_term_string\"}}],\"inLanguage\":\"sv-SE\"},{\"@type\":\"Organization\",\"@id\":\"https:\\\/\\\/369agara.com\\\/#organization\",\"name\":\"EACreations\",\"url\":\"https:\\\/\\\/369agara.com\\\/\",\"logo\":{\"@type\":\"ImageObject\",\"inLanguage\":\"sv-SE\",\"@id\":\"https:\\\/\\\/369agara.com\\\/#\\\/schema\\\/logo\\\/image\\\/\",\"url\":\"\",\"contentUrl\":\"\",\"caption\":\"EACreations\"},\"image\":{\"@id\":\"https:\\\/\\\/369agara.com\\\/#\\\/schema\\\/logo\\\/image\\\/\"}}]}<\/script>\n<!-- \/ Yoast SEO Premium plugin. -->","yoast_head_json":{"title":"Filtre Polier PANDA15X2 \u00e9lectricit\u00e9 sale et CPL Linky | Agara","description":"Le filtre PANDA15x2 de Polier permet de filtrer l'\u00e9lectricit\u00e9 sale dans la bande de fr\u00e9quences 10 kHz \u00e0 1 MHz (lampes flux compactes, transformateurs d'ordinateurs, n\u00e9ons, ...) ainsi que le CPL du Linky circulant sur votre r\u00e9seau \u00e9lectrique.\u00a0Ce nouveau mod\u00e8le est muni d'un nouveau condensateur de classe X2 15 \u00b5F. Il est d\u00e9sormais fabriqu\u00e9 \u00e0 partir de plastique recycl\u00e9, ce qui permet de r\u00e9duire son empreinte carbone.","robots":{"index":"index","follow":"follow","max-snippet":"max-snippet:-1","max-image-preview":"max-image-preview:large","max-video-preview":"max-video-preview:-1"},"canonical":"https:\/\/369agara.com\/sv\/produkt\/filtre-polier-panda\/","og_locale":"sv_SE","og_type":"article","og_title":"Filtre Polier PANDA15X2 \u00e9lectricit\u00e9 sale et CPL Linky","og_description":"Le filtre PANDA15x2 de Polier permet de filtrer l'\u00e9lectricit\u00e9 sale dans la bande de fr\u00e9quences 10 kHz \u00e0 1 MHz (lampes flux compactes, transformateurs d'ordinateurs, n\u00e9ons, ...) ainsi que le CPL du Linky circulant sur votre r\u00e9seau \u00e9lectrique.\u00a0Ce nouveau mod\u00e8le est muni d'un nouveau condensateur de classe X2 15 \u00b5F. Il est d\u00e9sormais fabriqu\u00e9 \u00e0 partir de plastique recycl\u00e9, ce qui permet de r\u00e9duire son empreinte carbone.","og_url":"https:\/\/369agara.com\/sv\/produkt\/filtre-polier-panda\/","og_site_name":"Agara","article_modified_time":"2025-05-11T10:27:08+00:00","og_image":[{"width":800,"height":800,"url":"https:\/\/369agara.com\/wp-content\/uploads\/2023\/09\/filtre-polier-panda-electricite-sale-et-cpl-linky.jpg","type":"image\/jpeg"}],"twitter_card":"summary_large_image","twitter_misc":{"Ber\u00e4knad l\u00e4stid":"4 minuter"},"schema":{"@context":"https:\/\/schema.org","@graph":[{"@type":"WebPage","@id":"https:\/\/369agara.com\/produit\/filtre-polier-panda\/","url":"https:\/\/369agara.com\/produit\/filtre-polier-panda\/","name":"Filtre Polier PANDA15X2 \u00e9lectricit\u00e9 sale et CPL Linky | Agara","isPartOf":{"@id":"https:\/\/369agara.com\/#website"},"primaryImageOfPage":{"@id":"https:\/\/369agara.com\/produit\/filtre-polier-panda\/#primaryimage"},"image":{"@id":"https:\/\/369agara.com\/produit\/filtre-polier-panda\/#primaryimage"},"thumbnailUrl":"https:\/\/369agara.com\/wp-content\/uploads\/2023\/09\/filtre-polier-panda-electricite-sale-et-cpl-linky.jpg","datePublished":"2023-09-25T15:52:00+00:00","dateModified":"2025-05-11T10:27:08+00:00","description":"Le filtre PANDA15x2 de Polier permet de filtrer l'\u00e9lectricit\u00e9 sale dans la bande de fr\u00e9quences 10 kHz \u00e0 1 MHz (lampes flux compactes, transformateurs d'ordinateurs, n\u00e9ons, ...) ainsi que le CPL du Linky circulant sur votre r\u00e9seau \u00e9lectrique.\u00a0Ce nouveau mod\u00e8le est muni d'un nouveau condensateur de classe X2 15 \u00b5F. Il est d\u00e9sormais fabriqu\u00e9 \u00e0 partir de plastique recycl\u00e9, ce qui permet de r\u00e9duire son empreinte carbone.","breadcrumb":{"@id":"https:\/\/369agara.com\/produit\/filtre-polier-panda\/#breadcrumb"},"inLanguage":"sv-SE","potentialAction":[{"@type":"ReadAction","target":["https:\/\/369agara.com\/produit\/filtre-polier-panda\/"]}]},{"@type":"ImageObject","inLanguage":"sv-SE","@id":"https:\/\/369agara.com\/produit\/filtre-polier-panda\/#primaryimage","url":"https:\/\/369agara.com\/wp-content\/uploads\/2023\/09\/filtre-polier-panda-electricite-sale-et-cpl-linky.jpg","contentUrl":"https:\/\/369agara.com\/wp-content\/uploads\/2023\/09\/filtre-polier-panda-electricite-sale-et-cpl-linky.jpg","width":800,"height":800},{"@type":"BreadcrumbList","@id":"https:\/\/369agara.com\/produit\/filtre-polier-panda\/#breadcrumb","itemListElement":[{"@type":"ListItem","position":1,"name":"Accueil","item":"https:\/\/369agara.com\/"},{"@type":"ListItem","position":2,"name":"La boutique","item":"https:\/\/369agara.com\/la-boutique\/"},{"@type":"ListItem","position":3,"name":"Filtre Polier PANDA15X2 \u00e9lectricit\u00e9 sale et CPL Linky"}]},{"@type":"WebSite","@id":"https:\/\/369agara.com\/#website","url":"https:\/\/369agara.com\/","name":"Livsrikedomar","description":"Koppla bort f\u00f6r att skapa b\u00e4ttre kontakt","publisher":{"@id":"https:\/\/369agara.com\/#organization"},"potentialAction":[{"@type":"SearchAction","target":{"@type":"EntryPoint","urlTemplate":"https:\/\/369agara.com\/?s={search_term_string}"},"query-input":{"@type":"PropertyValueSpecification","valueRequired":true,"valueName":"search_term_string"}}],"inLanguage":"sv-SE"},{"@type":"Organization","@id":"https:\/\/369agara.com\/#organization","name":"EACreations","url":"https:\/\/369agara.com\/","logo":{"@type":"ImageObject","inLanguage":"sv-SE","@id":"https:\/\/369agara.com\/#\/schema\/logo\/image\/","url":"","contentUrl":"","caption":"EACreations"},"image":{"@id":"https:\/\/369agara.com\/#\/schema\/logo\/image\/"}}]}},"jetpack_sharing_enabled":true,"_links":{"self":[{"href":"https:\/\/369agara.com\/sv\/wp-json\/wp\/v2\/product\/2139","targetHints":{"allow":["GET"]}}],"collection":[{"href":"https:\/\/369agara.com\/sv\/wp-json\/wp\/v2\/product"}],"about":[{"href":"https:\/\/369agara.com\/sv\/wp-json\/wp\/v2\/types\/product"}],"replies":[{"embeddable":true,"href":"https:\/\/369agara.com\/sv\/wp-json\/wp\/v2\/comments?post=2139"}],"wp:featuredmedia":[{"embeddable":true,"href":"https:\/\/369agara.com\/sv\/wp-json\/wp\/v2\/media\/2140"}],"wp:attachment":[{"href":"https:\/\/369agara.com\/sv\/wp-json\/wp\/v2\/media?parent=2139"}],"wp:term":[{"taxonomy":"product_brand","embeddable":true,"href":"https:\/\/369agara.com\/sv\/wp-json\/wp\/v2\/product_brand?post=2139"},{"taxonomy":"product_cat","embeddable":true,"href":"https:\/\/369agara.com\/sv\/wp-json\/wp\/v2\/product_cat?post=2139"},{"taxonomy":"product_tag","embeddable":true,"href":"https:\/\/369agara.com\/sv\/wp-json\/wp\/v2\/product_tag?post=2139"}],"curies":[{"name":"wp","href":"https:\/\/api.w.org\/{rel}","templated":true}]}}