{"id":2150,"date":"2023-09-25T18:46:05","date_gmt":"2023-09-25T16:46:05","guid":{"rendered":"https:\/\/369agara.com\/?post_type=product&#038;p=2150"},"modified":"2025-05-13T12:06:21","modified_gmt":"2025-05-13T10:06:21","slug":"fiche-connexion-earthing","status":"publish","type":"product","link":"https:\/\/369agara.com\/sv\/produkt\/fiche-connexion-earthing\/","title":{"rendered":"Jordad kontakt"},"content":{"rendered":"<p><span style=\"font-family: 'Book Antiqua', Palatino; font-size: 120%; color: #333399;\">Jordanslutningskontakten kan anv\u00e4ndas f\u00f6r att ansluta olika jordprodukter till jord: jordmattor, passande lakan, halvlakan etc.<\/span><\/p>\n<p><span style=\"font-family: 'Book Antiqua', Palatino; font-size: 120%; color: #333399;\">S\u00e4ljs f\u00f6r sig sj\u00e4lv.<\/span><\/p>\n<p><span style=\"font-family: 'Book Antiqua', Palatino; font-size: 120%; color: #333399;\">2 jordkablar kan anslutas till denna kontakt.<\/span><\/p>\n<h3><span style=\"font-family: 'Book Antiqua', Palatino; font-size: 120%; color: #333399;\">Agara r\u00e5d<\/span><\/h3>\n<p><span style=\"font-family: 'Book Antiqua', Palatino; font-size: 120%; color: #333399;\">F\u00f6r att jordningen ska vara effektiv \u00e4r det viktigt att du testar kvaliteten p\u00e5 ditt jordningssystem, antingen med en l\u00e4mplig enhet (jordtestare, Tohm-E eller Catohm DT-300 jordm\u00e4tare) eller genom att anlita en fackman med l\u00e4mplig utrustning.<\/span><\/p>\n<p><span style=\"font-family: 'Book Antiqua', Palatino; font-size: 120%; color: #ed1c24;\">Om elinstallationerna \u00e4r f\u00f6r gamla eller felaktigt installerade kan jordanslutningen vara otillr\u00e4cklig eller obefintlig.<\/span><\/p>\n<p><span style=\"font-family: 'Book Antiqua', Palatino; font-size: 120%; color: #ed1c24;\">Det \u00e4r ocks\u00e5 mycket viktigt att minimera elektriska f\u00e4lt i rummet (klockradio, s\u00e4nglampor, osk\u00e4rmade eluttag och f\u00f6rl\u00e4ngningssladdar) f\u00f6r att f\u00f6rhindra att de st\u00f6r jordsystemet. Tveka inte att m\u00e4ta dem eller l\u00e5ta m\u00e4ta dem!\u00a0<\/span><\/p>","protected":false},"excerpt":{"rendered":"<p><span style=\"font-family: 'Book Antiqua', Palatino; font-size: 120%; color: #333399;\">Jordanslutningskontakten kan anv\u00e4ndas f\u00f6r att ansluta olika jordprodukter till jord: jordmattor, passande lakan, halvlakan etc.\u00a0<\/span><\/p>\n<p><span style=\"font-family: 'Book Antiqua', Palatino; font-size: 120%; color: #333399;\">S\u00e4ljs f\u00f6r sig sj\u00e4lv.\u00a0<\/span><\/p>\n<p><span style=\"font-family: 'Book Antiqua', Palatino; font-size: 120%; color: #333399;\">2 jordkablar kan anslutas till denna kontakt.<\/span><\/p>","protected":false},"featured_media":2151,"comment_status":"open","ping_status":"closed","template":"","meta":[],"product_brand":[267],"product_cat":[164],"product_tag":[248,246,247,249,245,184],"class_list":{"0":"post-2150","1":"product","2":"type-product","3":"status-publish","4":"has-post-thumbnail","6":"product_brand-earthing","7":"product_cat-baubiologie","8":"product_tag-baubiologie","9":"product_tag-bureau","10":"product_tag-chambre","11":"product_tag-electromagnetisme","12":"product_tag-maison","13":"product_tag-yoga","15":"first","16":"instock","17":"taxable","18":"shipping-taxable","19":"purchasable","20":"product-type-simple"},"yoast_head":"<!-- This site is optimized with the Yoast SEO Premium plugin v25.1 (Yoast SEO v27.4) - https:\/\/yoast.com\/product\/yoast-seo-premium-wordpress\/ -->\n<title>Fiche de connexion \u00e0 la terre Earthing | Agara<\/title>\n<meta name=\"description\" content=\"La fiche de connexion \u00e0 la terre Earthing permet de relier \u00e0 la terre 2 produits de Earthing : tapis de mise \u00e0 la terre, drap-housse, demi-drap, etc.\u00a0Vendue seule.\" \/>\n<meta name=\"robots\" content=\"index, follow, max-snippet:-1, max-image-preview:large, max-video-preview:-1\" \/>\n<link rel=\"canonical\" href=\"https:\/\/369agara.com\/sv\/produkt\/fiche-connexion-earthing\/\" \/>\n<meta property=\"og:locale\" content=\"sv_SE\" \/>\n<meta property=\"og:type\" content=\"article\" \/>\n<meta property=\"og:title\" content=\"Fiche de connexion \u00e0 la terre Earthing\" \/>\n<meta property=\"og:description\" content=\"La fiche de connexion \u00e0 la terre Earthing permet de relier \u00e0 la terre 2 produits de Earthing : tapis de mise \u00e0 la terre, drap-housse, demi-drap, etc.\u00a0Vendue seule.\" \/>\n<meta property=\"og:url\" content=\"https:\/\/369agara.com\/sv\/produkt\/fiche-connexion-earthing\/\" \/>\n<meta property=\"og:site_name\" content=\"Agara\" \/>\n<meta property=\"article:modified_time\" content=\"2025-05-13T10:06:21+00:00\" \/>\n<meta property=\"og:image\" content=\"https:\/\/369agara.com\/wp-content\/uploads\/2023\/09\/fiche-de-connexion-a-la-terre-earthing.png\" \/>\n\t<meta property=\"og:image:width\" content=\"800\" \/>\n\t<meta property=\"og:image:height\" content=\"800\" \/>\n\t<meta property=\"og:image:type\" content=\"image\/png\" \/>\n<meta name=\"twitter:card\" content=\"summary_large_image\" \/>\n<meta name=\"twitter:label1\" content=\"Ber\u00e4knad l\u00e4stid\" \/>\n\t<meta name=\"twitter:data1\" content=\"1 minut\" \/>\n<script type=\"application\/ld+json\" class=\"yoast-schema-graph\">{\"@context\":\"https:\\\/\\\/schema.org\",\"@graph\":[{\"@type\":\"WebPage\",\"@id\":\"https:\\\/\\\/369agara.com\\\/produit\\\/fiche-connexion-earthing\\\/\",\"url\":\"https:\\\/\\\/369agara.com\\\/produit\\\/fiche-connexion-earthing\\\/\",\"name\":\"Fiche de connexion \u00e0 la terre Earthing | Agara\",\"isPartOf\":{\"@id\":\"https:\\\/\\\/369agara.com\\\/#website\"},\"primaryImageOfPage\":{\"@id\":\"https:\\\/\\\/369agara.com\\\/produit\\\/fiche-connexion-earthing\\\/#primaryimage\"},\"image\":{\"@id\":\"https:\\\/\\\/369agara.com\\\/produit\\\/fiche-connexion-earthing\\\/#primaryimage\"},\"thumbnailUrl\":\"https:\\\/\\\/369agara.com\\\/wp-content\\\/uploads\\\/2023\\\/09\\\/fiche-de-connexion-a-la-terre-earthing.png\",\"datePublished\":\"2023-09-25T16:46:05+00:00\",\"dateModified\":\"2025-05-13T10:06:21+00:00\",\"description\":\"La fiche de connexion \u00e0 la terre Earthing permet de relier \u00e0 la terre 2 produits de Earthing : tapis de mise \u00e0 la terre, drap-housse, demi-drap, etc.\u00a0Vendue seule.\",\"breadcrumb\":{\"@id\":\"https:\\\/\\\/369agara.com\\\/produit\\\/fiche-connexion-earthing\\\/#breadcrumb\"},\"inLanguage\":\"sv-SE\",\"potentialAction\":[{\"@type\":\"ReadAction\",\"target\":[\"https:\\\/\\\/369agara.com\\\/produit\\\/fiche-connexion-earthing\\\/\"]}]},{\"@type\":\"ImageObject\",\"inLanguage\":\"sv-SE\",\"@id\":\"https:\\\/\\\/369agara.com\\\/produit\\\/fiche-connexion-earthing\\\/#primaryimage\",\"url\":\"https:\\\/\\\/369agara.com\\\/wp-content\\\/uploads\\\/2023\\\/09\\\/fiche-de-connexion-a-la-terre-earthing.png\",\"contentUrl\":\"https:\\\/\\\/369agara.com\\\/wp-content\\\/uploads\\\/2023\\\/09\\\/fiche-de-connexion-a-la-terre-earthing.png\",\"width\":800,\"height\":800},{\"@type\":\"BreadcrumbList\",\"@id\":\"https:\\\/\\\/369agara.com\\\/produit\\\/fiche-connexion-earthing\\\/#breadcrumb\",\"itemListElement\":[{\"@type\":\"ListItem\",\"position\":1,\"name\":\"Accueil\",\"item\":\"https:\\\/\\\/369agara.com\\\/\"},{\"@type\":\"ListItem\",\"position\":2,\"name\":\"La boutique\",\"item\":\"https:\\\/\\\/369agara.com\\\/la-boutique\\\/\"},{\"@type\":\"ListItem\",\"position\":3,\"name\":\"Fiche de connexion \u00e0 la terre Earthing\"}]},{\"@type\":\"WebSite\",\"@id\":\"https:\\\/\\\/369agara.com\\\/#website\",\"url\":\"https:\\\/\\\/369agara.com\\\/\",\"name\":\"Livsrikedomar\",\"description\":\"D\u00e9connectez pour mieux vous connecter\",\"publisher\":{\"@id\":\"https:\\\/\\\/369agara.com\\\/#organization\"},\"potentialAction\":[{\"@type\":\"SearchAction\",\"target\":{\"@type\":\"EntryPoint\",\"urlTemplate\":\"https:\\\/\\\/369agara.com\\\/?s={search_term_string}\"},\"query-input\":{\"@type\":\"PropertyValueSpecification\",\"valueRequired\":true,\"valueName\":\"search_term_string\"}}],\"inLanguage\":\"sv-SE\"},{\"@type\":\"Organization\",\"@id\":\"https:\\\/\\\/369agara.com\\\/#organization\",\"name\":\"EACreations\",\"url\":\"https:\\\/\\\/369agara.com\\\/\",\"logo\":{\"@type\":\"ImageObject\",\"inLanguage\":\"sv-SE\",\"@id\":\"https:\\\/\\\/369agara.com\\\/#\\\/schema\\\/logo\\\/image\\\/\",\"url\":\"\",\"contentUrl\":\"\",\"caption\":\"EACreations\"},\"image\":{\"@id\":\"https:\\\/\\\/369agara.com\\\/#\\\/schema\\\/logo\\\/image\\\/\"}}]}<\/script>\n<!-- \/ Yoast SEO Premium plugin. -->","yoast_head_json":{"title":"Fiche de connexion \u00e0 la terre Earthing | Agara","description":"La fiche de connexion \u00e0 la terre Earthing permet de relier \u00e0 la terre 2 produits de Earthing : tapis de mise \u00e0 la terre, drap-housse, demi-drap, etc.\u00a0Vendue seule.","robots":{"index":"index","follow":"follow","max-snippet":"max-snippet:-1","max-image-preview":"max-image-preview:large","max-video-preview":"max-video-preview:-1"},"canonical":"https:\/\/369agara.com\/sv\/produkt\/fiche-connexion-earthing\/","og_locale":"sv_SE","og_type":"article","og_title":"Fiche de connexion \u00e0 la terre Earthing","og_description":"La fiche de connexion \u00e0 la terre Earthing permet de relier \u00e0 la terre 2 produits de Earthing : tapis de mise \u00e0 la terre, drap-housse, demi-drap, etc.\u00a0Vendue seule.","og_url":"https:\/\/369agara.com\/sv\/produkt\/fiche-connexion-earthing\/","og_site_name":"Agara","article_modified_time":"2025-05-13T10:06:21+00:00","og_image":[{"width":800,"height":800,"url":"https:\/\/369agara.com\/wp-content\/uploads\/2023\/09\/fiche-de-connexion-a-la-terre-earthing.png","type":"image\/png"}],"twitter_card":"summary_large_image","twitter_misc":{"Ber\u00e4knad l\u00e4stid":"1 minut"},"schema":{"@context":"https:\/\/schema.org","@graph":[{"@type":"WebPage","@id":"https:\/\/369agara.com\/produit\/fiche-connexion-earthing\/","url":"https:\/\/369agara.com\/produit\/fiche-connexion-earthing\/","name":"Fiche de connexion \u00e0 la terre Earthing | Agara","isPartOf":{"@id":"https:\/\/369agara.com\/#website"},"primaryImageOfPage":{"@id":"https:\/\/369agara.com\/produit\/fiche-connexion-earthing\/#primaryimage"},"image":{"@id":"https:\/\/369agara.com\/produit\/fiche-connexion-earthing\/#primaryimage"},"thumbnailUrl":"https:\/\/369agara.com\/wp-content\/uploads\/2023\/09\/fiche-de-connexion-a-la-terre-earthing.png","datePublished":"2023-09-25T16:46:05+00:00","dateModified":"2025-05-13T10:06:21+00:00","description":"La fiche de connexion \u00e0 la terre Earthing permet de relier \u00e0 la terre 2 produits de Earthing : tapis de mise \u00e0 la terre, drap-housse, demi-drap, etc.\u00a0Vendue seule.","breadcrumb":{"@id":"https:\/\/369agara.com\/produit\/fiche-connexion-earthing\/#breadcrumb"},"inLanguage":"sv-SE","potentialAction":[{"@type":"ReadAction","target":["https:\/\/369agara.com\/produit\/fiche-connexion-earthing\/"]}]},{"@type":"ImageObject","inLanguage":"sv-SE","@id":"https:\/\/369agara.com\/produit\/fiche-connexion-earthing\/#primaryimage","url":"https:\/\/369agara.com\/wp-content\/uploads\/2023\/09\/fiche-de-connexion-a-la-terre-earthing.png","contentUrl":"https:\/\/369agara.com\/wp-content\/uploads\/2023\/09\/fiche-de-connexion-a-la-terre-earthing.png","width":800,"height":800},{"@type":"BreadcrumbList","@id":"https:\/\/369agara.com\/produit\/fiche-connexion-earthing\/#breadcrumb","itemListElement":[{"@type":"ListItem","position":1,"name":"Accueil","item":"https:\/\/369agara.com\/"},{"@type":"ListItem","position":2,"name":"La boutique","item":"https:\/\/369agara.com\/la-boutique\/"},{"@type":"ListItem","position":3,"name":"Fiche de connexion \u00e0 la terre Earthing"}]},{"@type":"WebSite","@id":"https:\/\/369agara.com\/#website","url":"https:\/\/369agara.com\/","name":"Livsrikedomar","description":"Koppla bort f\u00f6r att skapa b\u00e4ttre kontakt","publisher":{"@id":"https:\/\/369agara.com\/#organization"},"potentialAction":[{"@type":"SearchAction","target":{"@type":"EntryPoint","urlTemplate":"https:\/\/369agara.com\/?s={search_term_string}"},"query-input":{"@type":"PropertyValueSpecification","valueRequired":true,"valueName":"search_term_string"}}],"inLanguage":"sv-SE"},{"@type":"Organization","@id":"https:\/\/369agara.com\/#organization","name":"EACreations","url":"https:\/\/369agara.com\/","logo":{"@type":"ImageObject","inLanguage":"sv-SE","@id":"https:\/\/369agara.com\/#\/schema\/logo\/image\/","url":"","contentUrl":"","caption":"EACreations"},"image":{"@id":"https:\/\/369agara.com\/#\/schema\/logo\/image\/"}}]}},"jetpack_sharing_enabled":true,"_links":{"self":[{"href":"https:\/\/369agara.com\/sv\/wp-json\/wp\/v2\/product\/2150","targetHints":{"allow":["GET"]}}],"collection":[{"href":"https:\/\/369agara.com\/sv\/wp-json\/wp\/v2\/product"}],"about":[{"href":"https:\/\/369agara.com\/sv\/wp-json\/wp\/v2\/types\/product"}],"replies":[{"embeddable":true,"href":"https:\/\/369agara.com\/sv\/wp-json\/wp\/v2\/comments?post=2150"}],"wp:featuredmedia":[{"embeddable":true,"href":"https:\/\/369agara.com\/sv\/wp-json\/wp\/v2\/media\/2151"}],"wp:attachment":[{"href":"https:\/\/369agara.com\/sv\/wp-json\/wp\/v2\/media?parent=2150"}],"wp:term":[{"taxonomy":"product_brand","embeddable":true,"href":"https:\/\/369agara.com\/sv\/wp-json\/wp\/v2\/product_brand?post=2150"},{"taxonomy":"product_cat","embeddable":true,"href":"https:\/\/369agara.com\/sv\/wp-json\/wp\/v2\/product_cat?post=2150"},{"taxonomy":"product_tag","embeddable":true,"href":"https:\/\/369agara.com\/sv\/wp-json\/wp\/v2\/product_tag?post=2150"}],"curies":[{"name":"wp","href":"https:\/\/api.w.org\/{rel}","templated":true}]}}