{"id":2152,"date":"2023-09-25T19:06:33","date_gmt":"2023-09-25T17:06:33","guid":{"rendered":"https:\/\/369agara.com\/?post_type=product&#038;p=2152"},"modified":"2025-05-13T11:38:18","modified_gmt":"2025-05-13T09:38:18","slug":"drap-housse-bio-6-tailles","status":"publish","type":"product","link":"https:\/\/369agara.com\/sv\/produkt\/drap-housse-bio-6-tailles\/","title":{"rendered":"Earthing underlakan i ekologisk bomull | 6 storlekar tillg\u00e4ngliga Earthing"},"content":{"rendered":"<p><span style=\"font-family: 'Book Antiqua', Palatino; font-size: 120%; color: #333399;\">\u00c5teranslut din kropp till jordens naturliga energi medan du sover tack vare\u00a0<strong>jordat lakan<\/strong>.<\/span><\/p>\n<p><span style=\"font-family: 'Book Antiqua', Palatino; font-size: 120%; color: #333399;\">Utformad f\u00f6r\u00a0<strong>direkt hudkontakt<\/strong>det fr\u00e4mjar en\u00a0<strong>vilsam s\u00f6mn<\/strong>Den lindrar kronisk sm\u00e4rta och bidrar till att minska stress genom att \u00e5terskapa de positiva effekterna av direktkontakt med naturen.<\/span><\/p>\n<h3><span style=\"font-family: 'Book Antiqua', Palatino; font-size: 120%; color: #333399;\">F\u00f6rdelarna med att jorda under s\u00f6mnen<\/span><\/h3>\n<p><span style=\"font-family: 'Book Antiqua', Palatino; font-size: 120%; color: #333399;\">Enligt Clinton Ober och f\u00f6rfattarna till boken\u00a0<em>\"Koppla upp dig mot jorden<\/em>att sova i kontakt med jorden hj\u00e4lper till att \u00e5terst\u00e4lla\u00a0<strong>kroppens naturliga elektriska balans<\/strong>\u00a0och eliminerar elektrostatiska laddningar, precis som n\u00e4r du g\u00e5r barfota i naturen.<\/span><\/p>\n<p><span style=\"font-family: 'Book Antiqua', Palatino; font-size: 120%; color: #333399;\">Earthing-produkter \u00e5terskapar detta fenomen i vardagen, enkelt och effektivt. Inspirerad av den ur\u00e5ldriga principen att g\u00e5 barfota i gr\u00e4set g\u00f6r Earthing att du kan :<\/span><\/p>\n<ul>\n<li><span style=\"font-family: 'Book Antiqua', Palatino; font-size: 120%; color: #333399;\">Minska ackumulerade elektriska sp\u00e4nningar i kroppen<\/span><\/li>\n<li><span style=\"font-family: 'Book Antiqua', Palatino; font-size: 120%; color: #333399;\">F\u00f6rb\u00e4ttrad s\u00f6mnkvalitet och reglering av den biologiska klockan<\/span><\/li>\n<li><span style=\"font-family: 'Book Antiqua', Palatino; font-size: 120%; color: #333399;\">Lindrar inflammation, muskelsm\u00e4rta och huvudv\u00e4rk<\/span><\/li>\n<li><span style=\"font-family: 'Book Antiqua', Palatino; font-size: 120%; color: #333399;\">St\u00e4rker immunf\u00f6rsvaret och blodcirkulationen<\/span><\/li>\n<li><span style=\"font-family: 'Book Antiqua', Palatino; font-size: 120%; color: #333399;\">Minskar stress, irritabilitet, \u00e5ngest och vissa symtom som \u00e4r kopplade till el\u00f6verk\u00e4nslighet<\/span><\/li>\n<\/ul>\n<p><span style=\"font-family: 'Book Antiqua', Palatino; font-size: 120%; color: #333399;\">De f\u00f6rdelar som n\u00e4mns \u00e4r baserade p\u00e5 vittnesm\u00e5l och empiriska observationer. Detta monterade lakan\u00a0<strong>inte \u00e4r en medicinteknisk produkt<\/strong>. Om du har n\u00e5gra h\u00e4lsoproblem b\u00f6r du r\u00e5dfr\u00e5ga h\u00e4lso- och sjukv\u00e5rdspersonal.<\/span><\/p>\n<h3><span style=\"font-family: 'Book Antiqua', Palatino; font-size: 120%; color: #333399;\">Diskret, naturlig teknik<\/span><\/h3>\n<ul>\n<li><span style=\"font-family: 'Book Antiqua', Palatino; font-size: 120%; color: #333399;\"><strong>100 % ekologisk bomull<\/strong>mjuk och andningsbar<\/span><\/li>\n<li><span style=\"font-family: 'Book Antiqua', Palatino; font-size: 120%; color: #333399;\">Sammanfl\u00e4tad med\u00a0<strong>ledande silverfibrer<\/strong>\u00a0(upp till 1000 m kabel beroende p\u00e5 storlek)<\/span><\/li>\n<li><span style=\"font-family: 'Book Antiqua', Palatino; font-size: 120%; color: #333399;\"><strong>F\u00e4rg: off-white<\/strong>\u00a0naturlig (of\u00e4rgad)<\/span><\/li>\n<li><span style=\"font-family: 'Book Antiqua', Palatino; font-size: 120%; color: #333399;\"><strong>Optimal komfort<\/strong>\u00a0bomullstouch, ingen metallk\u00e4nsla<\/span><\/li>\n<\/ul>\n<blockquote><p><span style=\"font-family: 'Book Antiqua', Palatino; font-size: 120%; color: #333399;\">F\u00f6r maximal effektivitet rekommenderar vi att du sover i\u00a0<strong>direkt hudkontakt<\/strong>\u00a0(utan pyjamas eller med l\u00e4tta kl\u00e4der).<\/span><\/p><\/blockquote>\n<h3><span style=\"font-family: 'Book Antiqua', Palatino; font-size: 120%; color: #333399;\">Tillg\u00e4ngliga storlekar<\/span><\/h3>\n<p><span style=\"font-family: 'Book Antiqua', Palatino; font-size: 120%; color: #333399;\">Det h\u00e4r underlakanet \u00e4r l\u00e4tt att anpassa tack vare sin\u00a0<strong>elastiska kanter<\/strong>\u00a0:<\/span><\/p>\n<ul>\n<li><span style=\"font-family: 'Book Antiqua', Palatino; font-size: 120%; color: #333399;\">90 x 200 cm<\/span><\/li>\n<li><span style=\"font-family: 'Book Antiqua', Palatino; font-size: 120%; color: #333399;\">140 x 200 cm<\/span><\/li>\n<li><span style=\"font-family: 'Book Antiqua', Palatino; font-size: 120%; color: #333399;\">150 x 200 cm\u00a0<em>(f\u00f6r best\u00e4llning)<\/em><\/span><\/li>\n<li><span style=\"font-family: 'Book Antiqua', Palatino; font-size: 120%; color: #333399;\">160 x 200 cm<\/span><\/li>\n<li><span style=\"font-family: 'Book Antiqua', Palatino; font-size: 120%; color: #333399;\">180 x 213 cm\u00a0<em>(f\u00f6r best\u00e4llning)<\/em><\/span><\/li>\n<li><span style=\"font-family: 'Book Antiqua', Palatino; font-size: 120%; color: #333399;\">200 x 213 cm\u00a0<em>(f\u00f6r best\u00e4llning)<\/em><\/span><span style=\"font-family: 'Book Antiqua', Palatino; font-size: 120%; color: #333399;\">L\u00e4mpar sig ocks\u00e5 f\u00f6r\u00a0<strong>tjock madrass<\/strong>\u00a0tack vare sin breda, utdragbara kontur.<\/span><\/li>\n<\/ul>\n<h3><span style=\"font-family: 'Book Antiqua', Palatino; font-size: 120%; color: #333399;\">Enkel och s\u00e4ker installation<\/span><\/h3>\n<ul>\n<li><span style=\"font-family: 'Book Antiqua', Palatino; font-size: 120%; color: #333399;\">Levereras med en\u00a0<strong>4,60 m jordkabel<\/strong><\/span><\/li>\n<li><span style=\"font-family: 'Book Antiqua', Palatino; font-size: 120%; color: #333399;\">Levereras med en\u00a0<strong>anslutningskontakt<\/strong>\u00a0kompatibel med uttag i m\u00e5nga l\u00e4nder (Frankrike, Belgien, Tyskland, Italien m.fl.)<\/span><\/li>\n<li><span style=\"font-family: 'Book Antiqua', Palatino; font-size: 120%; color: #333399;\">A\u00a0<strong>diskret anslutning<\/strong>\u00a0\u00e4r integrerad i kanten av arket f\u00f6r att ansluta sladden<\/span><\/li>\n<li><span style=\"font-family: 'Book Antiqua', Palatino; font-size: 120%; color: #333399;\">Fungerar endast om\u00a0<strong>din kontakt \u00e4r jordad<\/strong><\/span><\/li>\n<\/ul>\n<p><span style=\"font-family: 'Book Antiqua', Palatino; font-size: 120%; color: #333399;\">Om du inte har ett ordentligt anslutet uttag kan du anv\u00e4nda en <strong>extern jordningsstav<\/strong>\u00a0om du bor i ett hus eller p\u00e5 bottenv\u00e5ningen.<\/span><\/p>\n<h3><span style=\"font-family: 'Book Antiqua', Palatino; font-size: 120%; color: #333399;\">Enkelt underh\u00e5ll<\/span><\/h3>\n<ul>\n<li><span style=\"font-family: 'Book Antiqua', Palatino; font-size: 120%; color: #333399;\">Kan maskintv\u00e4ttas i 30\u00b0C med en\u00a0<strong>milt reng\u00f6ringsmedel utan blekmedel<\/strong><\/span><\/li>\n<li><span style=\"font-family: 'Book Antiqua', Palatino; font-size: 120%; color: #333399;\">Anv\u00e4nd inte blekmedel eller aggressiva produkter (risk f\u00f6r att de ledande fibrerna skadas)<\/span><\/li>\n<li><span style=\"font-family: 'Book Antiqua', Palatino; font-size: 120%; color: #333399;\">Lufttorkning rekommenderas<\/span><\/li>\n<\/ul>\n<p><span style=\"font-family: 'Book Antiqua', Palatino; font-size: 120%; color: #333399;\">Blekmedel, lotioner och oljor kan missf\u00e4rga silver och g\u00f6ra det icke ledande.\u00a0<\/span><br \/>\n<span style=\"font-family: 'Book Antiqua', Palatino; font-size: 120%; color: #333399;\">Mjukg\u00f6rare ansamlas p\u00e5 silver och skadar dess ledningsf\u00f6rm\u00e5ga.<\/span><\/p>\n<h3><span style=\"font-family: 'Book Antiqua', Palatino; font-size: 120%; color: #333399;\">Agara r\u00e5d<\/span><\/h3>\n<p><span style=\"font-family: 'Book Antiqua', Palatino; font-size: 120%; color: #333399;\">F\u00f6r att jordningen ska vara effektiv \u00e4r det viktigt att du testar kvaliteten p\u00e5 ditt jordningssystem, antingen med en l\u00e4mplig enhet (jordtestare, Tohm-E jordm\u00e4tare eller Catohm DT-300) eller genom att anlita en fackman med l\u00e4mplig utrustning.\u00a0<\/span><\/p>\n<p><span style=\"font-family: 'Book Antiqua', Palatino; font-size: 120%; color: #333399;\">Om elinstallationerna \u00e4r f\u00f6r gamla eller felaktigt installerade kan jordanslutningen vara otillr\u00e4cklig eller obefintlig.<\/span><\/p>\n<p><span style=\"font-family: 'Book Antiqua', Palatino; font-size: 120%; color: #333399;\">Det \u00e4r ocks\u00e5 mycket viktigt att minimera elektriska f\u00e4lt i rummet (klockradio, s\u00e4nglampor, osk\u00e4rmade eluttag och f\u00f6rl\u00e4ngningssladdar) f\u00f6r att f\u00f6rhindra att de st\u00f6r jordsystemet. Tveka inte att m\u00e4ta dem eller l\u00e5ta m\u00e4ta dem!<\/span><\/p>\n<p><span style=\"font-family: 'Book Antiqua', Palatino; font-size: 120%; color: #ed1c24;\"><strong>Av hygiensk\u00e4l f\u00e5r textilartiklar (kl\u00e4der, m\u00f6ssor, hattar, s\u00e4ngkl\u00e4der, sovs\u00e4ckar, filtar, handskar, strumpor etc.) eller andra f\u00f6rem\u00e5l som b\u00e4rs i direkt kontakt med kroppen inte returneras eller bytas. Tack p\u00e5 f\u00f6rhand f\u00f6r din f\u00f6rst\u00e5else.<\/strong><\/span><\/p>","protected":false},"excerpt":{"rendered":"<p><span style=\"font-family: 'Book Antiqua', Palatino; font-size: 120%; color: #333399;\">\u00c5teranslut din kropp till jordens naturliga energi medan du sover tack vare\u00a0<strong>jordat lakan<\/strong>.\u00a0<\/span><\/p>\n<p><span style=\"font-family: 'Book Antiqua', Palatino; font-size: 120%; color: #333399;\">Utformad f\u00f6r\u00a0<strong>direkt hudkontakt<\/strong>det fr\u00e4mjar en\u00a0<strong>vilsam s\u00f6mn<\/strong>Den lindrar kronisk sm\u00e4rta och bidrar till att minska stress genom att \u00e5terskapa de positiva effekterna av direktkontakt med naturen.\u00a0<\/span><\/p>\n<p><span style=\"font-family: 'Book Antiqua', Palatino; font-size: 120%; color: #333399;\">6 storlekar tillg\u00e4ngliga: 90\/100 x 200 cm, 140 x 200 cm, 150 x 200 cm, 160 x 200 cm, 180 x 200 cm, 200 x 200 cm.\u00a0<\/span><\/p>\n<p><span style=\"font-family: 'Book Antiqua', Palatino; font-size: 120%; color: #333399;\">Levereras med tillbeh\u00f6r f\u00f6r jordning.<\/span><\/p>","protected":false},"featured_media":2159,"comment_status":"open","ping_status":"closed","template":"","meta":[],"product_brand":[267],"product_cat":[164],"product_tag":[248,247,249,245],"class_list":{"0":"post-2152","1":"product","2":"type-product","3":"status-publish","4":"has-post-thumbnail","6":"product_brand-earthing","7":"product_cat-baubiologie","8":"product_tag-baubiologie","9":"product_tag-chambre","10":"product_tag-electromagnetisme","11":"product_tag-maison","13":"first","14":"instock","15":"taxable","16":"shipping-taxable","17":"purchasable","18":"product-type-variable"},"yoast_head":"<!-- This site is optimized with the Yoast SEO Premium plugin v25.1 (Yoast SEO v27.4) - https:\/\/yoast.com\/product\/yoast-seo-premium-wordpress\/ -->\n<title>Drap-housse de mise \u00e0 la terre en coton bio | 6 tailles disponibles Earthing | Agara<\/title>\n<meta name=\"description\" content=\"Drap-housse de mise \u00e0 la terre con\u00e7u pour un\u00a0contact direct avec la peau. Favorise un\u00a0sommeil r\u00e9parateur, apaise les douleurs chroniques et aide \u00e0 r\u00e9duire le stress, en reproduisant les effets b\u00e9n\u00e9fiques du contact direct avec la nature.\u00a06 tailles disponibles : 90\/100 x 200 cm, 140 x 200 cm, 150 x 200 cm, 160 x 200 cm, 180 x 200 cm, 200 x 200 cm.\u00a0Livr\u00e9 avec ses accessoires de mise \u00e0 la terre.\" \/>\n<meta name=\"robots\" content=\"index, follow, max-snippet:-1, max-image-preview:large, max-video-preview:-1\" \/>\n<link rel=\"canonical\" href=\"https:\/\/369agara.com\/sv\/produkt\/drap-housse-bio-6-tailles\/\" \/>\n<meta property=\"og:locale\" content=\"sv_SE\" \/>\n<meta property=\"og:type\" content=\"article\" \/>\n<meta property=\"og:title\" content=\"Drap-housse de mise \u00e0 la terre en coton bio | 6 tailles disponibles Earthing\" \/>\n<meta property=\"og:description\" content=\"Drap-housse de mise \u00e0 la terre con\u00e7u pour un\u00a0contact direct avec la peau. Favorise un\u00a0sommeil r\u00e9parateur, apaise les douleurs chroniques et aide \u00e0 r\u00e9duire le stress, en reproduisant les effets b\u00e9n\u00e9fiques du contact direct avec la nature.\u00a06 tailles disponibles : 90\/100 x 200 cm, 140 x 200 cm, 150 x 200 cm, 160 x 200 cm, 180 x 200 cm, 200 x 200 cm.\u00a0Livr\u00e9 avec ses accessoires de mise \u00e0 la terre.\" \/>\n<meta property=\"og:url\" content=\"https:\/\/369agara.com\/sv\/produkt\/drap-housse-bio-6-tailles\/\" \/>\n<meta property=\"og:site_name\" content=\"Agara\" \/>\n<meta property=\"article:modified_time\" content=\"2025-05-13T09:38:18+00:00\" \/>\n<meta property=\"og:image\" content=\"https:\/\/369agara.com\/wp-content\/uploads\/2023\/09\/drap-housse-de-mise-a-la-terre-earthing.jpg\" \/>\n\t<meta property=\"og:image:width\" content=\"800\" \/>\n\t<meta property=\"og:image:height\" content=\"800\" \/>\n\t<meta property=\"og:image:type\" content=\"image\/jpeg\" \/>\n<meta name=\"twitter:card\" content=\"summary_large_image\" \/>\n<meta name=\"twitter:label1\" content=\"Ber\u00e4knad l\u00e4stid\" \/>\n\t<meta name=\"twitter:data1\" content=\"4 minuter\" \/>\n<script type=\"application\/ld+json\" class=\"yoast-schema-graph\">{\"@context\":\"https:\\\/\\\/schema.org\",\"@graph\":[{\"@type\":\"WebPage\",\"@id\":\"https:\\\/\\\/369agara.com\\\/produit\\\/drap-housse-bio-6-tailles\\\/\",\"url\":\"https:\\\/\\\/369agara.com\\\/produit\\\/drap-housse-bio-6-tailles\\\/\",\"name\":\"Drap-housse de mise \u00e0 la terre en coton bio | 6 tailles disponibles Earthing | Agara\",\"isPartOf\":{\"@id\":\"https:\\\/\\\/369agara.com\\\/#website\"},\"primaryImageOfPage\":{\"@id\":\"https:\\\/\\\/369agara.com\\\/produit\\\/drap-housse-bio-6-tailles\\\/#primaryimage\"},\"image\":{\"@id\":\"https:\\\/\\\/369agara.com\\\/produit\\\/drap-housse-bio-6-tailles\\\/#primaryimage\"},\"thumbnailUrl\":\"https:\\\/\\\/369agara.com\\\/wp-content\\\/uploads\\\/2023\\\/09\\\/drap-housse-de-mise-a-la-terre-earthing.jpg\",\"datePublished\":\"2023-09-25T17:06:33+00:00\",\"dateModified\":\"2025-05-13T09:38:18+00:00\",\"description\":\"Drap-housse de mise \u00e0 la terre con\u00e7u pour un\u00a0contact direct avec la peau. Favorise un\u00a0sommeil r\u00e9parateur, apaise les douleurs chroniques et aide \u00e0 r\u00e9duire le stress, en reproduisant les effets b\u00e9n\u00e9fiques du contact direct avec la nature.\u00a06 tailles disponibles : 90\\\/100 x 200 cm, 140 x 200 cm, 150 x 200 cm, 160 x 200 cm, 180 x 200 cm, 200 x 200 cm.\u00a0Livr\u00e9 avec ses accessoires de mise \u00e0 la terre.\",\"breadcrumb\":{\"@id\":\"https:\\\/\\\/369agara.com\\\/produit\\\/drap-housse-bio-6-tailles\\\/#breadcrumb\"},\"inLanguage\":\"sv-SE\",\"potentialAction\":[{\"@type\":\"ReadAction\",\"target\":[\"https:\\\/\\\/369agara.com\\\/produit\\\/drap-housse-bio-6-tailles\\\/\"]}]},{\"@type\":\"ImageObject\",\"inLanguage\":\"sv-SE\",\"@id\":\"https:\\\/\\\/369agara.com\\\/produit\\\/drap-housse-bio-6-tailles\\\/#primaryimage\",\"url\":\"https:\\\/\\\/369agara.com\\\/wp-content\\\/uploads\\\/2023\\\/09\\\/drap-housse-de-mise-a-la-terre-earthing.jpg\",\"contentUrl\":\"https:\\\/\\\/369agara.com\\\/wp-content\\\/uploads\\\/2023\\\/09\\\/drap-housse-de-mise-a-la-terre-earthing.jpg\",\"width\":800,\"height\":800},{\"@type\":\"BreadcrumbList\",\"@id\":\"https:\\\/\\\/369agara.com\\\/produit\\\/drap-housse-bio-6-tailles\\\/#breadcrumb\",\"itemListElement\":[{\"@type\":\"ListItem\",\"position\":1,\"name\":\"Accueil\",\"item\":\"https:\\\/\\\/369agara.com\\\/\"},{\"@type\":\"ListItem\",\"position\":2,\"name\":\"La boutique\",\"item\":\"https:\\\/\\\/369agara.com\\\/la-boutique\\\/\"},{\"@type\":\"ListItem\",\"position\":3,\"name\":\"Drap-housse de mise \u00e0 la terre en coton bio | 6 tailles disponibles Earthing\"}]},{\"@type\":\"WebSite\",\"@id\":\"https:\\\/\\\/369agara.com\\\/#website\",\"url\":\"https:\\\/\\\/369agara.com\\\/\",\"name\":\"Livsrikedomar\",\"description\":\"D\u00e9connectez pour mieux vous connecter\",\"publisher\":{\"@id\":\"https:\\\/\\\/369agara.com\\\/#organization\"},\"potentialAction\":[{\"@type\":\"SearchAction\",\"target\":{\"@type\":\"EntryPoint\",\"urlTemplate\":\"https:\\\/\\\/369agara.com\\\/?s={search_term_string}\"},\"query-input\":{\"@type\":\"PropertyValueSpecification\",\"valueRequired\":true,\"valueName\":\"search_term_string\"}}],\"inLanguage\":\"sv-SE\"},{\"@type\":\"Organization\",\"@id\":\"https:\\\/\\\/369agara.com\\\/#organization\",\"name\":\"EACreations\",\"url\":\"https:\\\/\\\/369agara.com\\\/\",\"logo\":{\"@type\":\"ImageObject\",\"inLanguage\":\"sv-SE\",\"@id\":\"https:\\\/\\\/369agara.com\\\/#\\\/schema\\\/logo\\\/image\\\/\",\"url\":\"\",\"contentUrl\":\"\",\"caption\":\"EACreations\"},\"image\":{\"@id\":\"https:\\\/\\\/369agara.com\\\/#\\\/schema\\\/logo\\\/image\\\/\"}}]}<\/script>\n<!-- \/ Yoast SEO Premium plugin. -->","yoast_head_json":{"title":"Drap-housse de mise \u00e0 la terre en coton bio | 6 tailles disponibles Earthing | Agara","description":"Drap-housse de mise \u00e0 la terre con\u00e7u pour un\u00a0contact direct avec la peau. Favorise un\u00a0sommeil r\u00e9parateur, apaise les douleurs chroniques et aide \u00e0 r\u00e9duire le stress, en reproduisant les effets b\u00e9n\u00e9fiques du contact direct avec la nature.\u00a06 tailles disponibles : 90\/100 x 200 cm, 140 x 200 cm, 150 x 200 cm, 160 x 200 cm, 180 x 200 cm, 200 x 200 cm.\u00a0Livr\u00e9 avec ses accessoires de mise \u00e0 la terre.","robots":{"index":"index","follow":"follow","max-snippet":"max-snippet:-1","max-image-preview":"max-image-preview:large","max-video-preview":"max-video-preview:-1"},"canonical":"https:\/\/369agara.com\/sv\/produkt\/drap-housse-bio-6-tailles\/","og_locale":"sv_SE","og_type":"article","og_title":"Drap-housse de mise \u00e0 la terre en coton bio | 6 tailles disponibles Earthing","og_description":"Drap-housse de mise \u00e0 la terre con\u00e7u pour un\u00a0contact direct avec la peau. Favorise un\u00a0sommeil r\u00e9parateur, apaise les douleurs chroniques et aide \u00e0 r\u00e9duire le stress, en reproduisant les effets b\u00e9n\u00e9fiques du contact direct avec la nature.\u00a06 tailles disponibles : 90\/100 x 200 cm, 140 x 200 cm, 150 x 200 cm, 160 x 200 cm, 180 x 200 cm, 200 x 200 cm.\u00a0Livr\u00e9 avec ses accessoires de mise \u00e0 la terre.","og_url":"https:\/\/369agara.com\/sv\/produkt\/drap-housse-bio-6-tailles\/","og_site_name":"Agara","article_modified_time":"2025-05-13T09:38:18+00:00","og_image":[{"width":800,"height":800,"url":"https:\/\/369agara.com\/wp-content\/uploads\/2023\/09\/drap-housse-de-mise-a-la-terre-earthing.jpg","type":"image\/jpeg"}],"twitter_card":"summary_large_image","twitter_misc":{"Ber\u00e4knad l\u00e4stid":"4 minuter"},"schema":{"@context":"https:\/\/schema.org","@graph":[{"@type":"WebPage","@id":"https:\/\/369agara.com\/produit\/drap-housse-bio-6-tailles\/","url":"https:\/\/369agara.com\/produit\/drap-housse-bio-6-tailles\/","name":"Drap-housse de mise \u00e0 la terre en coton bio | 6 tailles disponibles Earthing | Agara","isPartOf":{"@id":"https:\/\/369agara.com\/#website"},"primaryImageOfPage":{"@id":"https:\/\/369agara.com\/produit\/drap-housse-bio-6-tailles\/#primaryimage"},"image":{"@id":"https:\/\/369agara.com\/produit\/drap-housse-bio-6-tailles\/#primaryimage"},"thumbnailUrl":"https:\/\/369agara.com\/wp-content\/uploads\/2023\/09\/drap-housse-de-mise-a-la-terre-earthing.jpg","datePublished":"2023-09-25T17:06:33+00:00","dateModified":"2025-05-13T09:38:18+00:00","description":"Drap-housse de mise \u00e0 la terre con\u00e7u pour un\u00a0contact direct avec la peau. Favorise un\u00a0sommeil r\u00e9parateur, apaise les douleurs chroniques et aide \u00e0 r\u00e9duire le stress, en reproduisant les effets b\u00e9n\u00e9fiques du contact direct avec la nature.\u00a06 tailles disponibles : 90\/100 x 200 cm, 140 x 200 cm, 150 x 200 cm, 160 x 200 cm, 180 x 200 cm, 200 x 200 cm.\u00a0Livr\u00e9 avec ses accessoires de mise \u00e0 la terre.","breadcrumb":{"@id":"https:\/\/369agara.com\/produit\/drap-housse-bio-6-tailles\/#breadcrumb"},"inLanguage":"sv-SE","potentialAction":[{"@type":"ReadAction","target":["https:\/\/369agara.com\/produit\/drap-housse-bio-6-tailles\/"]}]},{"@type":"ImageObject","inLanguage":"sv-SE","@id":"https:\/\/369agara.com\/produit\/drap-housse-bio-6-tailles\/#primaryimage","url":"https:\/\/369agara.com\/wp-content\/uploads\/2023\/09\/drap-housse-de-mise-a-la-terre-earthing.jpg","contentUrl":"https:\/\/369agara.com\/wp-content\/uploads\/2023\/09\/drap-housse-de-mise-a-la-terre-earthing.jpg","width":800,"height":800},{"@type":"BreadcrumbList","@id":"https:\/\/369agara.com\/produit\/drap-housse-bio-6-tailles\/#breadcrumb","itemListElement":[{"@type":"ListItem","position":1,"name":"Accueil","item":"https:\/\/369agara.com\/"},{"@type":"ListItem","position":2,"name":"La boutique","item":"https:\/\/369agara.com\/la-boutique\/"},{"@type":"ListItem","position":3,"name":"Drap-housse de mise \u00e0 la terre en coton bio | 6 tailles disponibles Earthing"}]},{"@type":"WebSite","@id":"https:\/\/369agara.com\/#website","url":"https:\/\/369agara.com\/","name":"Livsrikedomar","description":"Koppla bort f\u00f6r att skapa b\u00e4ttre kontakt","publisher":{"@id":"https:\/\/369agara.com\/#organization"},"potentialAction":[{"@type":"SearchAction","target":{"@type":"EntryPoint","urlTemplate":"https:\/\/369agara.com\/?s={search_term_string}"},"query-input":{"@type":"PropertyValueSpecification","valueRequired":true,"valueName":"search_term_string"}}],"inLanguage":"sv-SE"},{"@type":"Organization","@id":"https:\/\/369agara.com\/#organization","name":"EACreations","url":"https:\/\/369agara.com\/","logo":{"@type":"ImageObject","inLanguage":"sv-SE","@id":"https:\/\/369agara.com\/#\/schema\/logo\/image\/","url":"","contentUrl":"","caption":"EACreations"},"image":{"@id":"https:\/\/369agara.com\/#\/schema\/logo\/image\/"}}]}},"jetpack_sharing_enabled":true,"_links":{"self":[{"href":"https:\/\/369agara.com\/sv\/wp-json\/wp\/v2\/product\/2152","targetHints":{"allow":["GET"]}}],"collection":[{"href":"https:\/\/369agara.com\/sv\/wp-json\/wp\/v2\/product"}],"about":[{"href":"https:\/\/369agara.com\/sv\/wp-json\/wp\/v2\/types\/product"}],"replies":[{"embeddable":true,"href":"https:\/\/369agara.com\/sv\/wp-json\/wp\/v2\/comments?post=2152"}],"wp:featuredmedia":[{"embeddable":true,"href":"https:\/\/369agara.com\/sv\/wp-json\/wp\/v2\/media\/2159"}],"wp:attachment":[{"href":"https:\/\/369agara.com\/sv\/wp-json\/wp\/v2\/media?parent=2152"}],"wp:term":[{"taxonomy":"product_brand","embeddable":true,"href":"https:\/\/369agara.com\/sv\/wp-json\/wp\/v2\/product_brand?post=2152"},{"taxonomy":"product_cat","embeddable":true,"href":"https:\/\/369agara.com\/sv\/wp-json\/wp\/v2\/product_cat?post=2152"},{"taxonomy":"product_tag","embeddable":true,"href":"https:\/\/369agara.com\/sv\/wp-json\/wp\/v2\/product_tag?post=2152"}],"curies":[{"name":"wp","href":"https:\/\/api.w.org\/{rel}","templated":true}]}}