{"id":2173,"date":"2023-09-30T15:35:41","date_gmt":"2023-09-30T13:35:41","guid":{"rendered":"https:\/\/369agara.com\/?post_type=product&#038;p=2173"},"modified":"2025-05-11T09:36:04","modified_gmt":"2025-05-11T07:36:04","slug":"cable-blinde-x3-differentes-sections","status":"publish","type":"product","link":"https:\/\/369agara.com\/sv\/produkt\/cable-blinde-x3-differentes-sections\/","title":{"rendered":"Danell Biologa sk\u00e4rmad kabel vit 3 x 0,75 mm\u00b2 | 3 x 1,5 mm\u00b2 PVC-fri"},"content":{"rendered":"<p><span style=\"font-family: 'Book Antiqua', Palatino; font-size: 120%; color: #333399;\">Danell Biologa vit 3 x 0,75 mm\u00b2 PVC-fri sk\u00e4rmad kabel skyddar dig fr\u00e5n elektriska och magnetiska f\u00e4lt.<\/span><\/p>\n<p><span style=\"font-family: 'Book Antiqua', Palatino; font-size: 120%; color: #333399;\">Elektriska f\u00e4lt p\u00e5verkar v\u00e5rt nervsystem, endokrina system och immunf\u00f6rsvar. <\/span><br \/>\n<span style=\"font-family: 'Book Antiqua', Palatino; font-size: 120%; color: #333399;\">De \u00e4r st\u00f6rande:<\/span><\/p>\n<ul>\n<li><span style=\"font-family: 'Book Antiqua', Palatino; font-size: 120%; color: #333399;\">uts\u00f6ndring av melatonin (s\u00f6mnhormon mot cancer)<\/span><\/li>\n<li><span style=\"font-family: 'Book Antiqua', Palatino; font-size: 120%; color: #333399;\">syra-bas-balansen genom att f\u00f6rsura v\u00e5ra kroppar. <\/span><\/li>\n<\/ul>\n<p><span style=\"font-family: 'Book Antiqua', Palatino; font-size: 120%; color: #333399;\">De joniserar ocks\u00e5 luften positivt, vilket har effekten att \u00f6ka : <\/span><\/p>\n<ul>\n<li><span style=\"font-family: 'Book Antiqua', Palatino; font-size: 120%; color: #333399;\">hj\u00e4rtfrekvens<\/span><\/li>\n<li><span style=\"font-family: 'Book Antiqua', Palatino; font-size: 120%; color: #333399;\">stress<\/span><\/li>\n<li><span style=\"font-family: 'Book Antiqua', Palatino; font-size: 120%; color: #333399;\">obehag<\/span><\/li>\n<li><span style=\"font-family: 'Book Antiqua', Palatino; font-size: 120%; color: #333399;\">f\u00f6r\u00e4ndra syres\u00e4ttningen av hj\u00e4rnan.<\/span><\/li>\n<\/ul>\n<p><span style=\"font-family: 'Book Antiqua', Palatino; font-size: 120%; color: #333399;\">Magnetiska f\u00e4lt p\u00e5verkar v\u00e5rt cellul\u00e4ra system.<\/span><\/p>\n<p><span style=\"font-family: 'Book Antiqua', Palatino; font-size: 120%; color: #333399;\">Tack vare sin konstruktion avger denna Biologa Danell-sk\u00e4rmade kabel inte elektriska f\u00e4lt (l\u00e5ga frekvenser 50 Hertz), till skillnad fr\u00e5n standardkablar. Kabeln best\u00e5r av 3 ledare (fas, jord och neutral) som \u00e4r lindade i en metallfolie som, n\u00e4r den \u00e4r jordad, eliminerar elektriska f\u00e4lt. Dessa ledningar \u00e4r ocks\u00e5 tvinnade 15 g\u00e5nger per meter f\u00f6r att kraftigt d\u00e4mpa magnetiska f\u00e4lt.<\/span><\/p>\n<p><span style=\"font-family: 'Book Antiqua', Palatino; font-size: 120%; color: #333399;\">Den h\u00e4r sk\u00e4rmade kabeln s\u00e4ljs p\u00e5 50-metersrullar, s\u00e5 att du kan ordna dina egna elinstallationer.<\/span><\/p>\n<h3><span style=\"font-family: 'Book Antiqua', Palatino; font-size: 120%; color: #333399;\">Tekniska specifikationer<\/span><\/h3>\n<ul>\n<li><span style=\"font-family: 'Book Antiqua', Palatino; font-size: 120%; color: #333399;\">PVC-fri sk\u00e4rmad kabel<\/span><\/li>\n<li><span style=\"font-family: 'Book Antiqua', Palatino; font-size: 120%; color: #333399;\">Sektion: 3 x 0,75 mm\u00b2.<\/span><\/li>\n<li><span style=\"font-family: 'Book Antiqua', Palatino; font-size: 120%; color: #333399;\">S\u00e4ljs i rullar om 20 meter\u00a0<\/span><\/li>\n<\/ul>\n<p><span style=\"font-family: 'Book Antiqua', Palatino; font-size: 120%; color: #333399;\">Tillverkad i Tyskland\u00a0<\/span><\/p>","protected":false},"excerpt":{"rendered":"<p><span style=\"font-family: 'Book Antiqua', Palatino; font-size: 120%; color: #333399;\">Danell Biologa sk\u00e4rmad vit kabel, flexibel, PVC-fri, 0,75 mm\u00b2 eller 1,5 mm\u00b2, skyddar dig fr\u00e5n b\u00e5de elektriska och magnetiska f\u00e4lt.\u00a0<\/span><\/p>\n<p><span style=\"font-family: 'Book Antiqua', Palatino; font-size: 120%; color: #333399;\">S\u00e4ljs i rullar om 50 meter.<\/span><\/p>","protected":false},"featured_media":2174,"comment_status":"open","ping_status":"closed","template":"","meta":[],"product_brand":[],"product_cat":[164],"product_tag":[248,246,247,251,245,255],"class_list":{"0":"post-2173","1":"product","2":"type-product","3":"status-publish","4":"has-post-thumbnail","6":"product_cat-baubiologie","7":"product_tag-baubiologie","8":"product_tag-bureau","9":"product_tag-chambre","10":"product_tag-electricite","11":"product_tag-maison","12":"product_tag-mur","14":"first","15":"instock","16":"taxable","17":"shipping-taxable","18":"purchasable","19":"product-type-variable"},"yoast_head":"<!-- This site is optimized with the Yoast SEO Premium plugin v25.1 (Yoast SEO v27.4) - https:\/\/yoast.com\/product\/yoast-seo-premium-wordpress\/ -->\n<title>C\u00e2ble blind\u00e9 Biologa Danell blanc 3 x 0.75 mm\u00b2 | 3 x 1.5 mm\u00b2 sans PVC | Agara<\/title>\n<meta name=\"description\" content=\"Le c\u00e2ble blind\u00e9 Biologa Danell blanc, souple, sans PVC, 0.75 mm\u00b2 ou 1.5 mm\u00b2, permet de vous prot\u00e9ger \u00e0 la fois des champs \u00e9lectriques et des champs magn\u00e9tiques.\u00a0Vendu par bobine de 50 m\u00e8tres.\" \/>\n<meta name=\"robots\" content=\"index, follow, max-snippet:-1, max-image-preview:large, max-video-preview:-1\" \/>\n<link rel=\"canonical\" href=\"https:\/\/369agara.com\/sv\/produkt\/cable-blinde-x3-differentes-sections\/\" \/>\n<meta property=\"og:locale\" content=\"sv_SE\" \/>\n<meta property=\"og:type\" content=\"article\" \/>\n<meta property=\"og:title\" content=\"C\u00e2ble blind\u00e9 Biologa Danell blanc 3 x 0.75 mm\u00b2 | 3 x 1.5 mm\u00b2 sans PVC\" \/>\n<meta property=\"og:description\" content=\"Le c\u00e2ble blind\u00e9 Biologa Danell blanc, souple, sans PVC, 0.75 mm\u00b2 ou 1.5 mm\u00b2, permet de vous prot\u00e9ger \u00e0 la fois des champs \u00e9lectriques et des champs magn\u00e9tiques.\u00a0Vendu par bobine de 50 m\u00e8tres.\" \/>\n<meta property=\"og:url\" content=\"https:\/\/369agara.com\/sv\/produkt\/cable-blinde-x3-differentes-sections\/\" \/>\n<meta property=\"og:site_name\" content=\"Agara\" \/>\n<meta property=\"article:modified_time\" content=\"2025-05-11T07:36:04+00:00\" \/>\n<meta property=\"og:image\" content=\"https:\/\/369agara.com\/wp-content\/uploads\/2023\/09\/cable-blinde-d-installation-sans-pvc-075mm.jpg\" \/>\n\t<meta property=\"og:image:width\" content=\"800\" \/>\n\t<meta property=\"og:image:height\" content=\"800\" \/>\n\t<meta property=\"og:image:type\" content=\"image\/jpeg\" \/>\n<meta name=\"twitter:card\" content=\"summary_large_image\" \/>\n<meta name=\"twitter:label1\" content=\"Ber\u00e4knad l\u00e4stid\" \/>\n\t<meta name=\"twitter:data1\" content=\"2 minuter\" \/>\n<script type=\"application\/ld+json\" class=\"yoast-schema-graph\">{\"@context\":\"https:\\\/\\\/schema.org\",\"@graph\":[{\"@type\":\"WebPage\",\"@id\":\"https:\\\/\\\/369agara.com\\\/produit\\\/cable-blinde-x3-differentes-sections\\\/\",\"url\":\"https:\\\/\\\/369agara.com\\\/produit\\\/cable-blinde-x3-differentes-sections\\\/\",\"name\":\"C\u00e2ble blind\u00e9 Biologa Danell blanc 3 x 0.75 mm\u00b2 | 3 x 1.5 mm\u00b2 sans PVC | Agara\",\"isPartOf\":{\"@id\":\"https:\\\/\\\/369agara.com\\\/#website\"},\"primaryImageOfPage\":{\"@id\":\"https:\\\/\\\/369agara.com\\\/produit\\\/cable-blinde-x3-differentes-sections\\\/#primaryimage\"},\"image\":{\"@id\":\"https:\\\/\\\/369agara.com\\\/produit\\\/cable-blinde-x3-differentes-sections\\\/#primaryimage\"},\"thumbnailUrl\":\"https:\\\/\\\/369agara.com\\\/wp-content\\\/uploads\\\/2023\\\/09\\\/cable-blinde-d-installation-sans-pvc-075mm.jpg\",\"datePublished\":\"2023-09-30T13:35:41+00:00\",\"dateModified\":\"2025-05-11T07:36:04+00:00\",\"description\":\"Le c\u00e2ble blind\u00e9 Biologa Danell blanc, souple, sans PVC, 0.75 mm\u00b2 ou 1.5 mm\u00b2, permet de vous prot\u00e9ger \u00e0 la fois des champs \u00e9lectriques et des champs magn\u00e9tiques.\u00a0Vendu par bobine de 50 m\u00e8tres.\",\"breadcrumb\":{\"@id\":\"https:\\\/\\\/369agara.com\\\/produit\\\/cable-blinde-x3-differentes-sections\\\/#breadcrumb\"},\"inLanguage\":\"sv-SE\",\"potentialAction\":[{\"@type\":\"ReadAction\",\"target\":[\"https:\\\/\\\/369agara.com\\\/produit\\\/cable-blinde-x3-differentes-sections\\\/\"]}]},{\"@type\":\"ImageObject\",\"inLanguage\":\"sv-SE\",\"@id\":\"https:\\\/\\\/369agara.com\\\/produit\\\/cable-blinde-x3-differentes-sections\\\/#primaryimage\",\"url\":\"https:\\\/\\\/369agara.com\\\/wp-content\\\/uploads\\\/2023\\\/09\\\/cable-blinde-d-installation-sans-pvc-075mm.jpg\",\"contentUrl\":\"https:\\\/\\\/369agara.com\\\/wp-content\\\/uploads\\\/2023\\\/09\\\/cable-blinde-d-installation-sans-pvc-075mm.jpg\",\"width\":800,\"height\":800},{\"@type\":\"BreadcrumbList\",\"@id\":\"https:\\\/\\\/369agara.com\\\/produit\\\/cable-blinde-x3-differentes-sections\\\/#breadcrumb\",\"itemListElement\":[{\"@type\":\"ListItem\",\"position\":1,\"name\":\"Accueil\",\"item\":\"https:\\\/\\\/369agara.com\\\/\"},{\"@type\":\"ListItem\",\"position\":2,\"name\":\"La boutique\",\"item\":\"https:\\\/\\\/369agara.com\\\/la-boutique\\\/\"},{\"@type\":\"ListItem\",\"position\":3,\"name\":\"C\u00e2ble blind\u00e9 Biologa Danell blanc 3 x 0.75 mm\u00b2 | 3 x 1.5 mm\u00b2 sans PVC\"}]},{\"@type\":\"WebSite\",\"@id\":\"https:\\\/\\\/369agara.com\\\/#website\",\"url\":\"https:\\\/\\\/369agara.com\\\/\",\"name\":\"Livsrikedomar\",\"description\":\"D\u00e9connectez pour mieux vous connecter\",\"publisher\":{\"@id\":\"https:\\\/\\\/369agara.com\\\/#organization\"},\"potentialAction\":[{\"@type\":\"SearchAction\",\"target\":{\"@type\":\"EntryPoint\",\"urlTemplate\":\"https:\\\/\\\/369agara.com\\\/?s={search_term_string}\"},\"query-input\":{\"@type\":\"PropertyValueSpecification\",\"valueRequired\":true,\"valueName\":\"search_term_string\"}}],\"inLanguage\":\"sv-SE\"},{\"@type\":\"Organization\",\"@id\":\"https:\\\/\\\/369agara.com\\\/#organization\",\"name\":\"EACreations\",\"url\":\"https:\\\/\\\/369agara.com\\\/\",\"logo\":{\"@type\":\"ImageObject\",\"inLanguage\":\"sv-SE\",\"@id\":\"https:\\\/\\\/369agara.com\\\/#\\\/schema\\\/logo\\\/image\\\/\",\"url\":\"\",\"contentUrl\":\"\",\"caption\":\"EACreations\"},\"image\":{\"@id\":\"https:\\\/\\\/369agara.com\\\/#\\\/schema\\\/logo\\\/image\\\/\"}}]}<\/script>\n<!-- \/ Yoast SEO Premium plugin. -->","yoast_head_json":{"title":"C\u00e2ble blind\u00e9 Biologa Danell blanc 3 x 0.75 mm\u00b2 | 3 x 1.5 mm\u00b2 sans PVC | Agara","description":"Le c\u00e2ble blind\u00e9 Biologa Danell blanc, souple, sans PVC, 0.75 mm\u00b2 ou 1.5 mm\u00b2, permet de vous prot\u00e9ger \u00e0 la fois des champs \u00e9lectriques et des champs magn\u00e9tiques.\u00a0Vendu par bobine de 50 m\u00e8tres.","robots":{"index":"index","follow":"follow","max-snippet":"max-snippet:-1","max-image-preview":"max-image-preview:large","max-video-preview":"max-video-preview:-1"},"canonical":"https:\/\/369agara.com\/sv\/produkt\/cable-blinde-x3-differentes-sections\/","og_locale":"sv_SE","og_type":"article","og_title":"C\u00e2ble blind\u00e9 Biologa Danell blanc 3 x 0.75 mm\u00b2 | 3 x 1.5 mm\u00b2 sans PVC","og_description":"Le c\u00e2ble blind\u00e9 Biologa Danell blanc, souple, sans PVC, 0.75 mm\u00b2 ou 1.5 mm\u00b2, permet de vous prot\u00e9ger \u00e0 la fois des champs \u00e9lectriques et des champs magn\u00e9tiques.\u00a0Vendu par bobine de 50 m\u00e8tres.","og_url":"https:\/\/369agara.com\/sv\/produkt\/cable-blinde-x3-differentes-sections\/","og_site_name":"Agara","article_modified_time":"2025-05-11T07:36:04+00:00","og_image":[{"width":800,"height":800,"url":"https:\/\/369agara.com\/wp-content\/uploads\/2023\/09\/cable-blinde-d-installation-sans-pvc-075mm.jpg","type":"image\/jpeg"}],"twitter_card":"summary_large_image","twitter_misc":{"Ber\u00e4knad l\u00e4stid":"2 minuter"},"schema":{"@context":"https:\/\/schema.org","@graph":[{"@type":"WebPage","@id":"https:\/\/369agara.com\/produit\/cable-blinde-x3-differentes-sections\/","url":"https:\/\/369agara.com\/produit\/cable-blinde-x3-differentes-sections\/","name":"C\u00e2ble blind\u00e9 Biologa Danell blanc 3 x 0.75 mm\u00b2 | 3 x 1.5 mm\u00b2 sans PVC | Agara","isPartOf":{"@id":"https:\/\/369agara.com\/#website"},"primaryImageOfPage":{"@id":"https:\/\/369agara.com\/produit\/cable-blinde-x3-differentes-sections\/#primaryimage"},"image":{"@id":"https:\/\/369agara.com\/produit\/cable-blinde-x3-differentes-sections\/#primaryimage"},"thumbnailUrl":"https:\/\/369agara.com\/wp-content\/uploads\/2023\/09\/cable-blinde-d-installation-sans-pvc-075mm.jpg","datePublished":"2023-09-30T13:35:41+00:00","dateModified":"2025-05-11T07:36:04+00:00","description":"Le c\u00e2ble blind\u00e9 Biologa Danell blanc, souple, sans PVC, 0.75 mm\u00b2 ou 1.5 mm\u00b2, permet de vous prot\u00e9ger \u00e0 la fois des champs \u00e9lectriques et des champs magn\u00e9tiques.\u00a0Vendu par bobine de 50 m\u00e8tres.","breadcrumb":{"@id":"https:\/\/369agara.com\/produit\/cable-blinde-x3-differentes-sections\/#breadcrumb"},"inLanguage":"sv-SE","potentialAction":[{"@type":"ReadAction","target":["https:\/\/369agara.com\/produit\/cable-blinde-x3-differentes-sections\/"]}]},{"@type":"ImageObject","inLanguage":"sv-SE","@id":"https:\/\/369agara.com\/produit\/cable-blinde-x3-differentes-sections\/#primaryimage","url":"https:\/\/369agara.com\/wp-content\/uploads\/2023\/09\/cable-blinde-d-installation-sans-pvc-075mm.jpg","contentUrl":"https:\/\/369agara.com\/wp-content\/uploads\/2023\/09\/cable-blinde-d-installation-sans-pvc-075mm.jpg","width":800,"height":800},{"@type":"BreadcrumbList","@id":"https:\/\/369agara.com\/produit\/cable-blinde-x3-differentes-sections\/#breadcrumb","itemListElement":[{"@type":"ListItem","position":1,"name":"Accueil","item":"https:\/\/369agara.com\/"},{"@type":"ListItem","position":2,"name":"La boutique","item":"https:\/\/369agara.com\/la-boutique\/"},{"@type":"ListItem","position":3,"name":"C\u00e2ble blind\u00e9 Biologa Danell blanc 3 x 0.75 mm\u00b2 | 3 x 1.5 mm\u00b2 sans PVC"}]},{"@type":"WebSite","@id":"https:\/\/369agara.com\/#website","url":"https:\/\/369agara.com\/","name":"Livsrikedomar","description":"Koppla bort f\u00f6r att skapa b\u00e4ttre kontakt","publisher":{"@id":"https:\/\/369agara.com\/#organization"},"potentialAction":[{"@type":"SearchAction","target":{"@type":"EntryPoint","urlTemplate":"https:\/\/369agara.com\/?s={search_term_string}"},"query-input":{"@type":"PropertyValueSpecification","valueRequired":true,"valueName":"search_term_string"}}],"inLanguage":"sv-SE"},{"@type":"Organization","@id":"https:\/\/369agara.com\/#organization","name":"EACreations","url":"https:\/\/369agara.com\/","logo":{"@type":"ImageObject","inLanguage":"sv-SE","@id":"https:\/\/369agara.com\/#\/schema\/logo\/image\/","url":"","contentUrl":"","caption":"EACreations"},"image":{"@id":"https:\/\/369agara.com\/#\/schema\/logo\/image\/"}}]}},"jetpack_sharing_enabled":true,"_links":{"self":[{"href":"https:\/\/369agara.com\/sv\/wp-json\/wp\/v2\/product\/2173","targetHints":{"allow":["GET"]}}],"collection":[{"href":"https:\/\/369agara.com\/sv\/wp-json\/wp\/v2\/product"}],"about":[{"href":"https:\/\/369agara.com\/sv\/wp-json\/wp\/v2\/types\/product"}],"replies":[{"embeddable":true,"href":"https:\/\/369agara.com\/sv\/wp-json\/wp\/v2\/comments?post=2173"}],"wp:featuredmedia":[{"embeddable":true,"href":"https:\/\/369agara.com\/sv\/wp-json\/wp\/v2\/media\/2174"}],"wp:attachment":[{"href":"https:\/\/369agara.com\/sv\/wp-json\/wp\/v2\/media?parent=2173"}],"wp:term":[{"taxonomy":"product_brand","embeddable":true,"href":"https:\/\/369agara.com\/sv\/wp-json\/wp\/v2\/product_brand?post=2173"},{"taxonomy":"product_cat","embeddable":true,"href":"https:\/\/369agara.com\/sv\/wp-json\/wp\/v2\/product_cat?post=2173"},{"taxonomy":"product_tag","embeddable":true,"href":"https:\/\/369agara.com\/sv\/wp-json\/wp\/v2\/product_tag?post=2173"}],"curies":[{"name":"wp","href":"https:\/\/api.w.org\/{rel}","templated":true}]}}