{"id":2192,"date":"2023-09-30T19:04:35","date_gmt":"2023-09-30T17:04:35","guid":{"rendered":"https:\/\/369agara.com\/?post_type=product&#038;p=2192"},"modified":"2025-05-11T09:29:16","modified_gmt":"2025-05-11T07:29:16","slug":"fil-phase-blinde-6mm2-rouge","status":"publish","type":"product","link":"https:\/\/369agara.com\/sv\/produkt\/fil-phase-blinde-6mm2-rouge\/","title":{"rendered":"Sk\u00e4rmad fasledning 6 mm\u00b2 r\u00f6d"},"content":{"rendered":"<p><span style=\"font-family: 'Book Antiqua', Palatino; font-size: 120%; color: #333399;\">Genom att anv\u00e4nda 6,0 mm\u00b2 sk\u00e4rmad fasledning i din elinstallation elimineras elektriska f\u00e4lt och d\u00e4rmed sammanh\u00e4ngande ol\u00e4genheter.<\/span><\/p>\n<p><span style=\"font-family: 'Book Antiqua', Palatino; font-size: 120%; color: #333399;\">De p\u00e5verkar v\u00e5rt nervsystem, immunf\u00f6rsvar och endokrina system och har f\u00f6ljande huvudsakliga effekter : <\/span><\/p>\n<ul>\n<li><span style=\"font-family: 'Book Antiqua', Palatino; font-size: 120%; color: #333399;\">stress<\/span><\/li>\n<li><span style=\"font-family: 'Book Antiqua', Palatino; font-size: 120%; color: #333399;\">nervositet<\/span><\/li>\n<li><span style=\"font-family: 'Book Antiqua', Palatino; font-size: 120%; color: #333399;\">irritabilitet<\/span><\/li>\n<li><span style=\"font-family: 'Book Antiqua', Palatino; font-size: 120%; color: #333399;\">hyperaktivitet<\/span><\/li>\n<li><span style=\"font-family: 'Book Antiqua', Palatino; font-size: 120%; color: #333399;\">s\u00f6mnl\u00f6shet<\/span><\/li>\n<li><span style=\"font-family: 'Book Antiqua', Palatino; font-size: 120%; color: #333399;\">Huvudv\u00e4rk<\/span><\/li>\n<li><span style=\"font-family: 'Book Antiqua', Palatino; font-size: 120%; color: #333399;\">koncentrationssv\u00e5righeter<\/span><\/li>\n<li><span style=\"font-family: 'Book Antiqua', Palatino; font-size: 120%; color: #333399;\">minnesst\u00f6rningar<\/span><\/li>\n<li><span style=\"font-family: 'Book Antiqua', Palatino; font-size: 120%; color: #333399;\">onormal tr\u00f6tthet<\/span><\/li>\n<li><span style=\"font-family: 'Book Antiqua', Palatino; font-size: 120%; color: #333399;\">depression<\/span><\/li>\n<li><span style=\"font-family: 'Book Antiqua', Palatino; font-size: 120%; color: #333399;\">f\u00f6rsurning av kroppen<\/span><\/li>\n<li><span style=\"font-family: 'Book Antiqua', Palatino; font-size: 120%; color: #333399;\">f\u00f6rsvagat immunf\u00f6rsvar<\/span><\/li>\n<li><span style=\"font-family: 'Book Antiqua', Palatino; font-size: 120%; color: #333399;\">etc.<\/span><\/li>\n<\/ul>\n<p><span style=\"font-family: 'Book Antiqua', Palatino; font-size: 120%; color: #333399;\">Det \u00e4r viktigt att anv\u00e4nda sk\u00e4rmade kablar n\u00e4r byggnadsmaterialet \u00e4r mycket ledande, t.ex. tr\u00e4 eller gipsskivor.<\/span><\/p>\n<p><span style=\"font-family: 'Book Antiqua', Palatino; font-size: 120%; color: #333399;\">Sk\u00e4rmad kabel b\u00f6r i f\u00f6rsta hand anv\u00e4ndas i rum d\u00e4r du vistas under l\u00e4ngre perioder (sovrum, kontor), eller till och med i hela hemmet, beroende p\u00e5 hur k\u00e4nslig du \u00e4r f\u00f6r elektriska f\u00e4lt och hur mycket tid du tillbringar i andra rum.<\/span><\/p>\n<h3><span style=\"font-family: 'Book Antiqua', Palatino; font-size: 120%; color: #333399;\">Tekniska specifikationer<\/span><\/h3>\n<ul>\n<li><span style=\"font-family: 'Book Antiqua', Palatino; font-size: 120%; color: #333399;\">Tv\u00e4rsnitt av sk\u00e4rmad kabel: 6 mm\u00b2.<\/span><\/li>\n<li><span style=\"font-family: 'Book Antiqua', Palatino; font-size: 120%; color: #333399;\">Diameter: 7 mm<\/span><\/li>\n<li><span style=\"font-family: 'Book Antiqua', Palatino; font-size: 120%; color: #333399;\">F\u00e4rg: r\u00f6d<\/span><\/li>\n<li><span style=\"font-family: 'Book Antiqua', Palatino; font-size: 120%; color: #333399;\">Rullens l\u00e4ngd: 100 m<\/span><\/li>\n<li><span style=\"font-family: 'Book Antiqua', Palatino; font-size: 120%; color: #333399;\">Spolens vikt: 9 kg<\/span><\/li>\n<li><span style=\"font-family: 'Book Antiqua', Palatino; font-size: 120%; color: #333399;\">Sk\u00e4rmen m\u00e5ste anslutas till jord via ett avlopp.<\/span><\/li>\n<\/ul>","protected":false},"excerpt":{"rendered":"<p><span style=\"font-family: 'Book Antiqua', Palatino; font-size: 120%; color: #333399;\">Den 6,0 mm\u00b2 sk\u00e4rmade fasledningen eliminerar elektriska f\u00e4lt och de nackdelar som \u00e4r f\u00f6rknippade med dessa.\u00a0<\/span><\/p>\n<p><span style=\"font-family: 'Book Antiqua', Palatino; font-size: 120%; color: #333399;\">R\u00f6d f\u00e4rg.\u00a0<\/span><\/p>\n<p><span style=\"font-family: 'Book Antiqua', Palatino; font-size: 120%; color: #333399;\">S\u00e4ljs i rullar om 100 m<\/span><\/p>","protected":false},"featured_media":2193,"comment_status":"open","ping_status":"closed","template":"","meta":[],"product_brand":[],"product_cat":[164],"product_tag":[248,246,247,251,245],"class_list":{"0":"post-2192","1":"product","2":"type-product","3":"status-publish","4":"has-post-thumbnail","6":"product_cat-baubiologie","7":"product_tag-baubiologie","8":"product_tag-bureau","9":"product_tag-chambre","10":"product_tag-electricite","11":"product_tag-maison","13":"first","14":"instock","15":"taxable","16":"shipping-taxable","17":"purchasable","18":"product-type-simple"},"yoast_head":"<!-- This site is optimized with the Yoast SEO Premium plugin v25.1 (Yoast SEO v27.4) - https:\/\/yoast.com\/product\/yoast-seo-premium-wordpress\/ -->\n<title>Fil de phase blind\u00e9 6 mm\u00b2 rouge | Agara<\/title>\n<meta name=\"description\" content=\"Le fil de phase blind\u00e9 6.0 mm\u00b2 permet de supprimer les champs \u00e9lectriques et les inconv\u00e9nients qui lui sont li\u00e9s.\u00a0Coloris rouge.\u00a0Vendu par bobine de 100 m\" \/>\n<meta name=\"robots\" content=\"index, follow, max-snippet:-1, max-image-preview:large, max-video-preview:-1\" \/>\n<link rel=\"canonical\" href=\"https:\/\/369agara.com\/sv\/produkt\/fil-phase-blinde-6mm2-rouge\/\" \/>\n<meta property=\"og:locale\" content=\"sv_SE\" \/>\n<meta property=\"og:type\" content=\"article\" \/>\n<meta property=\"og:title\" content=\"Fil de phase blind\u00e9 6 mm\u00b2 rouge\" \/>\n<meta property=\"og:description\" content=\"Le fil de phase blind\u00e9 6.0 mm\u00b2 permet de supprimer les champs \u00e9lectriques et les inconv\u00e9nients qui lui sont li\u00e9s.\u00a0Coloris rouge.\u00a0Vendu par bobine de 100 m\" \/>\n<meta property=\"og:url\" content=\"https:\/\/369agara.com\/sv\/produkt\/fil-phase-blinde-6mm2-rouge\/\" \/>\n<meta property=\"og:site_name\" content=\"Agara\" \/>\n<meta property=\"article:modified_time\" content=\"2025-05-11T07:29:16+00:00\" \/>\n<meta property=\"og:image\" content=\"https:\/\/369agara.com\/wp-content\/uploads\/2023\/09\/fil-de-phase-blinde-6-mmc2b2-rouge.jpg\" \/>\n\t<meta property=\"og:image:width\" content=\"800\" \/>\n\t<meta property=\"og:image:height\" content=\"800\" \/>\n\t<meta property=\"og:image:type\" content=\"image\/jpeg\" \/>\n<meta name=\"twitter:card\" content=\"summary_large_image\" \/>\n<meta name=\"twitter:label1\" content=\"Ber\u00e4knad l\u00e4stid\" \/>\n\t<meta name=\"twitter:data1\" content=\"2 minuter\" \/>\n<script type=\"application\/ld+json\" class=\"yoast-schema-graph\">{\"@context\":\"https:\\\/\\\/schema.org\",\"@graph\":[{\"@type\":\"WebPage\",\"@id\":\"https:\\\/\\\/369agara.com\\\/produit\\\/fil-phase-blinde-6mm2-rouge\\\/\",\"url\":\"https:\\\/\\\/369agara.com\\\/produit\\\/fil-phase-blinde-6mm2-rouge\\\/\",\"name\":\"Fil de phase blind\u00e9 6 mm\u00b2 rouge | Agara\",\"isPartOf\":{\"@id\":\"https:\\\/\\\/369agara.com\\\/#website\"},\"primaryImageOfPage\":{\"@id\":\"https:\\\/\\\/369agara.com\\\/produit\\\/fil-phase-blinde-6mm2-rouge\\\/#primaryimage\"},\"image\":{\"@id\":\"https:\\\/\\\/369agara.com\\\/produit\\\/fil-phase-blinde-6mm2-rouge\\\/#primaryimage\"},\"thumbnailUrl\":\"https:\\\/\\\/369agara.com\\\/wp-content\\\/uploads\\\/2023\\\/09\\\/fil-de-phase-blinde-6-mmc2b2-rouge.jpg\",\"datePublished\":\"2023-09-30T17:04:35+00:00\",\"dateModified\":\"2025-05-11T07:29:16+00:00\",\"description\":\"Le fil de phase blind\u00e9 6.0 mm\u00b2 permet de supprimer les champs \u00e9lectriques et les inconv\u00e9nients qui lui sont li\u00e9s.\u00a0Coloris rouge.\u00a0Vendu par bobine de 100 m\",\"breadcrumb\":{\"@id\":\"https:\\\/\\\/369agara.com\\\/produit\\\/fil-phase-blinde-6mm2-rouge\\\/#breadcrumb\"},\"inLanguage\":\"sv-SE\",\"potentialAction\":[{\"@type\":\"ReadAction\",\"target\":[\"https:\\\/\\\/369agara.com\\\/produit\\\/fil-phase-blinde-6mm2-rouge\\\/\"]}]},{\"@type\":\"ImageObject\",\"inLanguage\":\"sv-SE\",\"@id\":\"https:\\\/\\\/369agara.com\\\/produit\\\/fil-phase-blinde-6mm2-rouge\\\/#primaryimage\",\"url\":\"https:\\\/\\\/369agara.com\\\/wp-content\\\/uploads\\\/2023\\\/09\\\/fil-de-phase-blinde-6-mmc2b2-rouge.jpg\",\"contentUrl\":\"https:\\\/\\\/369agara.com\\\/wp-content\\\/uploads\\\/2023\\\/09\\\/fil-de-phase-blinde-6-mmc2b2-rouge.jpg\",\"width\":800,\"height\":800},{\"@type\":\"BreadcrumbList\",\"@id\":\"https:\\\/\\\/369agara.com\\\/produit\\\/fil-phase-blinde-6mm2-rouge\\\/#breadcrumb\",\"itemListElement\":[{\"@type\":\"ListItem\",\"position\":1,\"name\":\"Accueil\",\"item\":\"https:\\\/\\\/369agara.com\\\/\"},{\"@type\":\"ListItem\",\"position\":2,\"name\":\"La boutique\",\"item\":\"https:\\\/\\\/369agara.com\\\/la-boutique\\\/\"},{\"@type\":\"ListItem\",\"position\":3,\"name\":\"Fil de phase blind\u00e9 6 mm\u00b2 rouge\"}]},{\"@type\":\"WebSite\",\"@id\":\"https:\\\/\\\/369agara.com\\\/#website\",\"url\":\"https:\\\/\\\/369agara.com\\\/\",\"name\":\"Livsrikedomar\",\"description\":\"D\u00e9connectez pour mieux vous connecter\",\"publisher\":{\"@id\":\"https:\\\/\\\/369agara.com\\\/#organization\"},\"potentialAction\":[{\"@type\":\"SearchAction\",\"target\":{\"@type\":\"EntryPoint\",\"urlTemplate\":\"https:\\\/\\\/369agara.com\\\/?s={search_term_string}\"},\"query-input\":{\"@type\":\"PropertyValueSpecification\",\"valueRequired\":true,\"valueName\":\"search_term_string\"}}],\"inLanguage\":\"sv-SE\"},{\"@type\":\"Organization\",\"@id\":\"https:\\\/\\\/369agara.com\\\/#organization\",\"name\":\"EACreations\",\"url\":\"https:\\\/\\\/369agara.com\\\/\",\"logo\":{\"@type\":\"ImageObject\",\"inLanguage\":\"sv-SE\",\"@id\":\"https:\\\/\\\/369agara.com\\\/#\\\/schema\\\/logo\\\/image\\\/\",\"url\":\"\",\"contentUrl\":\"\",\"caption\":\"EACreations\"},\"image\":{\"@id\":\"https:\\\/\\\/369agara.com\\\/#\\\/schema\\\/logo\\\/image\\\/\"}}]}<\/script>\n<!-- \/ Yoast SEO Premium plugin. -->","yoast_head_json":{"title":"Fil de phase blind\u00e9 6 mm\u00b2 rouge | Agara","description":"Den 6,0 mm\u00b2 sk\u00e4rmade faskabeln eliminerar elektriska f\u00e4lt och d\u00e4rmed sammanh\u00e4ngande ol\u00e4genheter. R\u00f6d f\u00e4rg. S\u00e4ljs i rullar om 100 m.","robots":{"index":"index","follow":"follow","max-snippet":"max-snippet:-1","max-image-preview":"max-image-preview:large","max-video-preview":"max-video-preview:-1"},"canonical":"https:\/\/369agara.com\/sv\/produkt\/fil-phase-blinde-6mm2-rouge\/","og_locale":"sv_SE","og_type":"article","og_title":"Fil de phase blind\u00e9 6 mm\u00b2 rouge","og_description":"Le fil de phase blind\u00e9 6.0 mm\u00b2 permet de supprimer les champs \u00e9lectriques et les inconv\u00e9nients qui lui sont li\u00e9s.\u00a0Coloris rouge.\u00a0Vendu par bobine de 100 m","og_url":"https:\/\/369agara.com\/sv\/produkt\/fil-phase-blinde-6mm2-rouge\/","og_site_name":"Agara","article_modified_time":"2025-05-11T07:29:16+00:00","og_image":[{"width":800,"height":800,"url":"https:\/\/369agara.com\/wp-content\/uploads\/2023\/09\/fil-de-phase-blinde-6-mmc2b2-rouge.jpg","type":"image\/jpeg"}],"twitter_card":"summary_large_image","twitter_misc":{"Ber\u00e4knad l\u00e4stid":"2 minuter"},"schema":{"@context":"https:\/\/schema.org","@graph":[{"@type":"WebPage","@id":"https:\/\/369agara.com\/produit\/fil-phase-blinde-6mm2-rouge\/","url":"https:\/\/369agara.com\/produit\/fil-phase-blinde-6mm2-rouge\/","name":"Fil de phase blind\u00e9 6 mm\u00b2 rouge | Agara","isPartOf":{"@id":"https:\/\/369agara.com\/#website"},"primaryImageOfPage":{"@id":"https:\/\/369agara.com\/produit\/fil-phase-blinde-6mm2-rouge\/#primaryimage"},"image":{"@id":"https:\/\/369agara.com\/produit\/fil-phase-blinde-6mm2-rouge\/#primaryimage"},"thumbnailUrl":"https:\/\/369agara.com\/wp-content\/uploads\/2023\/09\/fil-de-phase-blinde-6-mmc2b2-rouge.jpg","datePublished":"2023-09-30T17:04:35+00:00","dateModified":"2025-05-11T07:29:16+00:00","description":"Den 6,0 mm\u00b2 sk\u00e4rmade faskabeln eliminerar elektriska f\u00e4lt och d\u00e4rmed sammanh\u00e4ngande ol\u00e4genheter. R\u00f6d f\u00e4rg. S\u00e4ljs i rullar om 100 m.","breadcrumb":{"@id":"https:\/\/369agara.com\/produit\/fil-phase-blinde-6mm2-rouge\/#breadcrumb"},"inLanguage":"sv-SE","potentialAction":[{"@type":"ReadAction","target":["https:\/\/369agara.com\/produit\/fil-phase-blinde-6mm2-rouge\/"]}]},{"@type":"ImageObject","inLanguage":"sv-SE","@id":"https:\/\/369agara.com\/produit\/fil-phase-blinde-6mm2-rouge\/#primaryimage","url":"https:\/\/369agara.com\/wp-content\/uploads\/2023\/09\/fil-de-phase-blinde-6-mmc2b2-rouge.jpg","contentUrl":"https:\/\/369agara.com\/wp-content\/uploads\/2023\/09\/fil-de-phase-blinde-6-mmc2b2-rouge.jpg","width":800,"height":800},{"@type":"BreadcrumbList","@id":"https:\/\/369agara.com\/produit\/fil-phase-blinde-6mm2-rouge\/#breadcrumb","itemListElement":[{"@type":"ListItem","position":1,"name":"Accueil","item":"https:\/\/369agara.com\/"},{"@type":"ListItem","position":2,"name":"La boutique","item":"https:\/\/369agara.com\/la-boutique\/"},{"@type":"ListItem","position":3,"name":"Fil de phase blind\u00e9 6 mm\u00b2 rouge"}]},{"@type":"WebSite","@id":"https:\/\/369agara.com\/#website","url":"https:\/\/369agara.com\/","name":"Livsrikedomar","description":"Koppla bort f\u00f6r att skapa b\u00e4ttre kontakt","publisher":{"@id":"https:\/\/369agara.com\/#organization"},"potentialAction":[{"@type":"SearchAction","target":{"@type":"EntryPoint","urlTemplate":"https:\/\/369agara.com\/?s={search_term_string}"},"query-input":{"@type":"PropertyValueSpecification","valueRequired":true,"valueName":"search_term_string"}}],"inLanguage":"sv-SE"},{"@type":"Organization","@id":"https:\/\/369agara.com\/#organization","name":"EACreations","url":"https:\/\/369agara.com\/","logo":{"@type":"ImageObject","inLanguage":"sv-SE","@id":"https:\/\/369agara.com\/#\/schema\/logo\/image\/","url":"","contentUrl":"","caption":"EACreations"},"image":{"@id":"https:\/\/369agara.com\/#\/schema\/logo\/image\/"}}]}},"jetpack_sharing_enabled":true,"_links":{"self":[{"href":"https:\/\/369agara.com\/sv\/wp-json\/wp\/v2\/product\/2192","targetHints":{"allow":["GET"]}}],"collection":[{"href":"https:\/\/369agara.com\/sv\/wp-json\/wp\/v2\/product"}],"about":[{"href":"https:\/\/369agara.com\/sv\/wp-json\/wp\/v2\/types\/product"}],"replies":[{"embeddable":true,"href":"https:\/\/369agara.com\/sv\/wp-json\/wp\/v2\/comments?post=2192"}],"wp:featuredmedia":[{"embeddable":true,"href":"https:\/\/369agara.com\/sv\/wp-json\/wp\/v2\/media\/2193"}],"wp:attachment":[{"href":"https:\/\/369agara.com\/sv\/wp-json\/wp\/v2\/media?parent=2192"}],"wp:term":[{"taxonomy":"product_brand","embeddable":true,"href":"https:\/\/369agara.com\/sv\/wp-json\/wp\/v2\/product_brand?post=2192"},{"taxonomy":"product_cat","embeddable":true,"href":"https:\/\/369agara.com\/sv\/wp-json\/wp\/v2\/product_cat?post=2192"},{"taxonomy":"product_tag","embeddable":true,"href":"https:\/\/369agara.com\/sv\/wp-json\/wp\/v2\/product_tag?post=2192"}],"curies":[{"name":"wp","href":"https:\/\/api.w.org\/{rel}","templated":true}]}}