{"id":2199,"date":"2023-09-30T19:40:22","date_gmt":"2023-09-30T17:40:22","guid":{"rendered":"https:\/\/369agara.com\/?post_type=product&#038;p=2199"},"modified":"2025-05-15T22:14:51","modified_gmt":"2025-05-15T20:14:51","slug":"boitier-encastrement-blinde-47mm-59mm","status":"publish","type":"product","link":"https:\/\/369agara.com\/sv\/produkt\/boitier-encastrement-blinde-47mm-59mm\/","title":{"rendered":"Sk\u00e4rmad inf\u00e4lld dosa Biologa Danell 47 mm | 59 mm"},"content":{"rendered":"<p><span style=\"font-family: 'Book Antiqua', Palatino; font-size: 120%; color: #333399;\">Sk\u00e4rmade inf\u00e4llda dosor \u00e4r inf\u00e4llda dosor som vakuumbelagts med ett metallskikt f\u00f6r att reducera l\u00e5gfrekventa elektriska v\u00e4xelf\u00e4lt. Metallbel\u00e4ggningen sitter p\u00e5 utsidan av dosan och \u00e4r f\u00f6rsedd med en nitad 1,5 mm\u00b2 potentialutj\u00e4mningsledning. Denna ansluts till konventionella pluggplintar (Wago, Weidm\u00fcller) och till kabelns sk\u00e4rmtr\u00e5d eller till PE (gul\/gr\u00f6n) p\u00e5 en osk\u00e4rmad kabel.<\/span><\/p>\n<p><span style=\"font-family: 'Book Antiqua', Palatino; font-size: 120%; color: #333399;\">Danell Biologas sk\u00e4rmade inf\u00e4llnadsdosa, som anv\u00e4nds tillsammans med sk\u00e4rmade fasledningar eller sk\u00e4rmade kablar i din elinstallation, eliminerar elektriska f\u00e4lt och de nackdelar som \u00e4r f\u00f6rknippade med dessa.<\/span><\/p>\n<p><span style=\"font-family: 'Book Antiqua', Palatino; font-size: 120%; color: #333399;\">De p\u00e5verkar v\u00e5rt nervsystem, immunf\u00f6rsvar och endokrina system och har f\u00f6ljande huvudsakliga effekter :<\/span><\/p>\n<ul>\n<li><span style=\"font-family: 'Book Antiqua', Palatino; font-size: 120%; color: #333399;\">stress,<\/span><\/li>\n<li><span style=\"font-family: 'Book Antiqua', Palatino; font-size: 120%; color: #333399;\">nervositet,<\/span><\/li>\n<li><span style=\"font-family: 'Book Antiqua', Palatino; font-size: 120%; color: #333399;\">irritabilitet,<\/span><\/li>\n<li><span style=\"font-family: 'Book Antiqua', Palatino; font-size: 120%; color: #333399;\">hyperaktivitet,<\/span><\/li>\n<li><span style=\"font-family: 'Book Antiqua', Palatino; font-size: 120%; color: #333399;\">s\u00f6mnl\u00f6shet,<\/span><\/li>\n<li><span style=\"font-family: 'Book Antiqua', Palatino; font-size: 120%; color: #333399;\">huvudv\u00e4rk,<\/span><\/li>\n<li><span style=\"font-family: 'Book Antiqua', Palatino; font-size: 120%; color: #333399;\">koncentrationssv\u00e5righeter och f\u00f6rs\u00e4mrat minne,\u00a0<\/span><\/li>\n<li><span style=\"font-family: 'Book Antiqua', Palatino; font-size: 120%; color: #333399;\">onormal tr\u00f6tthet,<\/span><\/li>\n<li><span style=\"font-family: 'Book Antiqua', Palatino; font-size: 120%; color: #333399;\">depression,<\/span><\/li>\n<li><span style=\"font-family: 'Book Antiqua', Palatino; font-size: 120%; color: #333399;\">f\u00f6rsurning av kroppen,<\/span><\/li>\n<li><span style=\"font-family: 'Book Antiqua', Palatino; font-size: 120%; color: #333399;\">sviktande immunf\u00f6rsvar,<\/span><\/li>\n<li><span style=\"font-family: 'Book Antiqua', Palatino; font-size: 120%; color: #333399;\">etc.<\/span><\/li>\n<\/ul>\n<p><span style=\"font-family: 'Book Antiqua', Palatino; font-size: 120%; color: #ed1c24;\"><strong>Det \u00e4r viktigt att anv\u00e4nda sk\u00e4rmade produkter n\u00e4r byggnadsmaterialen \u00e4r mycket ledande, t.ex. tr\u00e4 eller gipsskivor.<\/strong><\/span><\/p>\n<p><span style=\"font-family: 'Book Antiqua', Palatino; font-size: 120%; color: #ed1c24;\"><strong>Sk\u00e4rmade ledningar, kablar och boxar b\u00f6r i f\u00f6rsta hand anv\u00e4ndas i rum d\u00e4r du vistas under l\u00e4ngre perioder (sovrum, kontor), eller till och med i hela hemmet, beroende p\u00e5 din k\u00e4nslighet f\u00f6r elektriska f\u00e4lt och hur mycket tid du tillbringar i andra rum.<\/strong><\/span><\/p>\n<h3><span style=\"font-family: 'Book Antiqua', Palatino; font-size: 120%; color: #333399;\">Tekniska specifikationer<\/span><\/h3>\n<ul>\n<li><span style=\"font-family: 'Book Antiqua', Palatino; font-size: 120%; color: #333399;\">Djup: 47 mm (platt version) \/ 59 mm (djup version)<\/span><\/li>\n<li><span style=\"font-family: 'Book Antiqua', Palatino; font-size: 120%; color: #333399;\">Diameter: \u2300 68 mm<\/span><\/li>\n<li><span style=\"font-family: 'Book Antiqua', Palatino; font-size: 120%; color: #333399;\">F\u00e4rg: svart \/ silver<\/span><\/li>\n<li><span style=\"font-family: 'Book Antiqua', Palatino; font-size: 120%; color: #333399;\">Material: syntetiskt material (PS)<\/span><\/li>\n<li><span style=\"font-family: 'Book Antiqua', Palatino; font-size: 120%; color: #333399;\">Standard skruvavst\u00e5nd: 60 mm<\/span><\/li>\n<li><span style=\"font-family: 'Book Antiqua', Palatino; font-size: 120%; color: #333399;\">Panelens tjocklek: 7 - 35 mm<\/span><\/li>\n<li><span style=\"font-family: 'Book Antiqua', Palatino; font-size: 120%; color: #333399;\">Montering med skruv eller distansf\u00e4ste<\/span><\/li>\n<li><span style=\"font-family: 'Book Antiqua', Palatino; font-size: 120%; color: #333399;\">Med l\u00e5sbar kontakt<\/span><\/li>\n<li><span style=\"font-family: 'Book Antiqua', Palatino; font-size: 120%; color: #333399;\">Potentialanslutningskabel 1,5 mm\u00b2 (CU, solid, styv)<\/span><\/li>\n<li><span style=\"font-family: 'Book Antiqua', Palatino; font-size: 120%; color: #333399;\">Skyddsklass: IP20<\/span><\/li>\n<\/ul>\n<p><span style=\"font-family: 'Book Antiqua', Palatino; font-size: 120%; color: #333399;\">Tillverkad i Tyskland<\/span><\/p>","protected":false},"excerpt":{"rendered":"<p><span style=\"font-family: 'Book Antiqua', Palatino; font-size: 120%; color: #333399;\">Den sk\u00e4rmade inf\u00e4llningsdosan Danell Biologa ger skydd mot elektriska f\u00e4lt.\u00a0<\/span><\/p>\n<p><span style=\"font-family: 'Book Antiqua', Palatino; font-size: 120%; color: #333399;\">Djup: 47 mm eller 59 mm<\/span><\/p>","protected":false},"featured_media":2200,"comment_status":"open","ping_status":"closed","template":"","meta":[],"product_brand":[265],"product_cat":[164],"product_tag":[246,247,251,245],"class_list":{"0":"post-2199","1":"product","2":"type-product","3":"status-publish","4":"has-post-thumbnail","6":"product_brand-biologa-danell","7":"product_cat-baubiologie","8":"product_tag-bureau","9":"product_tag-chambre","10":"product_tag-electricite","11":"product_tag-maison","13":"first","14":"instock","15":"taxable","16":"shipping-taxable","17":"purchasable","18":"product-type-variable"},"yoast_head":"<!-- This site is optimized with the Yoast SEO Premium plugin v25.1 (Yoast SEO v27.4) - https:\/\/yoast.com\/product\/yoast-seo-premium-wordpress\/ -->\n<title>Bo\u00eetier d&#039;encastrement blind\u00e9 Biologa Danell 47 mm | 59 mm | Agara<\/title>\n<meta name=\"description\" content=\"Le bo\u00eetier d&#039;encastrement blind\u00e9 Biologa Danell permet de prot\u00e9ger des champs \u00e9lectriques.\u00a0Profondeur : 47 mm eller 59 mm\" \/>\n<meta name=\"robots\" content=\"index, follow, max-snippet:-1, max-image-preview:large, max-video-preview:-1\" \/>\n<link rel=\"canonical\" href=\"https:\/\/369agara.com\/sv\/produkt\/boitier-encastrement-blinde-47mm-59mm\/\" \/>\n<meta property=\"og:locale\" content=\"sv_SE\" \/>\n<meta property=\"og:type\" content=\"article\" \/>\n<meta property=\"og:title\" content=\"Bo\u00eetier d&#039;encastrement blind\u00e9 Biologa Danell 47 mm | 59 mm\" \/>\n<meta property=\"og:description\" content=\"Le bo\u00eetier d&#039;encastrement blind\u00e9 Biologa Danell permet de prot\u00e9ger des champs \u00e9lectriques.\u00a0Profondeur : 47 mm eller 59 mm\" \/>\n<meta property=\"og:url\" content=\"https:\/\/369agara.com\/sv\/produkt\/boitier-encastrement-blinde-47mm-59mm\/\" \/>\n<meta property=\"og:site_name\" content=\"Agara\" \/>\n<meta property=\"article:modified_time\" content=\"2025-05-15T20:14:51+00:00\" \/>\n<meta property=\"og:image\" content=\"https:\/\/369agara.com\/wp-content\/uploads\/2023\/09\/boitier-d-encastrement-blinde-danell-47-mm.jpg\" \/>\n\t<meta property=\"og:image:width\" content=\"800\" \/>\n\t<meta property=\"og:image:height\" content=\"800\" \/>\n\t<meta property=\"og:image:type\" content=\"image\/jpeg\" \/>\n<meta name=\"twitter:card\" content=\"summary_large_image\" \/>\n<meta name=\"twitter:label1\" content=\"Ber\u00e4knad l\u00e4stid\" \/>\n\t<meta name=\"twitter:data1\" content=\"2 minuter\" \/>\n<script type=\"application\/ld+json\" class=\"yoast-schema-graph\">{\"@context\":\"https:\\\/\\\/schema.org\",\"@graph\":[{\"@type\":\"WebPage\",\"@id\":\"https:\\\/\\\/369agara.com\\\/produit\\\/boitier-encastrement-blinde-47mm-59mm\\\/\",\"url\":\"https:\\\/\\\/369agara.com\\\/produit\\\/boitier-encastrement-blinde-47mm-59mm\\\/\",\"name\":\"Bo\u00eetier d'encastrement blind\u00e9 Biologa Danell 47 mm | 59 mm | Agara\",\"isPartOf\":{\"@id\":\"https:\\\/\\\/369agara.com\\\/#website\"},\"primaryImageOfPage\":{\"@id\":\"https:\\\/\\\/369agara.com\\\/produit\\\/boitier-encastrement-blinde-47mm-59mm\\\/#primaryimage\"},\"image\":{\"@id\":\"https:\\\/\\\/369agara.com\\\/produit\\\/boitier-encastrement-blinde-47mm-59mm\\\/#primaryimage\"},\"thumbnailUrl\":\"https:\\\/\\\/369agara.com\\\/wp-content\\\/uploads\\\/2023\\\/09\\\/boitier-d-encastrement-blinde-danell-47-mm.jpg\",\"datePublished\":\"2023-09-30T17:40:22+00:00\",\"dateModified\":\"2025-05-15T20:14:51+00:00\",\"description\":\"Le bo\u00eetier d'encastrement blind\u00e9 Biologa Danell permet de prot\u00e9ger des champs \u00e9lectriques.\u00a0Profondeur : 47 mm eller 59 mm\",\"breadcrumb\":{\"@id\":\"https:\\\/\\\/369agara.com\\\/produit\\\/boitier-encastrement-blinde-47mm-59mm\\\/#breadcrumb\"},\"inLanguage\":\"sv-SE\",\"potentialAction\":[{\"@type\":\"ReadAction\",\"target\":[\"https:\\\/\\\/369agara.com\\\/produit\\\/boitier-encastrement-blinde-47mm-59mm\\\/\"]}]},{\"@type\":\"ImageObject\",\"inLanguage\":\"sv-SE\",\"@id\":\"https:\\\/\\\/369agara.com\\\/produit\\\/boitier-encastrement-blinde-47mm-59mm\\\/#primaryimage\",\"url\":\"https:\\\/\\\/369agara.com\\\/wp-content\\\/uploads\\\/2023\\\/09\\\/boitier-d-encastrement-blinde-danell-47-mm.jpg\",\"contentUrl\":\"https:\\\/\\\/369agara.com\\\/wp-content\\\/uploads\\\/2023\\\/09\\\/boitier-d-encastrement-blinde-danell-47-mm.jpg\",\"width\":800,\"height\":800},{\"@type\":\"BreadcrumbList\",\"@id\":\"https:\\\/\\\/369agara.com\\\/produit\\\/boitier-encastrement-blinde-47mm-59mm\\\/#breadcrumb\",\"itemListElement\":[{\"@type\":\"ListItem\",\"position\":1,\"name\":\"Accueil\",\"item\":\"https:\\\/\\\/369agara.com\\\/\"},{\"@type\":\"ListItem\",\"position\":2,\"name\":\"La boutique\",\"item\":\"https:\\\/\\\/369agara.com\\\/la-boutique\\\/\"},{\"@type\":\"ListItem\",\"position\":3,\"name\":\"Bo\u00eetier d&rsquo;encastrement blind\u00e9 Biologa Danell 47 mm | 59 mm\"}]},{\"@type\":\"WebSite\",\"@id\":\"https:\\\/\\\/369agara.com\\\/#website\",\"url\":\"https:\\\/\\\/369agara.com\\\/\",\"name\":\"Livsrikedomar\",\"description\":\"D\u00e9connectez pour mieux vous connecter\",\"publisher\":{\"@id\":\"https:\\\/\\\/369agara.com\\\/#organization\"},\"potentialAction\":[{\"@type\":\"SearchAction\",\"target\":{\"@type\":\"EntryPoint\",\"urlTemplate\":\"https:\\\/\\\/369agara.com\\\/?s={search_term_string}\"},\"query-input\":{\"@type\":\"PropertyValueSpecification\",\"valueRequired\":true,\"valueName\":\"search_term_string\"}}],\"inLanguage\":\"sv-SE\"},{\"@type\":\"Organization\",\"@id\":\"https:\\\/\\\/369agara.com\\\/#organization\",\"name\":\"EACreations\",\"url\":\"https:\\\/\\\/369agara.com\\\/\",\"logo\":{\"@type\":\"ImageObject\",\"inLanguage\":\"sv-SE\",\"@id\":\"https:\\\/\\\/369agara.com\\\/#\\\/schema\\\/logo\\\/image\\\/\",\"url\":\"\",\"contentUrl\":\"\",\"caption\":\"EACreations\"},\"image\":{\"@id\":\"https:\\\/\\\/369agara.com\\\/#\\\/schema\\\/logo\\\/image\\\/\"}}]}<\/script>\n<!-- \/ Yoast SEO Premium plugin. -->","yoast_head_json":{"title":"Bo\u00eetier d'encastrement blind\u00e9 Biologa Danell 47 mm | 59 mm | Agara","description":"Le bo\u00eetier d'encastrement blind\u00e9 Biologa Danell permet de prot\u00e9ger des champs \u00e9lectriques.\u00a0Profondeur : 47 mm eller 59 mm","robots":{"index":"index","follow":"follow","max-snippet":"max-snippet:-1","max-image-preview":"max-image-preview:large","max-video-preview":"max-video-preview:-1"},"canonical":"https:\/\/369agara.com\/sv\/produkt\/boitier-encastrement-blinde-47mm-59mm\/","og_locale":"sv_SE","og_type":"article","og_title":"Bo\u00eetier d'encastrement blind\u00e9 Biologa Danell 47 mm | 59 mm","og_description":"Le bo\u00eetier d'encastrement blind\u00e9 Biologa Danell permet de prot\u00e9ger des champs \u00e9lectriques.\u00a0Profondeur : 47 mm eller 59 mm","og_url":"https:\/\/369agara.com\/sv\/produkt\/boitier-encastrement-blinde-47mm-59mm\/","og_site_name":"Agara","article_modified_time":"2025-05-15T20:14:51+00:00","og_image":[{"width":800,"height":800,"url":"https:\/\/369agara.com\/wp-content\/uploads\/2023\/09\/boitier-d-encastrement-blinde-danell-47-mm.jpg","type":"image\/jpeg"}],"twitter_card":"summary_large_image","twitter_misc":{"Ber\u00e4knad l\u00e4stid":"2 minuter"},"schema":{"@context":"https:\/\/schema.org","@graph":[{"@type":"WebPage","@id":"https:\/\/369agara.com\/produit\/boitier-encastrement-blinde-47mm-59mm\/","url":"https:\/\/369agara.com\/produit\/boitier-encastrement-blinde-47mm-59mm\/","name":"Bo\u00eetier d'encastrement blind\u00e9 Biologa Danell 47 mm | 59 mm | Agara","isPartOf":{"@id":"https:\/\/369agara.com\/#website"},"primaryImageOfPage":{"@id":"https:\/\/369agara.com\/produit\/boitier-encastrement-blinde-47mm-59mm\/#primaryimage"},"image":{"@id":"https:\/\/369agara.com\/produit\/boitier-encastrement-blinde-47mm-59mm\/#primaryimage"},"thumbnailUrl":"https:\/\/369agara.com\/wp-content\/uploads\/2023\/09\/boitier-d-encastrement-blinde-danell-47-mm.jpg","datePublished":"2023-09-30T17:40:22+00:00","dateModified":"2025-05-15T20:14:51+00:00","description":"Le bo\u00eetier d'encastrement blind\u00e9 Biologa Danell permet de prot\u00e9ger des champs \u00e9lectriques.\u00a0Profondeur : 47 mm eller 59 mm","breadcrumb":{"@id":"https:\/\/369agara.com\/produit\/boitier-encastrement-blinde-47mm-59mm\/#breadcrumb"},"inLanguage":"sv-SE","potentialAction":[{"@type":"ReadAction","target":["https:\/\/369agara.com\/produit\/boitier-encastrement-blinde-47mm-59mm\/"]}]},{"@type":"ImageObject","inLanguage":"sv-SE","@id":"https:\/\/369agara.com\/produit\/boitier-encastrement-blinde-47mm-59mm\/#primaryimage","url":"https:\/\/369agara.com\/wp-content\/uploads\/2023\/09\/boitier-d-encastrement-blinde-danell-47-mm.jpg","contentUrl":"https:\/\/369agara.com\/wp-content\/uploads\/2023\/09\/boitier-d-encastrement-blinde-danell-47-mm.jpg","width":800,"height":800},{"@type":"BreadcrumbList","@id":"https:\/\/369agara.com\/produit\/boitier-encastrement-blinde-47mm-59mm\/#breadcrumb","itemListElement":[{"@type":"ListItem","position":1,"name":"Accueil","item":"https:\/\/369agara.com\/"},{"@type":"ListItem","position":2,"name":"La boutique","item":"https:\/\/369agara.com\/la-boutique\/"},{"@type":"ListItem","position":3,"name":"Bo\u00eetier d&rsquo;encastrement blind\u00e9 Biologa Danell 47 mm | 59 mm"}]},{"@type":"WebSite","@id":"https:\/\/369agara.com\/#website","url":"https:\/\/369agara.com\/","name":"Livsrikedomar","description":"Koppla bort f\u00f6r att skapa b\u00e4ttre kontakt","publisher":{"@id":"https:\/\/369agara.com\/#organization"},"potentialAction":[{"@type":"SearchAction","target":{"@type":"EntryPoint","urlTemplate":"https:\/\/369agara.com\/?s={search_term_string}"},"query-input":{"@type":"PropertyValueSpecification","valueRequired":true,"valueName":"search_term_string"}}],"inLanguage":"sv-SE"},{"@type":"Organization","@id":"https:\/\/369agara.com\/#organization","name":"EACreations","url":"https:\/\/369agara.com\/","logo":{"@type":"ImageObject","inLanguage":"sv-SE","@id":"https:\/\/369agara.com\/#\/schema\/logo\/image\/","url":"","contentUrl":"","caption":"EACreations"},"image":{"@id":"https:\/\/369agara.com\/#\/schema\/logo\/image\/"}}]}},"jetpack_sharing_enabled":true,"_links":{"self":[{"href":"https:\/\/369agara.com\/sv\/wp-json\/wp\/v2\/product\/2199","targetHints":{"allow":["GET"]}}],"collection":[{"href":"https:\/\/369agara.com\/sv\/wp-json\/wp\/v2\/product"}],"about":[{"href":"https:\/\/369agara.com\/sv\/wp-json\/wp\/v2\/types\/product"}],"replies":[{"embeddable":true,"href":"https:\/\/369agara.com\/sv\/wp-json\/wp\/v2\/comments?post=2199"}],"wp:featuredmedia":[{"embeddable":true,"href":"https:\/\/369agara.com\/sv\/wp-json\/wp\/v2\/media\/2200"}],"wp:attachment":[{"href":"https:\/\/369agara.com\/sv\/wp-json\/wp\/v2\/media?parent=2199"}],"wp:term":[{"taxonomy":"product_brand","embeddable":true,"href":"https:\/\/369agara.com\/sv\/wp-json\/wp\/v2\/product_brand?post=2199"},{"taxonomy":"product_cat","embeddable":true,"href":"https:\/\/369agara.com\/sv\/wp-json\/wp\/v2\/product_cat?post=2199"},{"taxonomy":"product_tag","embeddable":true,"href":"https:\/\/369agara.com\/sv\/wp-json\/wp\/v2\/product_tag?post=2199"}],"curies":[{"name":"wp","href":"https:\/\/api.w.org\/{rel}","templated":true}]}}