{"id":2411,"date":"2023-10-28T18:44:44","date_gmt":"2023-10-28T16:44:44","guid":{"rendered":"https:\/\/369agara.com\/?post_type=product&#038;p=2411"},"modified":"2025-05-13T11:36:52","modified_gmt":"2025-05-13T09:36:52","slug":"tapis-antistatique-voiture-earthing","status":"publish","type":"product","link":"https:\/\/369agara.com\/sv\/produkt\/tapis-antistatique-voiture-earthing\/","title":{"rendered":"Jordande antistatisk matta f\u00f6r bilbarnstol"},"content":{"rendered":"<p><span style=\"font-family: 'Book Antiqua', Palatino; font-size: 120%; color: #333399;\">Njut av f\u00f6rdelarna med jordning \u00e4ven i bilen med v\u00e5r f\u00f6rars\u00e4tesmatta.<\/span><\/p>\n<p><span style=\"font-family: 'Book Antiqua', Palatino; font-size: 120%; color: #333399;\">Denna antistatiska matta \u00e4r speciellt utformad f\u00f6r att minska de elektrostatiska laddningar som ackumuleras under dina resor och f\u00f6rb\u00e4ttra din komfort p\u00e5 v\u00e4gen.<\/span><\/p>\n<h3><span style=\"font-family: 'Book Antiqua', Palatino; font-size: 120%; color: #333399;\">Utformad f\u00f6r anv\u00e4ndning i bilen<\/span><\/h3>\n<p><span style=\"font-family: 'Book Antiqua', Palatino; font-size: 120%; color: #333399;\">Denna Earthing-matta f\u00f6r bilbarnstolar \u00e4r tillverkad av kolberikat ledande gummi och placeras direkt p\u00e5 s\u00e4tet. Den levereras med :<\/span><\/p>\n<ul>\n<li><span style=\"font-family: 'Book Antiqua', Palatino; font-size: 120%; color: #333399;\">En anslutningssladd<\/span><\/li>\n<li><span style=\"font-family: 'Book Antiqua', Palatino; font-size: 120%; color: #333399;\">En krokodilkl\u00e4mma f\u00f6r enkel fasts\u00e4ttning p\u00e5 en metalldel av fordonet (vanligtvis chassit eller ramen under s\u00e4tet - det kan vara n\u00f6dv\u00e4ndigt att skrapa l\u00e4tt p\u00e5 lacken f\u00f6r att s\u00e4kerst\u00e4lla god kontakt med metallen).<\/span><\/li>\n<\/ul>\n<p><span style=\"font-family: 'Book Antiqua', Palatino; font-size: 120%; color: #333399;\">Till skillnad fr\u00e5n en jordmatta f\u00f6r hemmet som ansluts direkt till jorden, ansluter den h\u00e4r bilmodellen dig till fordonets jord, vilket begr\u00e4nsar uppbyggnaden av elektriska laddningar mellan din kropp och karosseriet.<\/span><\/p>\n<h3><span style=\"font-family: 'Book Antiqua', Palatino; font-size: 120%; color: #333399;\">Idealisk f\u00f6r l\u00e5nga resor och k\u00e4nsliga f\u00f6rare<\/span><\/h3>\n<p><span style=\"font-family: 'Book Antiqua', Palatino; font-size: 120%; color: #333399;\">Studier tyder p\u00e5 att man genom att minska elektrostatiska laddningar i bilar kan :<\/span><\/p>\n<ul>\n<li><span style=\"font-family: 'Book Antiqua', Palatino; font-size: 120%; color: #333399;\">Lindrar \u00e5ksjuka;<\/span><\/li>\n<li><span style=\"font-family: 'Book Antiqua', Palatino; font-size: 120%; color: #333399;\">Minska tr\u00f6ttheten vid ratten ;<\/span><\/li>\n<li><span style=\"font-family: 'Book Antiqua', Palatino; font-size: 120%; color: #333399;\">F\u00f6rb\u00e4ttrad elektromagnetisk komfort.<\/span><\/li>\n<\/ul>\n<p><span style=\"font-family: 'Book Antiqua', Palatino; font-size: 120%; color: #333399;\">Denna matta kan anv\u00e4ndas genom kl\u00e4derna, eftersom dess fr\u00e4msta uppgift \u00e4r att f\u00f6rhindra statisk elektricitet. Den kr\u00e4ver inte direktkontakt med huden.<\/span><\/p>\n<h3><span style=\"font-family: 'Book Antiqua', Palatino; font-size: 120%; color: #333399;\">Vad \u00e4r jordning?<\/span><\/h3>\n<p><span style=\"font-family: 'Book Antiqua', Palatino; font-size: 120%; color: #333399;\">Jordning \u00e4r en naturlig metod som inneb\u00e4r att man skapar en elektrisk f\u00f6rbindelse till jorden f\u00f6r att \u00e5terst\u00e4lla den bioelektriska balansen. Precis som n\u00e4r man g\u00e5r barfota i naturen \u00e5terskapar jordningsaccessoarer denna positiva effekt.<\/span><\/p>\n<p><span style=\"font-family: 'Book Antiqua', Palatino; font-size: 120%; color: #333399;\">Enligt Clinton Ober, Stephen Sinatra och Martin Zucker kan jordning ha m\u00e5nga f\u00f6rdelar:<\/span><\/p>\n<ul>\n<li><span style=\"font-family: 'Book Antiqua', Palatino; font-size: 120%; color: #333399;\">F\u00f6rb\u00e4ttrat immunf\u00f6rsvar ;<\/span><\/li>\n<li><span style=\"font-family: 'Book Antiqua', Palatino; font-size: 120%; color: #333399;\">Reglering av s\u00f6mn och den biologiska klockan ;<\/span><\/li>\n<li><span style=\"font-family: 'Book Antiqua', Palatino; font-size: 120%; color: #333399;\">Minskar stress, \u00e5ngest och muskelsm\u00e4rta;<\/span><\/li>\n<li><span style=\"font-family: 'Book Antiqua', Palatino; font-size: 120%; color: #333399;\">B\u00e4ttre blodcirkulation ;<\/span><\/li>\n<li><span style=\"font-family: 'Book Antiqua', Palatino; font-size: 120%; color: #333399;\">Lindring av symtomen p\u00e5 el\u00f6verk\u00e4nslighet ;<\/span><\/li>\n<li><span style=\"font-family: 'Book Antiqua', Palatino; font-size: 120%; color: #333399;\">Snabbare fysisk \u00e5terh\u00e4mtning och minskad inflammation.<\/span><\/li>\n<\/ul>\n<p><span style=\"font-family: 'Book Antiqua', Palatino; font-size: 120%; color: #ed1c24;\">Denna h\u00e4lsoprodukt \u00e4r inte en ers\u00e4ttning f\u00f6r medicinsk r\u00e5dgivning. Om du har n\u00e5gra tvivel eller h\u00e4lsoproblem, v\u00e4nligen kontakta en kvalificerad v\u00e5rdpersonal.<\/span><\/p>\n<h3><span style=\"font-family: 'Book Antiqua', Palatino; font-size: 120%; color: #333399;\">Tekniska specifikationer<\/span><\/h3>\n<p><span style=\"font-family: 'Book Antiqua', Palatino; font-size: 120%; color: #333399;\">M\u00e5tt: 25 x 25 cm<\/span><\/p>\n<p><span style=\"font-family: 'Book Antiqua', Palatino; font-size: 120%; color: #333399;\">Tillverkad av en skumk\u00e4rna med ett lager av ledande kol.<\/span><\/p>\n<p><span style=\"font-family: 'Book Antiqua', Palatino; font-size: 120%; color: #333399;\">Levereras med en f\u00f6rl\u00e4ngningsbar anslutningssladd f\u00f6rsedd med krokodilkl\u00e4mma.<\/span><\/p>","protected":false},"excerpt":{"rendered":"<p><span style=\"font-family: 'Book Antiqua', Palatino; font-size: 120%; color: #333399;\"><strong>Njut av f\u00f6rdelarna med jordning \u00e4ven i bilen med v\u00e5r f\u00f6rars\u00e4tesmatta.\u00a0<\/strong><\/span><\/p>\n<p><span style=\"font-family: 'Book Antiqua', Palatino; font-size: 120%; color: #333399;\">Denna antistatiska matta \u00e4r speciellt utformad f\u00f6r att minska de elektrostatiska laddningar som ackumuleras under dina resor och f\u00f6rb\u00e4ttra din komfort p\u00e5 v\u00e4gen.\u00a0<\/span><\/p>\n<p><span style=\"font-family: 'Book Antiqua', Palatino; font-size: 120%; color: #333399;\">Effektivt mot \u00e5ksjuka och tr\u00f6tthet vid ratten.\u00a0<\/span><\/p>\n<p><span style=\"font-family: 'Book Antiqua', Palatino; font-size: 120%; color: #333399;\">M\u00e5tt: 25 x 25 cm<\/span><\/p>","protected":false},"featured_media":2413,"comment_status":"open","ping_status":"closed","template":"","meta":[],"product_brand":[267],"product_cat":[164],"product_tag":[248,249,254],"class_list":{"0":"post-2411","1":"product","2":"type-product","3":"status-publish","4":"has-post-thumbnail","6":"product_brand-earthing","7":"product_cat-baubiologie","8":"product_tag-baubiologie","9":"product_tag-electromagnetisme","10":"product_tag-voiture","12":"first","13":"instock","14":"taxable","15":"shipping-taxable","16":"purchasable","17":"product-type-simple"},"yoast_head":"<!-- This site is optimized with the Yoast SEO Premium plugin v25.1 (Yoast SEO v27.4) - https:\/\/yoast.com\/product\/yoast-seo-premium-wordpress\/ -->\n<title>Tapis d&#039;assise antistatique pour voiture Earthing | Agara<\/title>\n<meta name=\"description\" content=\"Profitez des bienfaits de l&#039;Earthing m\u00eame en voiture gr\u00e2ce \u00e0 notre tapis d\u2019assise conducteur.\u00a0Ce tapis antistatique est sp\u00e9cialement con\u00e7u pour r\u00e9duire les charges \u00e9lectrostatiques accumul\u00e9es lors de vos trajets et am\u00e9liorer votre confort en route. Efficace contre le mal des transports et la fatigue au volant. Dimensions : 25 x 25 cm\" \/>\n<meta name=\"robots\" content=\"index, follow, max-snippet:-1, max-image-preview:large, max-video-preview:-1\" \/>\n<link rel=\"canonical\" href=\"https:\/\/369agara.com\/sv\/produkt\/tapis-antistatique-voiture-earthing\/\" \/>\n<meta property=\"og:locale\" content=\"sv_SE\" \/>\n<meta property=\"og:type\" content=\"article\" \/>\n<meta property=\"og:title\" content=\"Tapis d&#039;assise antistatique pour voiture Earthing\" \/>\n<meta property=\"og:description\" content=\"Profitez des bienfaits de l&#039;Earthing m\u00eame en voiture gr\u00e2ce \u00e0 notre tapis d\u2019assise conducteur.\u00a0Ce tapis antistatique est sp\u00e9cialement con\u00e7u pour r\u00e9duire les charges \u00e9lectrostatiques accumul\u00e9es lors de vos trajets et am\u00e9liorer votre confort en route. Efficace contre le mal des transports et la fatigue au volant. Dimensions : 25 x 25 cm\" \/>\n<meta property=\"og:url\" content=\"https:\/\/369agara.com\/sv\/produkt\/tapis-antistatique-voiture-earthing\/\" \/>\n<meta property=\"og:site_name\" content=\"Agara\" \/>\n<meta property=\"article:modified_time\" content=\"2025-05-13T09:36:52+00:00\" \/>\n<meta property=\"og:image\" content=\"https:\/\/369agara.com\/wp-content\/uploads\/2023\/10\/tapis-dassise-voiture-earthing.jpg\" \/>\n\t<meta property=\"og:image:width\" content=\"800\" \/>\n\t<meta property=\"og:image:height\" content=\"800\" \/>\n\t<meta property=\"og:image:type\" content=\"image\/jpeg\" \/>\n<meta name=\"twitter:card\" content=\"summary_large_image\" \/>\n<meta name=\"twitter:label1\" content=\"Ber\u00e4knad l\u00e4stid\" \/>\n\t<meta name=\"twitter:data1\" content=\"3 minuter\" \/>\n<script type=\"application\/ld+json\" class=\"yoast-schema-graph\">{\"@context\":\"https:\\\/\\\/schema.org\",\"@graph\":[{\"@type\":\"WebPage\",\"@id\":\"https:\\\/\\\/369agara.com\\\/produit\\\/tapis-antistatique-voiture-earthing\\\/\",\"url\":\"https:\\\/\\\/369agara.com\\\/produit\\\/tapis-antistatique-voiture-earthing\\\/\",\"name\":\"Tapis d'assise antistatique pour voiture Earthing | Agara\",\"isPartOf\":{\"@id\":\"https:\\\/\\\/369agara.com\\\/#website\"},\"primaryImageOfPage\":{\"@id\":\"https:\\\/\\\/369agara.com\\\/produit\\\/tapis-antistatique-voiture-earthing\\\/#primaryimage\"},\"image\":{\"@id\":\"https:\\\/\\\/369agara.com\\\/produit\\\/tapis-antistatique-voiture-earthing\\\/#primaryimage\"},\"thumbnailUrl\":\"https:\\\/\\\/369agara.com\\\/wp-content\\\/uploads\\\/2023\\\/10\\\/tapis-dassise-voiture-earthing.jpg\",\"datePublished\":\"2023-10-28T16:44:44+00:00\",\"dateModified\":\"2025-05-13T09:36:52+00:00\",\"description\":\"Profitez des bienfaits de l'Earthing m\u00eame en voiture gr\u00e2ce \u00e0 notre tapis d\u2019assise conducteur.\u00a0Ce tapis antistatique est sp\u00e9cialement con\u00e7u pour r\u00e9duire les charges \u00e9lectrostatiques accumul\u00e9es lors de vos trajets et am\u00e9liorer votre confort en route. Efficace contre le mal des transports et la fatigue au volant. Dimensions : 25 x 25 cm\",\"breadcrumb\":{\"@id\":\"https:\\\/\\\/369agara.com\\\/produit\\\/tapis-antistatique-voiture-earthing\\\/#breadcrumb\"},\"inLanguage\":\"sv-SE\",\"potentialAction\":[{\"@type\":\"ReadAction\",\"target\":[\"https:\\\/\\\/369agara.com\\\/produit\\\/tapis-antistatique-voiture-earthing\\\/\"]}]},{\"@type\":\"ImageObject\",\"inLanguage\":\"sv-SE\",\"@id\":\"https:\\\/\\\/369agara.com\\\/produit\\\/tapis-antistatique-voiture-earthing\\\/#primaryimage\",\"url\":\"https:\\\/\\\/369agara.com\\\/wp-content\\\/uploads\\\/2023\\\/10\\\/tapis-dassise-voiture-earthing.jpg\",\"contentUrl\":\"https:\\\/\\\/369agara.com\\\/wp-content\\\/uploads\\\/2023\\\/10\\\/tapis-dassise-voiture-earthing.jpg\",\"width\":800,\"height\":800},{\"@type\":\"BreadcrumbList\",\"@id\":\"https:\\\/\\\/369agara.com\\\/produit\\\/tapis-antistatique-voiture-earthing\\\/#breadcrumb\",\"itemListElement\":[{\"@type\":\"ListItem\",\"position\":1,\"name\":\"Accueil\",\"item\":\"https:\\\/\\\/369agara.com\\\/\"},{\"@type\":\"ListItem\",\"position\":2,\"name\":\"La boutique\",\"item\":\"https:\\\/\\\/369agara.com\\\/la-boutique\\\/\"},{\"@type\":\"ListItem\",\"position\":3,\"name\":\"Tapis d&rsquo;assise antistatique pour voiture Earthing\"}]},{\"@type\":\"WebSite\",\"@id\":\"https:\\\/\\\/369agara.com\\\/#website\",\"url\":\"https:\\\/\\\/369agara.com\\\/\",\"name\":\"Livsrikedomar\",\"description\":\"D\u00e9connectez pour mieux vous connecter\",\"publisher\":{\"@id\":\"https:\\\/\\\/369agara.com\\\/#organization\"},\"potentialAction\":[{\"@type\":\"SearchAction\",\"target\":{\"@type\":\"EntryPoint\",\"urlTemplate\":\"https:\\\/\\\/369agara.com\\\/?s={search_term_string}\"},\"query-input\":{\"@type\":\"PropertyValueSpecification\",\"valueRequired\":true,\"valueName\":\"search_term_string\"}}],\"inLanguage\":\"sv-SE\"},{\"@type\":\"Organization\",\"@id\":\"https:\\\/\\\/369agara.com\\\/#organization\",\"name\":\"EACreations\",\"url\":\"https:\\\/\\\/369agara.com\\\/\",\"logo\":{\"@type\":\"ImageObject\",\"inLanguage\":\"sv-SE\",\"@id\":\"https:\\\/\\\/369agara.com\\\/#\\\/schema\\\/logo\\\/image\\\/\",\"url\":\"\",\"contentUrl\":\"\",\"caption\":\"EACreations\"},\"image\":{\"@id\":\"https:\\\/\\\/369agara.com\\\/#\\\/schema\\\/logo\\\/image\\\/\"}}]}<\/script>\n<!-- \/ Yoast SEO Premium plugin. -->","yoast_head_json":{"title":"Tapis d'assise antistatique pour voiture Earthing | Agara","description":"Profitez des bienfaits de l'Earthing m\u00eame en voiture gr\u00e2ce \u00e0 notre tapis d\u2019assise conducteur.\u00a0Ce tapis antistatique est sp\u00e9cialement con\u00e7u pour r\u00e9duire les charges \u00e9lectrostatiques accumul\u00e9es lors de vos trajets et am\u00e9liorer votre confort en route. Efficace contre le mal des transports et la fatigue au volant. Dimensions : 25 x 25 cm","robots":{"index":"index","follow":"follow","max-snippet":"max-snippet:-1","max-image-preview":"max-image-preview:large","max-video-preview":"max-video-preview:-1"},"canonical":"https:\/\/369agara.com\/sv\/produkt\/tapis-antistatique-voiture-earthing\/","og_locale":"sv_SE","og_type":"article","og_title":"Tapis d'assise antistatique pour voiture Earthing","og_description":"Profitez des bienfaits de l'Earthing m\u00eame en voiture gr\u00e2ce \u00e0 notre tapis d\u2019assise conducteur.\u00a0Ce tapis antistatique est sp\u00e9cialement con\u00e7u pour r\u00e9duire les charges \u00e9lectrostatiques accumul\u00e9es lors de vos trajets et am\u00e9liorer votre confort en route. Efficace contre le mal des transports et la fatigue au volant. Dimensions : 25 x 25 cm","og_url":"https:\/\/369agara.com\/sv\/produkt\/tapis-antistatique-voiture-earthing\/","og_site_name":"Agara","article_modified_time":"2025-05-13T09:36:52+00:00","og_image":[{"width":800,"height":800,"url":"https:\/\/369agara.com\/wp-content\/uploads\/2023\/10\/tapis-dassise-voiture-earthing.jpg","type":"image\/jpeg"}],"twitter_card":"summary_large_image","twitter_misc":{"Ber\u00e4knad l\u00e4stid":"3 minuter"},"schema":{"@context":"https:\/\/schema.org","@graph":[{"@type":"WebPage","@id":"https:\/\/369agara.com\/produit\/tapis-antistatique-voiture-earthing\/","url":"https:\/\/369agara.com\/produit\/tapis-antistatique-voiture-earthing\/","name":"Tapis d'assise antistatique pour voiture Earthing | Agara","isPartOf":{"@id":"https:\/\/369agara.com\/#website"},"primaryImageOfPage":{"@id":"https:\/\/369agara.com\/produit\/tapis-antistatique-voiture-earthing\/#primaryimage"},"image":{"@id":"https:\/\/369agara.com\/produit\/tapis-antistatique-voiture-earthing\/#primaryimage"},"thumbnailUrl":"https:\/\/369agara.com\/wp-content\/uploads\/2023\/10\/tapis-dassise-voiture-earthing.jpg","datePublished":"2023-10-28T16:44:44+00:00","dateModified":"2025-05-13T09:36:52+00:00","description":"Profitez des bienfaits de l'Earthing m\u00eame en voiture gr\u00e2ce \u00e0 notre tapis d\u2019assise conducteur.\u00a0Ce tapis antistatique est sp\u00e9cialement con\u00e7u pour r\u00e9duire les charges \u00e9lectrostatiques accumul\u00e9es lors de vos trajets et am\u00e9liorer votre confort en route. Efficace contre le mal des transports et la fatigue au volant. Dimensions : 25 x 25 cm","breadcrumb":{"@id":"https:\/\/369agara.com\/produit\/tapis-antistatique-voiture-earthing\/#breadcrumb"},"inLanguage":"sv-SE","potentialAction":[{"@type":"ReadAction","target":["https:\/\/369agara.com\/produit\/tapis-antistatique-voiture-earthing\/"]}]},{"@type":"ImageObject","inLanguage":"sv-SE","@id":"https:\/\/369agara.com\/produit\/tapis-antistatique-voiture-earthing\/#primaryimage","url":"https:\/\/369agara.com\/wp-content\/uploads\/2023\/10\/tapis-dassise-voiture-earthing.jpg","contentUrl":"https:\/\/369agara.com\/wp-content\/uploads\/2023\/10\/tapis-dassise-voiture-earthing.jpg","width":800,"height":800},{"@type":"BreadcrumbList","@id":"https:\/\/369agara.com\/produit\/tapis-antistatique-voiture-earthing\/#breadcrumb","itemListElement":[{"@type":"ListItem","position":1,"name":"Accueil","item":"https:\/\/369agara.com\/"},{"@type":"ListItem","position":2,"name":"La boutique","item":"https:\/\/369agara.com\/la-boutique\/"},{"@type":"ListItem","position":3,"name":"Tapis d&rsquo;assise antistatique pour voiture Earthing"}]},{"@type":"WebSite","@id":"https:\/\/369agara.com\/#website","url":"https:\/\/369agara.com\/","name":"Livsrikedomar","description":"Koppla bort f\u00f6r att skapa b\u00e4ttre kontakt","publisher":{"@id":"https:\/\/369agara.com\/#organization"},"potentialAction":[{"@type":"SearchAction","target":{"@type":"EntryPoint","urlTemplate":"https:\/\/369agara.com\/?s={search_term_string}"},"query-input":{"@type":"PropertyValueSpecification","valueRequired":true,"valueName":"search_term_string"}}],"inLanguage":"sv-SE"},{"@type":"Organization","@id":"https:\/\/369agara.com\/#organization","name":"EACreations","url":"https:\/\/369agara.com\/","logo":{"@type":"ImageObject","inLanguage":"sv-SE","@id":"https:\/\/369agara.com\/#\/schema\/logo\/image\/","url":"","contentUrl":"","caption":"EACreations"},"image":{"@id":"https:\/\/369agara.com\/#\/schema\/logo\/image\/"}}]}},"jetpack_sharing_enabled":true,"_links":{"self":[{"href":"https:\/\/369agara.com\/sv\/wp-json\/wp\/v2\/product\/2411","targetHints":{"allow":["GET"]}}],"collection":[{"href":"https:\/\/369agara.com\/sv\/wp-json\/wp\/v2\/product"}],"about":[{"href":"https:\/\/369agara.com\/sv\/wp-json\/wp\/v2\/types\/product"}],"replies":[{"embeddable":true,"href":"https:\/\/369agara.com\/sv\/wp-json\/wp\/v2\/comments?post=2411"}],"wp:featuredmedia":[{"embeddable":true,"href":"https:\/\/369agara.com\/sv\/wp-json\/wp\/v2\/media\/2413"}],"wp:attachment":[{"href":"https:\/\/369agara.com\/sv\/wp-json\/wp\/v2\/media?parent=2411"}],"wp:term":[{"taxonomy":"product_brand","embeddable":true,"href":"https:\/\/369agara.com\/sv\/wp-json\/wp\/v2\/product_brand?post=2411"},{"taxonomy":"product_cat","embeddable":true,"href":"https:\/\/369agara.com\/sv\/wp-json\/wp\/v2\/product_cat?post=2411"},{"taxonomy":"product_tag","embeddable":true,"href":"https:\/\/369agara.com\/sv\/wp-json\/wp\/v2\/product_tag?post=2411"}],"curies":[{"name":"wp","href":"https:\/\/api.w.org\/{rel}","templated":true}]}}