{"id":2421,"date":"2023-11-12T21:28:52","date_gmt":"2023-11-12T20:28:52","guid":{"rendered":"https:\/\/369agara.com\/?post_type=product&#038;p=2421"},"modified":"2025-05-10T22:01:20","modified_gmt":"2025-05-10T20:01:20","slug":"filtre-cpl-polier-prostop65","status":"publish","type":"product","link":"https:\/\/369agara.com\/sv\/produkt\/filtre-cpl-polier-prostop65\/","title":{"rendered":"Polier PROSTOP65 PLC filter CENELEC A (Linky), B, C och D"},"content":{"rendered":"<p><span style=\"font-family: 'Book Antiqua', Palatino; font-size: 120%; color: #333399;\">Polier PROSTOP65 PLC-filter \u00e4r ett h\u00f6gpresterande bredbands-PLC-filter som f\u00f6rhindrar att PLC-str\u00f6m i de olika CENELEC-banden (CENELEC A Linky, B, C och D) passerar genom din elcentral och sprids i ditt hems eln\u00e4t.<\/span><\/p>\n<p><img loading=\"lazy\" decoding=\"async\" class=\"alignnone wp-image-3747\" src=\"https:\/\/369agara.com\/wp-content\/uploads\/2023\/11\/Illustration-filtre-CPL-Polier-Prostop65-300x86.png\" alt=\"\" width=\"698\" height=\"200\" srcset=\"https:\/\/369agara.com\/wp-content\/uploads\/2023\/11\/Illustration-filtre-CPL-Polier-Prostop65-300x86.png 300w, https:\/\/369agara.com\/wp-content\/uploads\/2023\/11\/Illustration-filtre-CPL-Polier-Prostop65-18x5.png 18w, https:\/\/369agara.com\/wp-content\/uploads\/2023\/11\/Illustration-filtre-CPL-Polier-Prostop65-510x146.png 510w, https:\/\/369agara.com\/wp-content\/uploads\/2023\/11\/Illustration-filtre-CPL-Polier-Prostop65.png 729w\" sizes=\"auto, (max-width: 698px) 100vw, 698px\" \/><\/p>\n<h3><span style=\"font-family: 'Book Antiqua', Palatino; font-size: 120%; color: #333399;\">Filterprincipen<\/span><\/h3>\n<ul>\n<li><span style=\"font-family: 'Book Antiqua', Palatino; font-size: 120%; color: #333399;\">LINKY-elm\u00e4taren och hush\u00e5llsutrustning (hemautomation, larm, s\u00e4kerhetssystem) s\u00e4nder ut PLC-signaler (Power Line Communication) genom eln\u00e4tet. Dessa parasitsignaler som finns i eln\u00e4tet \u00e4r st\u00f6rande f\u00f6r el\u00f6verk\u00e4nsliga personer.<\/span><\/li>\n<li><span style=\"font-family: 'Book Antiqua', Palatino; font-size: 120%; color: #333399;\">Dessa v\u00e5gor kan komma fr\u00e5n din egen LINKY-elm\u00e4tare, eller fr\u00e5n din grannes m\u00e4tare eller utrustning. De skickas genom hela eln\u00e4tet.<\/span><\/li>\n<li><span style=\"font-family: 'Book Antiqua', Palatino; font-size: 120%; color: #333399;\">Med 35 \u00e5rs erfarenhet inom energihantering erbjuder POLIER det h\u00f6gpresterande PLC-filter PROSTOP, som filtrerar v\u00e5gorna fr\u00e5n Linky-elm\u00e4tare samt all hush\u00e5llsutrustning.<\/span><\/li>\n<li><span style=\"font-family: 'Book Antiqua', Palatino; font-size: 120%; color: #333399;\">PROSTOP-filtret \u00e4r anslutet mellan abonnentens str\u00f6mbrytare och elcentralen. Det installeras d\u00e4rf\u00f6r p\u00e5 den privata delen av installationen och blockerar v\u00e5gor fr\u00e5n att komma in i hemmet.<\/span><\/li>\n<li><span style=\"font-family: 'Book Antiqua', Palatino; font-size: 120%; color: #333399;\">Anslutningen m\u00e5ste utf\u00f6ras av en fackman.<\/span><\/li>\n<\/ul>\n<h3><span style=\"font-family: 'Book Antiqua', Palatino; font-size: 120%; color: #333399;\">F\u00f6rdelarna med detta filter<\/span><\/h3>\n<ul>\n<li><span style=\"font-family: 'Book Antiqua', Palatino; font-size: 120%; color: #333399;\">PROSTOP65 Polier-filter filtrerar de 4 CENELEC-frekvensbanden (A Linky, B, C och D).<\/span><\/li>\n<li><span style=\"font-family: 'Book Antiqua', Palatino; font-size: 120%; color: #333399;\">D\u00e4mpning p\u00e5 -40 dB (99,99 % av signalerna filtreras)<\/span><\/li>\n<li><span style=\"font-family: 'Book Antiqua', Palatino; font-size: 120%; color: #333399;\">Den filtrerar PLC-signaler som skickas mellan fas och neutral.\u00a0<strong>Den filtrerar d\u00e4rf\u00f6r b\u00e5de fas och neutral.\u00a0<\/strong><\/span><\/li>\n<li><span style=\"font-family: 'Book Antiqua', Palatino; font-size: 120%; color: #333399;\">Litet fotavtryck (endast 4 moduler p\u00e5 panelen)<\/span><\/li>\n<\/ul>\n<h3><span style=\"font-family: 'Book Antiqua', Palatino; font-size: 120%; color: #333399;\">Tekniska specifikationer :<\/span><\/h3>\n<ul>\n<li><span style=\"font-family: 'Book Antiqua', Palatino; font-size: 120%; color: #333399;\">Filtrerade frekvenser: 35 - 150 kHz<\/span><\/li>\n<li><span style=\"font-family: 'Book Antiqua', Palatino; font-size: 120%; color: #333399;\">M\u00e4rkstr\u00f6m: 10 (65)<\/span><\/li>\n<li><span style=\"font-family: 'Book Antiqua', Palatino; font-size: 120%; color: #333399;\">Maximal str\u00f6mstyrka: 65 A. T\u00e4cker alla abonnemang fr\u00e5n 3 till 15 kVA enfas.<\/span><\/li>\n<li><span style=\"font-family: 'Book Antiqua', Palatino; font-size: 120%; color: #333399;\">Certifiering - CENELEC-standard: CE - EN 50065-1<\/span><\/li>\n<li><span style=\"font-family: 'Book Antiqua', Palatino; font-size: 120%; color: #333399;\">Driftsp\u00e4nning: 110-270 V<\/span><\/li>\n<li><span style=\"font-family: 'Book Antiqua', Palatino; font-size: 120%; color: #333399;\">Driftfrekvens: 50 - 60 Hz<\/span><\/li>\n<li><span style=\"font-family: 'Book Antiqua', Palatino; font-size: 120%; color: #333399;\">Skyddsklass: IP51<\/span><\/li>\n<li><span style=\"font-family: 'Book Antiqua', Palatino; font-size: 120%; color: #333399;\">Livsl\u00e4ngd: 25 \u00e5r @ 50\u00b0C<\/span><\/li>\n<li><span style=\"font-family: 'Book Antiqua', Palatino; font-size: 120%; color: #333399;\">Driftstemperatur: -25 +85 \u00b0C<\/span><\/li>\n<li><span style=\"font-family: 'Book Antiqua', Palatino; font-size: 120%; color: #333399;\">Max. tv\u00e4rsnitt f\u00f6r fas-\/neutralanslutning: 6 - 16 mm\u00b2.<\/span><\/li>\n<li><span style=\"font-family: 'Book Antiqua', Palatino; font-size: 120%; color: #333399;\">\u00c5tdragningsmoment: 3 +-0,1 Nm<\/span><\/li>\n<li><span style=\"font-family: 'Book Antiqua', Palatino; font-size: 120%; color: #333399;\">Vikt: 0,8 kg<\/span><\/li>\n<\/ul>\n<h3><span style=\"font-family: 'Book Antiqua', Palatino; font-size: 120%; color: #333399;\">Anslutning :<\/span><\/h3>\n<p><span style=\"font-family: 'Book Antiqua', Palatino; font-size: 120%; color: #333399;\">PROSTOP65-filtret \u00e4r anslutet mellan abonnentens effektbrytare och elcentralen. Det \u00e4r d\u00e4rf\u00f6r lagligt installerat p\u00e5 den privata delen av installationen.<\/span><\/p>\n<p><span style=\"font-family: 'Book Antiqua', Palatino; font-size: 120%; color: #333399;\">Vi rekommenderar att du anlitar en fackman f\u00f6r installationen.<\/span><\/p>\n<table style=\"width: 100%; border-collapse: collapse; border-style: none;\">\n<tbody>\n<tr>\n<td style=\"width: 17.0203%;\"><span style=\"font-family: 'Book Antiqua', Palatino; font-size: 120%; color: #333399;\">Enfasanslutning<\/span><\/p>\n<p>&nbsp;<\/p>\n<p>&nbsp;<\/p>\n<p>&nbsp;<\/p>\n<p>&nbsp;<\/p>\n<p><span style=\"font-family: 'Book Antiqua', Palatino; font-size: 120%; color: #333399;\">Trefasanslutning<\/span><\/td>\n<td style=\"width: 82.9797%;\"><span style=\"font-family: 'Book Antiqua', Palatino; font-size: 120%; color: #333399;\"><img loading=\"lazy\" decoding=\"async\" class=\"alignnone wp-image-3746\" src=\"https:\/\/369agara.com\/wp-content\/uploads\/2023\/11\/Branchement-filtre-CPL-Polier-PROSTOP65-300x294.jpg\" alt=\"\" width=\"371\" height=\"363\" srcset=\"https:\/\/369agara.com\/wp-content\/uploads\/2023\/11\/Branchement-filtre-CPL-Polier-PROSTOP65-300x294.jpg 300w, https:\/\/369agara.com\/wp-content\/uploads\/2023\/11\/Branchement-filtre-CPL-Polier-PROSTOP65-12x12.jpg 12w, https:\/\/369agara.com\/wp-content\/uploads\/2023\/11\/Branchement-filtre-CPL-Polier-PROSTOP65.jpg 437w\" sizes=\"auto, (max-width: 371px) 100vw, 371px\" \/><\/span><\/td>\n<\/tr>\n<\/tbody>\n<\/table>\n<p><span style=\"font-family: 'Book Antiqua', Palatino; font-size: 120%; color: #333399;\">PROSTOP65-filtret har certifierats av certifieringsorganet ENAC\/ECA och uppfyller f\u00f6ljande standarder:\u00a0\u00a0<\/span><\/p>\n<ul>\n<li><span style=\"font-family: 'Book Antiqua', Palatino; font-size: 120%; color: #333399;\">EN-50065-1 ; EN-60939-2\u00a0 \u00a0<\/span><\/li>\n<li><span style=\"font-family: 'Book Antiqua', Palatino; font-size: 120%; color: #333399;\">IEC-60950-1 ; IEC-62052-31 ; IEC-60950-1\u00a0 \u00a0 \u00a0 \u00a0 \u00a0 \u00a0 \u00a0 \u00a0 \u00a0<\/span><\/li>\n<li><span style=\"font-family: 'Book Antiqua', Palatino; font-size: 120%; color: #333399;\">2004\/108\/EG; 2011\/65\/UE<\/span><\/li>\n<li><span style=\"font-family: 'Book Antiqua', Palatino; font-size: 120%; color: #333399;\">UNE-20324 ; UNE-SV-50102 ; UNE-SV-61709<\/span><\/li>\n<li><span style=\"font-family: 'Book Antiqua', Palatino; font-size: 120%; color: #333399;\">UL-1283<\/span><\/li>\n<li><span style=\"font-family: 'Book Antiqua', Palatino; font-size: 120%; color: #333399;\">ROHS<\/span><\/li>\n<\/ul>","protected":false},"excerpt":{"rendered":"<p><span style=\"font-family: 'Book Antiqua', Palatino; font-size: 120%; color: #333399;\">Polier PROSTOP65 PLC-filter \u00e4r ett h\u00f6gpresterande bredbands-PLC-filter som f\u00f6rhindrar att PLC-str\u00f6m i de olika CENELEC-banden (CENELEC A Linky, B, C och D) passerar genom din elcentral och sprids i ditt hems eln\u00e4t.<\/span><\/p>\n<p><span style=\"font-family: 'Book Antiqua', Palatino; font-size: 120%; color: #333399;\">L\u00e4mplig f\u00f6r enfas- och trefasinstallationer (i vilket fall ett filter per fas kr\u00e4vs).<\/span><\/p>","protected":false},"featured_media":2423,"comment_status":"open","ping_status":"closed","template":"","meta":[],"product_brand":[],"product_cat":[164],"product_tag":[248,251,249,245],"class_list":{"0":"post-2421","1":"product","2":"type-product","3":"status-publish","4":"has-post-thumbnail","6":"product_cat-baubiologie","7":"product_tag-baubiologie","8":"product_tag-electricite","9":"product_tag-electromagnetisme","10":"product_tag-maison","12":"first","13":"instock","14":"taxable","15":"shipping-taxable","16":"purchasable","17":"product-type-simple"},"yoast_head":"<!-- This site is optimized with the Yoast SEO Premium plugin v25.1 (Yoast SEO v27.4) - https:\/\/yoast.com\/product\/yoast-seo-premium-wordpress\/ -->\n<title>Filtre CPL Polier PROSTOP65 CENELEC A (Linky), B, C et D | Agara<\/title>\n<meta name=\"description\" content=\"Le filtre CPL Polier PROSTOP65 est un filtre CPL large bande de haute performance permettant d&#039;emp\u00eacher tout courant CPL des diff\u00e9rentes bandes CENELEC (CENELEC A Linky, B, C et D) de franchir votre tableau \u00e9lectrique et de se propager sur le r\u00e9seau \u00e9lectrique de votre habitation. Convient pour les installations monophas\u00e9es et triphas\u00e9es (dans ce cas, un filtre par phase est n\u00e9cessaire).\" \/>\n<meta name=\"robots\" content=\"index, follow, max-snippet:-1, max-image-preview:large, max-video-preview:-1\" \/>\n<link rel=\"canonical\" href=\"https:\/\/369agara.com\/sv\/produkt\/filtre-cpl-polier-prostop65\/\" \/>\n<meta property=\"og:locale\" content=\"sv_SE\" \/>\n<meta property=\"og:type\" content=\"article\" \/>\n<meta property=\"og:title\" content=\"Filtre CPL Polier PROSTOP65 CENELEC A (Linky), B, C et D\" \/>\n<meta property=\"og:description\" content=\"Le filtre CPL Polier PROSTOP65 est un filtre CPL large bande de haute performance permettant d&#039;emp\u00eacher tout courant CPL des diff\u00e9rentes bandes CENELEC (CENELEC A Linky, B, C et D) de franchir votre tableau \u00e9lectrique et de se propager sur le r\u00e9seau \u00e9lectrique de votre habitation. Convient pour les installations monophas\u00e9es et triphas\u00e9es (dans ce cas, un filtre par phase est n\u00e9cessaire).\" \/>\n<meta property=\"og:url\" content=\"https:\/\/369agara.com\/sv\/produkt\/filtre-cpl-polier-prostop65\/\" \/>\n<meta property=\"og:site_name\" content=\"Agara\" \/>\n<meta property=\"article:modified_time\" content=\"2025-05-10T20:01:20+00:00\" \/>\n<meta property=\"og:image\" content=\"https:\/\/369agara.com\/wp-content\/uploads\/2023\/11\/filtre-cpl-polier-prostop65-cenelec-a-linky-b-c-et-d-.jpg\" \/>\n\t<meta property=\"og:image:width\" content=\"800\" \/>\n\t<meta property=\"og:image:height\" content=\"800\" \/>\n\t<meta property=\"og:image:type\" content=\"image\/jpeg\" \/>\n<meta name=\"twitter:card\" content=\"summary_large_image\" \/>\n<meta name=\"twitter:label1\" content=\"Ber\u00e4knad l\u00e4stid\" \/>\n\t<meta name=\"twitter:data1\" content=\"3 minuter\" \/>\n<script type=\"application\/ld+json\" class=\"yoast-schema-graph\">{\"@context\":\"https:\\\/\\\/schema.org\",\"@graph\":[{\"@type\":\"WebPage\",\"@id\":\"https:\\\/\\\/369agara.com\\\/produit\\\/filtre-cpl-polier-prostop65\\\/\",\"url\":\"https:\\\/\\\/369agara.com\\\/produit\\\/filtre-cpl-polier-prostop65\\\/\",\"name\":\"Filtre CPL Polier PROSTOP65 CENELEC A (Linky), B, C et D | Agara\",\"isPartOf\":{\"@id\":\"https:\\\/\\\/369agara.com\\\/#website\"},\"primaryImageOfPage\":{\"@id\":\"https:\\\/\\\/369agara.com\\\/produit\\\/filtre-cpl-polier-prostop65\\\/#primaryimage\"},\"image\":{\"@id\":\"https:\\\/\\\/369agara.com\\\/produit\\\/filtre-cpl-polier-prostop65\\\/#primaryimage\"},\"thumbnailUrl\":\"https:\\\/\\\/369agara.com\\\/wp-content\\\/uploads\\\/2023\\\/11\\\/filtre-cpl-polier-prostop65-cenelec-a-linky-b-c-et-d-.jpg\",\"datePublished\":\"2023-11-12T20:28:52+00:00\",\"dateModified\":\"2025-05-10T20:01:20+00:00\",\"description\":\"Le filtre CPL Polier PROSTOP65 est un filtre CPL large bande de haute performance permettant d'emp\u00eacher tout courant CPL des diff\u00e9rentes bandes CENELEC (CENELEC A Linky, B, C et D) de franchir votre tableau \u00e9lectrique et de se propager sur le r\u00e9seau \u00e9lectrique de votre habitation. Convient pour les installations monophas\u00e9es et triphas\u00e9es (dans ce cas, un filtre par phase est n\u00e9cessaire).\",\"breadcrumb\":{\"@id\":\"https:\\\/\\\/369agara.com\\\/produit\\\/filtre-cpl-polier-prostop65\\\/#breadcrumb\"},\"inLanguage\":\"sv-SE\",\"potentialAction\":[{\"@type\":\"ReadAction\",\"target\":[\"https:\\\/\\\/369agara.com\\\/produit\\\/filtre-cpl-polier-prostop65\\\/\"]}]},{\"@type\":\"ImageObject\",\"inLanguage\":\"sv-SE\",\"@id\":\"https:\\\/\\\/369agara.com\\\/produit\\\/filtre-cpl-polier-prostop65\\\/#primaryimage\",\"url\":\"https:\\\/\\\/369agara.com\\\/wp-content\\\/uploads\\\/2023\\\/11\\\/filtre-cpl-polier-prostop65-cenelec-a-linky-b-c-et-d-.jpg\",\"contentUrl\":\"https:\\\/\\\/369agara.com\\\/wp-content\\\/uploads\\\/2023\\\/11\\\/filtre-cpl-polier-prostop65-cenelec-a-linky-b-c-et-d-.jpg\",\"width\":800,\"height\":800},{\"@type\":\"BreadcrumbList\",\"@id\":\"https:\\\/\\\/369agara.com\\\/produit\\\/filtre-cpl-polier-prostop65\\\/#breadcrumb\",\"itemListElement\":[{\"@type\":\"ListItem\",\"position\":1,\"name\":\"Accueil\",\"item\":\"https:\\\/\\\/369agara.com\\\/\"},{\"@type\":\"ListItem\",\"position\":2,\"name\":\"La boutique\",\"item\":\"https:\\\/\\\/369agara.com\\\/la-boutique\\\/\"},{\"@type\":\"ListItem\",\"position\":3,\"name\":\"Filtre CPL Polier PROSTOP65 CENELEC A (Linky), B, C et D\"}]},{\"@type\":\"WebSite\",\"@id\":\"https:\\\/\\\/369agara.com\\\/#website\",\"url\":\"https:\\\/\\\/369agara.com\\\/\",\"name\":\"Livsrikedomar\",\"description\":\"D\u00e9connectez pour mieux vous connecter\",\"publisher\":{\"@id\":\"https:\\\/\\\/369agara.com\\\/#organization\"},\"potentialAction\":[{\"@type\":\"SearchAction\",\"target\":{\"@type\":\"EntryPoint\",\"urlTemplate\":\"https:\\\/\\\/369agara.com\\\/?s={search_term_string}\"},\"query-input\":{\"@type\":\"PropertyValueSpecification\",\"valueRequired\":true,\"valueName\":\"search_term_string\"}}],\"inLanguage\":\"sv-SE\"},{\"@type\":\"Organization\",\"@id\":\"https:\\\/\\\/369agara.com\\\/#organization\",\"name\":\"EACreations\",\"url\":\"https:\\\/\\\/369agara.com\\\/\",\"logo\":{\"@type\":\"ImageObject\",\"inLanguage\":\"sv-SE\",\"@id\":\"https:\\\/\\\/369agara.com\\\/#\\\/schema\\\/logo\\\/image\\\/\",\"url\":\"\",\"contentUrl\":\"\",\"caption\":\"EACreations\"},\"image\":{\"@id\":\"https:\\\/\\\/369agara.com\\\/#\\\/schema\\\/logo\\\/image\\\/\"}}]}<\/script>\n<!-- \/ Yoast SEO Premium plugin. -->","yoast_head_json":{"title":"Filtre CPL Polier PROSTOP65 CENELEC A (Linky), B, C et D | Agara","description":"Polier PROSTOP65 PLC-filter \u00e4r ett h\u00f6gpresterande bredbands-PLC-filter som f\u00f6rhindrar att PLC-str\u00f6m i de olika CENELEC-banden (CENELEC A Linky, B, C och D) passerar genom din elcentral och sprids i ditt hems eln\u00e4t. L\u00e4mplig f\u00f6r enfas- och trefasinstallationer (i vilket fall ett filter per fas kr\u00e4vs).","robots":{"index":"index","follow":"follow","max-snippet":"max-snippet:-1","max-image-preview":"max-image-preview:large","max-video-preview":"max-video-preview:-1"},"canonical":"https:\/\/369agara.com\/sv\/produkt\/filtre-cpl-polier-prostop65\/","og_locale":"sv_SE","og_type":"article","og_title":"Filtre CPL Polier PROSTOP65 CENELEC A (Linky), B, C et D","og_description":"Le filtre CPL Polier PROSTOP65 est un filtre CPL large bande de haute performance permettant d'emp\u00eacher tout courant CPL des diff\u00e9rentes bandes CENELEC (CENELEC A Linky, B, C et D) de franchir votre tableau \u00e9lectrique et de se propager sur le r\u00e9seau \u00e9lectrique de votre habitation. Convient pour les installations monophas\u00e9es et triphas\u00e9es (dans ce cas, un filtre par phase est n\u00e9cessaire).","og_url":"https:\/\/369agara.com\/sv\/produkt\/filtre-cpl-polier-prostop65\/","og_site_name":"Agara","article_modified_time":"2025-05-10T20:01:20+00:00","og_image":[{"width":800,"height":800,"url":"https:\/\/369agara.com\/wp-content\/uploads\/2023\/11\/filtre-cpl-polier-prostop65-cenelec-a-linky-b-c-et-d-.jpg","type":"image\/jpeg"}],"twitter_card":"summary_large_image","twitter_misc":{"Ber\u00e4knad l\u00e4stid":"3 minuter"},"schema":{"@context":"https:\/\/schema.org","@graph":[{"@type":"WebPage","@id":"https:\/\/369agara.com\/produit\/filtre-cpl-polier-prostop65\/","url":"https:\/\/369agara.com\/produit\/filtre-cpl-polier-prostop65\/","name":"Filtre CPL Polier PROSTOP65 CENELEC A (Linky), B, C et D | Agara","isPartOf":{"@id":"https:\/\/369agara.com\/#website"},"primaryImageOfPage":{"@id":"https:\/\/369agara.com\/produit\/filtre-cpl-polier-prostop65\/#primaryimage"},"image":{"@id":"https:\/\/369agara.com\/produit\/filtre-cpl-polier-prostop65\/#primaryimage"},"thumbnailUrl":"https:\/\/369agara.com\/wp-content\/uploads\/2023\/11\/filtre-cpl-polier-prostop65-cenelec-a-linky-b-c-et-d-.jpg","datePublished":"2023-11-12T20:28:52+00:00","dateModified":"2025-05-10T20:01:20+00:00","description":"Polier PROSTOP65 PLC-filter \u00e4r ett h\u00f6gpresterande bredbands-PLC-filter som f\u00f6rhindrar att PLC-str\u00f6m i de olika CENELEC-banden (CENELEC A Linky, B, C och D) passerar genom din elcentral och sprids i ditt hems eln\u00e4t. L\u00e4mplig f\u00f6r enfas- och trefasinstallationer (i vilket fall ett filter per fas kr\u00e4vs).","breadcrumb":{"@id":"https:\/\/369agara.com\/produit\/filtre-cpl-polier-prostop65\/#breadcrumb"},"inLanguage":"sv-SE","potentialAction":[{"@type":"ReadAction","target":["https:\/\/369agara.com\/produit\/filtre-cpl-polier-prostop65\/"]}]},{"@type":"ImageObject","inLanguage":"sv-SE","@id":"https:\/\/369agara.com\/produit\/filtre-cpl-polier-prostop65\/#primaryimage","url":"https:\/\/369agara.com\/wp-content\/uploads\/2023\/11\/filtre-cpl-polier-prostop65-cenelec-a-linky-b-c-et-d-.jpg","contentUrl":"https:\/\/369agara.com\/wp-content\/uploads\/2023\/11\/filtre-cpl-polier-prostop65-cenelec-a-linky-b-c-et-d-.jpg","width":800,"height":800},{"@type":"BreadcrumbList","@id":"https:\/\/369agara.com\/produit\/filtre-cpl-polier-prostop65\/#breadcrumb","itemListElement":[{"@type":"ListItem","position":1,"name":"Accueil","item":"https:\/\/369agara.com\/"},{"@type":"ListItem","position":2,"name":"La boutique","item":"https:\/\/369agara.com\/la-boutique\/"},{"@type":"ListItem","position":3,"name":"Filtre CPL Polier PROSTOP65 CENELEC A (Linky), B, C et D"}]},{"@type":"WebSite","@id":"https:\/\/369agara.com\/#website","url":"https:\/\/369agara.com\/","name":"Livsrikedomar","description":"Koppla bort f\u00f6r att skapa b\u00e4ttre kontakt","publisher":{"@id":"https:\/\/369agara.com\/#organization"},"potentialAction":[{"@type":"SearchAction","target":{"@type":"EntryPoint","urlTemplate":"https:\/\/369agara.com\/?s={search_term_string}"},"query-input":{"@type":"PropertyValueSpecification","valueRequired":true,"valueName":"search_term_string"}}],"inLanguage":"sv-SE"},{"@type":"Organization","@id":"https:\/\/369agara.com\/#organization","name":"EACreations","url":"https:\/\/369agara.com\/","logo":{"@type":"ImageObject","inLanguage":"sv-SE","@id":"https:\/\/369agara.com\/#\/schema\/logo\/image\/","url":"","contentUrl":"","caption":"EACreations"},"image":{"@id":"https:\/\/369agara.com\/#\/schema\/logo\/image\/"}}]}},"jetpack_sharing_enabled":true,"_links":{"self":[{"href":"https:\/\/369agara.com\/sv\/wp-json\/wp\/v2\/product\/2421","targetHints":{"allow":["GET"]}}],"collection":[{"href":"https:\/\/369agara.com\/sv\/wp-json\/wp\/v2\/product"}],"about":[{"href":"https:\/\/369agara.com\/sv\/wp-json\/wp\/v2\/types\/product"}],"replies":[{"embeddable":true,"href":"https:\/\/369agara.com\/sv\/wp-json\/wp\/v2\/comments?post=2421"}],"wp:featuredmedia":[{"embeddable":true,"href":"https:\/\/369agara.com\/sv\/wp-json\/wp\/v2\/media\/2423"}],"wp:attachment":[{"href":"https:\/\/369agara.com\/sv\/wp-json\/wp\/v2\/media?parent=2421"}],"wp:term":[{"taxonomy":"product_brand","embeddable":true,"href":"https:\/\/369agara.com\/sv\/wp-json\/wp\/v2\/product_brand?post=2421"},{"taxonomy":"product_cat","embeddable":true,"href":"https:\/\/369agara.com\/sv\/wp-json\/wp\/v2\/product_cat?post=2421"},{"taxonomy":"product_tag","embeddable":true,"href":"https:\/\/369agara.com\/sv\/wp-json\/wp\/v2\/product_tag?post=2421"}],"curies":[{"name":"wp","href":"https:\/\/api.w.org\/{rel}","templated":true}]}}