{"id":2675,"date":"2024-01-22T16:46:00","date_gmt":"2024-01-22T15:46:00","guid":{"rendered":"https:\/\/369agara.com\/?post_type=product&#038;p=2675"},"modified":"2025-05-13T11:35:59","modified_gmt":"2025-05-13T09:35:59","slug":"boitier-extension-multi-earthing","status":"publish","type":"product","link":"https:\/\/369agara.com\/sv\/produkt\/boitier-extension-multi-earthing\/","title":{"rendered":"F\u00f6rl\u00e4ngningsbox f\u00f6r jordning"},"content":{"rendered":"<p><span style=\"font-family: 'Book Antiqua', Palatino; font-size: 120%; color: #333399;\">Med jordningsf\u00f6rl\u00e4ngningsboxen, som \u00e4r tillverkad av h\u00f6gkvalitativt rostfritt st\u00e5l, kan du ansluta 4 jordningsprodukter samtidigt p\u00e5 ett st\u00e4lle, eller 8 jordningsprodukter med hj\u00e4lp av 4 dubbla jordningsanslutningar.<\/span><\/p>\n<p><span style=\"font-family: 'Book Antiqua', Palatino; font-size: 120%; color: #333399;\">Den levereras med en 4,60 meter l\u00e5ng rak sladd som g\u00f6r det m\u00f6jligt att ansluta den till en jordad kontakt, en metalljordningsstav eller en f\u00f6rl\u00e4ngningssladd.<\/span><\/p>\n<p><span style=\"font-family: 'Book Antiqua', Palatino; font-size: 120%; color: #333399;\">Kompatibel med alla jordningstillbeh\u00f6r.<\/span><\/p>\n<p><span style=\"font-family: 'Book Antiqua', Palatino; font-size: 120%; color: #ed1c24;\">F\u00f6r att jordningen ska vara effektiv \u00e4r det viktigt att du testar kvaliteten p\u00e5 ditt jordsystem, antingen med en l\u00e4mplig anordning eller genom att anlita en fackman med l\u00e4mplig utrustning.<\/span><br \/>\n<span style=\"font-family: 'Book Antiqua', Palatino; font-size: 120%; color: #ed1c24;\">Om elinstallationerna \u00e4r f\u00f6r gamla eller felaktigt installerade kan jordanslutningen vara otillr\u00e4cklig eller obefintlig.<\/span><\/p>\n<h3><span style=\"font-family: 'Book Antiqua', Palatino; font-size: 120%; color: #333399;\">Vad \u00e4r jordning?<\/span><\/h3>\n<p><span style=\"font-family: 'Book Antiqua', Palatino; font-size: 120%; color: #333399;\">Enligt Clinton Ober, Stephen Sinatra och Martin Zuckers bok \"Connecting to the Earth, Perhaps the most important discovery of our time\", som fungerar som ett uppslagsverk i \u00e4mnet, \u00e5terst\u00e4lls kroppens naturliga elektriska balans genom att kroppen kopplas till jorden (eller jordas) och laddas ur elektrostatiskt, precis som n\u00e4r man g\u00e5r barfota i gr\u00e4set.<\/span><\/p>\n<p><span style=\"font-family: 'Book Antiqua', Palatino; font-size: 120%; color: #333399;\">De olika jordningsprodukterna \u00e5terskapar detta naturliga fenomen.<\/span><\/p>\n<p><span style=\"font-family: 'Book Antiqua', Palatino; font-size: 120%; color: #333399;\">Det har ett antal f\u00f6rdelar, bland annat :<\/span><\/p>\n<ul>\n<li><span style=\"font-family: 'Book Antiqua', Palatino; font-size: 120%; color: #333399;\">ett f\u00f6rb\u00e4ttrat immunf\u00f6rsvar<\/span><\/li>\n<li><span style=\"font-family: 'Book Antiqua', Palatino; font-size: 120%; color: #333399;\">f\u00f6rb\u00e4ttrad matsm\u00e4ltning<\/span><\/li>\n<li><span style=\"font-family: 'Book Antiqua', Palatino; font-size: 120%; color: #333399;\">en f\u00f6rb\u00e4ttring av s\u00f6mnkvaliteten och en balansering av v\u00e5r biologiska klocka<\/span><\/li>\n<li><span style=\"font-family: 'Book Antiqua', Palatino; font-size: 120%; color: #333399;\">\u00f6kad energi och minskad stress<\/span><\/li>\n<li><span style=\"font-family: 'Book Antiqua', Palatino; font-size: 120%; color: #333399;\">f\u00f6rb\u00e4ttrad blodcirkulation<\/span><\/li>\n<li><span style=\"font-family: 'Book Antiqua', Palatino; font-size: 120%; color: #333399;\">snabbare \u00e5terh\u00e4mtning efter intensiv fysisk aktivitet och snabbare l\u00e4kning av skador<\/span><\/li>\n<li><span style=\"font-family: 'Book Antiqua', Palatino; font-size: 120%; color: #333399;\">lindring av muskelsp\u00e4nningar, huvudv\u00e4rk, hormonella symtom och menstruationssymtom<\/span><\/li>\n<li><span style=\"font-family: 'Book Antiqua', Palatino; font-size: 120%; color: #333399;\">en minskning av inflammation<\/span><\/li>\n<li><span style=\"font-family: 'Book Antiqua', Palatino; font-size: 120%; color: #333399;\">minskad stress, \u00e5ngest, irritabilitet och till och med symtom p\u00e5 el\u00f6verk\u00e4nslighet<\/span><\/li>\n<\/ul>\n<p><span style=\"font-family: 'Book Antiqua', Palatino; font-size: 120%; color: #ed1c24;\">Denna information ers\u00e4tter inte p\u00e5 n\u00e5got s\u00e4tt r\u00e5d fr\u00e5n din l\u00e4kare och \u00e4r inte avsedd att behandla eller bota n\u00e5got medicinskt tillst\u00e5nd.<\/span><\/p>","protected":false},"excerpt":{"rendered":"<p>Med jordningsf\u00f6rl\u00e4ngningsboxen kan du ansluta 4 jordningsprodukter \u00e5t g\u00e5ngen p\u00e5 ett och samma st\u00e4lle.<\/p>\n<p>Du kan bygga ut upp till 8 jordkablar med hj\u00e4lp av 4 dubbla jordningsanslutningar.<\/p>","protected":false},"featured_media":2678,"comment_status":"open","ping_status":"closed","template":"","meta":[],"product_brand":[267],"product_cat":[164],"product_tag":[248,246,247,245,184],"class_list":{"0":"post-2675","1":"product","2":"type-product","3":"status-publish","4":"has-post-thumbnail","6":"product_brand-earthing","7":"product_cat-baubiologie","8":"product_tag-baubiologie","9":"product_tag-bureau","10":"product_tag-chambre","11":"product_tag-maison","12":"product_tag-yoga","14":"first","15":"instock","16":"taxable","17":"shipping-taxable","18":"purchasable","19":"product-type-simple"},"yoast_head":"<!-- This site is optimized with the Yoast SEO Premium plugin v25.1 (Yoast SEO v27.4) - https:\/\/yoast.com\/product\/yoast-seo-premium-wordpress\/ -->\n<title>Bo\u00eetier d&#039;extension de mise \u00e0 la terre Earthing | Agara<\/title>\n<meta name=\"description\" content=\"Le bo\u00eetier d&#039;extension Earthing permet de connecter 4 produits \u00e0 la fois en un seul endroit voir 8 produits en utilisant 4 doubles connecteurs Earthing.\" \/>\n<meta name=\"robots\" content=\"index, follow, max-snippet:-1, max-image-preview:large, max-video-preview:-1\" \/>\n<link rel=\"canonical\" href=\"https:\/\/369agara.com\/sv\/produkt\/boitier-extension-multi-earthing\/\" \/>\n<meta property=\"og:locale\" content=\"sv_SE\" \/>\n<meta property=\"og:type\" content=\"article\" \/>\n<meta property=\"og:title\" content=\"Bo\u00eetier d&#039;extension de mise \u00e0 la terre Earthing\" \/>\n<meta property=\"og:description\" content=\"Le bo\u00eetier d&#039;extension Earthing permet de connecter 4 produits \u00e0 la fois en un seul endroit voir 8 produits en utilisant 4 doubles connecteurs Earthing.\" \/>\n<meta property=\"og:url\" content=\"https:\/\/369agara.com\/sv\/produkt\/boitier-extension-multi-earthing\/\" \/>\n<meta property=\"og:site_name\" content=\"Agara\" \/>\n<meta property=\"article:modified_time\" content=\"2025-05-13T09:35:59+00:00\" \/>\n<meta property=\"og:image\" content=\"https:\/\/369agara.com\/wp-content\/uploads\/2024\/01\/boitier-d-extension-de-mise-a-la-terre-earthing.jpg\" \/>\n\t<meta property=\"og:image:width\" content=\"800\" \/>\n\t<meta property=\"og:image:height\" content=\"800\" \/>\n\t<meta property=\"og:image:type\" content=\"image\/jpeg\" \/>\n<meta name=\"twitter:card\" content=\"summary_large_image\" \/>\n<meta name=\"twitter:label1\" content=\"Ber\u00e4knad l\u00e4stid\" \/>\n\t<meta name=\"twitter:data1\" content=\"2 minuter\" \/>\n<script type=\"application\/ld+json\" class=\"yoast-schema-graph\">{\"@context\":\"https:\\\/\\\/schema.org\",\"@graph\":[{\"@type\":\"WebPage\",\"@id\":\"https:\\\/\\\/369agara.com\\\/produit\\\/boitier-extension-multi-earthing\\\/\",\"url\":\"https:\\\/\\\/369agara.com\\\/produit\\\/boitier-extension-multi-earthing\\\/\",\"name\":\"Bo\u00eetier d'extension de mise \u00e0 la terre Earthing | Agara\",\"isPartOf\":{\"@id\":\"https:\\\/\\\/369agara.com\\\/#website\"},\"primaryImageOfPage\":{\"@id\":\"https:\\\/\\\/369agara.com\\\/produit\\\/boitier-extension-multi-earthing\\\/#primaryimage\"},\"image\":{\"@id\":\"https:\\\/\\\/369agara.com\\\/produit\\\/boitier-extension-multi-earthing\\\/#primaryimage\"},\"thumbnailUrl\":\"https:\\\/\\\/369agara.com\\\/wp-content\\\/uploads\\\/2024\\\/01\\\/boitier-d-extension-de-mise-a-la-terre-earthing.jpg\",\"datePublished\":\"2024-01-22T15:46:00+00:00\",\"dateModified\":\"2025-05-13T09:35:59+00:00\",\"description\":\"Le bo\u00eetier d'extension Earthing permet de connecter 4 produits \u00e0 la fois en un seul endroit voir 8 produits en utilisant 4 doubles connecteurs Earthing.\",\"breadcrumb\":{\"@id\":\"https:\\\/\\\/369agara.com\\\/produit\\\/boitier-extension-multi-earthing\\\/#breadcrumb\"},\"inLanguage\":\"sv-SE\",\"potentialAction\":[{\"@type\":\"ReadAction\",\"target\":[\"https:\\\/\\\/369agara.com\\\/produit\\\/boitier-extension-multi-earthing\\\/\"]}]},{\"@type\":\"ImageObject\",\"inLanguage\":\"sv-SE\",\"@id\":\"https:\\\/\\\/369agara.com\\\/produit\\\/boitier-extension-multi-earthing\\\/#primaryimage\",\"url\":\"https:\\\/\\\/369agara.com\\\/wp-content\\\/uploads\\\/2024\\\/01\\\/boitier-d-extension-de-mise-a-la-terre-earthing.jpg\",\"contentUrl\":\"https:\\\/\\\/369agara.com\\\/wp-content\\\/uploads\\\/2024\\\/01\\\/boitier-d-extension-de-mise-a-la-terre-earthing.jpg\",\"width\":800,\"height\":800},{\"@type\":\"BreadcrumbList\",\"@id\":\"https:\\\/\\\/369agara.com\\\/produit\\\/boitier-extension-multi-earthing\\\/#breadcrumb\",\"itemListElement\":[{\"@type\":\"ListItem\",\"position\":1,\"name\":\"Accueil\",\"item\":\"https:\\\/\\\/369agara.com\\\/\"},{\"@type\":\"ListItem\",\"position\":2,\"name\":\"La boutique\",\"item\":\"https:\\\/\\\/369agara.com\\\/la-boutique\\\/\"},{\"@type\":\"ListItem\",\"position\":3,\"name\":\"Bo\u00eetier d&rsquo;extension de mise \u00e0 la terre Earthing\"}]},{\"@type\":\"WebSite\",\"@id\":\"https:\\\/\\\/369agara.com\\\/#website\",\"url\":\"https:\\\/\\\/369agara.com\\\/\",\"name\":\"Livsrikedomar\",\"description\":\"D\u00e9connectez pour mieux vous connecter\",\"publisher\":{\"@id\":\"https:\\\/\\\/369agara.com\\\/#organization\"},\"potentialAction\":[{\"@type\":\"SearchAction\",\"target\":{\"@type\":\"EntryPoint\",\"urlTemplate\":\"https:\\\/\\\/369agara.com\\\/?s={search_term_string}\"},\"query-input\":{\"@type\":\"PropertyValueSpecification\",\"valueRequired\":true,\"valueName\":\"search_term_string\"}}],\"inLanguage\":\"sv-SE\"},{\"@type\":\"Organization\",\"@id\":\"https:\\\/\\\/369agara.com\\\/#organization\",\"name\":\"EACreations\",\"url\":\"https:\\\/\\\/369agara.com\\\/\",\"logo\":{\"@type\":\"ImageObject\",\"inLanguage\":\"sv-SE\",\"@id\":\"https:\\\/\\\/369agara.com\\\/#\\\/schema\\\/logo\\\/image\\\/\",\"url\":\"\",\"contentUrl\":\"\",\"caption\":\"EACreations\"},\"image\":{\"@id\":\"https:\\\/\\\/369agara.com\\\/#\\\/schema\\\/logo\\\/image\\\/\"}}]}<\/script>\n<!-- \/ Yoast SEO Premium plugin. -->","yoast_head_json":{"title":"Bo\u00eetier d'extension de mise \u00e0 la terre Earthing | Agara","description":"Le bo\u00eetier d'extension Earthing permet de connecter 4 produits \u00e0 la fois en un seul endroit voir 8 produits en utilisant 4 doubles connecteurs Earthing.","robots":{"index":"index","follow":"follow","max-snippet":"max-snippet:-1","max-image-preview":"max-image-preview:large","max-video-preview":"max-video-preview:-1"},"canonical":"https:\/\/369agara.com\/sv\/produkt\/boitier-extension-multi-earthing\/","og_locale":"sv_SE","og_type":"article","og_title":"Bo\u00eetier d'extension de mise \u00e0 la terre Earthing","og_description":"Le bo\u00eetier d'extension Earthing permet de connecter 4 produits \u00e0 la fois en un seul endroit voir 8 produits en utilisant 4 doubles connecteurs Earthing.","og_url":"https:\/\/369agara.com\/sv\/produkt\/boitier-extension-multi-earthing\/","og_site_name":"Agara","article_modified_time":"2025-05-13T09:35:59+00:00","og_image":[{"width":800,"height":800,"url":"https:\/\/369agara.com\/wp-content\/uploads\/2024\/01\/boitier-d-extension-de-mise-a-la-terre-earthing.jpg","type":"image\/jpeg"}],"twitter_card":"summary_large_image","twitter_misc":{"Ber\u00e4knad l\u00e4stid":"2 minuter"},"schema":{"@context":"https:\/\/schema.org","@graph":[{"@type":"WebPage","@id":"https:\/\/369agara.com\/produit\/boitier-extension-multi-earthing\/","url":"https:\/\/369agara.com\/produit\/boitier-extension-multi-earthing\/","name":"Bo\u00eetier d'extension de mise \u00e0 la terre Earthing | Agara","isPartOf":{"@id":"https:\/\/369agara.com\/#website"},"primaryImageOfPage":{"@id":"https:\/\/369agara.com\/produit\/boitier-extension-multi-earthing\/#primaryimage"},"image":{"@id":"https:\/\/369agara.com\/produit\/boitier-extension-multi-earthing\/#primaryimage"},"thumbnailUrl":"https:\/\/369agara.com\/wp-content\/uploads\/2024\/01\/boitier-d-extension-de-mise-a-la-terre-earthing.jpg","datePublished":"2024-01-22T15:46:00+00:00","dateModified":"2025-05-13T09:35:59+00:00","description":"Le bo\u00eetier d'extension Earthing permet de connecter 4 produits \u00e0 la fois en un seul endroit voir 8 produits en utilisant 4 doubles connecteurs Earthing.","breadcrumb":{"@id":"https:\/\/369agara.com\/produit\/boitier-extension-multi-earthing\/#breadcrumb"},"inLanguage":"sv-SE","potentialAction":[{"@type":"ReadAction","target":["https:\/\/369agara.com\/produit\/boitier-extension-multi-earthing\/"]}]},{"@type":"ImageObject","inLanguage":"sv-SE","@id":"https:\/\/369agara.com\/produit\/boitier-extension-multi-earthing\/#primaryimage","url":"https:\/\/369agara.com\/wp-content\/uploads\/2024\/01\/boitier-d-extension-de-mise-a-la-terre-earthing.jpg","contentUrl":"https:\/\/369agara.com\/wp-content\/uploads\/2024\/01\/boitier-d-extension-de-mise-a-la-terre-earthing.jpg","width":800,"height":800},{"@type":"BreadcrumbList","@id":"https:\/\/369agara.com\/produit\/boitier-extension-multi-earthing\/#breadcrumb","itemListElement":[{"@type":"ListItem","position":1,"name":"Accueil","item":"https:\/\/369agara.com\/"},{"@type":"ListItem","position":2,"name":"La boutique","item":"https:\/\/369agara.com\/la-boutique\/"},{"@type":"ListItem","position":3,"name":"Bo\u00eetier d&rsquo;extension de mise \u00e0 la terre Earthing"}]},{"@type":"WebSite","@id":"https:\/\/369agara.com\/#website","url":"https:\/\/369agara.com\/","name":"Livsrikedomar","description":"Koppla bort f\u00f6r att skapa b\u00e4ttre kontakt","publisher":{"@id":"https:\/\/369agara.com\/#organization"},"potentialAction":[{"@type":"SearchAction","target":{"@type":"EntryPoint","urlTemplate":"https:\/\/369agara.com\/?s={search_term_string}"},"query-input":{"@type":"PropertyValueSpecification","valueRequired":true,"valueName":"search_term_string"}}],"inLanguage":"sv-SE"},{"@type":"Organization","@id":"https:\/\/369agara.com\/#organization","name":"EACreations","url":"https:\/\/369agara.com\/","logo":{"@type":"ImageObject","inLanguage":"sv-SE","@id":"https:\/\/369agara.com\/#\/schema\/logo\/image\/","url":"","contentUrl":"","caption":"EACreations"},"image":{"@id":"https:\/\/369agara.com\/#\/schema\/logo\/image\/"}}]}},"jetpack_sharing_enabled":true,"_links":{"self":[{"href":"https:\/\/369agara.com\/sv\/wp-json\/wp\/v2\/product\/2675","targetHints":{"allow":["GET"]}}],"collection":[{"href":"https:\/\/369agara.com\/sv\/wp-json\/wp\/v2\/product"}],"about":[{"href":"https:\/\/369agara.com\/sv\/wp-json\/wp\/v2\/types\/product"}],"replies":[{"embeddable":true,"href":"https:\/\/369agara.com\/sv\/wp-json\/wp\/v2\/comments?post=2675"}],"wp:featuredmedia":[{"embeddable":true,"href":"https:\/\/369agara.com\/sv\/wp-json\/wp\/v2\/media\/2678"}],"wp:attachment":[{"href":"https:\/\/369agara.com\/sv\/wp-json\/wp\/v2\/media?parent=2675"}],"wp:term":[{"taxonomy":"product_brand","embeddable":true,"href":"https:\/\/369agara.com\/sv\/wp-json\/wp\/v2\/product_brand?post=2675"},{"taxonomy":"product_cat","embeddable":true,"href":"https:\/\/369agara.com\/sv\/wp-json\/wp\/v2\/product_cat?post=2675"},{"taxonomy":"product_tag","embeddable":true,"href":"https:\/\/369agara.com\/sv\/wp-json\/wp\/v2\/product_tag?post=2675"}],"curies":[{"name":"wp","href":"https:\/\/api.w.org\/{rel}","templated":true}]}}