{"id":2685,"date":"2024-01-22T18:24:04","date_gmt":"2024-01-22T17:24:04","guid":{"rendered":"https:\/\/369agara.com\/?post_type=product&#038;p=2685"},"modified":"2025-05-13T11:34:48","modified_gmt":"2025-05-13T09:34:48","slug":"paire-lanieres-chaussures","status":"publish","type":"product","link":"https:\/\/369agara.com\/sv\/produkt\/paire-lanieres-chaussures\/","title":{"rendered":"Ett par jordningsband f\u00f6r jordningsskor"},"content":{"rendered":"<p><span style=\"font-family: 'Book Antiqua', Palatino; font-size: 120%; color: #333399;\"><strong>Detta par jordningsremmar kan f\u00f6rvandla vilken sko eller sandal som helst till jordningsskor.<\/strong>. Du kommer sedan att jordas p\u00e5 en ledande yta, t.ex. gr\u00e4s, jord, sand eller betong.<\/span><\/p>\n<p><span style=\"font-family: 'Book Antiqua', Palatino; font-size: 120%; color: #333399;\">De har utvecklats f\u00f6r att anv\u00e4ndas av elitidrottare som vill f\u00f6rb\u00e4ttra sin prestation och \u00e5terh\u00e4mtning under tr\u00e4ning och t\u00e4vling.<\/span><\/p>\n<p><span style=\"font-family: 'Book Antiqua', Palatino; font-size: 120%; color: #333399;\">De \u00e4r sj\u00e4lvh\u00e4ftande och enkla att installera och har utm\u00e4rkt h\u00e5llbarhet och l\u00e5ngsiktig prestanda.<\/span><br \/>\n<span style=\"font-family: 'Book Antiqua', Palatino; font-size: 120%; color: #333399;\">P\u00e5 gr\u00e4s, till exempel, kan de jordningsband som anv\u00e4nds p\u00e5 st\u00f6vlar eller tr\u00e4ningsskor h\u00e5lla i ett \u00e5r eller mer.<\/span><br \/>\n<span style=\"font-family: 'Book Antiqua', Palatino; font-size: 120%; color: #333399;\">Genom att k\u00f6ra p\u00e5 h\u00e5rda banor under en timmes sessioner kommer anv\u00e4ndaren att kunna anv\u00e4nda den under 10 till 25 sessioner.<\/span><br \/>\n<span style=\"font-family: 'Book Antiqua', Palatino; font-size: 120%; color: #333399;\">N\u00e4r du g\u00e5r p\u00e5 sv\u00e5ra stigar under ett timsl\u00e5ngt pass kommer remmarna att h\u00e5lla mellan 30 och 50 pass.<\/span><\/p>\n<p><span style=\"font-family: 'Book Antiqua', Palatino; font-size: 120%; color: #333399;\">Generellt sett kan remmarna anv\u00e4ndas i cirka femtio timmar n\u00e4r man g\u00e5r p\u00e5 stigar eller gr\u00e4s.<\/span><\/p>\n<p><span style=\"font-family: 'Book Antiqua', Palatino; font-size: 120%; color: #333399;\">Remmarna s\u00e4ljs i f\u00f6rpackningar om 2 och passar antingen ett enda par skor f\u00f6r optimal f\u00f6rankring av b\u00e5da f\u00f6tterna, eller 2 olika par skor (en fot p\u00e5 marken).<\/span><\/p>\n<p><span style=\"font-family: 'Book Antiqua', Palatino; font-size: 120%; color: #333399;\">Om du b\u00e4r v\u00e5ra h\u00f6gkonduktiva jordningsstrumpor f\u00f6rb\u00e4ttras kopplingen mellan din hud och din jordning ytterligare.<\/span><\/p>\n<p><span style=\"font-family: 'Book Antiqua', Palatino; font-size: 120%; color: #333399;\">N\u00e4r remsorna v\u00e4l sitter p\u00e5 plats \u00e4r de permanenta, men de kan tas bort eller bytas ut genom att man drar f\u00f6rsiktigt i dem. F\u00f6r fullst\u00e4ndig borttagning kan du anv\u00e4nda en limborttagare eller en alkoholpinne f\u00f6r att ta bort eventuella limrester. Jordningsbanden levereras med en liten p\u00e5se som inneh\u00e5ller en reng\u00f6ringsservett f\u00f6r att f\u00f6rbereda skons yta innan bandet f\u00e4sts.<\/span><\/p>\n<h3><span style=\"font-family: 'Book Antiqua', Palatino; font-size: 120%; color: #333399;\">Vad \u00e4r jordning?<\/span><\/h3>\n<p><span style=\"font-family: 'Book Antiqua', Palatino; font-size: 120%; color: #333399;\">Enligt boken av <strong>Clinton Ober<\/strong>, <strong>Stephen Sinatra och Martin Zucker<\/strong> \" <strong>Connect to Earth, kanske den viktigaste uppt\u00e4ckten inom h\u00e4lsa<\/strong> \"Som den auktoritativa referensen i \u00e4mnet p\u00e5pekar hj\u00e4lper jordningen till att \u00e5terst\u00e4lla kroppens naturliga elektriska balans och befria den fr\u00e5n elektrostatiska laddningar, precis som n\u00e4r du g\u00e5r barfota i gr\u00e4set.<\/span><\/p>\n<p><span style=\"font-family: 'Book Antiqua', Palatino; font-size: 120%; color: #333399;\">De olika jordningsprodukterna \u00e5terger detta naturliga fenomen.<\/span><\/p>\n<p><span style=\"font-family: 'Book Antiqua', Palatino; font-size: 120%; color: #333399;\">Detta presenterar <strong>m\u00e5nga f\u00f6rdelar<\/strong>s\u00e5 att :<\/span><\/p>\n<ul>\n<li><strong><span style=\"font-family: 'Book Antiqua', Palatino; font-size: 120%; color: #333399;\">ett f\u00f6rb\u00e4ttrat immunf\u00f6rsvar<\/span><\/strong><\/li>\n<li><strong><span style=\"font-family: 'Book Antiqua', Palatino; font-size: 120%; color: #333399;\">f\u00f6rb\u00e4ttrad matsm\u00e4ltning<\/span><\/strong><\/li>\n<li><strong><span style=\"font-family: 'Book Antiqua', Palatino; font-size: 120%; color: #333399;\">f\u00f6rb\u00e4ttra s\u00f6mnkvaliteten och balansera v\u00e5r biologiska klocka<\/span><\/strong><\/li>\n<li><strong><span style=\"font-family: 'Book Antiqua', Palatino; font-size: 120%; color: #333399;\">\u00f6kad energi och minskad stress<\/span><\/strong><\/li>\n<li><strong><span style=\"font-family: 'Book Antiqua', Palatino; font-size: 120%; color: #333399;\">f\u00f6rb\u00e4ttrad blodcirkulation<\/span><\/strong><\/li>\n<li><strong><span style=\"font-family: 'Book Antiqua', Palatino; font-size: 120%; color: #333399;\">snabbare \u00e5terh\u00e4mtning efter intensiv fysisk aktivitet och snabbare l\u00e4kning av skador<\/span><\/strong><\/li>\n<li><strong><span style=\"font-family: 'Book Antiqua', Palatino; font-size: 120%; color: #333399;\">lindring av muskelsp\u00e4nningar, huvudv\u00e4rk, hormonella symtom och menstruationssymtom<\/span><\/strong><\/li>\n<li><strong><span style=\"font-family: 'Book Antiqua', Palatino; font-size: 120%; color: #333399;\">minskad inflammation<\/span><\/strong><\/li>\n<li><strong><span style=\"font-family: 'Book Antiqua', Palatino; font-size: 120%; color: #333399;\">minskad stress, \u00e5ngest, irritabilitet och till och med symtom p\u00e5 el\u00f6verk\u00e4nslighet<\/span><\/strong><\/li>\n<\/ul>\n<p><strong><span style=\"font-family: 'Book Antiqua', Palatino; font-size: 120%; color: #ed1c24;\">Denna information ers\u00e4tter inte r\u00e5d fr\u00e5n din l\u00e4kare och g\u00f6r inte anspr\u00e5k p\u00e5 att behandla eller bota n\u00e5gra medicinska problem. F\u00f6r alla h\u00e4lsoproblem, r\u00e5dfr\u00e5ga din l\u00e4kare.<\/span><\/strong><\/p>","protected":false},"excerpt":{"rendered":"<p>Detta par jordningsremmar kan f\u00f6rvandla vilken sko eller sandal som helst till jordningsskor.<br \/>\nDu kommer d\u00e5 att vara jordad p\u00e5 alla ledande ytor.<\/p>\n<p>2 f\u00e4rger: vit och svart.<\/p>","protected":false},"featured_media":2687,"comment_status":"open","ping_status":"closed","template":"","meta":[],"product_brand":[267],"product_cat":[164],"product_tag":[248,244,184],"class_list":{"0":"post-2685","1":"product","2":"type-product","3":"status-publish","4":"has-post-thumbnail","6":"product_brand-earthing","7":"product_cat-baubiologie","8":"product_tag-baubiologie","9":"product_tag-chaussures","10":"product_tag-yoga","12":"first","13":"instock","14":"taxable","15":"shipping-taxable","16":"purchasable","17":"product-type-variable"},"yoast_head":"<!-- This site is optimized with the Yoast SEO Premium plugin v25.1 (Yoast SEO v27.4) - https:\/\/yoast.com\/product\/yoast-seo-premium-wordpress\/ -->\n<title>Paire de lani\u00e8res de mise \u00e0 la terre pour chaussures Earthing | Agara<\/title>\n<meta name=\"description\" content=\"Cette paire de lani\u00e8res de mise \u00e0 la terre peut transformer n&#039;importe quelle chaussure ou sandale en chaussures de mise \u00e0 la terre. Vous serez alors reli\u00e9 \u00e0 la terre sur toutes les surfaces conductrices. 2 couleurs : blanc et noir.\" \/>\n<meta name=\"robots\" content=\"index, follow, max-snippet:-1, max-image-preview:large, max-video-preview:-1\" \/>\n<link rel=\"canonical\" href=\"https:\/\/369agara.com\/sv\/produkt\/paire-lanieres-chaussures\/\" \/>\n<meta property=\"og:locale\" content=\"sv_SE\" \/>\n<meta property=\"og:type\" content=\"article\" \/>\n<meta property=\"og:title\" content=\"Paire de lani\u00e8res de mise \u00e0 la terre pour chaussures Earthing\" \/>\n<meta property=\"og:description\" content=\"Cette paire de lani\u00e8res de mise \u00e0 la terre peut transformer n&#039;importe quelle chaussure ou sandale en chaussures de mise \u00e0 la terre. Vous serez alors reli\u00e9 \u00e0 la terre sur toutes les surfaces conductrices. 2 couleurs : blanc et noir.\" \/>\n<meta property=\"og:url\" content=\"https:\/\/369agara.com\/sv\/produkt\/paire-lanieres-chaussures\/\" \/>\n<meta property=\"og:site_name\" content=\"Agara\" \/>\n<meta property=\"article:modified_time\" content=\"2025-05-13T09:34:48+00:00\" \/>\n<meta property=\"og:image\" content=\"https:\/\/369agara.com\/wp-content\/uploads\/2024\/01\/paire-de-lanieres-de-mise-a-la-terre-pour-chaussures-earthing-1.jpg\" \/>\n\t<meta property=\"og:image:width\" content=\"800\" \/>\n\t<meta property=\"og:image:height\" content=\"800\" \/>\n\t<meta property=\"og:image:type\" content=\"image\/jpeg\" \/>\n<meta name=\"twitter:card\" content=\"summary_large_image\" \/>\n<meta name=\"twitter:label1\" content=\"Ber\u00e4knad l\u00e4stid\" \/>\n\t<meta name=\"twitter:data1\" content=\"3 minuter\" \/>\n<script type=\"application\/ld+json\" class=\"yoast-schema-graph\">{\"@context\":\"https:\\\/\\\/schema.org\",\"@graph\":[{\"@type\":\"WebPage\",\"@id\":\"https:\\\/\\\/369agara.com\\\/produit\\\/paire-lanieres-chaussures\\\/\",\"url\":\"https:\\\/\\\/369agara.com\\\/produit\\\/paire-lanieres-chaussures\\\/\",\"name\":\"Paire de lani\u00e8res de mise \u00e0 la terre pour chaussures Earthing | Agara\",\"isPartOf\":{\"@id\":\"https:\\\/\\\/369agara.com\\\/#website\"},\"primaryImageOfPage\":{\"@id\":\"https:\\\/\\\/369agara.com\\\/produit\\\/paire-lanieres-chaussures\\\/#primaryimage\"},\"image\":{\"@id\":\"https:\\\/\\\/369agara.com\\\/produit\\\/paire-lanieres-chaussures\\\/#primaryimage\"},\"thumbnailUrl\":\"https:\\\/\\\/369agara.com\\\/wp-content\\\/uploads\\\/2024\\\/01\\\/paire-de-lanieres-de-mise-a-la-terre-pour-chaussures-earthing-1.jpg\",\"datePublished\":\"2024-01-22T17:24:04+00:00\",\"dateModified\":\"2025-05-13T09:34:48+00:00\",\"description\":\"Cette paire de lani\u00e8res de mise \u00e0 la terre peut transformer n'importe quelle chaussure ou sandale en chaussures de mise \u00e0 la terre. Vous serez alors reli\u00e9 \u00e0 la terre sur toutes les surfaces conductrices. 2 couleurs : blanc et noir.\",\"breadcrumb\":{\"@id\":\"https:\\\/\\\/369agara.com\\\/produit\\\/paire-lanieres-chaussures\\\/#breadcrumb\"},\"inLanguage\":\"sv-SE\",\"potentialAction\":[{\"@type\":\"ReadAction\",\"target\":[\"https:\\\/\\\/369agara.com\\\/produit\\\/paire-lanieres-chaussures\\\/\"]}]},{\"@type\":\"ImageObject\",\"inLanguage\":\"sv-SE\",\"@id\":\"https:\\\/\\\/369agara.com\\\/produit\\\/paire-lanieres-chaussures\\\/#primaryimage\",\"url\":\"https:\\\/\\\/369agara.com\\\/wp-content\\\/uploads\\\/2024\\\/01\\\/paire-de-lanieres-de-mise-a-la-terre-pour-chaussures-earthing-1.jpg\",\"contentUrl\":\"https:\\\/\\\/369agara.com\\\/wp-content\\\/uploads\\\/2024\\\/01\\\/paire-de-lanieres-de-mise-a-la-terre-pour-chaussures-earthing-1.jpg\",\"width\":800,\"height\":800},{\"@type\":\"BreadcrumbList\",\"@id\":\"https:\\\/\\\/369agara.com\\\/produit\\\/paire-lanieres-chaussures\\\/#breadcrumb\",\"itemListElement\":[{\"@type\":\"ListItem\",\"position\":1,\"name\":\"Accueil\",\"item\":\"https:\\\/\\\/369agara.com\\\/\"},{\"@type\":\"ListItem\",\"position\":2,\"name\":\"La boutique\",\"item\":\"https:\\\/\\\/369agara.com\\\/la-boutique\\\/\"},{\"@type\":\"ListItem\",\"position\":3,\"name\":\"Paire de lani\u00e8res de mise \u00e0 la terre pour chaussures Earthing\"}]},{\"@type\":\"WebSite\",\"@id\":\"https:\\\/\\\/369agara.com\\\/#website\",\"url\":\"https:\\\/\\\/369agara.com\\\/\",\"name\":\"Livsrikedomar\",\"description\":\"D\u00e9connectez pour mieux vous connecter\",\"publisher\":{\"@id\":\"https:\\\/\\\/369agara.com\\\/#organization\"},\"potentialAction\":[{\"@type\":\"SearchAction\",\"target\":{\"@type\":\"EntryPoint\",\"urlTemplate\":\"https:\\\/\\\/369agara.com\\\/?s={search_term_string}\"},\"query-input\":{\"@type\":\"PropertyValueSpecification\",\"valueRequired\":true,\"valueName\":\"search_term_string\"}}],\"inLanguage\":\"sv-SE\"},{\"@type\":\"Organization\",\"@id\":\"https:\\\/\\\/369agara.com\\\/#organization\",\"name\":\"EACreations\",\"url\":\"https:\\\/\\\/369agara.com\\\/\",\"logo\":{\"@type\":\"ImageObject\",\"inLanguage\":\"sv-SE\",\"@id\":\"https:\\\/\\\/369agara.com\\\/#\\\/schema\\\/logo\\\/image\\\/\",\"url\":\"\",\"contentUrl\":\"\",\"caption\":\"EACreations\"},\"image\":{\"@id\":\"https:\\\/\\\/369agara.com\\\/#\\\/schema\\\/logo\\\/image\\\/\"}}]}<\/script>\n<!-- \/ Yoast SEO Premium plugin. -->","yoast_head_json":{"title":"Paire de lani\u00e8res de mise \u00e0 la terre pour chaussures Earthing | Agara","description":"Cette paire de lani\u00e8res de mise \u00e0 la terre peut transformer n'importe quelle chaussure ou sandale en chaussures de mise \u00e0 la terre. Vous serez alors reli\u00e9 \u00e0 la terre sur toutes les surfaces conductrices. 2 couleurs : blanc et noir.","robots":{"index":"index","follow":"follow","max-snippet":"max-snippet:-1","max-image-preview":"max-image-preview:large","max-video-preview":"max-video-preview:-1"},"canonical":"https:\/\/369agara.com\/sv\/produkt\/paire-lanieres-chaussures\/","og_locale":"sv_SE","og_type":"article","og_title":"Paire de lani\u00e8res de mise \u00e0 la terre pour chaussures Earthing","og_description":"Cette paire de lani\u00e8res de mise \u00e0 la terre peut transformer n'importe quelle chaussure ou sandale en chaussures de mise \u00e0 la terre. Vous serez alors reli\u00e9 \u00e0 la terre sur toutes les surfaces conductrices. 2 couleurs : blanc et noir.","og_url":"https:\/\/369agara.com\/sv\/produkt\/paire-lanieres-chaussures\/","og_site_name":"Agara","article_modified_time":"2025-05-13T09:34:48+00:00","og_image":[{"width":800,"height":800,"url":"https:\/\/369agara.com\/wp-content\/uploads\/2024\/01\/paire-de-lanieres-de-mise-a-la-terre-pour-chaussures-earthing-1.jpg","type":"image\/jpeg"}],"twitter_card":"summary_large_image","twitter_misc":{"Ber\u00e4knad l\u00e4stid":"3 minuter"},"schema":{"@context":"https:\/\/schema.org","@graph":[{"@type":"WebPage","@id":"https:\/\/369agara.com\/produit\/paire-lanieres-chaussures\/","url":"https:\/\/369agara.com\/produit\/paire-lanieres-chaussures\/","name":"Paire de lani\u00e8res de mise \u00e0 la terre pour chaussures Earthing | Agara","isPartOf":{"@id":"https:\/\/369agara.com\/#website"},"primaryImageOfPage":{"@id":"https:\/\/369agara.com\/produit\/paire-lanieres-chaussures\/#primaryimage"},"image":{"@id":"https:\/\/369agara.com\/produit\/paire-lanieres-chaussures\/#primaryimage"},"thumbnailUrl":"https:\/\/369agara.com\/wp-content\/uploads\/2024\/01\/paire-de-lanieres-de-mise-a-la-terre-pour-chaussures-earthing-1.jpg","datePublished":"2024-01-22T17:24:04+00:00","dateModified":"2025-05-13T09:34:48+00:00","description":"Cette paire de lani\u00e8res de mise \u00e0 la terre peut transformer n'importe quelle chaussure ou sandale en chaussures de mise \u00e0 la terre. Vous serez alors reli\u00e9 \u00e0 la terre sur toutes les surfaces conductrices. 2 couleurs : blanc et noir.","breadcrumb":{"@id":"https:\/\/369agara.com\/produit\/paire-lanieres-chaussures\/#breadcrumb"},"inLanguage":"sv-SE","potentialAction":[{"@type":"ReadAction","target":["https:\/\/369agara.com\/produit\/paire-lanieres-chaussures\/"]}]},{"@type":"ImageObject","inLanguage":"sv-SE","@id":"https:\/\/369agara.com\/produit\/paire-lanieres-chaussures\/#primaryimage","url":"https:\/\/369agara.com\/wp-content\/uploads\/2024\/01\/paire-de-lanieres-de-mise-a-la-terre-pour-chaussures-earthing-1.jpg","contentUrl":"https:\/\/369agara.com\/wp-content\/uploads\/2024\/01\/paire-de-lanieres-de-mise-a-la-terre-pour-chaussures-earthing-1.jpg","width":800,"height":800},{"@type":"BreadcrumbList","@id":"https:\/\/369agara.com\/produit\/paire-lanieres-chaussures\/#breadcrumb","itemListElement":[{"@type":"ListItem","position":1,"name":"Accueil","item":"https:\/\/369agara.com\/"},{"@type":"ListItem","position":2,"name":"La boutique","item":"https:\/\/369agara.com\/la-boutique\/"},{"@type":"ListItem","position":3,"name":"Paire de lani\u00e8res de mise \u00e0 la terre pour chaussures Earthing"}]},{"@type":"WebSite","@id":"https:\/\/369agara.com\/#website","url":"https:\/\/369agara.com\/","name":"Livsrikedomar","description":"Koppla bort f\u00f6r att skapa b\u00e4ttre kontakt","publisher":{"@id":"https:\/\/369agara.com\/#organization"},"potentialAction":[{"@type":"SearchAction","target":{"@type":"EntryPoint","urlTemplate":"https:\/\/369agara.com\/?s={search_term_string}"},"query-input":{"@type":"PropertyValueSpecification","valueRequired":true,"valueName":"search_term_string"}}],"inLanguage":"sv-SE"},{"@type":"Organization","@id":"https:\/\/369agara.com\/#organization","name":"EACreations","url":"https:\/\/369agara.com\/","logo":{"@type":"ImageObject","inLanguage":"sv-SE","@id":"https:\/\/369agara.com\/#\/schema\/logo\/image\/","url":"","contentUrl":"","caption":"EACreations"},"image":{"@id":"https:\/\/369agara.com\/#\/schema\/logo\/image\/"}}]}},"jetpack_sharing_enabled":true,"_links":{"self":[{"href":"https:\/\/369agara.com\/sv\/wp-json\/wp\/v2\/product\/2685","targetHints":{"allow":["GET"]}}],"collection":[{"href":"https:\/\/369agara.com\/sv\/wp-json\/wp\/v2\/product"}],"about":[{"href":"https:\/\/369agara.com\/sv\/wp-json\/wp\/v2\/types\/product"}],"replies":[{"embeddable":true,"href":"https:\/\/369agara.com\/sv\/wp-json\/wp\/v2\/comments?post=2685"}],"wp:featuredmedia":[{"embeddable":true,"href":"https:\/\/369agara.com\/sv\/wp-json\/wp\/v2\/media\/2687"}],"wp:attachment":[{"href":"https:\/\/369agara.com\/sv\/wp-json\/wp\/v2\/media?parent=2685"}],"wp:term":[{"taxonomy":"product_brand","embeddable":true,"href":"https:\/\/369agara.com\/sv\/wp-json\/wp\/v2\/product_brand?post=2685"},{"taxonomy":"product_cat","embeddable":true,"href":"https:\/\/369agara.com\/sv\/wp-json\/wp\/v2\/product_cat?post=2685"},{"taxonomy":"product_tag","embeddable":true,"href":"https:\/\/369agara.com\/sv\/wp-json\/wp\/v2\/product_tag?post=2685"}],"curies":[{"name":"wp","href":"https:\/\/api.w.org\/{rel}","templated":true}]}}