{"id":2936,"date":"2024-06-23T21:50:21","date_gmt":"2024-06-23T19:50:21","guid":{"rendered":"https:\/\/369agara.com\/?post_type=product&#038;p=2936"},"modified":"2025-05-15T22:36:05","modified_gmt":"2025-05-15T20:36:05","slug":"modulaur-cristalo-photonique-3w","status":"publish","type":"product","link":"https:\/\/369agara.com\/sv\/produkt\/modulaur-cristalo-photonique-3w\/","title":{"rendered":"3W kristall-fotonmodulator + Zome 13 polariserare f\u00f6r skal\u00e4rv\u00e5g"},"content":{"rendered":"<h3><span style=\"font-family: 'Book Antiqua', Palatino; font-size: 120%; color: #333399;\">Denna enhet har tv\u00e5 funktioner:<\/span><\/h3>\n<p><span style=\"font-family: 'Book Antiqua', Palatino; font-size: 120%; color: #333399;\">Den kan placeras p\u00e5 ett skrivbord, ett bord eller som en lampa.<\/span><br \/>\n<span style=\"font-family: 'Book Antiqua', Palatino; font-size: 120%; color: #333399;\">Denna intuitiva kromatiska diffusor harmoniserar f\u00f6rsiktigt ditt vardagsrum och ditt utrymme.<\/span><\/p>\n<p><span style=\"font-family: 'Book Antiqua', Palatino; font-size: 120%; color: #333399;\">Den kan ocks\u00e5 anv\u00e4ndas som behandlingslampa f\u00f6r kromoterapi.<\/span><br \/>\n<span style=\"font-family: 'Book Antiqua', Palatino; font-size: 120%; color: #333399;\">Den ergonomiska formen och den l\u00e5ga vikten g\u00f6r den l\u00e4tt att hantera och anv\u00e4nda.<\/span><\/p>\n<p><span style=\"font-family: 'Book Antiqua', Palatino; font-size: 120%; color: #333399;\">Den f\u00f6rst\u00e4rker dina h\u00e4nders magnetism med ett n\u00e4rande ljusfl\u00f6de och f\u00f6rb\u00e4ttrar v\u00e5rden och djupet i den hj\u00e4lpande relationen mellan behandlaren och mottagaren.<\/span><br \/>\n<span style=\"font-family: 'Book Antiqua', Palatino; font-size: 120%; color: #333399;\">De f\u00f6rdelar som f\u00f6ljer av alliansen mellan dig och fl\u00f6det av elektromagnetism \u00f6verf\u00f6rs s\u00e5ledes, f\u00f6rst\u00e4rkta av ametisten plus det skal\u00e4ra f\u00e4lt som genereras av formv\u00e5gorna.<\/span><\/p>\n<p><span style=\"font-family: 'Book Antiqua', Palatino; font-size: 120%; color: #333399;\">Av alla \u00e4delstenar anses ametist (fr\u00e5n kvartsfamiljen) vara drottningen i litoterapins rike, i niv\u00e5 med diamanter i smycken, p\u00e5 grund av sin naturliga sk\u00f6nhet och anm\u00e4rkningsv\u00e4rda krafter.<\/span><br \/>\n<span style=\"font-family: 'Book Antiqua', Palatino; font-size: 120%; color: #333399;\">Det \u00e4r ett kraftfullt botemedel mot alla typer av k\u00e4nslom\u00e4ssig negativitet.<\/span><br \/>\n<span style=\"font-family: 'Book Antiqua', Palatino; font-size: 120%; color: #333399;\">Ametist har en rik historia och \u00e4r s\u00e4rskilt uppskattad f\u00f6r sina eleganta, lugnande och hypnotiska violetta nyanser.<\/span><br \/>\n<span style=\"font-family: 'Book Antiqua', Palatino; font-size: 120%; color: #333399;\">Dessa p\u00e4rlor representerar sj\u00e4lens visdom och inre frid. Uppt\u00e4ck dess m\u00e5nga m\u00f6jligheter och de f\u00f6rdelar den kan ge f\u00f6r din allm\u00e4nna balans, liksom f\u00f6r ditt hem och din milj\u00f6.<\/span><\/p>\n<h3><span style=\"font-family: 'Book Antiqua', Palatino; font-size: 120%; color: #333399;\">Formv\u00e5gor och livets geometri (eller helig geometri).<\/span><\/h3>\n<p><span style=\"font-family: 'Book Antiqua', Palatino; font-size: 120%; color: #333399;\">N\u00e4r vi betraktar de former som naturen producerar \u00e4r det fascinerande att se i vilken utstr\u00e4ckning levande varelser \u00e4r strukturerade enligt vissa regler f\u00f6r matematisk harmoni.<\/span><br \/>\n<span style=\"font-family: 'Book Antiqua', Palatino; font-size: 120%; color: #333399;\">P\u00e5 samma s\u00e4tt har m\u00e4nniskan alltid byggt tempel och heliga platser som anv\u00e4nder sig av vissa harmoniska former. Formharmonin i naturen och den heliga konsten \u00e4r intimt f\u00f6rknippade med varandra genom ett samspel av mimik.<\/span><br \/>\n<span style=\"font-family: 'Book Antiqua', Palatino; font-size: 120%; color: #333399;\">F\u00f6r vissa \u00e4r denna harmoni en \u00e5terspegling av gudomlighet. Det finns flera matematiska principer som kan observeras i naturliga former. Dessa inkluderar det gyllene snittet och Fibonacci-sekvensen...<\/span><br \/>\n<span style=\"font-family: 'Book Antiqua', Palatino; font-size: 120%; color: #333399;\">Former kan associeras med begrepp, och begreppens natur definierar ocks\u00e5 energispektrumet f\u00f6r dessa former.<\/span><br \/>\n<span style=\"font-family: 'Book Antiqua', Palatino; font-size: 120%; color: #333399;\">Detta \u00e4r tanken bakom mandalas eller yantras...<\/span><\/p>","protected":false},"excerpt":{"rendered":"<p><span style=\"font-family: 'Book Antiqua', Palatino; font-size: 120%; color: #333399;\">Intuitiv monokromatisk str\u00f6mdiffusor med f\u00f6rb\u00e4ttrad noggrannhet vid 125 kHz.<\/span><br \/>\n<span style=\"font-family: 'Book Antiqua', Palatino; font-size: 120%; color: #333399;\">F\u00f6rst\u00e4rkning och harmonisering med ametist och formv\u00e5gor.<\/span><\/p>\n<p><span style=\"font-family: 'Book Antiqua', Palatino; font-size: 120%; color: #333399;\">Levereras med 5V USB-str\u00f6mf\u00f6rs\u00f6rjning + 3D-presentationsstativ f\u00f6r placering av olika f\u00f6rem\u00e5l som ska str\u00f6mf\u00f6rs\u00f6rjas (vatten, kristaller, v\u00e5gformer) + transparent Zome13-v\u00e5gformspolarisator<\/span><br \/>\n<span style=\"font-family: 'Book Antiqua', Palatino; font-size: 120%; color: #333399;\">Fodral Diam 7 cm. Vikt ~ 120 g (~ 50 g ametist)<\/span><\/p>\n<p><span style=\"font-family: 'Book Antiqua', Palatino; font-size: 120%; color: #333399;\">Modulur med 15 monokromatiska program med f\u00f6rb\u00e4ttrad precision (125Khz) + 4 f\u00e4rgcykler, via enkel infrar\u00f6d fj\u00e4rrkontroll (20 pgm) :<\/span><\/p>\n<ul>\n<li><span style=\"font-family: 'Book Antiqua', Palatino; font-size: 120%; color: #333399;\">15 f\u00e4rger<\/span><\/li>\n<li><span style=\"font-family: 'Book Antiqua', Palatino; font-size: 120%; color: #333399;\">1 blankett<\/span><\/li>\n<li><span style=\"font-family: 'Book Antiqua', Palatino; font-size: 120%; color: #333399;\">1 \u00e4ndl\u00f6s regnb\u00e5gscykel<\/span><\/li>\n<li><span style=\"font-family: 'Book Antiqua', Palatino; font-size: 120%; color: #333399;\">1 tur- och returresa p\u00e5 en regnb\u00e5gscykel<\/span><\/li>\n<li><span style=\"font-family: 'Book Antiqua', Palatino; font-size: 120%; color: #333399;\">1 5\u00b0 pulscykel f\u00f6r krominans<\/span><\/li>\n<li><span style=\"font-family: 'Book Antiqua', Palatino; font-size: 120%; color: #333399;\">1 luminanspulscykel (med justerbar hastighet)<\/span><\/li>\n<\/ul>\n<p><span style=\"font-family: 'Book Antiqua', Palatino; font-size: 120%; color: #333399;\">Tillverkad i Frankrike.<\/span><\/p>","protected":false},"featured_media":2950,"comment_status":"open","ping_status":"closed","template":"","meta":[],"product_brand":[],"product_cat":[140],"product_tag":[232,233,222],"class_list":{"0":"post-2936","1":"product","2":"type-product","3":"status-publish","4":"has-post-thumbnail","6":"product_cat-aec-innovations","7":"product_tag-amethyste","8":"product_tag-chromotherapie","9":"product_tag-geometrie-sacree","11":"first","12":"instock","13":"taxable","14":"shipping-taxable","15":"purchasable","16":"product-type-simple"},"yoast_head":"<!-- This site is optimized with the Yoast SEO Premium plugin v25.1 (Yoast SEO v27.4) - https:\/\/yoast.com\/product\/yoast-seo-premium-wordpress\/ -->\n<title>Modulaur Cristalo-photonique 3W + Zome 13 polarisateur d&#039;ondes scalaires | Agara<\/title>\n<meta name=\"description\" content=\"Diffuseur de courant monochromatique intuitif avec une pr\u00e9cision am\u00e9lior\u00e9e \u00e0 125 kHz. Amplification et harmonisation avec l&#039;am\u00e9thyste et les ondes de forme. Livr\u00e9 avec alimentation USB 5V + support de pr\u00e9sentation 3D pour placer divers objets \u00e0 alimenter (eau, cristaux, ondes en forme) + polariseur d&#039;ondes en forme Zome13 transparentBo\u00eetier Diam 7 cm. Poids ~ 120 g (~ 50 g d&#039;am\u00e9thyste) Horloge modulaire avec 15 programmes monochromatiques pr\u00e9cision am\u00e9lior\u00e9e (125Khz) + 4 cycles de couleurs, via simple t\u00e9l\u00e9commande infrarouge (20 pgm) : 15 couleurs ; 1 blanc ; 1 v\u00e9lo arc-en-ciel sans fin ; 1 aller-retour en v\u00e9lo arc-en-ciel ; 1 cycle d&#039;impulsion de chrominance 5\u00b0 ; 1 cycle d&#039;impulsion de luminance (avec vitesse r\u00e9glable). Fabrication fran\u00e7aise.\" \/>\n<meta name=\"robots\" content=\"index, follow, max-snippet:-1, max-image-preview:large, max-video-preview:-1\" \/>\n<link rel=\"canonical\" href=\"https:\/\/369agara.com\/sv\/produkt\/modulaur-cristalo-photonique-3w\/\" \/>\n<meta property=\"og:locale\" content=\"sv_SE\" \/>\n<meta property=\"og:type\" content=\"article\" \/>\n<meta property=\"og:title\" content=\"Modulaur Cristalo-photonique 3W + Zome 13 polarisateur d&#039;ondes scalaires\" \/>\n<meta property=\"og:description\" content=\"Diffuseur de courant monochromatique intuitif avec une pr\u00e9cision am\u00e9lior\u00e9e \u00e0 125 kHz. Amplification et harmonisation avec l&#039;am\u00e9thyste et les ondes de forme. Livr\u00e9 avec alimentation USB 5V + support de pr\u00e9sentation 3D pour placer divers objets \u00e0 alimenter (eau, cristaux, ondes en forme) + polariseur d&#039;ondes en forme Zome13 transparentBo\u00eetier Diam 7 cm. Poids ~ 120 g (~ 50 g d&#039;am\u00e9thyste) Horloge modulaire avec 15 programmes monochromatiques pr\u00e9cision am\u00e9lior\u00e9e (125Khz) + 4 cycles de couleurs, via simple t\u00e9l\u00e9commande infrarouge (20 pgm) : 15 couleurs ; 1 blanc ; 1 v\u00e9lo arc-en-ciel sans fin ; 1 aller-retour en v\u00e9lo arc-en-ciel ; 1 cycle d&#039;impulsion de chrominance 5\u00b0 ; 1 cycle d&#039;impulsion de luminance (avec vitesse r\u00e9glable). Fabrication fran\u00e7aise.\" \/>\n<meta property=\"og:url\" content=\"https:\/\/369agara.com\/sv\/produkt\/modulaur-cristalo-photonique-3w\/\" \/>\n<meta property=\"og:site_name\" content=\"Agara\" \/>\n<meta property=\"article:modified_time\" content=\"2025-05-15T20:36:05+00:00\" \/>\n<meta property=\"og:image\" content=\"https:\/\/369agara.com\/wp-content\/uploads\/2024\/06\/IMG_20240521_141946-scaled.jpg\" \/>\n\t<meta property=\"og:image:width\" content=\"2560\" \/>\n\t<meta property=\"og:image:height\" content=\"2560\" \/>\n\t<meta property=\"og:image:type\" content=\"image\/jpeg\" \/>\n<meta name=\"twitter:card\" content=\"summary_large_image\" \/>\n<meta name=\"twitter:label1\" content=\"Ber\u00e4knad l\u00e4stid\" \/>\n\t<meta name=\"twitter:data1\" content=\"3 minuter\" \/>\n<script type=\"application\/ld+json\" class=\"yoast-schema-graph\">{\"@context\":\"https:\\\/\\\/schema.org\",\"@graph\":[{\"@type\":\"WebPage\",\"@id\":\"https:\\\/\\\/369agara.com\\\/produit\\\/modulaur-cristalo-photonique-3w\\\/\",\"url\":\"https:\\\/\\\/369agara.com\\\/produit\\\/modulaur-cristalo-photonique-3w\\\/\",\"name\":\"Modulaur Cristalo-photonique 3W + Zome 13 polarisateur d'ondes scalaires | Agara\",\"isPartOf\":{\"@id\":\"https:\\\/\\\/369agara.com\\\/#website\"},\"primaryImageOfPage\":{\"@id\":\"https:\\\/\\\/369agara.com\\\/produit\\\/modulaur-cristalo-photonique-3w\\\/#primaryimage\"},\"image\":{\"@id\":\"https:\\\/\\\/369agara.com\\\/produit\\\/modulaur-cristalo-photonique-3w\\\/#primaryimage\"},\"thumbnailUrl\":\"https:\\\/\\\/369agara.com\\\/wp-content\\\/uploads\\\/2024\\\/06\\\/IMG_20240521_141946-scaled.jpg\",\"datePublished\":\"2024-06-23T19:50:21+00:00\",\"dateModified\":\"2025-05-15T20:36:05+00:00\",\"description\":\"Diffuseur de courant monochromatique intuitif avec une pr\u00e9cision am\u00e9lior\u00e9e \u00e0 125 kHz. Amplification et harmonisation avec l'am\u00e9thyste et les ondes de forme. Livr\u00e9 avec alimentation USB 5V + support de pr\u00e9sentation 3D pour placer divers objets \u00e0 alimenter (eau, cristaux, ondes en forme) + polariseur d'ondes en forme Zome13 transparentBo\u00eetier Diam 7 cm. Poids ~ 120 g (~ 50 g d'am\u00e9thyste) Horloge modulaire avec 15 programmes monochromatiques pr\u00e9cision am\u00e9lior\u00e9e (125Khz) + 4 cycles de couleurs, via simple t\u00e9l\u00e9commande infrarouge (20 pgm) : 15 couleurs ; 1 blanc ; 1 v\u00e9lo arc-en-ciel sans fin ; 1 aller-retour en v\u00e9lo arc-en-ciel ; 1 cycle d'impulsion de chrominance 5\u00b0 ; 1 cycle d'impulsion de luminance (avec vitesse r\u00e9glable). Fabrication fran\u00e7aise.\",\"breadcrumb\":{\"@id\":\"https:\\\/\\\/369agara.com\\\/produit\\\/modulaur-cristalo-photonique-3w\\\/#breadcrumb\"},\"inLanguage\":\"sv-SE\",\"potentialAction\":[{\"@type\":\"ReadAction\",\"target\":[\"https:\\\/\\\/369agara.com\\\/produit\\\/modulaur-cristalo-photonique-3w\\\/\"]}]},{\"@type\":\"ImageObject\",\"inLanguage\":\"sv-SE\",\"@id\":\"https:\\\/\\\/369agara.com\\\/produit\\\/modulaur-cristalo-photonique-3w\\\/#primaryimage\",\"url\":\"https:\\\/\\\/369agara.com\\\/wp-content\\\/uploads\\\/2024\\\/06\\\/IMG_20240521_141946-scaled.jpg\",\"contentUrl\":\"https:\\\/\\\/369agara.com\\\/wp-content\\\/uploads\\\/2024\\\/06\\\/IMG_20240521_141946-scaled.jpg\",\"width\":2560,\"height\":2560},{\"@type\":\"BreadcrumbList\",\"@id\":\"https:\\\/\\\/369agara.com\\\/produit\\\/modulaur-cristalo-photonique-3w\\\/#breadcrumb\",\"itemListElement\":[{\"@type\":\"ListItem\",\"position\":1,\"name\":\"Accueil\",\"item\":\"https:\\\/\\\/369agara.com\\\/\"},{\"@type\":\"ListItem\",\"position\":2,\"name\":\"La boutique\",\"item\":\"https:\\\/\\\/369agara.com\\\/la-boutique\\\/\"},{\"@type\":\"ListItem\",\"position\":3,\"name\":\"Modulaur Cristalo-photonique 3W + Zome 13 polarisateur d&rsquo;ondes scalaires\"}]},{\"@type\":\"WebSite\",\"@id\":\"https:\\\/\\\/369agara.com\\\/#website\",\"url\":\"https:\\\/\\\/369agara.com\\\/\",\"name\":\"Livsrikedomar\",\"description\":\"D\u00e9connectez pour mieux vous connecter\",\"publisher\":{\"@id\":\"https:\\\/\\\/369agara.com\\\/#organization\"},\"potentialAction\":[{\"@type\":\"SearchAction\",\"target\":{\"@type\":\"EntryPoint\",\"urlTemplate\":\"https:\\\/\\\/369agara.com\\\/?s={search_term_string}\"},\"query-input\":{\"@type\":\"PropertyValueSpecification\",\"valueRequired\":true,\"valueName\":\"search_term_string\"}}],\"inLanguage\":\"sv-SE\"},{\"@type\":\"Organization\",\"@id\":\"https:\\\/\\\/369agara.com\\\/#organization\",\"name\":\"EACreations\",\"url\":\"https:\\\/\\\/369agara.com\\\/\",\"logo\":{\"@type\":\"ImageObject\",\"inLanguage\":\"sv-SE\",\"@id\":\"https:\\\/\\\/369agara.com\\\/#\\\/schema\\\/logo\\\/image\\\/\",\"url\":\"\",\"contentUrl\":\"\",\"caption\":\"EACreations\"},\"image\":{\"@id\":\"https:\\\/\\\/369agara.com\\\/#\\\/schema\\\/logo\\\/image\\\/\"}}]}<\/script>\n<!-- \/ Yoast SEO Premium plugin. -->","yoast_head_json":{"title":"Modulaur Cristalo-photonique 3W + Zome 13 polarisateur d'ondes scalaires | Agara","description":"Diffuseur de courant monochromatique intuitif avec une pr\u00e9cision am\u00e9lior\u00e9e \u00e0 125 kHz. Amplification et harmonisation avec l'am\u00e9thyste et les ondes de forme. Livr\u00e9 avec alimentation USB 5V + support de pr\u00e9sentation 3D pour placer divers objets \u00e0 alimenter (eau, cristaux, ondes en forme) + polariseur d'ondes en forme Zome13 transparentBo\u00eetier Diam 7 cm. Poids ~ 120 g (~ 50 g d'am\u00e9thyste) Horloge modulaire avec 15 programmes monochromatiques pr\u00e9cision am\u00e9lior\u00e9e (125Khz) + 4 cycles de couleurs, via simple t\u00e9l\u00e9commande infrarouge (20 pgm) : 15 couleurs ; 1 blanc ; 1 v\u00e9lo arc-en-ciel sans fin ; 1 aller-retour en v\u00e9lo arc-en-ciel ; 1 cycle d'impulsion de chrominance 5\u00b0 ; 1 cycle d'impulsion de luminance (avec vitesse r\u00e9glable). Fabrication fran\u00e7aise.","robots":{"index":"index","follow":"follow","max-snippet":"max-snippet:-1","max-image-preview":"max-image-preview:large","max-video-preview":"max-video-preview:-1"},"canonical":"https:\/\/369agara.com\/sv\/produkt\/modulaur-cristalo-photonique-3w\/","og_locale":"sv_SE","og_type":"article","og_title":"Modulaur Cristalo-photonique 3W + Zome 13 polarisateur d'ondes scalaires","og_description":"Diffuseur de courant monochromatique intuitif avec une pr\u00e9cision am\u00e9lior\u00e9e \u00e0 125 kHz. Amplification et harmonisation avec l'am\u00e9thyste et les ondes de forme. Livr\u00e9 avec alimentation USB 5V + support de pr\u00e9sentation 3D pour placer divers objets \u00e0 alimenter (eau, cristaux, ondes en forme) + polariseur d'ondes en forme Zome13 transparentBo\u00eetier Diam 7 cm. Poids ~ 120 g (~ 50 g d'am\u00e9thyste) Horloge modulaire avec 15 programmes monochromatiques pr\u00e9cision am\u00e9lior\u00e9e (125Khz) + 4 cycles de couleurs, via simple t\u00e9l\u00e9commande infrarouge (20 pgm) : 15 couleurs ; 1 blanc ; 1 v\u00e9lo arc-en-ciel sans fin ; 1 aller-retour en v\u00e9lo arc-en-ciel ; 1 cycle d'impulsion de chrominance 5\u00b0 ; 1 cycle d'impulsion de luminance (avec vitesse r\u00e9glable). Fabrication fran\u00e7aise.","og_url":"https:\/\/369agara.com\/sv\/produkt\/modulaur-cristalo-photonique-3w\/","og_site_name":"Agara","article_modified_time":"2025-05-15T20:36:05+00:00","og_image":[{"width":2560,"height":2560,"url":"https:\/\/369agara.com\/wp-content\/uploads\/2024\/06\/IMG_20240521_141946-scaled.jpg","type":"image\/jpeg"}],"twitter_card":"summary_large_image","twitter_misc":{"Ber\u00e4knad l\u00e4stid":"3 minuter"},"schema":{"@context":"https:\/\/schema.org","@graph":[{"@type":"WebPage","@id":"https:\/\/369agara.com\/produit\/modulaur-cristalo-photonique-3w\/","url":"https:\/\/369agara.com\/produit\/modulaur-cristalo-photonique-3w\/","name":"Modulaur Cristalo-photonique 3W + Zome 13 polarisateur d'ondes scalaires | Agara","isPartOf":{"@id":"https:\/\/369agara.com\/#website"},"primaryImageOfPage":{"@id":"https:\/\/369agara.com\/produit\/modulaur-cristalo-photonique-3w\/#primaryimage"},"image":{"@id":"https:\/\/369agara.com\/produit\/modulaur-cristalo-photonique-3w\/#primaryimage"},"thumbnailUrl":"https:\/\/369agara.com\/wp-content\/uploads\/2024\/06\/IMG_20240521_141946-scaled.jpg","datePublished":"2024-06-23T19:50:21+00:00","dateModified":"2025-05-15T20:36:05+00:00","description":"Diffuseur de courant monochromatique intuitif avec une pr\u00e9cision am\u00e9lior\u00e9e \u00e0 125 kHz. Amplification et harmonisation avec l'am\u00e9thyste et les ondes de forme. Livr\u00e9 avec alimentation USB 5V + support de pr\u00e9sentation 3D pour placer divers objets \u00e0 alimenter (eau, cristaux, ondes en forme) + polariseur d'ondes en forme Zome13 transparentBo\u00eetier Diam 7 cm. Poids ~ 120 g (~ 50 g d'am\u00e9thyste) Horloge modulaire avec 15 programmes monochromatiques pr\u00e9cision am\u00e9lior\u00e9e (125Khz) + 4 cycles de couleurs, via simple t\u00e9l\u00e9commande infrarouge (20 pgm) : 15 couleurs ; 1 blanc ; 1 v\u00e9lo arc-en-ciel sans fin ; 1 aller-retour en v\u00e9lo arc-en-ciel ; 1 cycle d'impulsion de chrominance 5\u00b0 ; 1 cycle d'impulsion de luminance (avec vitesse r\u00e9glable). Fabrication fran\u00e7aise.","breadcrumb":{"@id":"https:\/\/369agara.com\/produit\/modulaur-cristalo-photonique-3w\/#breadcrumb"},"inLanguage":"sv-SE","potentialAction":[{"@type":"ReadAction","target":["https:\/\/369agara.com\/produit\/modulaur-cristalo-photonique-3w\/"]}]},{"@type":"ImageObject","inLanguage":"sv-SE","@id":"https:\/\/369agara.com\/produit\/modulaur-cristalo-photonique-3w\/#primaryimage","url":"https:\/\/369agara.com\/wp-content\/uploads\/2024\/06\/IMG_20240521_141946-scaled.jpg","contentUrl":"https:\/\/369agara.com\/wp-content\/uploads\/2024\/06\/IMG_20240521_141946-scaled.jpg","width":2560,"height":2560},{"@type":"BreadcrumbList","@id":"https:\/\/369agara.com\/produit\/modulaur-cristalo-photonique-3w\/#breadcrumb","itemListElement":[{"@type":"ListItem","position":1,"name":"Accueil","item":"https:\/\/369agara.com\/"},{"@type":"ListItem","position":2,"name":"La boutique","item":"https:\/\/369agara.com\/la-boutique\/"},{"@type":"ListItem","position":3,"name":"Modulaur Cristalo-photonique 3W + Zome 13 polarisateur d&rsquo;ondes scalaires"}]},{"@type":"WebSite","@id":"https:\/\/369agara.com\/#website","url":"https:\/\/369agara.com\/","name":"Livsrikedomar","description":"Koppla bort f\u00f6r att skapa b\u00e4ttre kontakt","publisher":{"@id":"https:\/\/369agara.com\/#organization"},"potentialAction":[{"@type":"SearchAction","target":{"@type":"EntryPoint","urlTemplate":"https:\/\/369agara.com\/?s={search_term_string}"},"query-input":{"@type":"PropertyValueSpecification","valueRequired":true,"valueName":"search_term_string"}}],"inLanguage":"sv-SE"},{"@type":"Organization","@id":"https:\/\/369agara.com\/#organization","name":"EACreations","url":"https:\/\/369agara.com\/","logo":{"@type":"ImageObject","inLanguage":"sv-SE","@id":"https:\/\/369agara.com\/#\/schema\/logo\/image\/","url":"","contentUrl":"","caption":"EACreations"},"image":{"@id":"https:\/\/369agara.com\/#\/schema\/logo\/image\/"}}]}},"jetpack_sharing_enabled":true,"_links":{"self":[{"href":"https:\/\/369agara.com\/sv\/wp-json\/wp\/v2\/product\/2936","targetHints":{"allow":["GET"]}}],"collection":[{"href":"https:\/\/369agara.com\/sv\/wp-json\/wp\/v2\/product"}],"about":[{"href":"https:\/\/369agara.com\/sv\/wp-json\/wp\/v2\/types\/product"}],"replies":[{"embeddable":true,"href":"https:\/\/369agara.com\/sv\/wp-json\/wp\/v2\/comments?post=2936"}],"wp:featuredmedia":[{"embeddable":true,"href":"https:\/\/369agara.com\/sv\/wp-json\/wp\/v2\/media\/2950"}],"wp:attachment":[{"href":"https:\/\/369agara.com\/sv\/wp-json\/wp\/v2\/media?parent=2936"}],"wp:term":[{"taxonomy":"product_brand","embeddable":true,"href":"https:\/\/369agara.com\/sv\/wp-json\/wp\/v2\/product_brand?post=2936"},{"taxonomy":"product_cat","embeddable":true,"href":"https:\/\/369agara.com\/sv\/wp-json\/wp\/v2\/product_cat?post=2936"},{"taxonomy":"product_tag","embeddable":true,"href":"https:\/\/369agara.com\/sv\/wp-json\/wp\/v2\/product_tag?post=2936"}],"curies":[{"name":"wp","href":"https:\/\/api.w.org\/{rel}","templated":true}]}}