{"id":2967,"date":"2024-07-14T17:41:25","date_gmt":"2024-07-14T15:41:25","guid":{"rendered":"https:\/\/369agara.com\/?post_type=product&#038;p=2967"},"modified":"2025-05-15T22:35:49","modified_gmt":"2025-05-15T20:35:49","slug":"vecteur-equilibrium-144-yin-ou-yang","status":"publish","type":"product","link":"https:\/\/369agara.com\/sv\/produkt\/vecteur-equilibrium-144-yin-ou-yang\/","title":{"rendered":"J\u00e4mviktsvektor 144 Yin eller Yang"},"content":{"rendered":"<h3><span style=\"font-family: 'Book Antiqua', Palatino; font-size: 120%; color: #333399;\">Hur fungerar VE144?<\/span><\/h3>\n<p><span style=\"font-family: 'Book Antiqua', Palatino; font-size: 120%; color: #333399;\">Denna form kopplar samman, stabiliserar och f\u00f6rst\u00e4rker nollpunktenergin genom din vilja.<\/span><br \/>\n<span style=\"font-family: 'Book Antiqua', Palatino; font-size: 120%; color: #333399;\">Denna utvecklade geometri ger en bra balans samtidigt som den stimulerar en harmonisk cirkulation av energi inom oss och i ett bostadsomr\u00e5de.<\/span><br \/>\n<span style=\"font-family: 'Book Antiqua', Palatino; font-size: 120%; color: #333399;\">Den balanserar alla Yin\/Yang-aspekter p\u00e5 oss, i oss och runt omkring oss.<\/span><\/p>\n<p><span style=\"font-family: 'Book Antiqua', Palatino; font-size: 120%; color: #333399;\">Varje VE144 inneh\u00e5ller :<\/span><\/p>\n<p><span style=\"font-family: 'Book Antiqua', Palatino; font-size: 120%; color: #333399;\">1 kopparsk\u00e5l<\/span><br \/>\n<span style=\"font-family: 'Book Antiqua', Palatino; font-size: 120%; color: #333399;\">Rosa kvarts<\/span><br \/>\n<span style=\"font-family: 'Book Antiqua', Palatino; font-size: 120%; color: #333399;\">eterisk olja av vit salvia fr\u00e5n Kalifornien<\/span><br \/>\n<span style=\"font-family: 'Book Antiqua', Palatino; font-size: 120%; color: #333399;\">eterisk olja av damaskusros<\/span><br \/>\n<span style=\"font-family: 'Book Antiqua', Palatino; font-size: 120%; color: #333399;\">24 karats guldpulver<\/span><br \/>\n<span style=\"font-family: 'Book Antiqua', Palatino; font-size: 120%; color: #333399;\">Mica-pulver<\/span><br \/>\n<span style=\"font-family: 'Book Antiqua', Palatino; font-size: 120%; color: #333399;\">Titanpulver<\/span><\/p>\n<p><span style=\"font-family: 'Book Antiqua', Palatino; font-size: 120%; color: #333399;\">VE144 kan anv\u00e4ndas enskilt eller i par.<\/span><br \/>\n<span style=\"font-family: 'Book Antiqua', Palatino; font-size: 120%; color: #333399;\">Ett par med samma form i olika f\u00e4rger eller inte.<\/span><br \/>\n<span style=\"font-family: 'Book Antiqua', Palatino; font-size: 120%; color: #333399;\">Ett par av varje yin + yang-form, i olika f\u00e4rger eller inte.<\/span><br \/>\n<span style=\"font-family: 'Book Antiqua', Palatino; font-size: 120%; color: #333399;\">G\u00f6r som du k\u00e4nner.<\/span><\/p>\n<p><span style=\"font-family: 'Book Antiqua', Palatino; font-size: 120%; color: #333399;\">VE144 kan anv\u00e4ndas ibland i h\u00e4nderna under meditations- eller avslappningssessioner, eller i fickorna.<\/span><br \/>\n<span style=\"font-family: 'Book Antiqua', Palatino; font-size: 120%; color: #333399;\">Den rekommenderade l\u00e4ngden \u00e4r h\u00f6gst 60 minuter.<\/span><br \/>\n<span style=\"font-family: 'Book Antiqua', Palatino; font-size: 120%; color: #333399;\">G\u00f6r flera sessioner per dag om det beh\u00f6vs.<\/span><br \/>\n<span style=\"font-family: 'Book Antiqua', Palatino; font-size: 120%; color: #333399;\">Effekten kan vara mild eller stark, beroende p\u00e5 din situation.<\/span><br \/>\n<span style=\"font-family: 'Book Antiqua', Palatino; font-size: 120%; color: #333399;\">Var uppm\u00e4rksam och lyssna p\u00e5 din kropp ... n\u00e5gra obehag kan uppst\u00e5 i b\u00f6rjan, medan du integrerar \/ balanserar cirkulationsfl\u00f6dena.<\/span><\/p>\n<h3><span style=\"font-family: 'Book Antiqua', Palatino; font-size: 120%; color: #333399;\">Var kommer den ifr\u00e5n?<\/span><\/h3>\n<p><span style=\"font-family: 'Book Antiqua', Palatino; font-size: 120%; color: #333399;\">Denna form kan ocks\u00e5 kallas den 144-sidiga stj\u00e4rnkuboktaedern (enligt Kepler).<\/span><br \/>\n<span style=\"font-family: 'Book Antiqua', Palatino; font-size: 120%; color: #333399;\">Olivier Gon\u00e7alves kallar den ocks\u00e5 Equilibre Onda\u00e8dre \u00c9toil\u00e9 144 (den 12\u00d712 stabiliserade v\u00e5ggeneratorn).<\/span><br \/>\n<span style=\"font-family: 'Book Antiqua', Palatino; font-size: 120%; color: #333399;\">Denna form kopplar samman, stabiliserar och f\u00f6rst\u00e4rker energin i den kvantmekaniska nollpunkten.<\/span><br \/>\n<span style=\"font-family: 'Book Antiqua', Palatino; font-size: 120%; color: #333399;\">Detta \u00e4r en av planerna f\u00f6r 3D Metatronic Seals och 3D Seed of Life.<\/span><\/p>\n<p><span style=\"font-family: 'Book Antiqua', Palatino; font-size: 120%; color: #333399;\">Rotvektorj\u00e4mvikten \u00e4r en speciell form genom att alla dess kanter \u00e4r identiska (kvadrater och liksidiga trianglar p\u00e5 ytan) och alla avst\u00e5nd mellan varje h\u00f6rn och volymens centrum \u00e4r identiska till varandra och till kanterna.<\/span><br \/>\n<span style=\"font-family: 'Book Antiqua', Palatino; font-size: 120%; color: #333399;\">Denna geometri g\u00f6r att formen erbjuder en bra balans samtidigt som den stimulerar den harmoniska cirkulationen av energi inom oss och i ett bostadsutrymme.<\/span><br \/>\n<span style=\"font-family: 'Book Antiqua', Palatino; font-size: 120%; color: #333399;\">Den f\u00f6renar alla Yin\/Yang-aspekter p\u00e5 oss, i oss och omkring oss och v\u00e4gleder varje v\u00e4g mot uppstigning p\u00e5 ett sunt och stabilt s\u00e4tt.<\/span><\/p>\n<p><span style=\"font-family: 'Book Antiqua', Palatino; font-size: 120%; color: #333399;\">Denna form \u00e4r en viktig grund f\u00f6r att \u00f6ppna upp f\u00f6r multidimensionalitet\/multi-mind utan att g\u00e5 vilse eller explodera p\u00e5 v\u00e4gen (reglering\/stabilisering av egot f\u00f6r h\u00e4lsans skull).<\/span><br \/>\n<span style=\"font-family: 'Book Antiqua', Palatino; font-size: 120%; color: #333399;\">Denna arketyp kompletterar tandemet Dodekaeder\/Ikosaeder genom att den kombinerar Hexaedern, Octaedern och Tetraedern...<\/span><br \/>\n<span style=\"font-family: 'Book Antiqua', Palatino; font-size: 120%; color: #333399;\">Rotens form best\u00e5r av 8 trianglar (yang) och 6 kvadrater (yin) med totalt 14 ytor.<\/span><\/p>\n<p>&nbsp;<\/p>\n<p><span style=\"font-family: 'Book Antiqua', Palatino; font-size: 120%; color: #333399;\"><img loading=\"lazy\" decoding=\"async\" class=\"size-medium wp-image-3179 aligncenter\" src=\"https:\/\/369agara.com\/wp-content\/uploads\/2024\/07\/vector_equilibriumvortex-300x300.jpg\" alt=\"\" width=\"300\" height=\"300\" srcset=\"https:\/\/369agara.com\/wp-content\/uploads\/2024\/07\/vector_equilibriumvortex-300x300.jpg 300w, https:\/\/369agara.com\/wp-content\/uploads\/2024\/07\/vector_equilibriumvortex-150x150.jpg 150w, https:\/\/369agara.com\/wp-content\/uploads\/2024\/07\/vector_equilibriumvortex-12x12.jpg 12w, https:\/\/369agara.com\/wp-content\/uploads\/2024\/07\/vector_equilibriumvortex-247x247.jpg 247w, https:\/\/369agara.com\/wp-content\/uploads\/2024\/07\/vector_equilibriumvortex-510x510.jpg 510w, https:\/\/369agara.com\/wp-content\/uploads\/2024\/07\/vector_equilibriumvortex-100x100.jpg 100w, https:\/\/369agara.com\/wp-content\/uploads\/2024\/07\/vector_equilibriumvortex.jpg 768w\" sizes=\"auto, (max-width: 300px) 100vw, 300px\" \/><\/span><\/p>\n<p>&nbsp;<\/p>\n<h3><span style=\"font-family: 'Book Antiqua', Palatino; font-size: 120%; color: #333399;\">Hur skapas de 144 ansiktena p\u00e5 rotformen?<\/span><\/h3>\n<p><span style=\"font-family: 'Book Antiqua', Palatino; font-size: 120%; color: #333399;\">Med utg\u00e5ngspunkt fr\u00e5n det trinitariska syns\u00e4ttet p\u00e5 varje primitiv form :<\/span><br \/>\n<span style=\"font-family: 'Book Antiqua', Palatino; font-size: 120%; color: #333399;\">Varje triangel best\u00e5r av (3\u00d73) 9 trianglar &gt; d.v.s. 8 trianglar x 9 = 72 ytor<\/span><br \/>\n<span style=\"font-family: 'Book Antiqua', Palatino; font-size: 120%; color: #333399;\">Varje kvadrat best\u00e5r av (3\u00d74) 12 trianglar &gt; d.v.s. 6 kvadrater x 12 = 72 ytor<\/span><\/p>\n<p><span style=\"color: #333399;\"><span style=\"font-family: 'Book Antiqua', Palatino; font-size: 120%;\">S\u00e5 totalt 144 ansikten som stj\u00e4rnar och andas (med respekt f\u00f6r den omskrivna sf\u00e4ren runt <\/span><span style=\"font-family: 'Book Antiqua', Palatino; font-size: 120%;\">rotform) f\u00f6r att \u00f6ka den multidimensionella vibrerande manifestationen av denna form <\/span><span style=\"font-family: 'Book Antiqua', Palatino; font-size: 120%;\">en av ett slag!<\/span><\/span><\/p>\n<p>&nbsp;<\/p>\n<p><span style=\"font-family: 'Book Antiqua', Palatino; font-size: 120%; color: #333399;\"><img loading=\"lazy\" decoding=\"async\" class=\"size-medium wp-image-3180 aligncenter\" src=\"https:\/\/369agara.com\/wp-content\/uploads\/2024\/07\/ondaF144_plein_01-Copie-300x271.jpg\" alt=\"\" width=\"300\" height=\"271\" srcset=\"https:\/\/369agara.com\/wp-content\/uploads\/2024\/07\/ondaF144_plein_01-Copie-300x271.jpg 300w, https:\/\/369agara.com\/wp-content\/uploads\/2024\/07\/ondaF144_plein_01-Copie-13x12.jpg 13w, https:\/\/369agara.com\/wp-content\/uploads\/2024\/07\/ondaF144_plein_01-Copie-510x461.jpg 510w, https:\/\/369agara.com\/wp-content\/uploads\/2024\/07\/ondaF144_plein_01-Copie.jpg 683w\" sizes=\"auto, (max-width: 300px) 100vw, 300px\" \/><\/span><\/p>","protected":false},"excerpt":{"rendered":"<p><span style=\"font-family: 'Book Antiqua', Palatino; font-size: 120%; color: #333399;\">Denna form kopplar samman, stabiliserar och f\u00f6rst\u00e4rker nollpunktenergin genom din vilja.<\/span><br \/>\n<span style=\"font-family: 'Book Antiqua', Palatino; font-size: 120%; color: #333399;\">Denna utvecklade geometri ger en bra balans samtidigt som den stimulerar en harmonisk cirkulation av energi inom oss och i ett bostadsomr\u00e5de.<\/span><br \/>\n<span style=\"font-family: 'Book Antiqua', Palatino; font-size: 120%; color: #333399;\">Den balanserar alla Yin\/Yang-aspekter p\u00e5 oss, i oss och runt omkring oss.<\/span><\/p>\n<p><span style=\"font-family: 'Book Antiqua', Palatino; font-size: 120%; color: #333399;\">Varje VE144 inneh\u00e5ller :<\/span><\/p>\n<ul>\n<li><span style=\"font-family: 'Book Antiqua', Palatino; font-size: 120%; color: #333399;\">Rosa kvarts<\/span><\/li>\n<li><span style=\"font-family: 'Book Antiqua', Palatino; font-size: 120%; color: #333399;\">Koppar<\/span><\/li>\n<li><span style=\"font-family: 'Book Antiqua', Palatino; font-size: 120%; color: #333399;\">eterisk olja av vit salvia fr\u00e5n Kalifornien<\/span><\/li>\n<li><span style=\"font-family: 'Book Antiqua', Palatino; font-size: 120%; color: #333399;\">eterisk olja av damaskusros<\/span><\/li>\n<li><span style=\"font-family: 'Book Antiqua', Palatino; font-size: 120%; color: #333399;\">24 karats guldpulver<\/span><\/li>\n<li><span style=\"font-family: 'Book Antiqua', Palatino; font-size: 120%; color: #333399;\">Titanpulver<\/span><\/li>\n<li><span style=\"font-family: 'Book Antiqua', Palatino; font-size: 120%; color: #333399;\">Mica-pulver<\/span><\/li>\n<\/ul>","protected":false},"featured_media":3184,"comment_status":"open","ping_status":"closed","template":"","meta":[],"product_brand":[],"product_cat":[140],"product_tag":[233,234,202,201],"class_list":{"0":"post-2967","1":"product","2":"type-product","3":"status-publish","4":"has-post-thumbnail","6":"product_cat-aec-innovations","7":"product_tag-chromotherapie","8":"product_tag-reequilibrage","9":"product_tag-yang","10":"product_tag-yin","12":"first","13":"instock","14":"taxable","15":"shipping-taxable","16":"purchasable","17":"product-type-variable"},"yoast_head":"<!-- This site is optimized with the Yoast SEO Premium plugin v25.1 (Yoast SEO v27.4) - https:\/\/yoast.com\/product\/yoast-seo-premium-wordpress\/ -->\n<title>Vecteur Equilibrium 144 Yin ou Yang | Agara<\/title>\n<meta name=\"description\" content=\"Cette forme connecte, stabilise et amplifie l\u2019\u00e9nergie du point z\u00e9ro gr\u00e2ce \u00e0 votre volont\u00e9. Cette g\u00e9om\u00e9trie d\u00e9velopp\u00e9e procure un bon \u00e9quilibre tout en stimulant une circulation harmonieuse de l&#039;\u00e9nergie en nous et dans un espace de vie. Il \u00e9quilibre tous les aspects Yin\/Yang sur nous, en nous et autour de nous. Chaque VE144 contient : Quartz rose, Cuivre, Huile essentielle de sauge blanche de Californie, Huile essentielle de rose de Damas, Poudre d&#039;or 24 carats, Poudre de titane, Poudre de mica.\" \/>\n<meta name=\"robots\" content=\"index, follow, max-snippet:-1, max-image-preview:large, max-video-preview:-1\" \/>\n<link rel=\"canonical\" href=\"https:\/\/369agara.com\/sv\/produkt\/vecteur-equilibrium-144-yin-ou-yang\/\" \/>\n<meta property=\"og:locale\" content=\"sv_SE\" \/>\n<meta property=\"og:type\" content=\"article\" \/>\n<meta property=\"og:title\" content=\"Vecteur Equilibrium 144 Yin ou Yang\" \/>\n<meta property=\"og:description\" content=\"Cette forme connecte, stabilise et amplifie l\u2019\u00e9nergie du point z\u00e9ro gr\u00e2ce \u00e0 votre volont\u00e9. Cette g\u00e9om\u00e9trie d\u00e9velopp\u00e9e procure un bon \u00e9quilibre tout en stimulant une circulation harmonieuse de l&#039;\u00e9nergie en nous et dans un espace de vie. Il \u00e9quilibre tous les aspects Yin\/Yang sur nous, en nous et autour de nous. Chaque VE144 contient : Quartz rose, Cuivre, Huile essentielle de sauge blanche de Californie, Huile essentielle de rose de Damas, Poudre d&#039;or 24 carats, Poudre de titane, Poudre de mica.\" \/>\n<meta property=\"og:url\" content=\"https:\/\/369agara.com\/sv\/produkt\/vecteur-equilibrium-144-yin-ou-yang\/\" \/>\n<meta property=\"og:site_name\" content=\"Agara\" \/>\n<meta property=\"article:modified_time\" content=\"2025-05-15T20:35:49+00:00\" \/>\n<meta property=\"og:image\" content=\"https:\/\/369agara.com\/wp-content\/uploads\/2024\/07\/Yin-och-Yang.jpg\" \/>\n\t<meta property=\"og:image:width\" content=\"958\" \/>\n\t<meta property=\"og:image:height\" content=\"958\" \/>\n\t<meta property=\"og:image:type\" content=\"image\/jpeg\" \/>\n<meta name=\"twitter:card\" content=\"summary_large_image\" \/>\n<meta name=\"twitter:label1\" content=\"Ber\u00e4knad l\u00e4stid\" \/>\n\t<meta name=\"twitter:data1\" content=\"4 minuter\" \/>\n<script type=\"application\/ld+json\" class=\"yoast-schema-graph\">{\"@context\":\"https:\\\/\\\/schema.org\",\"@graph\":[{\"@type\":\"WebPage\",\"@id\":\"https:\\\/\\\/369agara.com\\\/produit\\\/vecteur-equilibrium-144-yin-ou-yang\\\/\",\"url\":\"https:\\\/\\\/369agara.com\\\/produit\\\/vecteur-equilibrium-144-yin-ou-yang\\\/\",\"name\":\"Vecteur Equilibrium 144 Yin ou Yang | Agara\",\"isPartOf\":{\"@id\":\"https:\\\/\\\/369agara.com\\\/#website\"},\"primaryImageOfPage\":{\"@id\":\"https:\\\/\\\/369agara.com\\\/produit\\\/vecteur-equilibrium-144-yin-ou-yang\\\/#primaryimage\"},\"image\":{\"@id\":\"https:\\\/\\\/369agara.com\\\/produit\\\/vecteur-equilibrium-144-yin-ou-yang\\\/#primaryimage\"},\"thumbnailUrl\":\"https:\\\/\\\/369agara.com\\\/wp-content\\\/uploads\\\/2024\\\/07\\\/Yin-och-Yang.jpg\",\"datePublished\":\"2024-07-14T15:41:25+00:00\",\"dateModified\":\"2025-05-15T20:35:49+00:00\",\"description\":\"Cette forme connecte, stabilise et amplifie l\u2019\u00e9nergie du point z\u00e9ro gr\u00e2ce \u00e0 votre volont\u00e9. Cette g\u00e9om\u00e9trie d\u00e9velopp\u00e9e procure un bon \u00e9quilibre tout en stimulant une circulation harmonieuse de l'\u00e9nergie en nous et dans un espace de vie. Il \u00e9quilibre tous les aspects Yin\\\/Yang sur nous, en nous et autour de nous. Chaque VE144 contient : Quartz rose, Cuivre, Huile essentielle de sauge blanche de Californie, Huile essentielle de rose de Damas, Poudre d'or 24 carats, Poudre de titane, Poudre de mica.\",\"breadcrumb\":{\"@id\":\"https:\\\/\\\/369agara.com\\\/produit\\\/vecteur-equilibrium-144-yin-ou-yang\\\/#breadcrumb\"},\"inLanguage\":\"sv-SE\",\"potentialAction\":[{\"@type\":\"ReadAction\",\"target\":[\"https:\\\/\\\/369agara.com\\\/produit\\\/vecteur-equilibrium-144-yin-ou-yang\\\/\"]}]},{\"@type\":\"ImageObject\",\"inLanguage\":\"sv-SE\",\"@id\":\"https:\\\/\\\/369agara.com\\\/produit\\\/vecteur-equilibrium-144-yin-ou-yang\\\/#primaryimage\",\"url\":\"https:\\\/\\\/369agara.com\\\/wp-content\\\/uploads\\\/2024\\\/07\\\/Yin-och-Yang.jpg\",\"contentUrl\":\"https:\\\/\\\/369agara.com\\\/wp-content\\\/uploads\\\/2024\\\/07\\\/Yin-och-Yang.jpg\",\"width\":958,\"height\":958},{\"@type\":\"BreadcrumbList\",\"@id\":\"https:\\\/\\\/369agara.com\\\/produit\\\/vecteur-equilibrium-144-yin-ou-yang\\\/#breadcrumb\",\"itemListElement\":[{\"@type\":\"ListItem\",\"position\":1,\"name\":\"Accueil\",\"item\":\"https:\\\/\\\/369agara.com\\\/\"},{\"@type\":\"ListItem\",\"position\":2,\"name\":\"La boutique\",\"item\":\"https:\\\/\\\/369agara.com\\\/la-boutique\\\/\"},{\"@type\":\"ListItem\",\"position\":3,\"name\":\"Vecteur Equilibrium 144 Yin ou Yang\"}]},{\"@type\":\"WebSite\",\"@id\":\"https:\\\/\\\/369agara.com\\\/#website\",\"url\":\"https:\\\/\\\/369agara.com\\\/\",\"name\":\"Livsrikedomar\",\"description\":\"D\u00e9connectez pour mieux vous connecter\",\"publisher\":{\"@id\":\"https:\\\/\\\/369agara.com\\\/#organization\"},\"potentialAction\":[{\"@type\":\"SearchAction\",\"target\":{\"@type\":\"EntryPoint\",\"urlTemplate\":\"https:\\\/\\\/369agara.com\\\/?s={search_term_string}\"},\"query-input\":{\"@type\":\"PropertyValueSpecification\",\"valueRequired\":true,\"valueName\":\"search_term_string\"}}],\"inLanguage\":\"sv-SE\"},{\"@type\":\"Organization\",\"@id\":\"https:\\\/\\\/369agara.com\\\/#organization\",\"name\":\"EACreations\",\"url\":\"https:\\\/\\\/369agara.com\\\/\",\"logo\":{\"@type\":\"ImageObject\",\"inLanguage\":\"sv-SE\",\"@id\":\"https:\\\/\\\/369agara.com\\\/#\\\/schema\\\/logo\\\/image\\\/\",\"url\":\"\",\"contentUrl\":\"\",\"caption\":\"EACreations\"},\"image\":{\"@id\":\"https:\\\/\\\/369agara.com\\\/#\\\/schema\\\/logo\\\/image\\\/\"}}]}<\/script>\n<!-- \/ Yoast SEO Premium plugin. -->","yoast_head_json":{"title":"Vecteur Equilibrium 144 Yin ou Yang | Agara","description":"Cette forme connecte, stabilise et amplifie l\u2019\u00e9nergie du point z\u00e9ro gr\u00e2ce \u00e0 votre volont\u00e9. Cette g\u00e9om\u00e9trie d\u00e9velopp\u00e9e procure un bon \u00e9quilibre tout en stimulant une circulation harmonieuse de l'\u00e9nergie en nous et dans un espace de vie. Il \u00e9quilibre tous les aspects Yin\/Yang sur nous, en nous et autour de nous. Chaque VE144 contient : Quartz rose, Cuivre, Huile essentielle de sauge blanche de Californie, Huile essentielle de rose de Damas, Poudre d'or 24 carats, Poudre de titane, Poudre de mica.","robots":{"index":"index","follow":"follow","max-snippet":"max-snippet:-1","max-image-preview":"max-image-preview:large","max-video-preview":"max-video-preview:-1"},"canonical":"https:\/\/369agara.com\/sv\/produkt\/vecteur-equilibrium-144-yin-ou-yang\/","og_locale":"sv_SE","og_type":"article","og_title":"Vecteur Equilibrium 144 Yin ou Yang","og_description":"Cette forme connecte, stabilise et amplifie l\u2019\u00e9nergie du point z\u00e9ro gr\u00e2ce \u00e0 votre volont\u00e9. Cette g\u00e9om\u00e9trie d\u00e9velopp\u00e9e procure un bon \u00e9quilibre tout en stimulant une circulation harmonieuse de l'\u00e9nergie en nous et dans un espace de vie. Il \u00e9quilibre tous les aspects Yin\/Yang sur nous, en nous et autour de nous. Chaque VE144 contient : Quartz rose, Cuivre, Huile essentielle de sauge blanche de Californie, Huile essentielle de rose de Damas, Poudre d'or 24 carats, Poudre de titane, Poudre de mica.","og_url":"https:\/\/369agara.com\/sv\/produkt\/vecteur-equilibrium-144-yin-ou-yang\/","og_site_name":"Agara","article_modified_time":"2025-05-15T20:35:49+00:00","og_image":[{"width":958,"height":958,"url":"https:\/\/369agara.com\/wp-content\/uploads\/2024\/07\/Yin-och-Yang.jpg","type":"image\/jpeg"}],"twitter_card":"summary_large_image","twitter_misc":{"Ber\u00e4knad l\u00e4stid":"4 minuter"},"schema":{"@context":"https:\/\/schema.org","@graph":[{"@type":"WebPage","@id":"https:\/\/369agara.com\/produit\/vecteur-equilibrium-144-yin-ou-yang\/","url":"https:\/\/369agara.com\/produit\/vecteur-equilibrium-144-yin-ou-yang\/","name":"Vecteur Equilibrium 144 Yin ou Yang | Agara","isPartOf":{"@id":"https:\/\/369agara.com\/#website"},"primaryImageOfPage":{"@id":"https:\/\/369agara.com\/produit\/vecteur-equilibrium-144-yin-ou-yang\/#primaryimage"},"image":{"@id":"https:\/\/369agara.com\/produit\/vecteur-equilibrium-144-yin-ou-yang\/#primaryimage"},"thumbnailUrl":"https:\/\/369agara.com\/wp-content\/uploads\/2024\/07\/Yin-och-Yang.jpg","datePublished":"2024-07-14T15:41:25+00:00","dateModified":"2025-05-15T20:35:49+00:00","description":"Cette forme connecte, stabilise et amplifie l\u2019\u00e9nergie du point z\u00e9ro gr\u00e2ce \u00e0 votre volont\u00e9. Cette g\u00e9om\u00e9trie d\u00e9velopp\u00e9e procure un bon \u00e9quilibre tout en stimulant une circulation harmonieuse de l'\u00e9nergie en nous et dans un espace de vie. Il \u00e9quilibre tous les aspects Yin\/Yang sur nous, en nous et autour de nous. Chaque VE144 contient : Quartz rose, Cuivre, Huile essentielle de sauge blanche de Californie, Huile essentielle de rose de Damas, Poudre d'or 24 carats, Poudre de titane, Poudre de mica.","breadcrumb":{"@id":"https:\/\/369agara.com\/produit\/vecteur-equilibrium-144-yin-ou-yang\/#breadcrumb"},"inLanguage":"sv-SE","potentialAction":[{"@type":"ReadAction","target":["https:\/\/369agara.com\/produit\/vecteur-equilibrium-144-yin-ou-yang\/"]}]},{"@type":"ImageObject","inLanguage":"sv-SE","@id":"https:\/\/369agara.com\/produit\/vecteur-equilibrium-144-yin-ou-yang\/#primaryimage","url":"https:\/\/369agara.com\/wp-content\/uploads\/2024\/07\/Yin-och-Yang.jpg","contentUrl":"https:\/\/369agara.com\/wp-content\/uploads\/2024\/07\/Yin-och-Yang.jpg","width":958,"height":958},{"@type":"BreadcrumbList","@id":"https:\/\/369agara.com\/produit\/vecteur-equilibrium-144-yin-ou-yang\/#breadcrumb","itemListElement":[{"@type":"ListItem","position":1,"name":"Accueil","item":"https:\/\/369agara.com\/"},{"@type":"ListItem","position":2,"name":"La boutique","item":"https:\/\/369agara.com\/la-boutique\/"},{"@type":"ListItem","position":3,"name":"Vecteur Equilibrium 144 Yin ou Yang"}]},{"@type":"WebSite","@id":"https:\/\/369agara.com\/#website","url":"https:\/\/369agara.com\/","name":"Livsrikedomar","description":"Koppla bort f\u00f6r att skapa b\u00e4ttre kontakt","publisher":{"@id":"https:\/\/369agara.com\/#organization"},"potentialAction":[{"@type":"SearchAction","target":{"@type":"EntryPoint","urlTemplate":"https:\/\/369agara.com\/?s={search_term_string}"},"query-input":{"@type":"PropertyValueSpecification","valueRequired":true,"valueName":"search_term_string"}}],"inLanguage":"sv-SE"},{"@type":"Organization","@id":"https:\/\/369agara.com\/#organization","name":"EACreations","url":"https:\/\/369agara.com\/","logo":{"@type":"ImageObject","inLanguage":"sv-SE","@id":"https:\/\/369agara.com\/#\/schema\/logo\/image\/","url":"","contentUrl":"","caption":"EACreations"},"image":{"@id":"https:\/\/369agara.com\/#\/schema\/logo\/image\/"}}]}},"jetpack_sharing_enabled":true,"_links":{"self":[{"href":"https:\/\/369agara.com\/sv\/wp-json\/wp\/v2\/product\/2967","targetHints":{"allow":["GET"]}}],"collection":[{"href":"https:\/\/369agara.com\/sv\/wp-json\/wp\/v2\/product"}],"about":[{"href":"https:\/\/369agara.com\/sv\/wp-json\/wp\/v2\/types\/product"}],"replies":[{"embeddable":true,"href":"https:\/\/369agara.com\/sv\/wp-json\/wp\/v2\/comments?post=2967"}],"wp:featuredmedia":[{"embeddable":true,"href":"https:\/\/369agara.com\/sv\/wp-json\/wp\/v2\/media\/3184"}],"wp:attachment":[{"href":"https:\/\/369agara.com\/sv\/wp-json\/wp\/v2\/media?parent=2967"}],"wp:term":[{"taxonomy":"product_brand","embeddable":true,"href":"https:\/\/369agara.com\/sv\/wp-json\/wp\/v2\/product_brand?post=2967"},{"taxonomy":"product_cat","embeddable":true,"href":"https:\/\/369agara.com\/sv\/wp-json\/wp\/v2\/product_cat?post=2967"},{"taxonomy":"product_tag","embeddable":true,"href":"https:\/\/369agara.com\/sv\/wp-json\/wp\/v2\/product_tag?post=2967"}],"curies":[{"name":"wp","href":"https:\/\/api.w.org\/{rel}","templated":true}]}}