{"id":3314,"date":"2024-11-19T21:40:28","date_gmt":"2024-11-19T20:40:28","guid":{"rendered":"https:\/\/369agara.com\/?post_type=product&#038;p=3314"},"modified":"2025-05-05T09:02:28","modified_gmt":"2025-05-05T07:02:28","slug":"structwater-precious","status":"publish","type":"product","link":"https:\/\/369agara.com\/sv\/produkt\/structwater-precious\/","title":{"rendered":"StructWater Precious + OmWater 123 cl flaska + Zome 13 kapsyl - 9 f\u00e4rger"},"content":{"rendered":"<h2 class=\"\" data-start=\"81\" data-end=\"134\"><span style=\"font-family: 'Book Antiqua', Palatino; font-size: 120%; color: #333399;\">\ud83e\uddca StructWater Precious \u2013 Dynamiseur d\u2019eau naturel<\/span><\/h2>\n<h3 class=\"\" data-start=\"136\" data-end=\"183\"><span style=\"font-family: 'Book Antiqua', Palatino; font-size: 120%; color: #333399;\">Pourquoi choisir notre appareil de structuration de l\u2019eau pour votre bien-\u00eatre ?<\/span><\/h3>\n<p class=\"\" data-start=\"185\" data-end=\"299\"><span style=\"font-family: 'Book Antiqua', Palatino; font-size: 120%; color: #333399;\">Le\u00a0<strong data-start=\"238\" data-end=\"262\">StructWater Precious<\/strong>\u00a0est un appareil innovant con\u00e7u pour appareil de structuration de l\u2019eau et \u00e9lever la qualit\u00e9 vibratoire de votre eau en seulement 15 minutes.<\/span><\/p>\n<p class=\"\" data-start=\"185\" data-end=\"299\"><span style=\"font-family: 'Book Antiqua', Palatino; font-size: 120%; color: #333399;\">Gr\u00e2ce \u00e0 une technologie bas\u00e9e sur la g\u00e9om\u00e9trie sacr\u00e9e et les principes de l\u2019eau vivante, le\u00a0<strong data-start=\"485\" data-end=\"509\">StructWater Precious<\/strong>\u00a0transforme l\u2019eau du robinet en une eau structur\u00e9e, plus hydratante, harmonieuse et b\u00e9n\u00e9fique pour l\u2019organisme. Son action naturelle permet de retrouver une eau pure et revitalisante, directement chez vous, sans \u00e9lectricit\u00e9 ni entretien complexe.<\/span><\/p>\n<p class=\"\" data-start=\"185\" data-end=\"299\"><span style=\"font-family: 'Book Antiqua', Palatino; font-size: 120%; color: #333399;\">Livr\u00e9 avec la\u00a0<strong data-start=\"422\" data-end=\"450\">bouteille OmWater 1,23\u202fL<\/strong>\u00a0et son\u00a0<strong data-start=\"458\" data-end=\"477\">bouchon Zome 13<\/strong>, ce dispositif transforme instantan\u00e9ment la qualit\u00e9 vibratoire de votre eau pour une hydratation plus naturelle et b\u00e9n\u00e9fique. Le StructWater Precious est l\u2019outil id\u00e9al pour retrouver une eau vivante au quotidien.<\/span><\/p>\n<hr class=\"\" data-start=\"287\" data-end=\"290\" \/>\n<h2 class=\"\" data-start=\"818\" data-end=\"856\"><span style=\"font-family: 'Book Antiqua', Palatino; font-size: 120%; color: #333399;\">\ud83d\udd2c Qu\u2019est-ce que l\u2019eau structur\u00e9e ?<\/span><\/h2>\n<p class=\"\" data-start=\"858\" data-end=\"1242\"><span style=\"font-family: 'Book Antiqua', Palatino; font-size: 120%; color: #333399;\">L\u2019<strong data-start=\"860\" data-end=\"878\">eau structur\u00e9e<\/strong>\u00a0est une eau dont la structure mol\u00e9culaire a \u00e9t\u00e9 r\u00e9organis\u00e9e, passant de groupes de 15 \u00e0 20 mol\u00e9cules \u00e0 des clusters plus petits de 5 \u00e0 6 mol\u00e9cules. Cette transformation rend l\u2019eau jusqu\u2019\u00e0 six fois plus hydratante que l\u2019eau du robinet, facilitant son assimilation par le corps et am\u00e9liorant la d\u00e9toxification, l\u2019oxyg\u00e9nation des tissus et le m\u00e9tabolisme cellulaire.<\/span><\/p>\n<hr class=\"\" data-start=\"491\" data-end=\"494\" \/>\n<h2 class=\"\" data-start=\"1249\" data-end=\"1293\"><span style=\"font-family: 'Book Antiqua', Palatino; font-size: 120%; color: #333399;\">\u2699\ufe0f Fonctionnement du StructWater Precious<\/span><\/h2>\n<p class=\"\" data-start=\"1295\" data-end=\"1384\"><span style=\"font-family: 'Book Antiqua', Palatino; font-size: 120%; color: #333399;\">Le\u00a0<strong data-start=\"1298\" data-end=\"1322\">StructWater Precious<\/strong>\u00a0utilise une combinaison d\u2019\u00e9l\u00e9ments pour dynamiser votre eau :<\/span><\/p>\n<ul data-start=\"1386\" data-end=\"1685\">\n<li class=\"\" data-start=\"1386\" data-end=\"1510\">\n<p class=\"\" data-start=\"1388\" data-end=\"1510\"><span style=\"font-family: 'Book Antiqua', Palatino; font-size: 120%; color: #333399;\"><strong data-start=\"1388\" data-end=\"1441\">Solution liquide hautement \u00e9nerg\u00e9tique \u00ab\u00a0PRECIOUS\u00a0\u00bb<\/strong>\u00a0: L\u2019eau entre rapidement en r\u00e9sonance avec cette solution naturelle.<\/span><\/p>\n<\/li>\n<li class=\"\" data-start=\"1511\" data-end=\"1583\">\n<p class=\"\" data-start=\"1513\" data-end=\"1583\"><span style=\"font-family: 'Book Antiqua', Palatino; font-size: 120%; color: #333399;\"><strong data-start=\"1513\" data-end=\"1530\">Graine de vie<\/strong>\u00a0: Symbole de g\u00e9om\u00e9trie sacr\u00e9e int\u00e9gr\u00e9 dans le socle.<\/span><\/p>\n<\/li>\n<li class=\"\" data-start=\"1584\" data-end=\"1685\">\n<p class=\"\" data-start=\"1586\" data-end=\"1685\"><span style=\"font-family: 'Book Antiqua', Palatino; font-size: 120%; color: #333399;\"><strong data-start=\"1586\" data-end=\"1603\">Mots positifs<\/strong>\u00a0: De nombreux mots bienveillants renforcent les propri\u00e9t\u00e9s \u00e9nerg\u00e9tiques de l\u2019eau.<\/span><\/p>\n<\/li>\n<\/ul>\n<hr class=\"\" data-start=\"905\" data-end=\"908\" \/>\n<h2 class=\"\" data-start=\"910\" data-end=\"945\"><span style=\"font-family: 'Book Antiqua', Palatino; font-size: 120%; color: #333399;\">\ud83d\udca7Les bienfaits de l\u2019eau restructur\u00e9e au quotidien<\/span><\/h2>\n<p class=\"\" data-start=\"947\" data-end=\"1032\"><span style=\"font-family: 'Book Antiqua', Palatino; font-size: 120%; color: #333399;\"><span class=\"relative -mx-px my-[-0.2rem] rounded px-px py-[0.2rem] transition-colors duration-100 ease-in-out\">En int\u00e9grant l\u2019eau structur\u00e9e dans votre quotidien avec notre appareil dynamiseur d\u2019eau, vous pouvez constater :<\/span>\u200b<\/span><\/p>\n<ul data-start=\"1034\" data-end=\"1371\">\n<li class=\"\" data-start=\"1034\" data-end=\"1075\">\n<p class=\"\" data-start=\"1036\" data-end=\"1075\"><span class=\"relative -mx-px my-[-0.2rem] rounded px-px py-[0.2rem] transition-colors duration-100 ease-in-out\" style=\"font-family: 'Book Antiqua', Palatino; font-size: 120%; color: #333399;\">Une hydratation am\u00e9lior\u00e9e, jusqu\u2019\u00e0 six fois plus efficace.<\/span><\/p>\n<\/li>\n<li class=\"\" data-start=\"1076\" data-end=\"1117\">\n<p class=\"\" data-start=\"1078\" data-end=\"1117\"><span class=\"relative -mx-px my-[-0.2rem] rounded px-px py-[0.2rem] transition-colors duration-100 ease-in-out\" style=\"font-family: 'Book Antiqua', Palatino; font-size: 120%; color: #333399;\">Une meilleure \u00e9limination des toxines.<\/span><\/p>\n<\/li>\n<li class=\"\" data-start=\"1118\" data-end=\"1159\">\n<p class=\"\" data-start=\"1120\" data-end=\"1159\"><span class=\"relative -mx-px my-[-0.2rem] rounded px-px py-[0.2rem] transition-colors duration-100 ease-in-out\" style=\"font-family: 'Book Antiqua', Palatino; font-size: 120%; color: #333399;\">Un regain d\u2019\u00e9nergie et de vitalit\u00e9.<\/span><\/p>\n<\/li>\n<li class=\"\" data-start=\"1160\" data-end=\"1201\">\n<p class=\"\" data-start=\"1162\" data-end=\"1201\"><span class=\"relative -mx-px my-[-0.2rem] rounded px-px py-[0.2rem] transition-colors duration-100 ease-in-out\" style=\"font-family: 'Book Antiqua', Palatino; font-size: 120%; color: #333399;\">Un renforcement du syst\u00e8me immunitaire.<\/span><\/p>\n<\/li>\n<li class=\"\" data-start=\"1202\" data-end=\"1243\">\n<p class=\"\" data-start=\"1204\" data-end=\"1243\"><span class=\"relative -mx-px my-[-0.2rem] rounded px-px py-[0.2rem] transition-colors duration-100 ease-in-out\" style=\"font-family: 'Book Antiqua', Palatino; font-size: 120%; color: #333399;\">Une peau plus douce et des cheveux plus brillants.<\/span><\/p>\n<\/li>\n<li class=\"\" data-start=\"1244\" data-end=\"1371\">\n<p class=\"\" data-start=\"1246\" data-end=\"1371\"><span class=\"relative -mx-px my-[-0.2rem] rounded px-px py-[0.2rem] transition-colors duration-100 ease-in-out\" style=\"font-family: 'Book Antiqua', Palatino; font-size: 120%; color: #333399;\">Des plantes plus vigoureuses et des animaux en meilleure sant\u00e9.<\/span><\/p>\n<\/li>\n<\/ul>\n<hr class=\"\" data-start=\"1373\" data-end=\"1376\" \/>\n<h2 class=\"\" data-start=\"1692\" data-end=\"1725\"><span style=\"font-family: 'Book Antiqua', Palatino; font-size: 120%; color: #333399;\">\ud83d\udce6 Caract\u00e9ristiques techniques<\/span><\/h2>\n<ul data-start=\"1727\" data-end=\"2161\">\n<li class=\"\" data-start=\"1727\" data-end=\"1777\">\n<p class=\"\" data-start=\"1729\" data-end=\"1777\"><span style=\"font-family: 'Book Antiqua', Palatino; font-size: 120%; color: #333399;\"><strong data-start=\"1729\" data-end=\"1755\">Temps de structuration<\/strong>\u00a0: 15 minutes minimum.<\/span><\/p>\n<\/li>\n<li data-start=\"1727\" data-end=\"1777\"><span style=\"font-family: 'Book Antiqua', Palatino; font-size: 120%; color: #333399;\"><strong data-start=\"206\" data-end=\"229\">Inclus dans le pack<\/strong>\u00a0: 1 x Bouteille OmWater 1,23\u202fL + 1 x Bouchon Zome 13<\/span><\/li>\n<li class=\"\" data-start=\"1778\" data-end=\"1886\">\n<p class=\"\" data-start=\"1780\" data-end=\"1886\"><span style=\"font-family: 'Book Antiqua', Palatino; font-size: 120%; color: #333399;\"><strong data-start=\"1780\" data-end=\"1802\">Dur\u00e9e d\u2019efficacit\u00e9<\/strong>\u00a0: L\u2019eau reste structur\u00e9e pendant 24 \u00e0 72 heures, selon l\u2019environnement \u00e9nerg\u00e9tique.<\/span><\/p>\n<\/li>\n<li class=\"\" data-start=\"1887\" data-end=\"2074\">\n<p class=\"\" data-start=\"1889\" data-end=\"1904\"><span style=\"font-family: 'Book Antiqua', Palatino; font-size: 120%; color: #333399;\"><strong data-start=\"1889\" data-end=\"1902\">Mat\u00e9riaux<\/strong>\u00a0:<\/span><\/p>\n<ul data-start=\"1907\" data-end=\"2074\">\n<li class=\"\" data-start=\"1907\" data-end=\"1944\">\n<p class=\"\" data-start=\"1909\" data-end=\"1944\"><span style=\"font-family: 'Book Antiqua', Palatino; font-size: 120%; color: #333399;\">Bouteille OmWater en verre (1,23 L)<\/span><\/p>\n<\/li>\n<li class=\"\" data-start=\"1947\" data-end=\"2023\">\n<p class=\"\" data-start=\"1949\" data-end=\"2023\"><span style=\"font-family: 'Book Antiqua', Palatino; font-size: 120%; color: #333399;\">Support, collerette et bouchon Zome 13 en plastique v\u00e9g\u00e9tal de ma\u00efs<\/span><\/p>\n<\/li>\n<li class=\"\" data-start=\"2026\" data-end=\"2074\">\n<p class=\"\" data-start=\"2028\" data-end=\"2074\"><span style=\"font-family: 'Book Antiqua', Palatino; font-size: 120%; color: #333399;\">Tube de structuration en plexiglas transparent<\/span><\/p>\n<\/li>\n<\/ul>\n<\/li>\n<li class=\"\" data-start=\"2075\" data-end=\"2161\">\n<p class=\"\" data-start=\"2077\" data-end=\"2161\"><span style=\"font-family: 'Book Antiqua', Palatino; font-size: 120%; color: #333399;\"><strong data-start=\"2077\" data-end=\"2090\">Entretien<\/strong>\u00a0: Aucun. Le dispositif fonctionne en continu, sans perte d\u2019efficacit\u00e9.<\/span><\/p>\n<\/li>\n<\/ul>\n<hr class=\"\" data-start=\"2050\" data-end=\"2053\" \/>\n<h2 class=\"\" data-start=\"2168\" data-end=\"2195\"><span style=\"font-family: 'Book Antiqua', Palatino; font-size: 120%; color: #333399;\">\ud83d\ude9a Livraison &amp; garanties<\/span><\/h2>\n<ul data-start=\"2197\" data-end=\"2419\">\n<li class=\"\" data-start=\"2197\" data-end=\"2240\">\n<p class=\"\" data-start=\"2199\" data-end=\"2240\"><span style=\"font-family: 'Book Antiqua', Palatino; font-size: 120%; color: #333399;\"><strong data-start=\"2199\" data-end=\"2219\">Livraison rapide<\/strong>\u00a0via Colissimo (96h).<\/span><\/p>\n<\/li>\n<li class=\"\" data-start=\"2241\" data-end=\"2294\">\n<p class=\"\" data-start=\"2243\" data-end=\"2294\"><span style=\"font-family: 'Book Antiqua', Palatino; font-size: 120%; color: #333399;\"><strong data-start=\"2243\" data-end=\"2264\">Paiement s\u00e9curis\u00e9<\/strong>\u00a0par carte bancaire ou PayPal.<\/span><\/p>\n<\/li>\n<li class=\"\" data-start=\"2295\" data-end=\"2342\">\n<p class=\"\" data-start=\"2297\" data-end=\"2342\"><span style=\"font-family: 'Book Antiqua', Palatino; font-size: 120%; color: #333399;\"><strong data-start=\"2297\" data-end=\"2330\">Paiement en 4 fois sans frais<\/strong>\u00a0disponible.<\/span><\/p>\n<\/li>\n<li class=\"\" data-start=\"2343\" data-end=\"2386\">\n<p class=\"\" data-start=\"2345\" data-end=\"2386\"><span style=\"font-family: 'Book Antiqua', Palatino; font-size: 120%; color: #333399;\"><strong data-start=\"2345\" data-end=\"2371\">Satisfait ou rembours\u00e9<\/strong>\u00a0sous 30 jours.<\/span><\/p>\n<\/li>\n<li class=\"\" data-start=\"2387\" data-end=\"2419\">\n<p class=\"\" data-start=\"2389\" data-end=\"2419\"><span style=\"font-family: 'Book Antiqua', Palatino; font-size: 120%; color: #333399;\"><strong data-start=\"2389\" data-end=\"2409\">Garantie produit<\/strong>\u00a0de 5 ans.<\/span><\/p>\n<\/li>\n<\/ul>\n<hr class=\"\" data-start=\"2381\" data-end=\"2384\" \/>\n<h2 class=\"\" data-start=\"2426\" data-end=\"2468\"><span style=\"font-family: 'Book Antiqua', Palatino; font-size: 120%; color: #333399;\">\ud83c\udf3f Offrez \u00e0 votre corps une eau vivante<\/span><\/h2>\n<p class=\"\" data-start=\"2470\" data-end=\"2693\"><span style=\"font-family: 'Book Antiqua', Palatino; font-size: 120%; color: #333399;\">Avec le\u00a0<strong data-start=\"2478\" data-end=\"2502\">StructWater Precious<\/strong>, red\u00e9couvrez le plaisir d\u2019une eau pure, structur\u00e9e et \u00e9nergisante. Int\u00e9grez cet appareil de structuration de l\u2019eau dans votre quotidien pour une hydratation optimale et un bien-\u00eatre durable.<\/span><\/p>\n","protected":false},"excerpt":{"rendered":"<p><span style=\"font-family: 'Book Antiqua', Palatino; font-size: 120%; color: #333399;\">StructWater Precious \u00e4r en vattendynamiserare som omstrukturerar och vitaliserar ditt vatten p\u00e5 bara 15 minuter.<\/span><\/p>\n<p><span style=\"font-family: 'Book Antiqua', Palatino; font-size: 120%; color: #333399;\">Med StructWater Precious kan du dagligen \u00f6ka dess fuktgivande effekt och vibrationshastighet.<\/span><\/p>\n<p><span style=\"font-family: 'Book Antiqua', Palatino; font-size: 120%; color: #333399;\">Tillverkad i Frankrike.<\/span><\/p>","protected":false},"featured_media":3695,"comment_status":"open","ping_status":"closed","template":"","meta":[],"product_brand":[],"product_cat":[206],"product_tag":[231,221,207,208],"class_list":{"0":"post-3314","1":"product","2":"type-product","3":"status-publish","4":"has-post-thumbnail","6":"product_cat-structwater","7":"product_tag-dynamisation","8":"product_tag-harmonisation","9":"product_tag-om-water","10":"product_tag-struct-water","12":"first","13":"onbackorder","14":"taxable","15":"shipping-taxable","16":"purchasable","17":"product-type-variable"},"yoast_head":"<!-- This site is optimized with the Yoast SEO Premium plugin v25.1 (Yoast SEO v27.4) - https:\/\/yoast.com\/product\/yoast-seo-premium-wordpress\/ -->\n<title>StructWater Precious + Bouteille OmWater 123cl + Bouchon Zome 13 - 9 coloris | Agara<\/title>\n<meta name=\"description\" content=\"Le StructWater Precious est un dynamiseur d\u2019eau qui restructure et revitalise votre eau en seulement 15 minutes. Gr\u00e2ce au StructWater Precious, augmentez son pouvoir hydratant et son taux vibratoire au quotidien. Fabrication fran\u00e7aise.\" \/>\n<meta name=\"robots\" content=\"index, follow, max-snippet:-1, max-image-preview:large, max-video-preview:-1\" \/>\n<link rel=\"canonical\" href=\"https:\/\/369agara.com\/sv\/produkt\/structwater-precious\/\" \/>\n<meta property=\"og:locale\" content=\"sv_SE\" \/>\n<meta property=\"og:type\" content=\"article\" \/>\n<meta property=\"og:title\" content=\"StructWater Precious + Bouteille OmWater 123cl + Bouchon Zome 13 - 9 coloris\" \/>\n<meta property=\"og:description\" content=\"Le StructWater Precious est un dynamiseur d\u2019eau qui restructure et revitalise votre eau en seulement 15 minutes. Gr\u00e2ce au StructWater Precious, augmentez son pouvoir hydratant et son taux vibratoire au quotidien. Fabrication fran\u00e7aise.\" \/>\n<meta property=\"og:url\" content=\"https:\/\/369agara.com\/sv\/produkt\/structwater-precious\/\" \/>\n<meta property=\"og:site_name\" content=\"Agara\" \/>\n<meta property=\"article:modified_time\" content=\"2025-05-05T07:02:28+00:00\" \/>\n<meta property=\"og:image\" content=\"https:\/\/369agara.com\/wp-content\/uploads\/2024\/11\/STRUCTWATER-PRECIOUS-BLANC.jpg\" \/>\n\t<meta property=\"og:image:width\" content=\"640\" \/>\n\t<meta property=\"og:image:height\" content=\"640\" \/>\n\t<meta property=\"og:image:type\" content=\"image\/jpeg\" \/>\n<meta name=\"twitter:card\" content=\"summary_large_image\" \/>\n<meta name=\"twitter:label1\" content=\"Ber\u00e4knad l\u00e4stid\" \/>\n\t<meta name=\"twitter:data1\" content=\"3 minuter\" \/>\n<script type=\"application\/ld+json\" class=\"yoast-schema-graph\">{\"@context\":\"https:\\\/\\\/schema.org\",\"@graph\":[{\"@type\":\"WebPage\",\"@id\":\"https:\\\/\\\/369agara.com\\\/produit\\\/structwater-precious\\\/\",\"url\":\"https:\\\/\\\/369agara.com\\\/produit\\\/structwater-precious\\\/\",\"name\":\"StructWater Precious + Bouteille OmWater 123cl + Bouchon Zome 13 - 9 coloris | Agara\",\"isPartOf\":{\"@id\":\"https:\\\/\\\/369agara.com\\\/#website\"},\"primaryImageOfPage\":{\"@id\":\"https:\\\/\\\/369agara.com\\\/produit\\\/structwater-precious\\\/#primaryimage\"},\"image\":{\"@id\":\"https:\\\/\\\/369agara.com\\\/produit\\\/structwater-precious\\\/#primaryimage\"},\"thumbnailUrl\":\"https:\\\/\\\/369agara.com\\\/wp-content\\\/uploads\\\/2024\\\/11\\\/STRUCTWATER-PRECIOUS-BLANC.jpg\",\"datePublished\":\"2024-11-19T20:40:28+00:00\",\"dateModified\":\"2025-05-05T07:02:28+00:00\",\"description\":\"Le StructWater Precious est un dynamiseur d\u2019eau qui restructure et revitalise votre eau en seulement 15 minutes. Gr\u00e2ce au StructWater Precious, augmentez son pouvoir hydratant et son taux vibratoire au quotidien. Fabrication fran\u00e7aise.\",\"breadcrumb\":{\"@id\":\"https:\\\/\\\/369agara.com\\\/produit\\\/structwater-precious\\\/#breadcrumb\"},\"inLanguage\":\"sv-SE\",\"potentialAction\":[{\"@type\":\"ReadAction\",\"target\":[\"https:\\\/\\\/369agara.com\\\/produit\\\/structwater-precious\\\/\"]}]},{\"@type\":\"ImageObject\",\"inLanguage\":\"sv-SE\",\"@id\":\"https:\\\/\\\/369agara.com\\\/produit\\\/structwater-precious\\\/#primaryimage\",\"url\":\"https:\\\/\\\/369agara.com\\\/wp-content\\\/uploads\\\/2024\\\/11\\\/STRUCTWATER-PRECIOUS-BLANC.jpg\",\"contentUrl\":\"https:\\\/\\\/369agara.com\\\/wp-content\\\/uploads\\\/2024\\\/11\\\/STRUCTWATER-PRECIOUS-BLANC.jpg\",\"width\":640,\"height\":640},{\"@type\":\"BreadcrumbList\",\"@id\":\"https:\\\/\\\/369agara.com\\\/produit\\\/structwater-precious\\\/#breadcrumb\",\"itemListElement\":[{\"@type\":\"ListItem\",\"position\":1,\"name\":\"Accueil\",\"item\":\"https:\\\/\\\/369agara.com\\\/\"},{\"@type\":\"ListItem\",\"position\":2,\"name\":\"La boutique\",\"item\":\"https:\\\/\\\/369agara.com\\\/la-boutique\\\/\"},{\"@type\":\"ListItem\",\"position\":3,\"name\":\"StructWater Precious + Bouteille OmWater 123cl + Bouchon Zome 13 &#8211; 9 coloris\"}]},{\"@type\":\"WebSite\",\"@id\":\"https:\\\/\\\/369agara.com\\\/#website\",\"url\":\"https:\\\/\\\/369agara.com\\\/\",\"name\":\"Livsrikedomar\",\"description\":\"D\u00e9connectez pour mieux vous connecter\",\"publisher\":{\"@id\":\"https:\\\/\\\/369agara.com\\\/#organization\"},\"potentialAction\":[{\"@type\":\"SearchAction\",\"target\":{\"@type\":\"EntryPoint\",\"urlTemplate\":\"https:\\\/\\\/369agara.com\\\/?s={search_term_string}\"},\"query-input\":{\"@type\":\"PropertyValueSpecification\",\"valueRequired\":true,\"valueName\":\"search_term_string\"}}],\"inLanguage\":\"sv-SE\"},{\"@type\":\"Organization\",\"@id\":\"https:\\\/\\\/369agara.com\\\/#organization\",\"name\":\"EACreations\",\"url\":\"https:\\\/\\\/369agara.com\\\/\",\"logo\":{\"@type\":\"ImageObject\",\"inLanguage\":\"sv-SE\",\"@id\":\"https:\\\/\\\/369agara.com\\\/#\\\/schema\\\/logo\\\/image\\\/\",\"url\":\"\",\"contentUrl\":\"\",\"caption\":\"EACreations\"},\"image\":{\"@id\":\"https:\\\/\\\/369agara.com\\\/#\\\/schema\\\/logo\\\/image\\\/\"}}]}<\/script>\n<!-- \/ Yoast SEO Premium plugin. -->","yoast_head_json":{"title":"StructWater Precious + Bouteille OmWater 123cl + Bouchon Zome 13 - 9 coloris | Agara","description":"Le StructWater Precious est un dynamiseur d\u2019eau qui restructure et revitalise votre eau en seulement 15 minutes. Gr\u00e2ce au StructWater Precious, augmentez son pouvoir hydratant et son taux vibratoire au quotidien. Fabrication fran\u00e7aise.","robots":{"index":"index","follow":"follow","max-snippet":"max-snippet:-1","max-image-preview":"max-image-preview:large","max-video-preview":"max-video-preview:-1"},"canonical":"https:\/\/369agara.com\/sv\/produkt\/structwater-precious\/","og_locale":"sv_SE","og_type":"article","og_title":"StructWater Precious + Bouteille OmWater 123cl + Bouchon Zome 13 - 9 coloris","og_description":"Le StructWater Precious est un dynamiseur d\u2019eau qui restructure et revitalise votre eau en seulement 15 minutes. Gr\u00e2ce au StructWater Precious, augmentez son pouvoir hydratant et son taux vibratoire au quotidien. Fabrication fran\u00e7aise.","og_url":"https:\/\/369agara.com\/sv\/produkt\/structwater-precious\/","og_site_name":"Agara","article_modified_time":"2025-05-05T07:02:28+00:00","og_image":[{"width":640,"height":640,"url":"https:\/\/369agara.com\/wp-content\/uploads\/2024\/11\/STRUCTWATER-PRECIOUS-BLANC.jpg","type":"image\/jpeg"}],"twitter_card":"summary_large_image","twitter_misc":{"Ber\u00e4knad l\u00e4stid":"3 minuter"},"schema":{"@context":"https:\/\/schema.org","@graph":[{"@type":"WebPage","@id":"https:\/\/369agara.com\/produit\/structwater-precious\/","url":"https:\/\/369agara.com\/produit\/structwater-precious\/","name":"StructWater Precious + Bouteille OmWater 123cl + Bouchon Zome 13 - 9 coloris | Agara","isPartOf":{"@id":"https:\/\/369agara.com\/#website"},"primaryImageOfPage":{"@id":"https:\/\/369agara.com\/produit\/structwater-precious\/#primaryimage"},"image":{"@id":"https:\/\/369agara.com\/produit\/structwater-precious\/#primaryimage"},"thumbnailUrl":"https:\/\/369agara.com\/wp-content\/uploads\/2024\/11\/STRUCTWATER-PRECIOUS-BLANC.jpg","datePublished":"2024-11-19T20:40:28+00:00","dateModified":"2025-05-05T07:02:28+00:00","description":"Le StructWater Precious est un dynamiseur d\u2019eau qui restructure et revitalise votre eau en seulement 15 minutes. Gr\u00e2ce au StructWater Precious, augmentez son pouvoir hydratant et son taux vibratoire au quotidien. Fabrication fran\u00e7aise.","breadcrumb":{"@id":"https:\/\/369agara.com\/produit\/structwater-precious\/#breadcrumb"},"inLanguage":"sv-SE","potentialAction":[{"@type":"ReadAction","target":["https:\/\/369agara.com\/produit\/structwater-precious\/"]}]},{"@type":"ImageObject","inLanguage":"sv-SE","@id":"https:\/\/369agara.com\/produit\/structwater-precious\/#primaryimage","url":"https:\/\/369agara.com\/wp-content\/uploads\/2024\/11\/STRUCTWATER-PRECIOUS-BLANC.jpg","contentUrl":"https:\/\/369agara.com\/wp-content\/uploads\/2024\/11\/STRUCTWATER-PRECIOUS-BLANC.jpg","width":640,"height":640},{"@type":"BreadcrumbList","@id":"https:\/\/369agara.com\/produit\/structwater-precious\/#breadcrumb","itemListElement":[{"@type":"ListItem","position":1,"name":"Accueil","item":"https:\/\/369agara.com\/"},{"@type":"ListItem","position":2,"name":"La boutique","item":"https:\/\/369agara.com\/la-boutique\/"},{"@type":"ListItem","position":3,"name":"StructWater Precious + Bouteille OmWater 123cl + Bouchon Zome 13 &#8211; 9 coloris"}]},{"@type":"WebSite","@id":"https:\/\/369agara.com\/#website","url":"https:\/\/369agara.com\/","name":"Livsrikedomar","description":"Koppla bort f\u00f6r att skapa b\u00e4ttre kontakt","publisher":{"@id":"https:\/\/369agara.com\/#organization"},"potentialAction":[{"@type":"SearchAction","target":{"@type":"EntryPoint","urlTemplate":"https:\/\/369agara.com\/?s={search_term_string}"},"query-input":{"@type":"PropertyValueSpecification","valueRequired":true,"valueName":"search_term_string"}}],"inLanguage":"sv-SE"},{"@type":"Organization","@id":"https:\/\/369agara.com\/#organization","name":"EACreations","url":"https:\/\/369agara.com\/","logo":{"@type":"ImageObject","inLanguage":"sv-SE","@id":"https:\/\/369agara.com\/#\/schema\/logo\/image\/","url":"","contentUrl":"","caption":"EACreations"},"image":{"@id":"https:\/\/369agara.com\/#\/schema\/logo\/image\/"}}]}},"jetpack_sharing_enabled":true,"_links":{"self":[{"href":"https:\/\/369agara.com\/sv\/wp-json\/wp\/v2\/product\/3314","targetHints":{"allow":["GET"]}}],"collection":[{"href":"https:\/\/369agara.com\/sv\/wp-json\/wp\/v2\/product"}],"about":[{"href":"https:\/\/369agara.com\/sv\/wp-json\/wp\/v2\/types\/product"}],"replies":[{"embeddable":true,"href":"https:\/\/369agara.com\/sv\/wp-json\/wp\/v2\/comments?post=3314"}],"wp:featuredmedia":[{"embeddable":true,"href":"https:\/\/369agara.com\/sv\/wp-json\/wp\/v2\/media\/3695"}],"wp:attachment":[{"href":"https:\/\/369agara.com\/sv\/wp-json\/wp\/v2\/media?parent=3314"}],"wp:term":[{"taxonomy":"product_brand","embeddable":true,"href":"https:\/\/369agara.com\/sv\/wp-json\/wp\/v2\/product_brand?post=3314"},{"taxonomy":"product_cat","embeddable":true,"href":"https:\/\/369agara.com\/sv\/wp-json\/wp\/v2\/product_cat?post=3314"},{"taxonomy":"product_tag","embeddable":true,"href":"https:\/\/369agara.com\/sv\/wp-json\/wp\/v2\/product_tag?post=3314"}],"curies":[{"name":"wp","href":"https:\/\/api.w.org\/{rel}","templated":true}]}}