{"id":3361,"date":"2024-11-28T21:20:46","date_gmt":"2024-11-28T20:20:46","guid":{"rendered":"https:\/\/369agara.com\/?post_type=product&#038;p=3361"},"modified":"2025-05-14T09:55:16","modified_gmt":"2025-05-14T07:55:16","slug":"biodynamic-water-precious-home-ou-pro","status":"publish","type":"product","link":"https:\/\/369agara.com\/sv\/produkt\/biodynamic-water-precious-home-ou-pro\/","title":{"rendered":"Biodynamiskt vatten v\u00e4rdefullt hem eller proffs"},"content":{"rendered":"<h2 class=\"\" data-start=\"418\" data-end=\"460\"><span style=\"font-family: 'Book Antiqua', Palatino; font-size: 120%; color: #333399;\">\ud83c\udf3f\u00a0<strong data-start=\"424\" data-end=\"458\">Biodynamiskt vatten hem v\u00e4rdefullt<\/strong><\/span><\/h2>\n<h3 class=\"\" data-start=\"461\" data-end=\"559\"><span style=\"font-family: 'Book Antiqua', Palatino; font-size: 120%; color: #333399;\">F\u00f6rb\u00e4ttrat vatten f\u00f6r hemmet - optimal \u00e5terfuktning och skydd mot kalkavlagringar<\/span><\/h3>\n<p class=\"\" data-start=\"561\" data-end=\"607\"><span style=\"font-family: 'Book Antiqua', Palatino; font-size: 120%; color: #333399;\">\ud83d\udca7\u00a0<strong data-start=\"564\" data-end=\"607\">Levande vatten f\u00f6r hela ditt hem<\/strong><\/span><\/p>\n<p class=\"\" data-start=\"609\" data-end=\"984\"><span style=\"font-family: 'Book Antiqua', Palatino; font-size: 120%; color: #333399;\">Le\u00a0<strong data-start=\"612\" data-end=\"646\">Biodynamiskt vatten hem v\u00e4rdefullt eller proffsigt<\/strong>\u00a0\u00e4r en\u00a0<strong data-start=\"654\" data-end=\"705\">vattendynamiseringssystem f\u00f6r hemmet<\/strong>\u00a0som omstrukturerar vattnet i ditt hush\u00e5llsn\u00e4tverk, f\u00f6rb\u00e4ttrar dess vibrationshastighet och fr\u00e4mjar en mer balanserad vattenbalans.\u00a0<strong data-start=\"802\" data-end=\"831\">mer effektiv \u00e5terfuktning<\/strong>\u00a0varje dag. Tack vare sin naturliga, underh\u00e5llsfria teknik erbjuder den en h\u00e5llbar l\u00f6sning f\u00f6r att vitalisera vattnet som anv\u00e4nds i hela hemmet.<\/span><\/p>\n<hr class=\"\" data-start=\"986\" data-end=\"989\" \/>\n<h2 class=\"\" data-start=\"991\" data-end=\"1041\"><span style=\"font-family: 'Book Antiqua', Palatino; font-size: 120%; color: #333399;\">\ud83d\udee1\ufe0f\u00a0<strong data-start=\"998\" data-end=\"1041\">Naturligt skydd mot kalkavlagringar<\/strong><\/span><\/h2>\n<p class=\"\" data-start=\"1043\" data-end=\"1213\"><span style=\"font-family: 'Book Antiqua', Palatino; font-size: 120%; color: #333399;\">Systemet g\u00f6r mer \u00e4n att bara ge energi till vattnet:<\/span><br data-start=\"1093\" data-end=\"1096\" \/><span style=\"font-family: 'Book Antiqua', Palatino; font-size: 120%; color: #333399;\">den omvandlar ocks\u00e5\u00a0<strong data-start=\"1135\" data-end=\"1147\">kalksten<\/strong>\u00a0(kalcit) i\u00a0<strong data-start=\"1161\" data-end=\"1174\">aragonit<\/strong>En icke-krubbande form. Resultat:<\/span><\/p>\n<ul data-start=\"1215\" data-end=\"1350\">\n<li class=\"\" data-start=\"1215\" data-end=\"1257\">\n<p class=\"\" data-start=\"1217\" data-end=\"1257\"><span style=\"font-family: 'Book Antiqua', Palatino; font-size: 120%; color: #333399;\">F\u00e4rre avlagringar i r\u00f6ren<\/span><\/p>\n<\/li>\n<li class=\"\" data-start=\"1258\" data-end=\"1312\">\n<p class=\"\" data-start=\"1260\" data-end=\"1312\"><span style=\"font-family: 'Book Antiqua', Palatino; font-size: 120%; color: #333399;\">B\u00e4ttre skydd f\u00f6r hush\u00e5llsapparater<\/span><\/p>\n<\/li>\n<li class=\"\" data-start=\"1313\" data-end=\"1350\">\n<p class=\"\" data-start=\"1315\" data-end=\"1350\"><span style=\"font-family: 'Book Antiqua', Palatino; font-size: 120%; color: #333399;\">Besparingar p\u00e5 underh\u00e5ll p\u00e5 l\u00e5ng sikt<\/span><\/p>\n<\/li>\n<\/ul>\n<hr class=\"\" data-start=\"1352\" data-end=\"1355\" \/>\n<h2 class=\"\" data-start=\"1357\" data-end=\"1420\"><span style=\"font-family: 'Book Antiqua', Palatino; font-size: 120%; color: #333399;\">\u2699\ufe0f\u00a0<strong data-start=\"1363\" data-end=\"1420\">Enkel installation, ingen el, inget underh\u00e5ll<\/strong><\/span><\/h2>\n<ul data-start=\"1422\" data-end=\"1688\">\n<li class=\"\" data-start=\"1422\" data-end=\"1496\">\n<p class=\"\" data-start=\"1424\" data-end=\"1496\"><span style=\"font-family: 'Book Antiqua', Palatino; font-size: 120%; color: #333399;\">\u2705\u00a0<strong data-start=\"1426\" data-end=\"1451\">L\u00e4tt att installera<\/strong>\u00a0p\u00e5 huvudr\u00f6ret (clip-on)<\/span><\/p>\n<\/li>\n<li class=\"\" data-start=\"1497\" data-end=\"1549\">\n<p class=\"\" data-start=\"1499\" data-end=\"1549\"><span style=\"font-family: 'Book Antiqua', Palatino; font-size: 120%; color: #333399;\">\u2705\u00a0<strong data-start=\"1501\" data-end=\"1521\">Utan elektricitet<\/strong>\u00a0: Autonom drift<\/span><\/p>\n<\/li>\n<li class=\"\" data-start=\"1550\" data-end=\"1589\">\n<p class=\"\" data-start=\"1552\" data-end=\"1589\"><span style=\"font-family: 'Book Antiqua', Palatino; font-size: 120%; color: #333399;\">\u2705\u00a0<strong data-start=\"1554\" data-end=\"1587\">Filterfri, underh\u00e5llsfri<\/strong><\/span><\/p>\n<\/li>\n<li class=\"\" data-start=\"1590\" data-end=\"1688\">\n<p class=\"\" data-start=\"1592\" data-end=\"1688\"><span style=\"font-family: 'Book Antiqua', Palatino; font-size: 120%; color: #333399;\">\u2705\u00a0<strong data-start=\"1594\" data-end=\"1606\">B\u00e4rbar dator<\/strong>\u00a0s\u00e5 att du kan ta med dig den p\u00e5 resan och njuta av f\u00f6rdelarna med en\u00a0<strong data-start=\"1662\" data-end=\"1680\">strukturerat vatten<\/strong>\u00a0\u00f6verallt<\/span><\/p>\n<\/li>\n<\/ul>\n<hr class=\"\" data-start=\"1690\" data-end=\"1693\" \/>\n<h2 class=\"\" data-start=\"1695\" data-end=\"1754\"><span style=\"font-family: 'Book Antiqua', Palatino; font-size: 120%; color: #333399;\">\ud83c\udf1f\u00a0<strong data-start=\"1701\" data-end=\"1754\">F\u00f6rdelarna med energigivande vatten i ditt hem<\/strong><\/span><\/h2>\n<p class=\"\" data-start=\"1756\" data-end=\"1824\"><span style=\"font-family: 'Book Antiqua', Palatino; font-size: 120%; color: #333399;\">Tack vare\u00a0<strong data-start=\"1767\" data-end=\"1807\">vattendynamisering f\u00f6r hemmet<\/strong>du gynnas:<\/span><\/p>\n<ul data-start=\"1826\" data-end=\"2153\">\n<li class=\"\" data-start=\"1826\" data-end=\"1880\">\n<p class=\"\" data-start=\"1828\" data-end=\"1880\"><span style=\"font-family: 'Book Antiqua', Palatino; font-size: 120%; color: #333399;\">Fr\u00e5n en\u00a0<strong data-start=\"1834\" data-end=\"1878\">upp till 6 g\u00e5nger effektivare \u00e5terfuktning<\/strong><\/span><\/p>\n<\/li>\n<li class=\"\" data-start=\"1881\" data-end=\"1949\">\n<p class=\"\" data-start=\"1883\" data-end=\"1949\"><span style=\"font-family: 'Book Antiqua', Palatino; font-size: 120%; color: #333399;\">En b\u00e4ttre\u00a0<strong data-start=\"1899\" data-end=\"1917\">avgiftning<\/strong>\u00a0och\u00a0<strong data-start=\"1921\" data-end=\"1947\">syres\u00e4ttning av celler<\/strong><\/span><\/p>\n<\/li>\n<li class=\"\" data-start=\"1950\" data-end=\"1995\">\n<p class=\"\" data-start=\"1952\" data-end=\"1995\"><span style=\"font-family: 'Book Antiqua', Palatino; font-size: 120%; color: #333399;\">A\u00a0<strong data-start=\"1957\" data-end=\"1985\">immunf\u00f6rsvarsh\u00f6jande<\/strong>\u00a0naturlig<\/span><\/p>\n<\/li>\n<li class=\"\" data-start=\"1996\" data-end=\"2077\">\n<p class=\"\" data-start=\"1998\" data-end=\"2077\"><span style=\"font-family: 'Book Antiqua', Palatino; font-size: 120%; color: #333399;\">Mjukare hud, glansigare h\u00e5r, kraftigare v\u00e4xter<\/span><\/p>\n<\/li>\n<li class=\"\" data-start=\"2078\" data-end=\"2153\">\n<p class=\"\" data-start=\"2080\" data-end=\"2153\"><span style=\"font-family: 'Book Antiqua', Palatino; font-size: 120%; color: #333399;\">A\u00a0<strong data-start=\"2085\" data-end=\"2106\">allm\u00e4nt v\u00e4lbefinnande<\/strong>f\u00f6r dig, dina husdjur och din milj\u00f6<\/span><\/p>\n<\/li>\n<\/ul>\n<hr class=\"\" data-start=\"2155\" data-end=\"2158\" \/>\n<h2 class=\"\" data-start=\"2160\" data-end=\"2197\"><span style=\"font-family: 'Book Antiqua', Palatino; font-size: 120%; color: #333399;\">\ud83d\udd2c\u00a0<strong data-start=\"2166\" data-end=\"2197\">Tekniska specifikationer<\/strong><\/span><\/h2>\n<ul style=\"list-style-type: square;\" data-start=\"2199\" data-end=\"2589\">\n<li class=\"\" data-start=\"2199\" data-end=\"2265\">\n<p class=\"\" data-start=\"2201\" data-end=\"2265\"><span style=\"font-family: 'Book Antiqua', Palatino; font-size: 120%; color: #333399;\"><strong data-start=\"2201\" data-end=\"2215\">M\u00e5tt och dimensioner<\/strong> :<br \/>\n<\/span><span style=\"font-family: 'Book Antiqua', Palatino; font-size: 120%; color: #333399;\">- 2 r\u00f6r 1,6 cm i diameter x 11 cm l\u00e5nga f\u00f6r HOME-versionen<br \/>\n- 2 r\u00f6r 4 cm i diameter x 25 cm l\u00e5nga f\u00f6r PRO-versionen<\/span><\/p>\n<\/li>\n<li class=\"\" data-start=\"2266\" data-end=\"2318\">\n<p class=\"\" data-start=\"2268\" data-end=\"2318\"><span style=\"font-family: 'Book Antiqua', Palatino; font-size: 120%; color: #333399;\"><strong data-start=\"2268\" data-end=\"2284\">Installation<\/strong>\u00a0montering av kl\u00e4mf\u00e4ste<\/span><\/p>\n<\/li>\n<li class=\"\" data-start=\"2319\" data-end=\"2387\">\n<p class=\"\" data-start=\"2321\" data-end=\"2387\"><span style=\"font-family: 'Book Antiqua', Palatino; font-size: 120%; color: #333399;\"><strong data-start=\"2321\" data-end=\"2342\">Energif\u00e4lt<\/strong>\u00a0str\u00e5lning upp till\u00a0<strong data-start=\"2365\" data-end=\"2378\">10 meter<\/strong>\u00a0runt<\/span><\/p>\n<\/li>\n<li class=\"\" data-start=\"2388\" data-end=\"2589\">\n<p class=\"\" data-start=\"2390\" data-end=\"2589\"><span style=\"font-family: 'Book Antiqua', Palatino; font-size: 120%; color: #333399;\"><strong data-start=\"2390\" data-end=\"2420\">Funktionsprincip<\/strong>\u00a0:<\/span><br data-start=\"2422\" data-end=\"2425\" \/><span style=\"font-family: 'Book Antiqua', Palatino; font-size: 120%; color: #333399;\">Vatten passerar genom ett strukturerande magnetf\u00e4lt och g\u00e5r i resonans med ett\u00a0<strong data-start=\"2505\" data-end=\"2546\">Energil\u00f6sning med PRECIOUS-v\u00e4tska<\/strong>Inga tillsatser eller kemikalier.<\/span><\/p>\n<\/li>\n<\/ul>\n<hr class=\"\" data-start=\"2591\" data-end=\"2594\" \/>\n<h2 class=\"\" data-start=\"2596\" data-end=\"2628\"><span style=\"font-family: 'Book Antiqua', Palatino; font-size: 120%; color: #333399;\">\u2705\u00a0<strong data-start=\"2601\" data-end=\"2628\">\u00c5taganden f\u00f6r StructWater<\/strong><\/span><\/h2>\n<ul data-start=\"2630\" data-end=\"2832\">\n<li class=\"\" data-start=\"2630\" data-end=\"2673\">\n<p class=\"\" data-start=\"2632\" data-end=\"2673\"><span style=\"font-family: 'Book Antiqua', Palatino; font-size: 120%; color: #333399;\">\ud83d\ude9a Snabb leverans via Colissimo (96h)<\/span><\/p>\n<\/li>\n<li class=\"\" data-start=\"2674\" data-end=\"2746\">\n<p class=\"\" data-start=\"2676\" data-end=\"2746\"><span style=\"font-family: 'Book Antiqua', Palatino; font-size: 120%; color: #333399;\">\ud83d\udcb3 S\u00e4ker betalning (kort, PayPal) +\u00a0<strong data-start=\"2715\" data-end=\"2744\">betalning i 4x kostnadsfritt<\/strong><\/span><\/p>\n<\/li>\n<li class=\"\" data-start=\"2747\" data-end=\"2799\">\n<p class=\"\" data-start=\"2749\" data-end=\"2799\"><span style=\"font-family: 'Book Antiqua', Palatino; font-size: 120%; color: #333399;\">\ud83d\udd04 30 dagars pengarna-tillbaka-garanti<\/span><\/p>\n<\/li>\n<li class=\"\" data-start=\"2800\" data-end=\"2832\">\n<p class=\"\" data-start=\"2802\" data-end=\"2832\"><span style=\"font-family: 'Book Antiqua', Palatino; font-size: 120%; color: #333399;\">\ud83d\udee1\ufe0f\u00a0<strong data-start=\"2806\" data-end=\"2832\">5 \u00e5rs produktgaranti<\/strong><\/span><\/p>\n<\/li>\n<\/ul>\n<hr class=\"\" data-start=\"2834\" data-end=\"2837\" \/>\n<h3 class=\"\" data-start=\"2839\" data-end=\"2948\"><span style=\"font-family: 'Book Antiqua', Palatino; font-size: 120%; color: #333399;\">\ud83c\udf0e Behandla ditt hem med rent, strukturerat vatten som respekterar din h\u00e4lsa och milj\u00f6n.<\/span><\/h3>\n<p class=\"\" data-start=\"2949\" data-end=\"3095\"><span style=\"font-family: 'Book Antiqua', Palatino; font-size: 120%; color: #333399;\"><strong data-start=\"2949\" data-end=\"2986\">Biodynamiskt vatten hem v\u00e4rdefullt<\/strong>\u00a0\u00e4r den perfekta l\u00f6sningen f\u00f6r att anta en\u00a0<strong data-start=\"3027\" data-end=\"3051\">optimal \u00e5terfuktning<\/strong>\u00a0och en\u00a0<strong data-start=\"3059\" data-end=\"3094\">naturligt f\u00f6rh\u00e5llningss\u00e4tt till v\u00e4lbefinnande<\/strong>.<\/span><\/p>","protected":false},"excerpt":{"rendered":"<h4><span style=\"font-family: 'Book Antiqua', Palatino; font-size: 120%; color: #333399;\">Biodynamic Water Home eller Pro ger energi till vattnet i ditt hem f\u00f6r optimal hydrering, vilket f\u00f6rb\u00e4ttrar kvaliteten p\u00e5 vattnet f\u00f6r dricksvatten, matlagning och mer.<\/span><\/h4>\n<p><span style=\"font-family: 'Book Antiqua', Palatino; font-size: 120%; color: #333399;\">Tillverkad i Frankrike.<\/span><\/p>","protected":false},"featured_media":3691,"comment_status":"open","ping_status":"closed","template":"","meta":[],"product_brand":[],"product_cat":[206],"product_tag":[231,229,230],"class_list":{"0":"post-3361","1":"product","2":"type-product","3":"status-publish","4":"has-post-thumbnail","6":"product_cat-structwater","7":"product_tag-dynamisation","8":"product_tag-fleur-de-vie","9":"product_tag-graine-de-vie","11":"first","12":"instock","13":"taxable","14":"shipping-taxable","15":"purchasable","16":"product-type-variable"},"yoast_head":"<!-- This site is optimized with the Yoast SEO Premium plugin v25.1 (Yoast SEO v27.4) - https:\/\/yoast.com\/product\/yoast-seo-premium-wordpress\/ -->\n<title>Biodynamic Water Precious Home ou Pro | Agara<\/title>\n<meta name=\"description\" content=\"Le Biodynamic Water Home dynamise l\u2019eau de votre maison pour une hydratation optimale, en am\u00e9liorant la qualit\u00e9 de l\u2019eau pour boire, cuisiner et plus encore. Fabrication fran\u00e7aise.\" \/>\n<meta name=\"robots\" content=\"index, follow, max-snippet:-1, max-image-preview:large, max-video-preview:-1\" \/>\n<link rel=\"canonical\" href=\"https:\/\/369agara.com\/sv\/produkt\/biodynamic-water-precious-home-ou-pro\/\" \/>\n<meta property=\"og:locale\" content=\"sv_SE\" \/>\n<meta property=\"og:type\" content=\"article\" \/>\n<meta property=\"og:title\" content=\"Biodynamic Water Precious Home ou Pro\" \/>\n<meta property=\"og:description\" content=\"Le Biodynamic Water Home dynamise l\u2019eau de votre maison pour une hydratation optimale, en am\u00e9liorant la qualit\u00e9 de l\u2019eau pour boire, cuisiner et plus encore. Fabrication fran\u00e7aise.\" \/>\n<meta property=\"og:url\" content=\"https:\/\/369agara.com\/sv\/produkt\/biodynamic-water-precious-home-ou-pro\/\" \/>\n<meta property=\"og:site_name\" content=\"Agara\" \/>\n<meta property=\"article:modified_time\" content=\"2025-05-14T07:55:16+00:00\" \/>\n<meta property=\"og:image\" content=\"https:\/\/369agara.com\/wp-content\/uploads\/2024\/11\/biodynamic-water-home-precious-Photoroom.jpg\" \/>\n\t<meta property=\"og:image:width\" content=\"640\" \/>\n\t<meta property=\"og:image:height\" content=\"640\" \/>\n\t<meta property=\"og:image:type\" content=\"image\/jpeg\" \/>\n<meta name=\"twitter:card\" content=\"summary_large_image\" \/>\n<meta name=\"twitter:label1\" content=\"Ber\u00e4knad l\u00e4stid\" \/>\n\t<meta name=\"twitter:data1\" content=\"3 minuter\" \/>\n<script type=\"application\/ld+json\" class=\"yoast-schema-graph\">{\"@context\":\"https:\\\/\\\/schema.org\",\"@graph\":[{\"@type\":\"WebPage\",\"@id\":\"https:\\\/\\\/369agara.com\\\/produit\\\/biodynamic-water-precious-home-ou-pro\\\/\",\"url\":\"https:\\\/\\\/369agara.com\\\/produit\\\/biodynamic-water-precious-home-ou-pro\\\/\",\"name\":\"Biodynamic Water Precious Home ou Pro | Agara\",\"isPartOf\":{\"@id\":\"https:\\\/\\\/369agara.com\\\/#website\"},\"primaryImageOfPage\":{\"@id\":\"https:\\\/\\\/369agara.com\\\/produit\\\/biodynamic-water-precious-home-ou-pro\\\/#primaryimage\"},\"image\":{\"@id\":\"https:\\\/\\\/369agara.com\\\/produit\\\/biodynamic-water-precious-home-ou-pro\\\/#primaryimage\"},\"thumbnailUrl\":\"https:\\\/\\\/369agara.com\\\/wp-content\\\/uploads\\\/2024\\\/11\\\/biodynamic-water-home-precious-Photoroom.jpg\",\"datePublished\":\"2024-11-28T20:20:46+00:00\",\"dateModified\":\"2025-05-14T07:55:16+00:00\",\"description\":\"Le Biodynamic Water Home dynamise l\u2019eau de votre maison pour une hydratation optimale, en am\u00e9liorant la qualit\u00e9 de l\u2019eau pour boire, cuisiner et plus encore. Fabrication fran\u00e7aise.\",\"breadcrumb\":{\"@id\":\"https:\\\/\\\/369agara.com\\\/produit\\\/biodynamic-water-precious-home-ou-pro\\\/#breadcrumb\"},\"inLanguage\":\"sv-SE\",\"potentialAction\":[{\"@type\":\"ReadAction\",\"target\":[\"https:\\\/\\\/369agara.com\\\/produit\\\/biodynamic-water-precious-home-ou-pro\\\/\"]}]},{\"@type\":\"ImageObject\",\"inLanguage\":\"sv-SE\",\"@id\":\"https:\\\/\\\/369agara.com\\\/produit\\\/biodynamic-water-precious-home-ou-pro\\\/#primaryimage\",\"url\":\"https:\\\/\\\/369agara.com\\\/wp-content\\\/uploads\\\/2024\\\/11\\\/biodynamic-water-home-precious-Photoroom.jpg\",\"contentUrl\":\"https:\\\/\\\/369agara.com\\\/wp-content\\\/uploads\\\/2024\\\/11\\\/biodynamic-water-home-precious-Photoroom.jpg\",\"width\":640,\"height\":640},{\"@type\":\"BreadcrumbList\",\"@id\":\"https:\\\/\\\/369agara.com\\\/produit\\\/biodynamic-water-precious-home-ou-pro\\\/#breadcrumb\",\"itemListElement\":[{\"@type\":\"ListItem\",\"position\":1,\"name\":\"Accueil\",\"item\":\"https:\\\/\\\/369agara.com\\\/\"},{\"@type\":\"ListItem\",\"position\":2,\"name\":\"La boutique\",\"item\":\"https:\\\/\\\/369agara.com\\\/la-boutique\\\/\"},{\"@type\":\"ListItem\",\"position\":3,\"name\":\"Biodynamic Water Precious Home ou Pro\"}]},{\"@type\":\"WebSite\",\"@id\":\"https:\\\/\\\/369agara.com\\\/#website\",\"url\":\"https:\\\/\\\/369agara.com\\\/\",\"name\":\"Livsrikedomar\",\"description\":\"D\u00e9connectez pour mieux vous connecter\",\"publisher\":{\"@id\":\"https:\\\/\\\/369agara.com\\\/#organization\"},\"potentialAction\":[{\"@type\":\"SearchAction\",\"target\":{\"@type\":\"EntryPoint\",\"urlTemplate\":\"https:\\\/\\\/369agara.com\\\/?s={search_term_string}\"},\"query-input\":{\"@type\":\"PropertyValueSpecification\",\"valueRequired\":true,\"valueName\":\"search_term_string\"}}],\"inLanguage\":\"sv-SE\"},{\"@type\":\"Organization\",\"@id\":\"https:\\\/\\\/369agara.com\\\/#organization\",\"name\":\"EACreations\",\"url\":\"https:\\\/\\\/369agara.com\\\/\",\"logo\":{\"@type\":\"ImageObject\",\"inLanguage\":\"sv-SE\",\"@id\":\"https:\\\/\\\/369agara.com\\\/#\\\/schema\\\/logo\\\/image\\\/\",\"url\":\"\",\"contentUrl\":\"\",\"caption\":\"EACreations\"},\"image\":{\"@id\":\"https:\\\/\\\/369agara.com\\\/#\\\/schema\\\/logo\\\/image\\\/\"}}]}<\/script>\n<!-- \/ Yoast SEO Premium plugin. -->","yoast_head_json":{"title":"Biodynamic Water Precious Home ou Pro | Agara","description":"Biodynamic Water Home ger energi till vattnet i ditt hem f\u00f6r optimal hydrering och f\u00f6rb\u00e4ttrar vattenkvaliteten f\u00f6r dryck, matlagning och mycket mer. Tillverkad i Frankrike.","robots":{"index":"index","follow":"follow","max-snippet":"max-snippet:-1","max-image-preview":"max-image-preview:large","max-video-preview":"max-video-preview:-1"},"canonical":"https:\/\/369agara.com\/sv\/produkt\/biodynamic-water-precious-home-ou-pro\/","og_locale":"sv_SE","og_type":"article","og_title":"Biodynamic Water Precious Home ou Pro","og_description":"Le Biodynamic Water Home dynamise l\u2019eau de votre maison pour une hydratation optimale, en am\u00e9liorant la qualit\u00e9 de l\u2019eau pour boire, cuisiner et plus encore. Fabrication fran\u00e7aise.","og_url":"https:\/\/369agara.com\/sv\/produkt\/biodynamic-water-precious-home-ou-pro\/","og_site_name":"Agara","article_modified_time":"2025-05-14T07:55:16+00:00","og_image":[{"width":640,"height":640,"url":"https:\/\/369agara.com\/wp-content\/uploads\/2024\/11\/biodynamic-water-home-precious-Photoroom.jpg","type":"image\/jpeg"}],"twitter_card":"summary_large_image","twitter_misc":{"Ber\u00e4knad l\u00e4stid":"3 minuter"},"schema":{"@context":"https:\/\/schema.org","@graph":[{"@type":"WebPage","@id":"https:\/\/369agara.com\/produit\/biodynamic-water-precious-home-ou-pro\/","url":"https:\/\/369agara.com\/produit\/biodynamic-water-precious-home-ou-pro\/","name":"Biodynamic Water Precious Home ou Pro | Agara","isPartOf":{"@id":"https:\/\/369agara.com\/#website"},"primaryImageOfPage":{"@id":"https:\/\/369agara.com\/produit\/biodynamic-water-precious-home-ou-pro\/#primaryimage"},"image":{"@id":"https:\/\/369agara.com\/produit\/biodynamic-water-precious-home-ou-pro\/#primaryimage"},"thumbnailUrl":"https:\/\/369agara.com\/wp-content\/uploads\/2024\/11\/biodynamic-water-home-precious-Photoroom.jpg","datePublished":"2024-11-28T20:20:46+00:00","dateModified":"2025-05-14T07:55:16+00:00","description":"Biodynamic Water Home ger energi till vattnet i ditt hem f\u00f6r optimal hydrering och f\u00f6rb\u00e4ttrar vattenkvaliteten f\u00f6r dryck, matlagning och mycket mer. Tillverkad i Frankrike.","breadcrumb":{"@id":"https:\/\/369agara.com\/produit\/biodynamic-water-precious-home-ou-pro\/#breadcrumb"},"inLanguage":"sv-SE","potentialAction":[{"@type":"ReadAction","target":["https:\/\/369agara.com\/produit\/biodynamic-water-precious-home-ou-pro\/"]}]},{"@type":"ImageObject","inLanguage":"sv-SE","@id":"https:\/\/369agara.com\/produit\/biodynamic-water-precious-home-ou-pro\/#primaryimage","url":"https:\/\/369agara.com\/wp-content\/uploads\/2024\/11\/biodynamic-water-home-precious-Photoroom.jpg","contentUrl":"https:\/\/369agara.com\/wp-content\/uploads\/2024\/11\/biodynamic-water-home-precious-Photoroom.jpg","width":640,"height":640},{"@type":"BreadcrumbList","@id":"https:\/\/369agara.com\/produit\/biodynamic-water-precious-home-ou-pro\/#breadcrumb","itemListElement":[{"@type":"ListItem","position":1,"name":"Accueil","item":"https:\/\/369agara.com\/"},{"@type":"ListItem","position":2,"name":"La boutique","item":"https:\/\/369agara.com\/la-boutique\/"},{"@type":"ListItem","position":3,"name":"Biodynamic Water Precious Home ou Pro"}]},{"@type":"WebSite","@id":"https:\/\/369agara.com\/#website","url":"https:\/\/369agara.com\/","name":"Livsrikedomar","description":"Koppla bort f\u00f6r att skapa b\u00e4ttre kontakt","publisher":{"@id":"https:\/\/369agara.com\/#organization"},"potentialAction":[{"@type":"SearchAction","target":{"@type":"EntryPoint","urlTemplate":"https:\/\/369agara.com\/?s={search_term_string}"},"query-input":{"@type":"PropertyValueSpecification","valueRequired":true,"valueName":"search_term_string"}}],"inLanguage":"sv-SE"},{"@type":"Organization","@id":"https:\/\/369agara.com\/#organization","name":"EACreations","url":"https:\/\/369agara.com\/","logo":{"@type":"ImageObject","inLanguage":"sv-SE","@id":"https:\/\/369agara.com\/#\/schema\/logo\/image\/","url":"","contentUrl":"","caption":"EACreations"},"image":{"@id":"https:\/\/369agara.com\/#\/schema\/logo\/image\/"}}]}},"jetpack_sharing_enabled":true,"_links":{"self":[{"href":"https:\/\/369agara.com\/sv\/wp-json\/wp\/v2\/product\/3361","targetHints":{"allow":["GET"]}}],"collection":[{"href":"https:\/\/369agara.com\/sv\/wp-json\/wp\/v2\/product"}],"about":[{"href":"https:\/\/369agara.com\/sv\/wp-json\/wp\/v2\/types\/product"}],"replies":[{"embeddable":true,"href":"https:\/\/369agara.com\/sv\/wp-json\/wp\/v2\/comments?post=3361"}],"wp:featuredmedia":[{"embeddable":true,"href":"https:\/\/369agara.com\/sv\/wp-json\/wp\/v2\/media\/3691"}],"wp:attachment":[{"href":"https:\/\/369agara.com\/sv\/wp-json\/wp\/v2\/media?parent=3361"}],"wp:term":[{"taxonomy":"product_brand","embeddable":true,"href":"https:\/\/369agara.com\/sv\/wp-json\/wp\/v2\/product_brand?post=3361"},{"taxonomy":"product_cat","embeddable":true,"href":"https:\/\/369agara.com\/sv\/wp-json\/wp\/v2\/product_cat?post=3361"},{"taxonomy":"product_tag","embeddable":true,"href":"https:\/\/369agara.com\/sv\/wp-json\/wp\/v2\/product_tag?post=3361"}],"curies":[{"name":"wp","href":"https:\/\/api.w.org\/{rel}","templated":true}]}}