{"id":3372,"date":"2024-11-28T21:57:49","date_gmt":"2024-11-28T20:57:49","guid":{"rendered":"https:\/\/369agara.com\/?post_type=product&#038;p=3372"},"modified":"2025-05-14T09:55:05","modified_gmt":"2025-05-14T07:55:05","slug":"pack-structvitality","status":"publish","type":"product","link":"https:\/\/369agara.com\/sv\/produkt\/pack-structvitality\/","title":{"rendered":"StructVitality Pack - Energised Water och Revitalised Daily Nutrition - 9 f\u00e4rger"},"content":{"rendered":"<h3 class=\"\" data-start=\"271\" data-end=\"334\"><span style=\"font-family: 'Book Antiqua', Palatino; font-size: 120%; color: #333399;\">\ud83c\udf3f \u00c5teruppt\u00e4ck den naturliga energin i vatten och mat<\/span><\/h3>\n<p class=\"\" data-start=\"336\" data-end=\"591\"><span style=\"font-family: 'Book Antiqua', Palatino; font-size: 120%; color: #333399;\">Le\u00a0<strong data-start=\"339\" data-end=\"362\">StrukturVitalitet Pack<\/strong>\u00a0\u00e4r utformad f\u00f6r dem som vill f\u00f6rb\u00e4ttra b\u00e5de sina\u00a0<strong data-start=\"433\" data-end=\"448\">hydrering<\/strong>\u00a0och\u00a0<strong data-start=\"455\" data-end=\"488\">vitalitet i deras kost<\/strong>.<\/span><br data-start=\"489\" data-end=\"492\" \/><span style=\"font-family: 'Book Antiqua', Palatino; font-size: 120%; color: #333399;\"><strong data-start=\"492\" data-end=\"504\">Verkligen<\/strong>Den kombinerar tv\u00e5 kompletterande enheter f\u00f6r ett naturligt tillv\u00e4gag\u00e5ngss\u00e4tt f\u00f6r v\u00e4lbefinnande, f\u00f6r att ge energi till ditt vatten och din mat.<\/span><\/p>\n<ul data-start=\"593\" data-end=\"804\">\n<li class=\"\" data-start=\"593\" data-end=\"712\">\n<p class=\"\" data-start=\"595\" data-end=\"712\"><span style=\"font-family: 'Book Antiqua', Palatino; font-size: 120%; color: #333399;\">\u00c5 ena sidan har\u00a0<strong data-start=\"610\" data-end=\"634\">StrukturVatten \u00c4del<\/strong>\u00a0 kommer att omstrukturera vattnet, utan elektricitet eller underh\u00e5ll.<\/span><\/p>\n<\/li>\n<li class=\"\" data-start=\"713\" data-end=\"804\">\n<p class=\"\" data-start=\"715\" data-end=\"804\"><span style=\"font-family: 'Book Antiqua', Palatino; font-size: 120%; color: #333399;\">\u00c5 andra sidan \u00e4r\u00a0<strong data-start=\"732\" data-end=\"754\">StructFood bricka<\/strong>\u00a0h\u00f6jer vibrationshastigheten f\u00f6r mat.<\/span><\/p>\n<\/li>\n<\/ul>\n<p class=\"\" data-start=\"806\" data-end=\"918\"><span style=\"font-family: 'Book Antiqua', Palatino; font-size: 120%; color: #333399;\"><strong data-start=\"806\" data-end=\"815\">S\u00e5<\/strong>Du kommer att dra nytta av en enkel, h\u00e5llbar och holistisk l\u00f6sning f\u00f6r att \u00f6ka dina energiniv\u00e5er p\u00e5 daglig basis.<\/span><\/p>\n<hr class=\"\" data-start=\"920\" data-end=\"923\" \/>\n<h3 class=\"\" data-start=\"925\" data-end=\"977\"><span style=\"font-family: 'Book Antiqua', Palatino; font-size: 120%; color: #333399;\">\ud83d\udca7 De kombinerade f\u00f6rdelarna med StructVitality Pack<\/span><\/h3>\n<p class=\"\" data-start=\"979\" data-end=\"1239\"><span style=\"font-family: 'Book Antiqua', Palatino; font-size: 120%; color: #333399;\"><strong data-start=\"979\" data-end=\"997\">Tack vare denna duo<\/strong>Som ett resultat blir ditt vatten l\u00e4ttare och mer assimilerbart, och din mat beh\u00e5ller sina naturliga egenskaper b\u00e4ttre.<\/span><br data-start=\"1109\" data-end=\"1112\" \/><span style=\"font-family: 'Book Antiqua', Palatino; font-size: 120%; color: #333399;\"><strong data-start=\"1112\" data-end=\"1123\">D\u00e4rut\u00f6ver<\/strong>Denna vibrerande metod st\u00f6der en sund cellfunktion och fr\u00e4mjar en b\u00e4ttre energibalans.<\/span><\/p>\n<hr class=\"\" data-start=\"1241\" data-end=\"1244\" \/>\n<h3 class=\"\" data-start=\"1246\" data-end=\"1270\"><span style=\"font-family: 'Book Antiqua', Palatino; font-size: 120%; color: #333399;\">\ud83d\udce6 F\u00f6rpackningens inneh\u00e5ll :<\/span><\/h3>\n<ul data-start=\"1272\" data-end=\"1444\">\n<li class=\"\" data-start=\"1272\" data-end=\"1354\">\n<p class=\"\" data-start=\"1274\" data-end=\"1354\"><span style=\"font-family: 'Book Antiqua', Palatino; font-size: 120%; color: #333399;\"><strong data-start=\"1274\" data-end=\"1300\">1 StrukturVatten v\u00e4rdefullt<\/strong>\u00a0med sin OmWater 1,23 L-flaska och Zome 13-lock<\/span><\/p>\n<\/li>\n<li class=\"\" data-start=\"1355\" data-end=\"1444\">\n<p class=\"\" data-start=\"1357\" data-end=\"1444\"><span style=\"font-family: 'Book Antiqua', Palatino; font-size: 120%; color: #333399;\"><strong data-start=\"1357\" data-end=\"1381\">1 StructFood-bricka<\/strong>\u00a0(guldmodell) f\u00f6r energitillf\u00f6rsel till mat, dryck och kosmetika<\/span><\/p>\n<\/li>\n<\/ul>\n<hr class=\"\" data-start=\"1446\" data-end=\"1449\" \/>\n<h3 class=\"\" data-start=\"1451\" data-end=\"1485\"><span style=\"font-family: 'Book Antiqua', Palatino; font-size: 120%; color: #333399;\">\u2699\ufe0f Tekniska specifikationer<\/span><\/h3>\n<h4 class=\"\" data-start=\"1487\" data-end=\"1517\"><span style=\"font-family: 'Book Antiqua', Palatino; font-size: 120%; color: #333399;\">\ud83d\udd39 StructWater Dyrbar:<\/span><\/h4>\n<ul data-start=\"1518\" data-end=\"1686\">\n<li class=\"\" data-start=\"1518\" data-end=\"1569\">\n<p class=\"\" data-start=\"1520\" data-end=\"1569\"><span style=\"font-family: 'Book Antiqua', Palatino; font-size: 120%; color: #333399;\">Verk\u00a0<strong data-start=\"1531\" data-end=\"1551\">utan elektricitet<\/strong>inget underh\u00e5ll<\/span><\/p>\n<\/li>\n<li class=\"\" data-start=\"1570\" data-end=\"1631\">\n<p class=\"\" data-start=\"1572\" data-end=\"1631\"><span style=\"font-family: 'Book Antiqua', Palatino; font-size: 120%; color: #333399;\">Inspirerad av vattnets naturliga r\u00f6relse f\u00f6r att ge den energi<\/span><\/p>\n<\/li>\n<li class=\"\" data-start=\"1632\" data-end=\"1686\">\n<p class=\"\" data-start=\"1634\" data-end=\"1686\"><span style=\"font-family: 'Book Antiqua', Palatino; font-size: 120%; color: #333399;\">F\u00f6rb\u00e4ttrar vattenkvaliteten p\u00e5 bara 15 minuter<\/span><\/p>\n<\/li>\n<\/ul>\n<h4 class=\"\" data-start=\"1688\" data-end=\"1716\"><span style=\"font-family: 'Book Antiqua', Palatino; font-size: 120%; color: #333399;\">\ud83d\udd39 StructFood-tr\u00e5g:<\/span><\/h4>\n<ul data-start=\"1717\" data-end=\"1923\">\n<li class=\"\" data-start=\"1717\" data-end=\"1798\">\n<p class=\"\" data-start=\"1719\" data-end=\"1798\"><span style=\"font-family: 'Book Antiqua', Palatino; font-size: 120%; color: #333399;\">Utformad f\u00f6r\u00a0<strong data-start=\"1730\" data-end=\"1762\">\u00f6ka din vibrationshastighet<\/strong>\u00a0livsmedel, kr\u00e4mer, kosttillskott<\/span><\/p>\n<\/li>\n<li class=\"\" data-start=\"1799\" data-end=\"1885\">\n<p class=\"\" data-start=\"1801\" data-end=\"1885\"><span style=\"font-family: 'Book Antiqua', Palatino; font-size: 120%; color: #333399;\"><strong data-start=\"1801\" data-end=\"1819\">Som en f\u00f6ljd av detta<\/strong>Det underl\u00e4ttar assimilering och hj\u00e4lper till att f\u00f6rb\u00e4ttra matsm\u00e4ltningen.<\/span><\/p>\n<\/li>\n<li class=\"\" data-start=\"1886\" data-end=\"1923\">\n<p class=\"\" data-start=\"1888\" data-end=\"1923\"><span style=\"font-family: 'Book Antiqua', Palatino; font-size: 120%; color: #333399;\">Noggrann design och slitstarka material<\/span><\/p>\n<\/li>\n<\/ul>\n<hr class=\"\" data-start=\"1925\" data-end=\"1928\" \/>\n<h3 class=\"\" data-start=\"1930\" data-end=\"1959\"><span style=\"font-family: 'Book Antiqua', Palatino; font-size: 120%; color: #333399;\">\u2705 StructWater-\u00e5taganden<\/span><\/h3>\n<ul data-start=\"1961\" data-end=\"2151\">\n<li class=\"\" data-start=\"1961\" data-end=\"2000\">\n<p class=\"\" data-start=\"1963\" data-end=\"2000\"><span style=\"font-family: 'Book Antiqua', Palatino; font-size: 120%; color: #333399;\">\ud83d\ude9a Snabb leverans (Colissimo 96h)<\/span><\/p>\n<\/li>\n<li class=\"\" data-start=\"2001\" data-end=\"2039\">\n<p class=\"\" data-start=\"2003\" data-end=\"2039\"><span style=\"font-family: 'Book Antiqua', Palatino; font-size: 120%; color: #333399;\">\ud83d\udcb3 S\u00e4ker betalning (CB \/ PayPal)<\/span><\/p>\n<\/li>\n<li class=\"\" data-start=\"2040\" data-end=\"2083\">\n<p class=\"\" data-start=\"2042\" data-end=\"2083\"><span style=\"font-family: 'Book Antiqua', Palatino; font-size: 120%; color: #333399;\">\ud83d\udcb0 Betalning i 4x kostnadsfritt tillg\u00e4nglig<\/span><\/p>\n<\/li>\n<li class=\"\" data-start=\"2084\" data-end=\"2122\">\n<p class=\"\" data-start=\"2086\" data-end=\"2122\"><span style=\"font-family: 'Book Antiqua', Palatino; font-size: 120%; color: #333399;\">\ud83d\udd04 N\u00f6jd eller pengarna tillbaka 30 dagar<\/span><\/p>\n<\/li>\n<li class=\"\" data-start=\"2123\" data-end=\"2151\">\n<p class=\"\" data-start=\"2125\" data-end=\"2151\"><span style=\"font-family: 'Book Antiqua', Palatino; font-size: 120%; color: #333399;\">\ud83d\udee1\ufe0f 5 \u00e5rs produktgaranti<\/span><\/p>\n<\/li>\n<\/ul>\n<hr class=\"\" data-start=\"2153\" data-end=\"2156\" \/>\n<h3 class=\"\" data-start=\"2158\" data-end=\"2198\"><span style=\"font-family: 'Book Antiqua', Palatino; font-size: 120%; color: #333399;\">\ud83c\udf1f Varf\u00f6r v\u00e4lja StructVitality?<\/span><\/h3>\n<p class=\"\" data-start=\"2200\" data-end=\"2476\"><span style=\"font-family: 'Book Antiqua', Palatino; font-size: 120%; color: #333399;\"><strong data-start=\"2200\" data-end=\"2213\">I ett n\u00f6tskal<\/strong>den\u00a0<strong data-start=\"2218\" data-end=\"2241\">StrukturVitalitet Pack<\/strong>\u00a0g\u00f6r att du kan g\u00f6ra mer \u00e4n att bara filtrera vatten.<\/span><br data-start=\"2306\" data-end=\"2309\" \/><span style=\"font-family: 'Book Antiqua', Palatino; font-size: 120%; color: #333399;\">Den fungerar b\u00e5de\u00a0<strong data-start=\"2327\" data-end=\"2348\">om hydrering<\/strong>\u00a0och\u00a0<strong data-start=\"2352\" data-end=\"2374\">om mat<\/strong>,\u00a0<strong data-start=\"2376\" data-end=\"2415\">g\u00f6ra det till en global l\u00f6sning<\/strong>\u00a0f\u00f6r att st\u00f6dja din vitalitet och energibalans.<\/span><\/p>\n<p class=\"\" data-start=\"2478\" data-end=\"2601\"><span style=\"font-family: 'Book Antiqua', Palatino; font-size: 120%; color: #333399;\"><strong data-start=\"2478\" data-end=\"2504\">Anta strukturell vitalitet<\/strong>\u00a0f\u00f6r en naturlig boost i vardagen, utan begr\u00e4nsningar och utan att kompromissa med din h\u00e4lsa.<\/span><\/p>","protected":false},"excerpt":{"rendered":"<p><span style=\"font-family: 'Book Antiqua', Palatino; font-size: 120%; color: #333399;\"><strong>StrukturVitalitet Pack<\/strong>\u00a0kombinera<strong>\u00a0StructWater \u00c4del- och\u00a0<\/strong>plat\u00e5n<strong>\u00a0StructFood\u00a0<\/strong>f\u00f6r att ge energi \u00e5t ditt vatten och vitalisera din mat, vilket fr\u00e4mjar v\u00e4lbefinnande och energi p\u00e5 daglig basis.<\/span><\/p>\n<p><span style=\"font-family: 'Book Antiqua', Palatino; color: #333399; font-size: 120%;\">Finns i 9 olika f\u00e4rger.<\/span><\/p>\n<p><span style=\"font-family: 'Book Antiqua', Palatino; font-size: 120%; color: #333399;\">Tillverkad i Frankrike.<\/span><\/p>","protected":false},"featured_media":3673,"comment_status":"open","ping_status":"closed","template":"","meta":[],"product_brand":[],"product_cat":[206],"product_tag":[224,222,221,225,207,208],"class_list":{"0":"post-3372","1":"product","2":"type-product","3":"status-publish","4":"has-post-thumbnail","6":"product_cat-structwater","7":"product_tag-biodynamisation","8":"product_tag-geometrie-sacree","9":"product_tag-harmonisation","10":"product_tag-nourriture","11":"product_tag-om-water","12":"product_tag-struct-water","14":"first","15":"instock","16":"taxable","17":"shipping-taxable","18":"purchasable","19":"product-type-variable"},"yoast_head":"<!-- This site is optimized with the Yoast SEO Premium plugin v25.1 (Yoast SEO v27.4) - https:\/\/yoast.com\/product\/yoast-seo-premium-wordpress\/ -->\n<title>Pack StructVitality \u2013 Eau Dynamis\u00e9e et Alimentation Revitalis\u00e9e au Quotidien - 9 coloris | Agara<\/title>\n<meta name=\"description\" content=\"Le Pack StructVitality\u00a0combine\u00a0StructWater Precious et\u00a0le plateau\u00a0StructFood\u00a0pour dynamiser votre eau et revitaliser vos aliments, favorisant bien-\u00eatre et \u00e9nergie au quotidien. Existe en 9 coloris. Fabrication Fran\u00e7aise.\" \/>\n<meta name=\"robots\" content=\"index, follow, max-snippet:-1, max-image-preview:large, max-video-preview:-1\" \/>\n<link rel=\"canonical\" href=\"https:\/\/369agara.com\/sv\/produkt\/pack-structvitality\/\" \/>\n<meta property=\"og:locale\" content=\"sv_SE\" \/>\n<meta property=\"og:type\" content=\"article\" \/>\n<meta property=\"og:title\" content=\"Pack StructVitality \u2013 Eau Dynamis\u00e9e et Alimentation Revitalis\u00e9e au Quotidien - 9 coloris\" \/>\n<meta property=\"og:description\" content=\"Le Pack StructVitality\u00a0combine\u00a0StructWater Precious et\u00a0le plateau\u00a0StructFood\u00a0pour dynamiser votre eau et revitaliser vos aliments, favorisant bien-\u00eatre et \u00e9nergie au quotidien. Existe en 9 coloris. Fabrication Fran\u00e7aise.\" \/>\n<meta property=\"og:url\" content=\"https:\/\/369agara.com\/sv\/produkt\/pack-structvitality\/\" \/>\n<meta property=\"og:site_name\" content=\"Agara\" \/>\n<meta property=\"article:modified_time\" content=\"2025-05-14T07:55:05+00:00\" \/>\n<meta property=\"og:image\" content=\"https:\/\/369agara.com\/wp-content\/uploads\/2024\/11\/PACK-STRUCTVITALITY-BLANC.jpg\" \/>\n\t<meta property=\"og:image:width\" content=\"640\" \/>\n\t<meta property=\"og:image:height\" content=\"640\" \/>\n\t<meta property=\"og:image:type\" content=\"image\/jpeg\" \/>\n<meta name=\"twitter:card\" content=\"summary_large_image\" \/>\n<meta name=\"twitter:label1\" content=\"Ber\u00e4knad l\u00e4stid\" \/>\n\t<meta name=\"twitter:data1\" content=\"2 minuter\" \/>\n<script type=\"application\/ld+json\" class=\"yoast-schema-graph\">{\"@context\":\"https:\\\/\\\/schema.org\",\"@graph\":[{\"@type\":\"WebPage\",\"@id\":\"https:\\\/\\\/369agara.com\\\/produit\\\/pack-structvitality\\\/\",\"url\":\"https:\\\/\\\/369agara.com\\\/produit\\\/pack-structvitality\\\/\",\"name\":\"Pack StructVitality \u2013 Eau Dynamis\u00e9e et Alimentation Revitalis\u00e9e au Quotidien - 9 coloris | Agara\",\"isPartOf\":{\"@id\":\"https:\\\/\\\/369agara.com\\\/#website\"},\"primaryImageOfPage\":{\"@id\":\"https:\\\/\\\/369agara.com\\\/produit\\\/pack-structvitality\\\/#primaryimage\"},\"image\":{\"@id\":\"https:\\\/\\\/369agara.com\\\/produit\\\/pack-structvitality\\\/#primaryimage\"},\"thumbnailUrl\":\"https:\\\/\\\/369agara.com\\\/wp-content\\\/uploads\\\/2024\\\/11\\\/PACK-STRUCTVITALITY-BLANC.jpg\",\"datePublished\":\"2024-11-28T20:57:49+00:00\",\"dateModified\":\"2025-05-14T07:55:05+00:00\",\"description\":\"Le Pack StructVitality\u00a0combine\u00a0StructWater Precious et\u00a0le plateau\u00a0StructFood\u00a0pour dynamiser votre eau et revitaliser vos aliments, favorisant bien-\u00eatre et \u00e9nergie au quotidien. Existe en 9 coloris. Fabrication Fran\u00e7aise.\",\"breadcrumb\":{\"@id\":\"https:\\\/\\\/369agara.com\\\/produit\\\/pack-structvitality\\\/#breadcrumb\"},\"inLanguage\":\"sv-SE\",\"potentialAction\":[{\"@type\":\"ReadAction\",\"target\":[\"https:\\\/\\\/369agara.com\\\/produit\\\/pack-structvitality\\\/\"]}]},{\"@type\":\"ImageObject\",\"inLanguage\":\"sv-SE\",\"@id\":\"https:\\\/\\\/369agara.com\\\/produit\\\/pack-structvitality\\\/#primaryimage\",\"url\":\"https:\\\/\\\/369agara.com\\\/wp-content\\\/uploads\\\/2024\\\/11\\\/PACK-STRUCTVITALITY-BLANC.jpg\",\"contentUrl\":\"https:\\\/\\\/369agara.com\\\/wp-content\\\/uploads\\\/2024\\\/11\\\/PACK-STRUCTVITALITY-BLANC.jpg\",\"width\":640,\"height\":640},{\"@type\":\"BreadcrumbList\",\"@id\":\"https:\\\/\\\/369agara.com\\\/produit\\\/pack-structvitality\\\/#breadcrumb\",\"itemListElement\":[{\"@type\":\"ListItem\",\"position\":1,\"name\":\"Accueil\",\"item\":\"https:\\\/\\\/369agara.com\\\/\"},{\"@type\":\"ListItem\",\"position\":2,\"name\":\"La boutique\",\"item\":\"https:\\\/\\\/369agara.com\\\/la-boutique\\\/\"},{\"@type\":\"ListItem\",\"position\":3,\"name\":\"Pack StructVitality \u2013 Eau Dynamis\u00e9e et Alimentation Revitalis\u00e9e au Quotidien &#8211; 9 coloris\"}]},{\"@type\":\"WebSite\",\"@id\":\"https:\\\/\\\/369agara.com\\\/#website\",\"url\":\"https:\\\/\\\/369agara.com\\\/\",\"name\":\"Livsrikedomar\",\"description\":\"D\u00e9connectez pour mieux vous connecter\",\"publisher\":{\"@id\":\"https:\\\/\\\/369agara.com\\\/#organization\"},\"potentialAction\":[{\"@type\":\"SearchAction\",\"target\":{\"@type\":\"EntryPoint\",\"urlTemplate\":\"https:\\\/\\\/369agara.com\\\/?s={search_term_string}\"},\"query-input\":{\"@type\":\"PropertyValueSpecification\",\"valueRequired\":true,\"valueName\":\"search_term_string\"}}],\"inLanguage\":\"sv-SE\"},{\"@type\":\"Organization\",\"@id\":\"https:\\\/\\\/369agara.com\\\/#organization\",\"name\":\"EACreations\",\"url\":\"https:\\\/\\\/369agara.com\\\/\",\"logo\":{\"@type\":\"ImageObject\",\"inLanguage\":\"sv-SE\",\"@id\":\"https:\\\/\\\/369agara.com\\\/#\\\/schema\\\/logo\\\/image\\\/\",\"url\":\"\",\"contentUrl\":\"\",\"caption\":\"EACreations\"},\"image\":{\"@id\":\"https:\\\/\\\/369agara.com\\\/#\\\/schema\\\/logo\\\/image\\\/\"}}]}<\/script>\n<!-- \/ Yoast SEO Premium plugin. -->","yoast_head_json":{"title":"Pack StructVitality \u2013 Eau Dynamis\u00e9e et Alimentation Revitalis\u00e9e au Quotidien - 9 coloris | Agara","description":"Le Pack StructVitality\u00a0combine\u00a0StructWater Precious et\u00a0le plateau\u00a0StructFood\u00a0pour dynamiser votre eau et revitaliser vos aliments, favorisant bien-\u00eatre et \u00e9nergie au quotidien. Existe en 9 coloris. Fabrication Fran\u00e7aise.","robots":{"index":"index","follow":"follow","max-snippet":"max-snippet:-1","max-image-preview":"max-image-preview:large","max-video-preview":"max-video-preview:-1"},"canonical":"https:\/\/369agara.com\/sv\/produkt\/pack-structvitality\/","og_locale":"sv_SE","og_type":"article","og_title":"Pack StructVitality \u2013 Eau Dynamis\u00e9e et Alimentation Revitalis\u00e9e au Quotidien - 9 coloris","og_description":"Le Pack StructVitality\u00a0combine\u00a0StructWater Precious et\u00a0le plateau\u00a0StructFood\u00a0pour dynamiser votre eau et revitaliser vos aliments, favorisant bien-\u00eatre et \u00e9nergie au quotidien. Existe en 9 coloris. Fabrication Fran\u00e7aise.","og_url":"https:\/\/369agara.com\/sv\/produkt\/pack-structvitality\/","og_site_name":"Agara","article_modified_time":"2025-05-14T07:55:05+00:00","og_image":[{"width":640,"height":640,"url":"https:\/\/369agara.com\/wp-content\/uploads\/2024\/11\/PACK-STRUCTVITALITY-BLANC.jpg","type":"image\/jpeg"}],"twitter_card":"summary_large_image","twitter_misc":{"Ber\u00e4knad l\u00e4stid":"2 minuter"},"schema":{"@context":"https:\/\/schema.org","@graph":[{"@type":"WebPage","@id":"https:\/\/369agara.com\/produit\/pack-structvitality\/","url":"https:\/\/369agara.com\/produit\/pack-structvitality\/","name":"Pack StructVitality \u2013 Eau Dynamis\u00e9e et Alimentation Revitalis\u00e9e au Quotidien - 9 coloris | Agara","isPartOf":{"@id":"https:\/\/369agara.com\/#website"},"primaryImageOfPage":{"@id":"https:\/\/369agara.com\/produit\/pack-structvitality\/#primaryimage"},"image":{"@id":"https:\/\/369agara.com\/produit\/pack-structvitality\/#primaryimage"},"thumbnailUrl":"https:\/\/369agara.com\/wp-content\/uploads\/2024\/11\/PACK-STRUCTVITALITY-BLANC.jpg","datePublished":"2024-11-28T20:57:49+00:00","dateModified":"2025-05-14T07:55:05+00:00","description":"Le Pack StructVitality\u00a0combine\u00a0StructWater Precious et\u00a0le plateau\u00a0StructFood\u00a0pour dynamiser votre eau et revitaliser vos aliments, favorisant bien-\u00eatre et \u00e9nergie au quotidien. Existe en 9 coloris. Fabrication Fran\u00e7aise.","breadcrumb":{"@id":"https:\/\/369agara.com\/produit\/pack-structvitality\/#breadcrumb"},"inLanguage":"sv-SE","potentialAction":[{"@type":"ReadAction","target":["https:\/\/369agara.com\/produit\/pack-structvitality\/"]}]},{"@type":"ImageObject","inLanguage":"sv-SE","@id":"https:\/\/369agara.com\/produit\/pack-structvitality\/#primaryimage","url":"https:\/\/369agara.com\/wp-content\/uploads\/2024\/11\/PACK-STRUCTVITALITY-BLANC.jpg","contentUrl":"https:\/\/369agara.com\/wp-content\/uploads\/2024\/11\/PACK-STRUCTVITALITY-BLANC.jpg","width":640,"height":640},{"@type":"BreadcrumbList","@id":"https:\/\/369agara.com\/produit\/pack-structvitality\/#breadcrumb","itemListElement":[{"@type":"ListItem","position":1,"name":"Accueil","item":"https:\/\/369agara.com\/"},{"@type":"ListItem","position":2,"name":"La boutique","item":"https:\/\/369agara.com\/la-boutique\/"},{"@type":"ListItem","position":3,"name":"Pack StructVitality \u2013 Eau Dynamis\u00e9e et Alimentation Revitalis\u00e9e au Quotidien &#8211; 9 coloris"}]},{"@type":"WebSite","@id":"https:\/\/369agara.com\/#website","url":"https:\/\/369agara.com\/","name":"Livsrikedomar","description":"Koppla bort f\u00f6r att skapa b\u00e4ttre kontakt","publisher":{"@id":"https:\/\/369agara.com\/#organization"},"potentialAction":[{"@type":"SearchAction","target":{"@type":"EntryPoint","urlTemplate":"https:\/\/369agara.com\/?s={search_term_string}"},"query-input":{"@type":"PropertyValueSpecification","valueRequired":true,"valueName":"search_term_string"}}],"inLanguage":"sv-SE"},{"@type":"Organization","@id":"https:\/\/369agara.com\/#organization","name":"EACreations","url":"https:\/\/369agara.com\/","logo":{"@type":"ImageObject","inLanguage":"sv-SE","@id":"https:\/\/369agara.com\/#\/schema\/logo\/image\/","url":"","contentUrl":"","caption":"EACreations"},"image":{"@id":"https:\/\/369agara.com\/#\/schema\/logo\/image\/"}}]}},"jetpack_sharing_enabled":true,"_links":{"self":[{"href":"https:\/\/369agara.com\/sv\/wp-json\/wp\/v2\/product\/3372","targetHints":{"allow":["GET"]}}],"collection":[{"href":"https:\/\/369agara.com\/sv\/wp-json\/wp\/v2\/product"}],"about":[{"href":"https:\/\/369agara.com\/sv\/wp-json\/wp\/v2\/types\/product"}],"replies":[{"embeddable":true,"href":"https:\/\/369agara.com\/sv\/wp-json\/wp\/v2\/comments?post=3372"}],"wp:featuredmedia":[{"embeddable":true,"href":"https:\/\/369agara.com\/sv\/wp-json\/wp\/v2\/media\/3673"}],"wp:attachment":[{"href":"https:\/\/369agara.com\/sv\/wp-json\/wp\/v2\/media?parent=3372"}],"wp:term":[{"taxonomy":"product_brand","embeddable":true,"href":"https:\/\/369agara.com\/sv\/wp-json\/wp\/v2\/product_brand?post=3372"},{"taxonomy":"product_cat","embeddable":true,"href":"https:\/\/369agara.com\/sv\/wp-json\/wp\/v2\/product_cat?post=3372"},{"taxonomy":"product_tag","embeddable":true,"href":"https:\/\/369agara.com\/sv\/wp-json\/wp\/v2\/product_tag?post=3372"}],"curies":[{"name":"wp","href":"https:\/\/api.w.org\/{rel}","templated":true}]}}