{"id":3407,"date":"2024-11-29T21:26:51","date_gmt":"2024-11-29T20:26:51","guid":{"rendered":"https:\/\/369agara.com\/?post_type=product&#038;p=3407"},"modified":"2025-05-14T09:54:53","modified_gmt":"2025-05-14T07:54:53","slug":"bouchon-dynamisation-zome13","status":"publish","type":"product","link":"https:\/\/369agara.com\/sv\/produkt\/bouchon-dynamisation-zome13\/","title":{"rendered":"Zome 13 Dynamiseringsstopper f\u00f6r OmWater-flaska - 9 f\u00e4rger"},"content":{"rendered":"<p><strong><span style=\"font-family: 'Book Antiqua', Palatino; font-size: 120%; color: #333399;\">Formv\u00e5gor och livets geometri (eller s\u00e5 kallat heligt).<\/span><\/strong><br \/>\n<span style=\"font-family: 'Book Antiqua', Palatino; font-size: 120%; color: #333399;\">N\u00e4r vi observerar de former som naturen producerar \u00e4r det fascinerande att se i vilken utstr\u00e4ckning levande varelser \u00e4r strukturerade enligt vissa regler f\u00f6r matematisk harmoni.<\/span><br \/>\n<span style=\"font-family: 'Book Antiqua', Palatino; font-size: 120%; color: #333399;\">P\u00e5 samma s\u00e4tt har m\u00e4nniskan alltid byggt tempel och heliga platser som anv\u00e4nder vissa harmoniska former. Formernas harmoni i naturen och den heliga konsten \u00e4r intimt sammanl\u00e4nkade av ett mimikspel.<\/span><br \/>\n<span style=\"font-family: 'Book Antiqua', Palatino; font-size: 120%; color: #333399;\">F\u00f6r vissa \u00e4r denna harmoni en \u00e5terspegling av gudomlighet. Det finns flera matematiska principer som kan observeras i naturliga former. Bland dem hittar vi det gyllene snittet och Fibonacci-sekvensen...<\/span><br \/>\n<span style=\"font-family: 'Book Antiqua', Palatino; font-size: 120%; color: #333399;\">Former kan associeras med begrepp, och dessa begrepps natur definierar ocks\u00e5 energispektrumet f\u00f6r dessa former.<\/span><br \/>\n<span style=\"font-family: 'Book Antiqua', Palatino; font-size: 120%; color: #333399;\">Detta \u00e4r id\u00e9n som vi hittar i mandalas eller yantras...<\/span><\/p>","protected":false},"excerpt":{"rendered":"<p data-start=\"413\" data-end=\"596\"><span style=\"font-family: 'Book Antiqua', Palatino; font-size: 120%; color: #333399;\">Maximera vitaliteten i ditt vatten med Zome 13-locket, utformat f\u00f6r OmWater 1,23 L-flaskan.<\/span><\/p>\n<p data-start=\"413\" data-end=\"596\"><span style=\"font-family: 'Book Antiqua', Palatino; font-size: 120%; color: #333399;\">Naturlig, underh\u00e5llsfri boost f\u00f6r livfull \u00e5terfuktning varje dag.<\/span><\/p>","protected":false},"featured_media":3644,"comment_status":"open","ping_status":"closed","template":"","meta":[],"product_brand":[],"product_cat":[206],"product_tag":[223,207,218],"class_list":{"0":"post-3407","1":"product","2":"type-product","3":"status-publish","4":"has-post-thumbnail","6":"product_cat-structwater","7":"product_tag-dynamisant","8":"product_tag-om-water","9":"product_tag-zome-13","11":"first","12":"instock","13":"taxable","14":"shipping-taxable","15":"purchasable","16":"product-type-variable"},"yoast_head":"<!-- This site is optimized with the Yoast SEO Premium plugin v25.1 (Yoast SEO v27.4) - https:\/\/yoast.com\/product\/yoast-seo-premium-wordpress\/ -->\n<title>Bouchon de Dynamisation Zome 13 pour Bouteille OmWater - 9 coloris | Agara<\/title>\n<meta name=\"description\" content=\"Optimisez la vitalit\u00e9 de votre eau avec le bouchon Zome 13, con\u00e7u pour la bouteille OmWater 1,23\u202fL. Dynamisation naturelle et sans entretien pour une hydratation vivante au quotidien.\" \/>\n<meta name=\"robots\" content=\"index, follow, max-snippet:-1, max-image-preview:large, max-video-preview:-1\" \/>\n<link rel=\"canonical\" href=\"https:\/\/369agara.com\/sv\/produkt\/bouchon-dynamisation-zome13\/\" \/>\n<meta property=\"og:locale\" content=\"sv_SE\" \/>\n<meta property=\"og:type\" content=\"article\" \/>\n<meta property=\"og:title\" content=\"Bouchon de Dynamisation Zome 13 pour Bouteille OmWater - 9 coloris\" \/>\n<meta property=\"og:description\" content=\"Optimisez la vitalit\u00e9 de votre eau avec le bouchon Zome 13, con\u00e7u pour la bouteille OmWater 1,23\u202fL. Dynamisation naturelle et sans entretien pour une hydratation vivante au quotidien.\" \/>\n<meta property=\"og:url\" content=\"https:\/\/369agara.com\/sv\/produkt\/bouchon-dynamisation-zome13\/\" \/>\n<meta property=\"og:site_name\" content=\"Agara\" \/>\n<meta property=\"article:modified_time\" content=\"2025-05-14T07:54:53+00:00\" \/>\n<meta property=\"og:image\" content=\"https:\/\/369agara.com\/wp-content\/uploads\/2024\/11\/ZOME-13-BLANC-2-1.jpg\" \/>\n\t<meta property=\"og:image:width\" content=\"640\" \/>\n\t<meta property=\"og:image:height\" content=\"640\" \/>\n\t<meta property=\"og:image:type\" content=\"image\/jpeg\" \/>\n<meta name=\"twitter:card\" content=\"summary_large_image\" \/>\n<meta name=\"twitter:label1\" content=\"Ber\u00e4knad l\u00e4stid\" \/>\n\t<meta name=\"twitter:data1\" content=\"1 minut\" \/>\n<script type=\"application\/ld+json\" class=\"yoast-schema-graph\">{\"@context\":\"https:\\\/\\\/schema.org\",\"@graph\":[{\"@type\":\"WebPage\",\"@id\":\"https:\\\/\\\/369agara.com\\\/produit\\\/bouchon-dynamisation-zome13\\\/\",\"url\":\"https:\\\/\\\/369agara.com\\\/produit\\\/bouchon-dynamisation-zome13\\\/\",\"name\":\"Bouchon de Dynamisation Zome 13 pour Bouteille OmWater - 9 coloris | Agara\",\"isPartOf\":{\"@id\":\"https:\\\/\\\/369agara.com\\\/#website\"},\"primaryImageOfPage\":{\"@id\":\"https:\\\/\\\/369agara.com\\\/produit\\\/bouchon-dynamisation-zome13\\\/#primaryimage\"},\"image\":{\"@id\":\"https:\\\/\\\/369agara.com\\\/produit\\\/bouchon-dynamisation-zome13\\\/#primaryimage\"},\"thumbnailUrl\":\"https:\\\/\\\/369agara.com\\\/wp-content\\\/uploads\\\/2024\\\/11\\\/ZOME-13-BLANC-2-1.jpg\",\"datePublished\":\"2024-11-29T20:26:51+00:00\",\"dateModified\":\"2025-05-14T07:54:53+00:00\",\"description\":\"Optimisez la vitalit\u00e9 de votre eau avec le bouchon Zome 13, con\u00e7u pour la bouteille OmWater 1,23\u202fL. Dynamisation naturelle et sans entretien pour une hydratation vivante au quotidien.\",\"breadcrumb\":{\"@id\":\"https:\\\/\\\/369agara.com\\\/produit\\\/bouchon-dynamisation-zome13\\\/#breadcrumb\"},\"inLanguage\":\"sv-SE\",\"potentialAction\":[{\"@type\":\"ReadAction\",\"target\":[\"https:\\\/\\\/369agara.com\\\/produit\\\/bouchon-dynamisation-zome13\\\/\"]}]},{\"@type\":\"ImageObject\",\"inLanguage\":\"sv-SE\",\"@id\":\"https:\\\/\\\/369agara.com\\\/produit\\\/bouchon-dynamisation-zome13\\\/#primaryimage\",\"url\":\"https:\\\/\\\/369agara.com\\\/wp-content\\\/uploads\\\/2024\\\/11\\\/ZOME-13-BLANC-2-1.jpg\",\"contentUrl\":\"https:\\\/\\\/369agara.com\\\/wp-content\\\/uploads\\\/2024\\\/11\\\/ZOME-13-BLANC-2-1.jpg\",\"width\":640,\"height\":640},{\"@type\":\"BreadcrumbList\",\"@id\":\"https:\\\/\\\/369agara.com\\\/produit\\\/bouchon-dynamisation-zome13\\\/#breadcrumb\",\"itemListElement\":[{\"@type\":\"ListItem\",\"position\":1,\"name\":\"Accueil\",\"item\":\"https:\\\/\\\/369agara.com\\\/\"},{\"@type\":\"ListItem\",\"position\":2,\"name\":\"La boutique\",\"item\":\"https:\\\/\\\/369agara.com\\\/la-boutique\\\/\"},{\"@type\":\"ListItem\",\"position\":3,\"name\":\"Bouchon de Dynamisation Zome 13 pour Bouteille OmWater &#8211; 9 coloris\"}]},{\"@type\":\"WebSite\",\"@id\":\"https:\\\/\\\/369agara.com\\\/#website\",\"url\":\"https:\\\/\\\/369agara.com\\\/\",\"name\":\"Livsrikedomar\",\"description\":\"D\u00e9connectez pour mieux vous connecter\",\"publisher\":{\"@id\":\"https:\\\/\\\/369agara.com\\\/#organization\"},\"potentialAction\":[{\"@type\":\"SearchAction\",\"target\":{\"@type\":\"EntryPoint\",\"urlTemplate\":\"https:\\\/\\\/369agara.com\\\/?s={search_term_string}\"},\"query-input\":{\"@type\":\"PropertyValueSpecification\",\"valueRequired\":true,\"valueName\":\"search_term_string\"}}],\"inLanguage\":\"sv-SE\"},{\"@type\":\"Organization\",\"@id\":\"https:\\\/\\\/369agara.com\\\/#organization\",\"name\":\"EACreations\",\"url\":\"https:\\\/\\\/369agara.com\\\/\",\"logo\":{\"@type\":\"ImageObject\",\"inLanguage\":\"sv-SE\",\"@id\":\"https:\\\/\\\/369agara.com\\\/#\\\/schema\\\/logo\\\/image\\\/\",\"url\":\"\",\"contentUrl\":\"\",\"caption\":\"EACreations\"},\"image\":{\"@id\":\"https:\\\/\\\/369agara.com\\\/#\\\/schema\\\/logo\\\/image\\\/\"}}]}<\/script>\n<!-- \/ Yoast SEO Premium plugin. -->","yoast_head_json":{"title":"Bouchon de Dynamisation Zome 13 pour Bouteille OmWater - 9 coloris | Agara","description":"Optimisez la vitalit\u00e9 de votre eau avec le bouchon Zome 13, con\u00e7u pour la bouteille OmWater 1,23\u202fL. Dynamisation naturelle et sans entretien pour une hydratation vivante au quotidien.","robots":{"index":"index","follow":"follow","max-snippet":"max-snippet:-1","max-image-preview":"max-image-preview:large","max-video-preview":"max-video-preview:-1"},"canonical":"https:\/\/369agara.com\/sv\/produkt\/bouchon-dynamisation-zome13\/","og_locale":"sv_SE","og_type":"article","og_title":"Bouchon de Dynamisation Zome 13 pour Bouteille OmWater - 9 coloris","og_description":"Optimisez la vitalit\u00e9 de votre eau avec le bouchon Zome 13, con\u00e7u pour la bouteille OmWater 1,23\u202fL. Dynamisation naturelle et sans entretien pour une hydratation vivante au quotidien.","og_url":"https:\/\/369agara.com\/sv\/produkt\/bouchon-dynamisation-zome13\/","og_site_name":"Agara","article_modified_time":"2025-05-14T07:54:53+00:00","og_image":[{"width":640,"height":640,"url":"https:\/\/369agara.com\/wp-content\/uploads\/2024\/11\/ZOME-13-BLANC-2-1.jpg","type":"image\/jpeg"}],"twitter_card":"summary_large_image","twitter_misc":{"Ber\u00e4knad l\u00e4stid":"1 minut"},"schema":{"@context":"https:\/\/schema.org","@graph":[{"@type":"WebPage","@id":"https:\/\/369agara.com\/produit\/bouchon-dynamisation-zome13\/","url":"https:\/\/369agara.com\/produit\/bouchon-dynamisation-zome13\/","name":"Bouchon de Dynamisation Zome 13 pour Bouteille OmWater - 9 coloris | Agara","isPartOf":{"@id":"https:\/\/369agara.com\/#website"},"primaryImageOfPage":{"@id":"https:\/\/369agara.com\/produit\/bouchon-dynamisation-zome13\/#primaryimage"},"image":{"@id":"https:\/\/369agara.com\/produit\/bouchon-dynamisation-zome13\/#primaryimage"},"thumbnailUrl":"https:\/\/369agara.com\/wp-content\/uploads\/2024\/11\/ZOME-13-BLANC-2-1.jpg","datePublished":"2024-11-29T20:26:51+00:00","dateModified":"2025-05-14T07:54:53+00:00","description":"Optimisez la vitalit\u00e9 de votre eau avec le bouchon Zome 13, con\u00e7u pour la bouteille OmWater 1,23\u202fL. Dynamisation naturelle et sans entretien pour une hydratation vivante au quotidien.","breadcrumb":{"@id":"https:\/\/369agara.com\/produit\/bouchon-dynamisation-zome13\/#breadcrumb"},"inLanguage":"sv-SE","potentialAction":[{"@type":"ReadAction","target":["https:\/\/369agara.com\/produit\/bouchon-dynamisation-zome13\/"]}]},{"@type":"ImageObject","inLanguage":"sv-SE","@id":"https:\/\/369agara.com\/produit\/bouchon-dynamisation-zome13\/#primaryimage","url":"https:\/\/369agara.com\/wp-content\/uploads\/2024\/11\/ZOME-13-BLANC-2-1.jpg","contentUrl":"https:\/\/369agara.com\/wp-content\/uploads\/2024\/11\/ZOME-13-BLANC-2-1.jpg","width":640,"height":640},{"@type":"BreadcrumbList","@id":"https:\/\/369agara.com\/produit\/bouchon-dynamisation-zome13\/#breadcrumb","itemListElement":[{"@type":"ListItem","position":1,"name":"Accueil","item":"https:\/\/369agara.com\/"},{"@type":"ListItem","position":2,"name":"La boutique","item":"https:\/\/369agara.com\/la-boutique\/"},{"@type":"ListItem","position":3,"name":"Bouchon de Dynamisation Zome 13 pour Bouteille OmWater &#8211; 9 coloris"}]},{"@type":"WebSite","@id":"https:\/\/369agara.com\/#website","url":"https:\/\/369agara.com\/","name":"Livsrikedomar","description":"Koppla bort f\u00f6r att skapa b\u00e4ttre kontakt","publisher":{"@id":"https:\/\/369agara.com\/#organization"},"potentialAction":[{"@type":"SearchAction","target":{"@type":"EntryPoint","urlTemplate":"https:\/\/369agara.com\/?s={search_term_string}"},"query-input":{"@type":"PropertyValueSpecification","valueRequired":true,"valueName":"search_term_string"}}],"inLanguage":"sv-SE"},{"@type":"Organization","@id":"https:\/\/369agara.com\/#organization","name":"EACreations","url":"https:\/\/369agara.com\/","logo":{"@type":"ImageObject","inLanguage":"sv-SE","@id":"https:\/\/369agara.com\/#\/schema\/logo\/image\/","url":"","contentUrl":"","caption":"EACreations"},"image":{"@id":"https:\/\/369agara.com\/#\/schema\/logo\/image\/"}}]}},"jetpack_sharing_enabled":true,"_links":{"self":[{"href":"https:\/\/369agara.com\/sv\/wp-json\/wp\/v2\/product\/3407","targetHints":{"allow":["GET"]}}],"collection":[{"href":"https:\/\/369agara.com\/sv\/wp-json\/wp\/v2\/product"}],"about":[{"href":"https:\/\/369agara.com\/sv\/wp-json\/wp\/v2\/types\/product"}],"replies":[{"embeddable":true,"href":"https:\/\/369agara.com\/sv\/wp-json\/wp\/v2\/comments?post=3407"}],"wp:featuredmedia":[{"embeddable":true,"href":"https:\/\/369agara.com\/sv\/wp-json\/wp\/v2\/media\/3644"}],"wp:attachment":[{"href":"https:\/\/369agara.com\/sv\/wp-json\/wp\/v2\/media?parent=3407"}],"wp:term":[{"taxonomy":"product_brand","embeddable":true,"href":"https:\/\/369agara.com\/sv\/wp-json\/wp\/v2\/product_brand?post=3407"},{"taxonomy":"product_cat","embeddable":true,"href":"https:\/\/369agara.com\/sv\/wp-json\/wp\/v2\/product_cat?post=3407"},{"taxonomy":"product_tag","embeddable":true,"href":"https:\/\/369agara.com\/sv\/wp-json\/wp\/v2\/product_tag?post=3407"}],"curies":[{"name":"wp","href":"https:\/\/api.w.org\/{rel}","templated":true}]}}