{"id":3500,"date":"2024-12-05T23:15:25","date_gmt":"2024-12-05T22:15:25","guid":{"rendered":"https:\/\/369agara.com\/?post_type=product&#038;p=3500"},"modified":"2025-05-14T09:54:10","modified_gmt":"2025-05-14T07:54:10","slug":"bouchon-etanche-pleyad","status":"publish","type":"product","link":"https:\/\/369agara.com\/sv\/produkt\/bouchon-etanche-pleyad\/","title":{"rendered":"Pleyad vattent\u00e4t plugg"},"content":{"rendered":"<div class=\"et_pb_row et_pb_row_0 et_pb_gutters1\">\n<div class=\"et_pb_column et_pb_column_4_4 et_pb_column_2 et_pb_css_mix_blend_mode_passthrough et-last-child\">\n<div class=\"et_pb_module et_pb_text et_pb_text_1 et_pb_text_align_left et_pb_bg_layout_light\">\n<div class=\"et_pb_text_inner\">\n<h3><span style=\"font-family: 'Book Antiqua', Palatino; font-size: 120%; color: #333399;\"><strong>Den nya OmWater-kepsen med PERFECT ANGLE-teknik.<\/strong><\/span><\/h3>\n<p><span style=\"font-size: 120%; font-family: 'Book Antiqua', Palatino; color: #333399;\">PLEYAD\u00a9-locket f\u00f6rvandlar dina Omwater Gratitude och Mini till b\u00e4rbara flaskor som \u00e4r s\u00e4krare n\u00e4r du \u00e4r p\u00e5 resande fot.<\/span><\/p>\n<\/div>\n<\/div>\n<\/div>\n<\/div>\n<div class=\"et_pb_row et_pb_row_1\">\n<div class=\"et_pb_column et_pb_column_1_2 et_pb_column_3 et_pb_css_mix_blend_mode_passthrough\">\n<div class=\"et_pb_module et_pb_text et_pb_text_2 et_pb_text_align_justified et_pb_bg_layout_light\">\n<div class=\"et_pb_text_inner\">\n<p><span style=\"font-family: 'Book Antiqua', Palatino; font-size: 120%; color: #333399;\">K\u00e5pans design f\u00f6ljer principerna f\u00f6r helig geometri i harmonisk resonans med OmWater Mini och OmWater Gratitude och \u00e4r utformad f\u00f6r att respektera vatten och milj\u00f6.<\/span><\/p>\n<\/div>\n<\/div>\n<\/div>\n<div class=\"et_pb_column et_pb_column_1_2 et_pb_column_4 et_pb_css_mix_blend_mode_passthrough et-last-child\">\n<div class=\"et_pb_module et_pb_text et_pb_text_3 et_pb_text_align_justified et_pb_bg_layout_light\">\n<div class=\"et_pb_text_inner\"><span style=\"font-family: 'Book Antiqua', Palatino; font-size: 120%; color: #333399;\">F\u00f6r att garantera s\u00e4kerheten och f\u00f6rhindra oavsiktlig \u00f6ppning har vi implementerat v\u00e5r unika Perfect Angle-teknik, som g\u00f6r att PLEYAD-locket \u00f6ppnas endast n\u00e4r trycket ut\u00f6vas i en vinkel p\u00e5 n\u00e4ra 45 grader, vilket g\u00f6r det mycket bekv\u00e4mt och smidigt att \u00f6ppna med bara en hand.<\/span><\/div>\n<\/div>\n<\/div>\n<\/div>","protected":false},"excerpt":{"rendered":"<p><span style=\"font-family: 'Book Antiqua', Palatino; font-size: 120%; color: #333399;\">PLEYAD WATERTIGHT CAP f\u00f6r dina OMWATER-flaskor<\/span><\/p>","protected":false},"featured_media":3501,"comment_status":"open","ping_status":"closed","template":"","meta":[],"product_brand":[],"product_cat":[206],"product_tag":[222,221,207,216],"class_list":{"0":"post-3500","1":"product","2":"type-product","3":"status-publish","4":"has-post-thumbnail","6":"product_cat-structwater","7":"product_tag-geometrie-sacree","8":"product_tag-harmonisation","9":"product_tag-om-water","10":"product_tag-pure-water","12":"first","13":"instock","14":"taxable","15":"shipping-taxable","16":"purchasable","17":"product-type-simple"},"yoast_head":"<!-- This site is optimized with the Yoast SEO Premium plugin v25.1 (Yoast SEO v27.4) - https:\/\/yoast.com\/product\/yoast-seo-premium-wordpress\/ -->\n<title>Bouchon \u00e9tanche Pleyad | Agara<\/title>\n<meta name=\"description\" content=\"BOUCHON \u00c9TANCHE PLEYAD pour vos bouteilles OMWATER\" \/>\n<meta name=\"robots\" content=\"index, follow, max-snippet:-1, max-image-preview:large, max-video-preview:-1\" \/>\n<link rel=\"canonical\" href=\"https:\/\/369agara.com\/sv\/produkt\/bouchon-etanche-pleyad\/\" \/>\n<meta property=\"og:locale\" content=\"sv_SE\" \/>\n<meta property=\"og:type\" content=\"article\" \/>\n<meta property=\"og:title\" content=\"Bouchon \u00e9tanche Pleyad\" \/>\n<meta property=\"og:description\" content=\"BOUCHON \u00c9TANCHE PLEYAD pour vos bouteilles OMWATER\" \/>\n<meta property=\"og:url\" content=\"https:\/\/369agara.com\/sv\/produkt\/bouchon-etanche-pleyad\/\" \/>\n<meta property=\"og:site_name\" content=\"Agara\" \/>\n<meta property=\"article:modified_time\" content=\"2025-05-14T07:54:10+00:00\" \/>\n<meta property=\"og:image\" content=\"https:\/\/369agara.com\/wp-content\/uploads\/2024\/12\/bouchon-pleyad-struct-water.png\" \/>\n\t<meta property=\"og:image:width\" content=\"1356\" \/>\n\t<meta property=\"og:image:height\" content=\"1069\" \/>\n\t<meta property=\"og:image:type\" content=\"image\/png\" \/>\n<meta name=\"twitter:card\" content=\"summary_large_image\" \/>\n<meta name=\"twitter:label1\" content=\"Ber\u00e4knad l\u00e4stid\" \/>\n\t<meta name=\"twitter:data1\" content=\"1 minut\" \/>\n<script type=\"application\/ld+json\" class=\"yoast-schema-graph\">{\"@context\":\"https:\\\/\\\/schema.org\",\"@graph\":[{\"@type\":\"WebPage\",\"@id\":\"https:\\\/\\\/369agara.com\\\/produit\\\/bouchon-etanche-pleyad\\\/\",\"url\":\"https:\\\/\\\/369agara.com\\\/produit\\\/bouchon-etanche-pleyad\\\/\",\"name\":\"Bouchon \u00e9tanche Pleyad | Agara\",\"isPartOf\":{\"@id\":\"https:\\\/\\\/369agara.com\\\/#website\"},\"primaryImageOfPage\":{\"@id\":\"https:\\\/\\\/369agara.com\\\/produit\\\/bouchon-etanche-pleyad\\\/#primaryimage\"},\"image\":{\"@id\":\"https:\\\/\\\/369agara.com\\\/produit\\\/bouchon-etanche-pleyad\\\/#primaryimage\"},\"thumbnailUrl\":\"https:\\\/\\\/369agara.com\\\/wp-content\\\/uploads\\\/2024\\\/12\\\/bouchon-pleyad-struct-water.png\",\"datePublished\":\"2024-12-05T22:15:25+00:00\",\"dateModified\":\"2025-05-14T07:54:10+00:00\",\"description\":\"BOUCHON \u00c9TANCHE PLEYAD pour vos bouteilles OMWATER\",\"breadcrumb\":{\"@id\":\"https:\\\/\\\/369agara.com\\\/produit\\\/bouchon-etanche-pleyad\\\/#breadcrumb\"},\"inLanguage\":\"sv-SE\",\"potentialAction\":[{\"@type\":\"ReadAction\",\"target\":[\"https:\\\/\\\/369agara.com\\\/produit\\\/bouchon-etanche-pleyad\\\/\"]}]},{\"@type\":\"ImageObject\",\"inLanguage\":\"sv-SE\",\"@id\":\"https:\\\/\\\/369agara.com\\\/produit\\\/bouchon-etanche-pleyad\\\/#primaryimage\",\"url\":\"https:\\\/\\\/369agara.com\\\/wp-content\\\/uploads\\\/2024\\\/12\\\/bouchon-pleyad-struct-water.png\",\"contentUrl\":\"https:\\\/\\\/369agara.com\\\/wp-content\\\/uploads\\\/2024\\\/12\\\/bouchon-pleyad-struct-water.png\",\"width\":1356,\"height\":1069},{\"@type\":\"BreadcrumbList\",\"@id\":\"https:\\\/\\\/369agara.com\\\/produit\\\/bouchon-etanche-pleyad\\\/#breadcrumb\",\"itemListElement\":[{\"@type\":\"ListItem\",\"position\":1,\"name\":\"Accueil\",\"item\":\"https:\\\/\\\/369agara.com\\\/\"},{\"@type\":\"ListItem\",\"position\":2,\"name\":\"La boutique\",\"item\":\"https:\\\/\\\/369agara.com\\\/la-boutique\\\/\"},{\"@type\":\"ListItem\",\"position\":3,\"name\":\"Bouchon \u00e9tanche Pleyad\"}]},{\"@type\":\"WebSite\",\"@id\":\"https:\\\/\\\/369agara.com\\\/#website\",\"url\":\"https:\\\/\\\/369agara.com\\\/\",\"name\":\"Livsrikedomar\",\"description\":\"D\u00e9connectez pour mieux vous connecter\",\"publisher\":{\"@id\":\"https:\\\/\\\/369agara.com\\\/#organization\"},\"potentialAction\":[{\"@type\":\"SearchAction\",\"target\":{\"@type\":\"EntryPoint\",\"urlTemplate\":\"https:\\\/\\\/369agara.com\\\/?s={search_term_string}\"},\"query-input\":{\"@type\":\"PropertyValueSpecification\",\"valueRequired\":true,\"valueName\":\"search_term_string\"}}],\"inLanguage\":\"sv-SE\"},{\"@type\":\"Organization\",\"@id\":\"https:\\\/\\\/369agara.com\\\/#organization\",\"name\":\"EACreations\",\"url\":\"https:\\\/\\\/369agara.com\\\/\",\"logo\":{\"@type\":\"ImageObject\",\"inLanguage\":\"sv-SE\",\"@id\":\"https:\\\/\\\/369agara.com\\\/#\\\/schema\\\/logo\\\/image\\\/\",\"url\":\"\",\"contentUrl\":\"\",\"caption\":\"EACreations\"},\"image\":{\"@id\":\"https:\\\/\\\/369agara.com\\\/#\\\/schema\\\/logo\\\/image\\\/\"}}]}<\/script>\n<!-- \/ Yoast SEO Premium plugin. -->","yoast_head_json":{"title":"Bouchon \u00e9tanche Pleyad | Agara","description":"PLEYAD WATERTIGHT CAP f\u00f6r dina OMWATER-flaskor","robots":{"index":"index","follow":"follow","max-snippet":"max-snippet:-1","max-image-preview":"max-image-preview:large","max-video-preview":"max-video-preview:-1"},"canonical":"https:\/\/369agara.com\/sv\/produkt\/bouchon-etanche-pleyad\/","og_locale":"sv_SE","og_type":"article","og_title":"Bouchon \u00e9tanche Pleyad","og_description":"BOUCHON \u00c9TANCHE PLEYAD pour vos bouteilles OMWATER","og_url":"https:\/\/369agara.com\/sv\/produkt\/bouchon-etanche-pleyad\/","og_site_name":"Agara","article_modified_time":"2025-05-14T07:54:10+00:00","og_image":[{"width":1356,"height":1069,"url":"https:\/\/369agara.com\/wp-content\/uploads\/2024\/12\/bouchon-pleyad-struct-water.png","type":"image\/png"}],"twitter_card":"summary_large_image","twitter_misc":{"Ber\u00e4knad l\u00e4stid":"1 minut"},"schema":{"@context":"https:\/\/schema.org","@graph":[{"@type":"WebPage","@id":"https:\/\/369agara.com\/produit\/bouchon-etanche-pleyad\/","url":"https:\/\/369agara.com\/produit\/bouchon-etanche-pleyad\/","name":"Bouchon \u00e9tanche Pleyad | Agara","isPartOf":{"@id":"https:\/\/369agara.com\/#website"},"primaryImageOfPage":{"@id":"https:\/\/369agara.com\/produit\/bouchon-etanche-pleyad\/#primaryimage"},"image":{"@id":"https:\/\/369agara.com\/produit\/bouchon-etanche-pleyad\/#primaryimage"},"thumbnailUrl":"https:\/\/369agara.com\/wp-content\/uploads\/2024\/12\/bouchon-pleyad-struct-water.png","datePublished":"2024-12-05T22:15:25+00:00","dateModified":"2025-05-14T07:54:10+00:00","description":"PLEYAD WATERTIGHT CAP f\u00f6r dina OMWATER-flaskor","breadcrumb":{"@id":"https:\/\/369agara.com\/produit\/bouchon-etanche-pleyad\/#breadcrumb"},"inLanguage":"sv-SE","potentialAction":[{"@type":"ReadAction","target":["https:\/\/369agara.com\/produit\/bouchon-etanche-pleyad\/"]}]},{"@type":"ImageObject","inLanguage":"sv-SE","@id":"https:\/\/369agara.com\/produit\/bouchon-etanche-pleyad\/#primaryimage","url":"https:\/\/369agara.com\/wp-content\/uploads\/2024\/12\/bouchon-pleyad-struct-water.png","contentUrl":"https:\/\/369agara.com\/wp-content\/uploads\/2024\/12\/bouchon-pleyad-struct-water.png","width":1356,"height":1069},{"@type":"BreadcrumbList","@id":"https:\/\/369agara.com\/produit\/bouchon-etanche-pleyad\/#breadcrumb","itemListElement":[{"@type":"ListItem","position":1,"name":"Accueil","item":"https:\/\/369agara.com\/"},{"@type":"ListItem","position":2,"name":"La boutique","item":"https:\/\/369agara.com\/la-boutique\/"},{"@type":"ListItem","position":3,"name":"Bouchon \u00e9tanche Pleyad"}]},{"@type":"WebSite","@id":"https:\/\/369agara.com\/#website","url":"https:\/\/369agara.com\/","name":"Livsrikedomar","description":"Koppla bort f\u00f6r att skapa b\u00e4ttre kontakt","publisher":{"@id":"https:\/\/369agara.com\/#organization"},"potentialAction":[{"@type":"SearchAction","target":{"@type":"EntryPoint","urlTemplate":"https:\/\/369agara.com\/?s={search_term_string}"},"query-input":{"@type":"PropertyValueSpecification","valueRequired":true,"valueName":"search_term_string"}}],"inLanguage":"sv-SE"},{"@type":"Organization","@id":"https:\/\/369agara.com\/#organization","name":"EACreations","url":"https:\/\/369agara.com\/","logo":{"@type":"ImageObject","inLanguage":"sv-SE","@id":"https:\/\/369agara.com\/#\/schema\/logo\/image\/","url":"","contentUrl":"","caption":"EACreations"},"image":{"@id":"https:\/\/369agara.com\/#\/schema\/logo\/image\/"}}]}},"jetpack_sharing_enabled":true,"_links":{"self":[{"href":"https:\/\/369agara.com\/sv\/wp-json\/wp\/v2\/product\/3500","targetHints":{"allow":["GET"]}}],"collection":[{"href":"https:\/\/369agara.com\/sv\/wp-json\/wp\/v2\/product"}],"about":[{"href":"https:\/\/369agara.com\/sv\/wp-json\/wp\/v2\/types\/product"}],"replies":[{"embeddable":true,"href":"https:\/\/369agara.com\/sv\/wp-json\/wp\/v2\/comments?post=3500"}],"wp:featuredmedia":[{"embeddable":true,"href":"https:\/\/369agara.com\/sv\/wp-json\/wp\/v2\/media\/3501"}],"wp:attachment":[{"href":"https:\/\/369agara.com\/sv\/wp-json\/wp\/v2\/media?parent=3500"}],"wp:term":[{"taxonomy":"product_brand","embeddable":true,"href":"https:\/\/369agara.com\/sv\/wp-json\/wp\/v2\/product_brand?post=3500"},{"taxonomy":"product_cat","embeddable":true,"href":"https:\/\/369agara.com\/sv\/wp-json\/wp\/v2\/product_cat?post=3500"},{"taxonomy":"product_tag","embeddable":true,"href":"https:\/\/369agara.com\/sv\/wp-json\/wp\/v2\/product_tag?post=3500"}],"curies":[{"name":"wp","href":"https:\/\/api.w.org\/{rel}","templated":true}]}}