{"id":3714,"date":"2025-05-04T17:23:06","date_gmt":"2025-05-04T15:23:06","guid":{"rendered":"https:\/\/369agara.com\/?post_type=product&#038;p=3714"},"modified":"2025-05-14T09:53:59","modified_gmt":"2025-05-14T07:53:59","slug":"pack-structlife","status":"publish","type":"product","link":"https:\/\/369agara.com\/sv\/produkt\/pack-structlife\/","title":{"rendered":"StructLife Pack - StructWater Precious + StructFood Tray + BiodynamicWater Home - 9 f\u00e4rger"},"content":{"rendered":"<p data-start=\"740\" data-end=\"914\"><span style=\"font-family: 'Book Antiqua', Palatino; font-size: 120%; color: #333399;\">Le\u00a0<strong data-start=\"743\" data-end=\"762\">StructLife Pack<\/strong>\u00a0har utformats f\u00f6r dig som vill ha optimal \u00e5terfuktning, en vitaliserad kost och ett energim\u00e4ssigt harmoniskt hem.<\/span><\/p>\n<p data-start=\"916\" data-end=\"929\"><span style=\"font-family: 'Book Antiqua', Palatino; font-size: 120%; color: #333399;\">Den inneh\u00e5ller:<\/span><\/p>\n<p data-start=\"931\" data-end=\"960\"><span style=\"font-family: 'Book Antiqua', Palatino; font-size: 120%; color: #333399;\">\ud83d\udd39\u00a0<strong data-start=\"934\" data-end=\"958\">StructWater Precious med sin Omwater-flaska och Zome 13-lock<\/strong><\/span><\/p>\n<ul data-start=\"961\" data-end=\"1178\">\n<li class=\"\" data-start=\"961\" data-end=\"1087\">\n<p class=\"\" data-start=\"963\" data-end=\"1087\"><span style=\"font-family: 'Book Antiqua', Palatino; font-size: 120%; color: #333399;\">Toppmodern vattendynamiserare som anv\u00e4nder de naturliga principerna f\u00f6r virvel, formv\u00e5gor och energif\u00e4lt.<\/span><\/p>\n<\/li>\n<li class=\"\" data-start=\"1088\" data-end=\"1178\">\n<p class=\"\" data-start=\"1090\" data-end=\"1178\"><span style=\"font-family: 'Book Antiqua', Palatino; font-size: 120%; color: #333399;\">Hj\u00e4lper kroppen att absorbera vatten mer effektivt och \u00f6kar den allm\u00e4nna vitaliteten.<\/span><\/p>\n<\/li>\n<\/ul>\n<p data-start=\"1180\" data-end=\"1219\"><span style=\"font-family: 'Book Antiqua', Palatino; font-size: 120%; color: #333399;\">\ud83d\udd39\u00a0<strong data-start=\"1183\" data-end=\"1217\">Biodynamiskt vatten hem v\u00e4rdefullt<\/strong><\/span><\/p>\n<ul data-start=\"1220\" data-end=\"1450\">\n<li class=\"\" data-start=\"1220\" data-end=\"1314\">\n<p class=\"\" data-start=\"1222\" data-end=\"1314\"><span style=\"font-family: 'Book Antiqua', Palatino; font-size: 120%; color: #333399;\">Modul f\u00f6r att ge energi till allt vatten i hemmet (dusch, tr\u00e4dg\u00e5rd, hush\u00e5llsapparater etc.).<\/span><\/p>\n<\/li>\n<li class=\"\" data-start=\"1315\" data-end=\"1450\">\n<p class=\"\" data-start=\"1317\" data-end=\"1450\"><span style=\"font-family: 'Book Antiqua', Palatino; font-size: 120%; color: #333399;\">Mjukar upp vattnet, ger nytt liv \u00e5t v\u00e4xter, minskar kalkavlagringar och h\u00f6jer vibrationsfrekvensen i din milj\u00f6.<\/span><\/p>\n<\/li>\n<\/ul>\n<p data-start=\"1452\" data-end=\"1479\"><span style=\"font-family: 'Book Antiqua', Palatino; font-size: 120%; color: #333399;\">\ud83d\udd39\u00a0<strong data-start=\"1455\" data-end=\"1477\">StructFood bricka\u00a0<\/strong><\/span><\/p>\n<ul data-start=\"1480\" data-end=\"1648\">\n<li class=\"\" data-start=\"1480\" data-end=\"1580\">\n<p class=\"\" data-start=\"1482\" data-end=\"1580\"><span style=\"font-family: 'Book Antiqua', Palatino; font-size: 120%; color: #333399;\">Ger energi till livsmedel, drycker och kosmetika f\u00f6r att bibeh\u00e5lla och \u00f6ka deras vibrationshastighet.<\/span><\/p>\n<\/li>\n<li class=\"\" data-start=\"1581\" data-end=\"1648\">\n<p class=\"\" data-start=\"1583\" data-end=\"1648\"><span style=\"font-family: 'Book Antiqua', Palatino; font-size: 120%; color: #333399;\">Perfekt f\u00f6r frukt, gr\u00f6nsaker, kroppsv\u00e5rd och k\u00e4nsliga produkter.<\/span><\/p>\n<\/li>\n<\/ul>\n<hr class=\"\" data-start=\"1650\" data-end=\"1653\" \/>\n<p data-start=\"1655\" data-end=\"1691\"><span style=\"font-family: 'Book Antiqua', Palatino; font-size: 120%; color: #333399;\">F\u00f6rdelarna med StructLife Pack :<\/span><\/p>\n<p class=\"\" data-start=\"1693\" data-end=\"2018\"><span style=\"font-family: 'Book Antiqua', Palatino; font-size: 120%; color: #333399;\">\u2714\ufe0f \u00c5terstrukturerad, energigivande \u00e5terfuktning f\u00f6r ditt dagliga intag.<\/span><br data-start=\"1776\" data-end=\"1779\" \/><span style=\"font-family: 'Book Antiqua', Palatino; font-size: 120%; color: #333399;\">\u2714\ufe0f Ett uppfr\u00e4schat hem som f\u00f6rb\u00e4ttrar livskvaliteten f\u00f6r dig och din omgivning.<\/span><br data-start=\"1871\" data-end=\"1874\" \/><span style=\"font-family: 'Book Antiqua', Palatino; font-size: 120%; color: #333399;\">\u2714\ufe0f En mer levande kost som tar h\u00e4nsyn till din vitala energi.<\/span><br data-start=\"1947\" data-end=\"1950\" \/><span style=\"font-family: 'Book Antiqua', Palatino; font-size: 120%; color: #333399;\">\u2714\ufe0f En omfattande och varaktig inverkan p\u00e5 din h\u00e4lsa och ditt v\u00e4lbefinnande.<\/span><\/p>\n<p><span style=\"font-family: 'Book Antiqua', Palatino; font-size: 120%; color: #333399;\">\ud83c\udf1f G\u00f6r varje \u00f6gonblick till ett steg mot ett mer levande liv.<\/span><\/p>\n<p data-start=\"2511\" data-end=\"2788\"><span style=\"font-family: 'Book Antiqua', Palatino; font-size: 120%; color: #333399;\">Med\u00a0<strong data-start=\"2586\" data-end=\"2605\">StructLife Pack<\/strong>f\u00f6rvandla ditt vatten, din mat och ditt hem till verkliga k\u00e4llor av positiv energi.<\/span><\/p>\n<p data-start=\"2511\" data-end=\"2788\"><span style=\"font-family: 'Book Antiqua', Palatino; font-size: 120%; color: #333399;\"><strong data-start=\"2710\" data-end=\"2788\">Best\u00e4ll idag och upplev f\u00f6rdelarna med ett liv fyllt av energi!<\/strong><\/span><\/p>","protected":false},"excerpt":{"rendered":"<p data-start=\"337\" data-end=\"534\"><span style=\"font-family: 'Book Antiqua', Palatino; font-size: 120%; color: #333399;\">Le\u00a0<strong data-start=\"479\" data-end=\"498\">StructLife Pack<\/strong>\u00a0sammanf\u00f6r de b\u00e4sta StructWater-teknikerna f\u00f6r att f\u00f6r\u00e4ndra ditt vatten, din mat och energin i ditt hem.<\/span><\/p>\n<p data-start=\"337\" data-end=\"534\"><span style=\"font-family: 'Book Antiqua', Palatino; font-size: 120%; color: #333399;\">Ge din kropp, ditt sinne och ditt hem naturlig vitalitet, dag efter dag.<\/span><\/p>\n<p><span style=\"font-family: 'Book Antiqua', Palatino; font-size: 120%; color: #333399;\">Finns i 9 olika f\u00e4rger.<\/span><\/p>\n<p><span style=\"font-family: 'Book Antiqua', Palatino; font-size: 120%; color: #333399;\">Tillverkad i Frankrike.<\/span><\/p>","protected":false},"featured_media":3715,"comment_status":"open","ping_status":"closed","template":"","meta":[],"product_brand":[],"product_cat":[206],"product_tag":[224,231,229,230,221],"class_list":{"0":"post-3714","1":"product","2":"type-product","3":"status-publish","4":"has-post-thumbnail","6":"product_cat-structwater","7":"product_tag-biodynamisation","8":"product_tag-dynamisation","9":"product_tag-fleur-de-vie","10":"product_tag-graine-de-vie","11":"product_tag-harmonisation","13":"first","14":"instock","15":"taxable","16":"shipping-taxable","17":"purchasable","18":"product-type-variable"},"yoast_head":"<!-- This site is optimized with the Yoast SEO Premium plugin v25.1 (Yoast SEO v27.4) - https:\/\/yoast.com\/product\/yoast-seo-premium-wordpress\/ -->\n<title>Pack StructLife \u2013 StructWater Precious + Plateau StructFood + BiodynamicWater Home - 9 coloris | Agara<\/title>\n<meta name=\"description\" content=\"Le\u00a0Pack StructLife\u00a0r\u00e9unit les meilleures technologies StructWater pour transformer votre eau, vos aliments et l\u2019\u00e9nergie de votre maison. Offrez \u00e0 votre corps, votre esprit et votre foyer une vitalit\u00e9 naturelle, jour apr\u00e8s jour.Existe en 9 coloris. Fabrication fran\u00e7aise.\" \/>\n<meta name=\"robots\" content=\"index, follow, max-snippet:-1, max-image-preview:large, max-video-preview:-1\" \/>\n<link rel=\"canonical\" href=\"https:\/\/369agara.com\/sv\/produkt\/pack-structlife\/\" \/>\n<meta property=\"og:locale\" content=\"sv_SE\" \/>\n<meta property=\"og:type\" content=\"article\" \/>\n<meta property=\"og:title\" content=\"Pack StructLife \u2013 StructWater Precious + Plateau StructFood + BiodynamicWater Home - 9 coloris\" \/>\n<meta property=\"og:description\" content=\"Le\u00a0Pack StructLife\u00a0r\u00e9unit les meilleures technologies StructWater pour transformer votre eau, vos aliments et l\u2019\u00e9nergie de votre maison. Offrez \u00e0 votre corps, votre esprit et votre foyer une vitalit\u00e9 naturelle, jour apr\u00e8s jour.Existe en 9 coloris. Fabrication fran\u00e7aise.\" \/>\n<meta property=\"og:url\" content=\"https:\/\/369agara.com\/sv\/produkt\/pack-structlife\/\" \/>\n<meta property=\"og:site_name\" content=\"Agara\" \/>\n<meta property=\"article:modified_time\" content=\"2025-05-14T07:53:59+00:00\" \/>\n<meta property=\"og:image\" content=\"https:\/\/369agara.com\/wp-content\/uploads\/2025\/05\/PACK-STRUCTLIFE-BLANC.jpg\" \/>\n\t<meta property=\"og:image:width\" content=\"640\" \/>\n\t<meta property=\"og:image:height\" content=\"640\" \/>\n\t<meta property=\"og:image:type\" content=\"image\/jpeg\" \/>\n<meta name=\"twitter:card\" content=\"summary_large_image\" \/>\n<meta name=\"twitter:label1\" content=\"Ber\u00e4knad l\u00e4stid\" \/>\n\t<meta name=\"twitter:data1\" content=\"2 minuter\" \/>\n<script type=\"application\/ld+json\" class=\"yoast-schema-graph\">{\"@context\":\"https:\\\/\\\/schema.org\",\"@graph\":[{\"@type\":\"WebPage\",\"@id\":\"https:\\\/\\\/369agara.com\\\/produit\\\/pack-structlife\\\/\",\"url\":\"https:\\\/\\\/369agara.com\\\/produit\\\/pack-structlife\\\/\",\"name\":\"Pack StructLife \u2013 StructWater Precious + Plateau StructFood + BiodynamicWater Home - 9 coloris | Agara\",\"isPartOf\":{\"@id\":\"https:\\\/\\\/369agara.com\\\/#website\"},\"primaryImageOfPage\":{\"@id\":\"https:\\\/\\\/369agara.com\\\/produit\\\/pack-structlife\\\/#primaryimage\"},\"image\":{\"@id\":\"https:\\\/\\\/369agara.com\\\/produit\\\/pack-structlife\\\/#primaryimage\"},\"thumbnailUrl\":\"https:\\\/\\\/369agara.com\\\/wp-content\\\/uploads\\\/2025\\\/05\\\/PACK-STRUCTLIFE-BLANC.jpg\",\"datePublished\":\"2025-05-04T15:23:06+00:00\",\"dateModified\":\"2025-05-14T07:53:59+00:00\",\"description\":\"Le\u00a0Pack StructLife\u00a0r\u00e9unit les meilleures technologies StructWater pour transformer votre eau, vos aliments et l\u2019\u00e9nergie de votre maison. Offrez \u00e0 votre corps, votre esprit et votre foyer une vitalit\u00e9 naturelle, jour apr\u00e8s jour.Existe en 9 coloris. Fabrication fran\u00e7aise.\",\"breadcrumb\":{\"@id\":\"https:\\\/\\\/369agara.com\\\/produit\\\/pack-structlife\\\/#breadcrumb\"},\"inLanguage\":\"sv-SE\",\"potentialAction\":[{\"@type\":\"ReadAction\",\"target\":[\"https:\\\/\\\/369agara.com\\\/produit\\\/pack-structlife\\\/\"]}]},{\"@type\":\"ImageObject\",\"inLanguage\":\"sv-SE\",\"@id\":\"https:\\\/\\\/369agara.com\\\/produit\\\/pack-structlife\\\/#primaryimage\",\"url\":\"https:\\\/\\\/369agara.com\\\/wp-content\\\/uploads\\\/2025\\\/05\\\/PACK-STRUCTLIFE-BLANC.jpg\",\"contentUrl\":\"https:\\\/\\\/369agara.com\\\/wp-content\\\/uploads\\\/2025\\\/05\\\/PACK-STRUCTLIFE-BLANC.jpg\",\"width\":640,\"height\":640},{\"@type\":\"BreadcrumbList\",\"@id\":\"https:\\\/\\\/369agara.com\\\/produit\\\/pack-structlife\\\/#breadcrumb\",\"itemListElement\":[{\"@type\":\"ListItem\",\"position\":1,\"name\":\"Accueil\",\"item\":\"https:\\\/\\\/369agara.com\\\/\"},{\"@type\":\"ListItem\",\"position\":2,\"name\":\"La boutique\",\"item\":\"https:\\\/\\\/369agara.com\\\/la-boutique\\\/\"},{\"@type\":\"ListItem\",\"position\":3,\"name\":\"Pack StructLife \u2013 StructWater Precious + Plateau StructFood + BiodynamicWater Home &#8211; 9 coloris\"}]},{\"@type\":\"WebSite\",\"@id\":\"https:\\\/\\\/369agara.com\\\/#website\",\"url\":\"https:\\\/\\\/369agara.com\\\/\",\"name\":\"Livsrikedomar\",\"description\":\"D\u00e9connectez pour mieux vous connecter\",\"publisher\":{\"@id\":\"https:\\\/\\\/369agara.com\\\/#organization\"},\"potentialAction\":[{\"@type\":\"SearchAction\",\"target\":{\"@type\":\"EntryPoint\",\"urlTemplate\":\"https:\\\/\\\/369agara.com\\\/?s={search_term_string}\"},\"query-input\":{\"@type\":\"PropertyValueSpecification\",\"valueRequired\":true,\"valueName\":\"search_term_string\"}}],\"inLanguage\":\"sv-SE\"},{\"@type\":\"Organization\",\"@id\":\"https:\\\/\\\/369agara.com\\\/#organization\",\"name\":\"EACreations\",\"url\":\"https:\\\/\\\/369agara.com\\\/\",\"logo\":{\"@type\":\"ImageObject\",\"inLanguage\":\"sv-SE\",\"@id\":\"https:\\\/\\\/369agara.com\\\/#\\\/schema\\\/logo\\\/image\\\/\",\"url\":\"\",\"contentUrl\":\"\",\"caption\":\"EACreations\"},\"image\":{\"@id\":\"https:\\\/\\\/369agara.com\\\/#\\\/schema\\\/logo\\\/image\\\/\"}}]}<\/script>\n<!-- \/ Yoast SEO Premium plugin. -->","yoast_head_json":{"title":"Pack StructLife \u2013 StructWater Precious + Plateau StructFood + BiodynamicWater Home - 9 coloris | Agara","description":"Le\u00a0Pack StructLife\u00a0r\u00e9unit les meilleures technologies StructWater pour transformer votre eau, vos aliments et l\u2019\u00e9nergie de votre maison. Offrez \u00e0 votre corps, votre esprit et votre foyer une vitalit\u00e9 naturelle, jour apr\u00e8s jour.Existe en 9 coloris. Fabrication fran\u00e7aise.","robots":{"index":"index","follow":"follow","max-snippet":"max-snippet:-1","max-image-preview":"max-image-preview:large","max-video-preview":"max-video-preview:-1"},"canonical":"https:\/\/369agara.com\/sv\/produkt\/pack-structlife\/","og_locale":"sv_SE","og_type":"article","og_title":"Pack StructLife \u2013 StructWater Precious + Plateau StructFood + BiodynamicWater Home - 9 coloris","og_description":"Le\u00a0Pack StructLife\u00a0r\u00e9unit les meilleures technologies StructWater pour transformer votre eau, vos aliments et l\u2019\u00e9nergie de votre maison. Offrez \u00e0 votre corps, votre esprit et votre foyer une vitalit\u00e9 naturelle, jour apr\u00e8s jour.Existe en 9 coloris. Fabrication fran\u00e7aise.","og_url":"https:\/\/369agara.com\/sv\/produkt\/pack-structlife\/","og_site_name":"Agara","article_modified_time":"2025-05-14T07:53:59+00:00","og_image":[{"width":640,"height":640,"url":"https:\/\/369agara.com\/wp-content\/uploads\/2025\/05\/PACK-STRUCTLIFE-BLANC.jpg","type":"image\/jpeg"}],"twitter_card":"summary_large_image","twitter_misc":{"Ber\u00e4knad l\u00e4stid":"2 minuter"},"schema":{"@context":"https:\/\/schema.org","@graph":[{"@type":"WebPage","@id":"https:\/\/369agara.com\/produit\/pack-structlife\/","url":"https:\/\/369agara.com\/produit\/pack-structlife\/","name":"Pack StructLife \u2013 StructWater Precious + Plateau StructFood + BiodynamicWater Home - 9 coloris | Agara","isPartOf":{"@id":"https:\/\/369agara.com\/#website"},"primaryImageOfPage":{"@id":"https:\/\/369agara.com\/produit\/pack-structlife\/#primaryimage"},"image":{"@id":"https:\/\/369agara.com\/produit\/pack-structlife\/#primaryimage"},"thumbnailUrl":"https:\/\/369agara.com\/wp-content\/uploads\/2025\/05\/PACK-STRUCTLIFE-BLANC.jpg","datePublished":"2025-05-04T15:23:06+00:00","dateModified":"2025-05-14T07:53:59+00:00","description":"Le\u00a0Pack StructLife\u00a0r\u00e9unit les meilleures technologies StructWater pour transformer votre eau, vos aliments et l\u2019\u00e9nergie de votre maison. Offrez \u00e0 votre corps, votre esprit et votre foyer une vitalit\u00e9 naturelle, jour apr\u00e8s jour.Existe en 9 coloris. Fabrication fran\u00e7aise.","breadcrumb":{"@id":"https:\/\/369agara.com\/produit\/pack-structlife\/#breadcrumb"},"inLanguage":"sv-SE","potentialAction":[{"@type":"ReadAction","target":["https:\/\/369agara.com\/produit\/pack-structlife\/"]}]},{"@type":"ImageObject","inLanguage":"sv-SE","@id":"https:\/\/369agara.com\/produit\/pack-structlife\/#primaryimage","url":"https:\/\/369agara.com\/wp-content\/uploads\/2025\/05\/PACK-STRUCTLIFE-BLANC.jpg","contentUrl":"https:\/\/369agara.com\/wp-content\/uploads\/2025\/05\/PACK-STRUCTLIFE-BLANC.jpg","width":640,"height":640},{"@type":"BreadcrumbList","@id":"https:\/\/369agara.com\/produit\/pack-structlife\/#breadcrumb","itemListElement":[{"@type":"ListItem","position":1,"name":"Accueil","item":"https:\/\/369agara.com\/"},{"@type":"ListItem","position":2,"name":"La boutique","item":"https:\/\/369agara.com\/la-boutique\/"},{"@type":"ListItem","position":3,"name":"Pack StructLife \u2013 StructWater Precious + Plateau StructFood + BiodynamicWater Home &#8211; 9 coloris"}]},{"@type":"WebSite","@id":"https:\/\/369agara.com\/#website","url":"https:\/\/369agara.com\/","name":"Livsrikedomar","description":"Koppla bort f\u00f6r att skapa b\u00e4ttre kontakt","publisher":{"@id":"https:\/\/369agara.com\/#organization"},"potentialAction":[{"@type":"SearchAction","target":{"@type":"EntryPoint","urlTemplate":"https:\/\/369agara.com\/?s={search_term_string}"},"query-input":{"@type":"PropertyValueSpecification","valueRequired":true,"valueName":"search_term_string"}}],"inLanguage":"sv-SE"},{"@type":"Organization","@id":"https:\/\/369agara.com\/#organization","name":"EACreations","url":"https:\/\/369agara.com\/","logo":{"@type":"ImageObject","inLanguage":"sv-SE","@id":"https:\/\/369agara.com\/#\/schema\/logo\/image\/","url":"","contentUrl":"","caption":"EACreations"},"image":{"@id":"https:\/\/369agara.com\/#\/schema\/logo\/image\/"}}]}},"jetpack_sharing_enabled":true,"_links":{"self":[{"href":"https:\/\/369agara.com\/sv\/wp-json\/wp\/v2\/product\/3714","targetHints":{"allow":["GET"]}}],"collection":[{"href":"https:\/\/369agara.com\/sv\/wp-json\/wp\/v2\/product"}],"about":[{"href":"https:\/\/369agara.com\/sv\/wp-json\/wp\/v2\/types\/product"}],"replies":[{"embeddable":true,"href":"https:\/\/369agara.com\/sv\/wp-json\/wp\/v2\/comments?post=3714"}],"wp:featuredmedia":[{"embeddable":true,"href":"https:\/\/369agara.com\/sv\/wp-json\/wp\/v2\/media\/3715"}],"wp:attachment":[{"href":"https:\/\/369agara.com\/sv\/wp-json\/wp\/v2\/media?parent=3714"}],"wp:term":[{"taxonomy":"product_brand","embeddable":true,"href":"https:\/\/369agara.com\/sv\/wp-json\/wp\/v2\/product_brand?post=3714"},{"taxonomy":"product_cat","embeddable":true,"href":"https:\/\/369agara.com\/sv\/wp-json\/wp\/v2\/product_cat?post=3714"},{"taxonomy":"product_tag","embeddable":true,"href":"https:\/\/369agara.com\/sv\/wp-json\/wp\/v2\/product_tag?post=3714"}],"curies":[{"name":"wp","href":"https:\/\/api.w.org\/{rel}","templated":true}]}}