{"id":3750,"date":"2025-05-10T21:47:38","date_gmt":"2025-05-10T19:47:38","guid":{"rendered":"https:\/\/369agara.com\/?post_type=product&#038;p=3750"},"modified":"2025-05-13T11:34:20","modified_gmt":"2025-05-13T09:34:20","slug":"taie-oreiller-earthing-rectangulaire","status":"publish","type":"product","link":"https:\/\/369agara.com\/sv\/produkt\/taie-oreiller-earthing-rectangulaire\/","title":{"rendered":"Rektangul\u00e4rt \u00f6rngott f\u00f6r jordning"},"content":{"rendered":"<p><span style=\"font-family: 'Book Antiqua', Palatino; font-size: 120%; color: #333399;\">Med Earthing-kuddfodralet kan du sova skyddad fr\u00e5n str\u00e5lning som \u00e4r kopplad till hemmets elinstallation, samtidigt som din kropp f\u00e5r alla f\u00f6rdelarna med jordning (att ansluta kroppen till jorden, som att g\u00e5 barfota i gr\u00e4set).<\/span><\/p>\n<p><span style=\"font-family: 'Book Antiqua', Palatino; font-size: 120%; color: #333399;\">Vi rekommenderar att du sover direkt p\u00e5 Earthing-kuddfodralet (direktkontakt med huden f\u00f6r optimal anv\u00e4ndning), s\u00e5 att huvudet och \u00f6verkroppen \u00e4r anslutna till jorden under s\u00f6mnen.<\/span><\/p>\n<p><span style=\"font-family: 'Book Antiqua', Palatino; font-size: 120%; color: #333399;\">Detta \u00f6rngott best\u00e5r av 100 %-bomull, genomv\u00e4vd med mjuka, h\u00e5llbara ledande silverfibrer. Det inneh\u00e5ller mellan 500 och 1000 meter silvertr\u00e5d, beroende p\u00e5 storlek.<\/span><\/p>\n<p><span style=\"font-family: 'Book Antiqua', Palatino; font-size: 120%; color: #333399;\">Den levereras med en 6 m l\u00e5ng jordkabel.<\/span><br \/>\n<span style=\"font-family: 'Book Antiqua', Palatino; font-size: 120%; color: #333399;\"><span style=\"color: #ed1c24;\"><strong>F\u00f6rsiktighet!<\/strong>\u00a0<strong>Ingen jordanslutningskontakt medf\u00f6ljer<\/strong><\/span>(Jordningskontakter har 2 ing\u00e5ngar, vilket \u00e4r tillr\u00e4ckligt f\u00f6r att ansluta ett lakan och ett \u00f6rngott. Om du vill ansluta ett lakan och \u00f6rngott m\u00e5ste du k\u00f6pa en extra dubbel jordningsanslutning).<\/span><br \/>\n<span style=\"font-family: 'Book Antiqua', Palatino; font-size: 120%; color: #333399;\">Om du k\u00f6per \u00f6rngottet separat beh\u00f6ver du ocks\u00e5 k\u00f6pa en jordkontakt.<\/span><\/p>\n<p><span style=\"font-family: 'Book Antiqua', Palatino; font-size: 120%; color: #333399;\">P\u00e5 \u00f6rngottets kant finns ett kontaktdon som anslutningssladden f\u00e4sts i. Om du d\u00e4remot inte har ett tillfredsst\u00e4llande jordningssystem hemma och bor i en villa eller l\u00e4ngst ner i ett flerfamiljshus, kan du anv\u00e4nda \"metalljordningsst\u00e5ngen\".<\/span><\/p>\n<h3><span style=\"font-family: 'Book Antiqua', Palatino; font-size: 120%; color: #333399;\">Vad \u00e4r jordning?<\/span><\/h3>\n<p><span style=\"font-family: 'Book Antiqua', Palatino; font-size: 120%; color: #333399;\">Enligt Clinton Ober, Stephen Sinatra och Martin Zuckers bok \"Connecting to the Earth, Perhaps the most important health discovery\", som fungerar som ett referensverk i \u00e4mnet, \u00e5terst\u00e4lls kroppens naturliga elektriska balans genom att kroppen kopplas till jorden (eller jordas) och laddas ur elektrostatiskt, precis som n\u00e4r man g\u00e5r barfota i gr\u00e4set.<\/span><\/p>\n<p><span style=\"font-family: 'Book Antiqua', Palatino; font-size: 120%; color: #333399;\">De olika jordningsprodukterna \u00e5terskapar detta naturliga fenomen.<\/span><\/p>\n<p><span style=\"font-family: 'Book Antiqua', Palatino; font-size: 120%; color: #333399;\">Det har ett antal f\u00f6rdelar, bland annat :<\/span><\/p>\n<ul>\n<li><span style=\"font-family: 'Book Antiqua', Palatino; font-size: 120%; color: #333399;\">ett f\u00f6rb\u00e4ttrat immunf\u00f6rsvar<\/span><\/li>\n<li><span style=\"font-family: 'Book Antiqua', Palatino; font-size: 120%; color: #333399;\">f\u00f6rb\u00e4ttrad matsm\u00e4ltning<\/span><\/li>\n<li><span style=\"font-family: 'Book Antiqua', Palatino; font-size: 120%; color: #333399;\">en f\u00f6rb\u00e4ttring av s\u00f6mnkvaliteten och en balansering av v\u00e5r biologiska klocka<\/span><\/li>\n<li><span style=\"font-family: 'Book Antiqua', Palatino; font-size: 120%; color: #333399;\">\u00f6kad energi och minskad stress<\/span><\/li>\n<li><span style=\"font-family: 'Book Antiqua', Palatino; font-size: 120%; color: #333399;\">f\u00f6rb\u00e4ttrad blodcirkulation<\/span><\/li>\n<li><span style=\"font-family: 'Book Antiqua', Palatino; font-size: 120%; color: #333399;\">snabbare \u00e5terh\u00e4mtning efter intensiv fysisk aktivitet och snabbare l\u00e4kning av skador<\/span><\/li>\n<li><span style=\"font-family: 'Book Antiqua', Palatino; font-size: 120%; color: #333399;\">lindring av muskelsp\u00e4nningar, huvudv\u00e4rk, hormonella symtom och menstruationssymtom<\/span><\/li>\n<li><span style=\"font-family: 'Book Antiqua', Palatino; font-size: 120%; color: #333399;\">en minskning av inflammation<\/span><\/li>\n<li><span style=\"font-family: 'Book Antiqua', Palatino; font-size: 120%; color: #333399;\">minskad stress, \u00e5ngest, irritabilitet och till och med symtom p\u00e5 el\u00f6verk\u00e4nslighet<\/span><\/li>\n<\/ul>\n<p><span style=\"font-family: 'Book Antiqua', Palatino; font-size: 120%; color: #ed1c24;\">Denna information ers\u00e4tter inte p\u00e5 n\u00e5got s\u00e4tt r\u00e5d fr\u00e5n din l\u00e4kare och \u00e4r inte avsedd att behandla eller bota n\u00e5got medicinskt tillst\u00e5nd. Vid eventuella h\u00e4lsoproblem b\u00f6r du r\u00e5dfr\u00e5ga din l\u00e4kare.<\/span><\/p>\n<h3><span style=\"font-family: 'Book Antiqua', Palatino; font-size: 120%; color: #333399;\">Tekniska specifikationer<\/span><\/h3>\n<p><span style=\"font-family: 'Book Antiqua', Palatino; font-size: 120%; color: #333399;\">Sammans\u00e4ttning: 93 % bomull, 7% silver<\/span><\/p>\n<p><span style=\"font-family: 'Book Antiqua', Palatino; font-size: 120%; color: #333399;\">6 m tvinnad jordkabel ing\u00e5r; ingen kontaktanslutning<\/span><\/p>\n<h3><span style=\"font-family: 'Book Antiqua', Palatino; font-size: 120%; color: #333399;\">Sk\u00f6tsel- och tv\u00e4ttr\u00e5d<\/span><\/h3>\n<p><span style=\"font-family: 'Book Antiqua', Palatino; font-size: 120%; color: #333399;\">Det \u00e4r viktigt att tv\u00e4tta din Earthing-produkt ofta. Den skadas inte av tv\u00e4tt, tv\u00e4rtom gynnas den av det.<\/span><\/p>\n<p><span style=\"font-family: 'Book Antiqua', Palatino; font-size: 120%; color: #333399;\">Tv\u00e4tt avl\u00e4gsnar svett och oljor som finns naturligt p\u00e5 huden, vilket bibeh\u00e5ller silvrets ledningsf\u00f6rm\u00e5ga.<\/span><\/p>\n<p><span style=\"font-family: 'Book Antiqua', Palatino; font-size: 120%; color: #333399;\"><strong>Att g\u00f6ra :\u00a0<\/strong><\/span><\/p>\n<ul>\n<li><span style=\"font-family: 'Book Antiqua', Palatino; font-size: 120%; color: #333399;\">Tv\u00e4ttas en eller tv\u00e5 g\u00e5nger per vecka Maskintv\u00e4tt i varmt vatten (40\u00b0C).<\/span><\/li>\n<li><span style=\"font-family: 'Book Antiqua', Palatino; font-size: 120%; color: #333399;\">Anv\u00e4nd ett flytande tv\u00e4ttmedel.<\/span><\/li>\n<li><span style=\"font-family: 'Book Antiqua', Palatino; font-size: 120%; color: #333399;\">Torka plant eller i torktumlare vid l\u00e5g temperatur (h\u00f6gst 65\u00b0C).<\/span><\/li>\n<li><span style=\"font-family: 'Book Antiqua', Palatino; font-size: 120%; color: #333399;\">Kan strykas p\u00e5 l\u00e5g temperatur om s\u00e5 \u00f6nskas.<\/span><\/li>\n<\/ul>\n<p><span style=\"font-family: 'Book Antiqua', Palatino; font-size: 120%; color: #333399;\"><strong>Vad man inte ska g\u00f6ra :\u00a0<\/strong><\/span><\/p>\n<ul>\n<li><span style=\"font-family: 'Book Antiqua', Palatino; font-size: 120%; color: #333399;\">F\u00e5r inte tv\u00e4ttas med blekmedel F\u00e5r inte tv\u00e4ttas med sk\u00f6ljmedel\u00a0<\/span><\/li>\n<li><span style=\"font-family: 'Book Antiqua', Palatino; font-size: 120%; color: #333399;\">Anv\u00e4nd inte blekande tv\u00e4ttmedel eller oxiclean-tv\u00e4ttmedel eller tv\u00e4ttmedel som inneh\u00e5ller oljor som lavendel eller kokosn\u00f6tsolja.\u00a0<\/span><\/li>\n<li><span style=\"font-family: 'Book Antiqua', Palatino; font-size: 120%; color: #333399;\">Anv\u00e4nd inte sk\u00f6ljmedelsservetter f\u00f6r torktumlare\u00a0<\/span><\/li>\n<li><span style=\"font-family: 'Book Antiqua', Palatino; font-size: 120%; color: #333399;\">Ingen kemtv\u00e4tt<\/span><\/li>\n<li><span style=\"font-family: 'Book Antiqua', Palatino; font-size: 120%; color: #333399;\">Blekmedel, lotioner och oljor kan missf\u00e4rga silver och g\u00f6ra det icke ledande.\u00a0<\/span><\/li>\n<li><span style=\"font-family: 'Book Antiqua', Palatino; font-size: 120%; color: #333399;\">Mjukg\u00f6rare ansamlas p\u00e5 silver och skadar dess ledningsf\u00f6rm\u00e5ga.<\/span><\/li>\n<\/ul>\n<h3><span style=\"font-family: 'Book Antiqua', Palatino; font-size: 120%; color: #333399;\">Agara r\u00e5d<\/span><\/h3>\n<p><span style=\"font-family: 'Book Antiqua', Palatino; font-size: 120%; color: #333399;\">F\u00f6r att jordningen ska vara effektiv \u00e4r det viktigt att du testar kvaliteten p\u00e5 ditt jordningssystem, antingen med en l\u00e4mplig enhet (jordtestare, Tohm-E eller Catohm DT-300 jordm\u00e4tare) eller genom att anlita en fackman med l\u00e4mplig utrustning.\u00a0<\/span><\/p>\n<p><span style=\"font-family: 'Book Antiqua', Palatino; font-size: 120%; color: #ed1c24;\">Om elinstallationerna \u00e4r f\u00f6r gamla eller felaktigt installerade kan jordanslutningen vara otillr\u00e4cklig eller obefintlig.<\/span><\/p>\n<p><span style=\"font-family: 'Book Antiqua', Palatino; font-size: 120%; color: #ed1c24;\">Det \u00e4r ocks\u00e5 mycket viktigt att minimera elektriska f\u00e4lt i rummet (klockradio, s\u00e4nglampor, osk\u00e4rmade eluttag och f\u00f6rl\u00e4ngningssladdar) f\u00f6r att f\u00f6rhindra att de st\u00f6r jordsystemet. Tveka inte att m\u00e4ta dem eller l\u00e5ta m\u00e4ta dem!<\/span><\/p>","protected":false},"excerpt":{"rendered":"<p><span style=\"font-family: 'Book Antiqua', Palatino; font-size: 120%; color: #333399;\">Med Earthing-kuddfodralet kan din kropp njuta av de m\u00e5nga f\u00f6rdelarna med jordning medan du sover.\u00a0<\/span><\/p>\n<p><span style=\"font-family: 'Book Antiqua', Palatino; font-size: 120%; color: #333399;\">Rektangul\u00e4r form, m\u00e5tt 40 x 70 cm.\u00a0<\/span><\/p>\n<p><span style=\"font-family: 'Book Antiqua', Palatino; font-size: 120%; color: #333399;\">Levereras med en 6 m tvinnad jordkabel (<strong>jordanslutningsplugg ing\u00e5r ej<\/strong>).<\/span><\/p>","protected":false},"featured_media":3751,"comment_status":"open","ping_status":"closed","template":"","meta":[],"product_brand":[267],"product_cat":[164],"product_tag":[248,247,249,245],"class_list":{"0":"post-3750","1":"product","2":"type-product","3":"status-publish","4":"has-post-thumbnail","6":"product_brand-earthing","7":"product_cat-baubiologie","8":"product_tag-baubiologie","9":"product_tag-chambre","10":"product_tag-electromagnetisme","11":"product_tag-maison","13":"first","14":"instock","15":"taxable","16":"shipping-taxable","17":"purchasable","18":"product-type-simple"},"yoast_head":"<!-- This site is optimized with the Yoast SEO Premium plugin v25.1 (Yoast SEO v27.4) - https:\/\/yoast.com\/product\/yoast-seo-premium-wordpress\/ -->\n<title>Taie d&#039;oreiller de mise \u00e0 la terre rectangulaire Earthing | Agara<\/title>\n<meta name=\"description\" content=\"La taie d&#039;oreiller de mise \u00e0 la terre Earthing permet \u00e0 votre corps de profiter des nombreux bienfaits du Earthing pendant votre sommeil.\u00a0Forme rectangulaire, dimensions 40 x 70 cm.\u00a0Livr\u00e9e avec un c\u00e2ble torsad\u00e9 de mise \u00e0 la terre de 6 m (fiche de connexion \u00e0 la terre non incluse).\" \/>\n<meta name=\"robots\" content=\"index, follow, max-snippet:-1, max-image-preview:large, max-video-preview:-1\" \/>\n<link rel=\"canonical\" href=\"https:\/\/369agara.com\/sv\/produkt\/taie-oreiller-earthing-rectangulaire\/\" \/>\n<meta property=\"og:locale\" content=\"sv_SE\" \/>\n<meta property=\"og:type\" content=\"article\" \/>\n<meta property=\"og:title\" content=\"Taie d&#039;oreiller de mise \u00e0 la terre rectangulaire Earthing\" \/>\n<meta property=\"og:description\" content=\"La taie d&#039;oreiller de mise \u00e0 la terre Earthing permet \u00e0 votre corps de profiter des nombreux bienfaits du Earthing pendant votre sommeil.\u00a0Forme rectangulaire, dimensions 40 x 70 cm.\u00a0Livr\u00e9e avec un c\u00e2ble torsad\u00e9 de mise \u00e0 la terre de 6 m (fiche de connexion \u00e0 la terre non incluse).\" \/>\n<meta property=\"og:url\" content=\"https:\/\/369agara.com\/sv\/produkt\/taie-oreiller-earthing-rectangulaire\/\" \/>\n<meta property=\"og:site_name\" content=\"Agara\" \/>\n<meta property=\"article:modified_time\" content=\"2025-05-13T09:34:20+00:00\" \/>\n<meta property=\"og:image\" content=\"https:\/\/369agara.com\/wp-content\/uploads\/2025\/05\/taie-d-oreiller-de-mise-a-la-terre-earthing-rectangulaire.jpg\" \/>\n\t<meta property=\"og:image:width\" content=\"800\" \/>\n\t<meta property=\"og:image:height\" content=\"800\" \/>\n\t<meta property=\"og:image:type\" content=\"image\/jpeg\" \/>\n<meta name=\"twitter:card\" content=\"summary_large_image\" \/>\n<meta name=\"twitter:label1\" content=\"Ber\u00e4knad l\u00e4stid\" \/>\n\t<meta name=\"twitter:data1\" content=\"5 minuter\" \/>\n<script type=\"application\/ld+json\" class=\"yoast-schema-graph\">{\"@context\":\"https:\\\/\\\/schema.org\",\"@graph\":[{\"@type\":\"WebPage\",\"@id\":\"https:\\\/\\\/369agara.com\\\/produit\\\/taie-oreiller-earthing-rectangulaire\\\/\",\"url\":\"https:\\\/\\\/369agara.com\\\/produit\\\/taie-oreiller-earthing-rectangulaire\\\/\",\"name\":\"Taie d'oreiller de mise \u00e0 la terre rectangulaire Earthing | Agara\",\"isPartOf\":{\"@id\":\"https:\\\/\\\/369agara.com\\\/#website\"},\"primaryImageOfPage\":{\"@id\":\"https:\\\/\\\/369agara.com\\\/produit\\\/taie-oreiller-earthing-rectangulaire\\\/#primaryimage\"},\"image\":{\"@id\":\"https:\\\/\\\/369agara.com\\\/produit\\\/taie-oreiller-earthing-rectangulaire\\\/#primaryimage\"},\"thumbnailUrl\":\"https:\\\/\\\/369agara.com\\\/wp-content\\\/uploads\\\/2025\\\/05\\\/taie-d-oreiller-de-mise-a-la-terre-earthing-rectangulaire.jpg\",\"datePublished\":\"2025-05-10T19:47:38+00:00\",\"dateModified\":\"2025-05-13T09:34:20+00:00\",\"description\":\"La taie d'oreiller de mise \u00e0 la terre Earthing permet \u00e0 votre corps de profiter des nombreux bienfaits du Earthing pendant votre sommeil.\u00a0Forme rectangulaire, dimensions 40 x 70 cm.\u00a0Livr\u00e9e avec un c\u00e2ble torsad\u00e9 de mise \u00e0 la terre de 6 m (fiche de connexion \u00e0 la terre non incluse).\",\"breadcrumb\":{\"@id\":\"https:\\\/\\\/369agara.com\\\/produit\\\/taie-oreiller-earthing-rectangulaire\\\/#breadcrumb\"},\"inLanguage\":\"sv-SE\",\"potentialAction\":[{\"@type\":\"ReadAction\",\"target\":[\"https:\\\/\\\/369agara.com\\\/produit\\\/taie-oreiller-earthing-rectangulaire\\\/\"]}]},{\"@type\":\"ImageObject\",\"inLanguage\":\"sv-SE\",\"@id\":\"https:\\\/\\\/369agara.com\\\/produit\\\/taie-oreiller-earthing-rectangulaire\\\/#primaryimage\",\"url\":\"https:\\\/\\\/369agara.com\\\/wp-content\\\/uploads\\\/2025\\\/05\\\/taie-d-oreiller-de-mise-a-la-terre-earthing-rectangulaire.jpg\",\"contentUrl\":\"https:\\\/\\\/369agara.com\\\/wp-content\\\/uploads\\\/2025\\\/05\\\/taie-d-oreiller-de-mise-a-la-terre-earthing-rectangulaire.jpg\",\"width\":800,\"height\":800},{\"@type\":\"BreadcrumbList\",\"@id\":\"https:\\\/\\\/369agara.com\\\/produit\\\/taie-oreiller-earthing-rectangulaire\\\/#breadcrumb\",\"itemListElement\":[{\"@type\":\"ListItem\",\"position\":1,\"name\":\"Accueil\",\"item\":\"https:\\\/\\\/369agara.com\\\/\"},{\"@type\":\"ListItem\",\"position\":2,\"name\":\"La boutique\",\"item\":\"https:\\\/\\\/369agara.com\\\/la-boutique\\\/\"},{\"@type\":\"ListItem\",\"position\":3,\"name\":\"Taie d&rsquo;oreiller de mise \u00e0 la terre rectangulaire Earthing\"}]},{\"@type\":\"WebSite\",\"@id\":\"https:\\\/\\\/369agara.com\\\/#website\",\"url\":\"https:\\\/\\\/369agara.com\\\/\",\"name\":\"Livsrikedomar\",\"description\":\"D\u00e9connectez pour mieux vous connecter\",\"publisher\":{\"@id\":\"https:\\\/\\\/369agara.com\\\/#organization\"},\"potentialAction\":[{\"@type\":\"SearchAction\",\"target\":{\"@type\":\"EntryPoint\",\"urlTemplate\":\"https:\\\/\\\/369agara.com\\\/?s={search_term_string}\"},\"query-input\":{\"@type\":\"PropertyValueSpecification\",\"valueRequired\":true,\"valueName\":\"search_term_string\"}}],\"inLanguage\":\"sv-SE\"},{\"@type\":\"Organization\",\"@id\":\"https:\\\/\\\/369agara.com\\\/#organization\",\"name\":\"EACreations\",\"url\":\"https:\\\/\\\/369agara.com\\\/\",\"logo\":{\"@type\":\"ImageObject\",\"inLanguage\":\"sv-SE\",\"@id\":\"https:\\\/\\\/369agara.com\\\/#\\\/schema\\\/logo\\\/image\\\/\",\"url\":\"\",\"contentUrl\":\"\",\"caption\":\"EACreations\"},\"image\":{\"@id\":\"https:\\\/\\\/369agara.com\\\/#\\\/schema\\\/logo\\\/image\\\/\"}}]}<\/script>\n<!-- \/ Yoast SEO Premium plugin. -->","yoast_head_json":{"title":"Taie d'oreiller de mise \u00e0 la terre rectangulaire Earthing | Agara","description":"Med Earthing-kuddfodralet kan din kropp njuta av de m\u00e5nga f\u00f6rdelarna med jordning medan du sover. Rektangul\u00e4r form, m\u00e5tt 40 x 70 cm. Levereras med en 6 m l\u00e5ng tvinnad jordkabel (jordkontakt ing\u00e5r ej).","robots":{"index":"index","follow":"follow","max-snippet":"max-snippet:-1","max-image-preview":"max-image-preview:large","max-video-preview":"max-video-preview:-1"},"canonical":"https:\/\/369agara.com\/sv\/produkt\/taie-oreiller-earthing-rectangulaire\/","og_locale":"sv_SE","og_type":"article","og_title":"Taie d'oreiller de mise \u00e0 la terre rectangulaire Earthing","og_description":"La taie d'oreiller de mise \u00e0 la terre Earthing permet \u00e0 votre corps de profiter des nombreux bienfaits du Earthing pendant votre sommeil.\u00a0Forme rectangulaire, dimensions 40 x 70 cm.\u00a0Livr\u00e9e avec un c\u00e2ble torsad\u00e9 de mise \u00e0 la terre de 6 m (fiche de connexion \u00e0 la terre non incluse).","og_url":"https:\/\/369agara.com\/sv\/produkt\/taie-oreiller-earthing-rectangulaire\/","og_site_name":"Agara","article_modified_time":"2025-05-13T09:34:20+00:00","og_image":[{"width":800,"height":800,"url":"https:\/\/369agara.com\/wp-content\/uploads\/2025\/05\/taie-d-oreiller-de-mise-a-la-terre-earthing-rectangulaire.jpg","type":"image\/jpeg"}],"twitter_card":"summary_large_image","twitter_misc":{"Ber\u00e4knad l\u00e4stid":"5 minuter"},"schema":{"@context":"https:\/\/schema.org","@graph":[{"@type":"WebPage","@id":"https:\/\/369agara.com\/produit\/taie-oreiller-earthing-rectangulaire\/","url":"https:\/\/369agara.com\/produit\/taie-oreiller-earthing-rectangulaire\/","name":"Taie d'oreiller de mise \u00e0 la terre rectangulaire Earthing | Agara","isPartOf":{"@id":"https:\/\/369agara.com\/#website"},"primaryImageOfPage":{"@id":"https:\/\/369agara.com\/produit\/taie-oreiller-earthing-rectangulaire\/#primaryimage"},"image":{"@id":"https:\/\/369agara.com\/produit\/taie-oreiller-earthing-rectangulaire\/#primaryimage"},"thumbnailUrl":"https:\/\/369agara.com\/wp-content\/uploads\/2025\/05\/taie-d-oreiller-de-mise-a-la-terre-earthing-rectangulaire.jpg","datePublished":"2025-05-10T19:47:38+00:00","dateModified":"2025-05-13T09:34:20+00:00","description":"Med Earthing-kuddfodralet kan din kropp njuta av de m\u00e5nga f\u00f6rdelarna med jordning medan du sover. Rektangul\u00e4r form, m\u00e5tt 40 x 70 cm. Levereras med en 6 m l\u00e5ng tvinnad jordkabel (jordkontakt ing\u00e5r ej).","breadcrumb":{"@id":"https:\/\/369agara.com\/produit\/taie-oreiller-earthing-rectangulaire\/#breadcrumb"},"inLanguage":"sv-SE","potentialAction":[{"@type":"ReadAction","target":["https:\/\/369agara.com\/produit\/taie-oreiller-earthing-rectangulaire\/"]}]},{"@type":"ImageObject","inLanguage":"sv-SE","@id":"https:\/\/369agara.com\/produit\/taie-oreiller-earthing-rectangulaire\/#primaryimage","url":"https:\/\/369agara.com\/wp-content\/uploads\/2025\/05\/taie-d-oreiller-de-mise-a-la-terre-earthing-rectangulaire.jpg","contentUrl":"https:\/\/369agara.com\/wp-content\/uploads\/2025\/05\/taie-d-oreiller-de-mise-a-la-terre-earthing-rectangulaire.jpg","width":800,"height":800},{"@type":"BreadcrumbList","@id":"https:\/\/369agara.com\/produit\/taie-oreiller-earthing-rectangulaire\/#breadcrumb","itemListElement":[{"@type":"ListItem","position":1,"name":"Accueil","item":"https:\/\/369agara.com\/"},{"@type":"ListItem","position":2,"name":"La boutique","item":"https:\/\/369agara.com\/la-boutique\/"},{"@type":"ListItem","position":3,"name":"Taie d&rsquo;oreiller de mise \u00e0 la terre rectangulaire Earthing"}]},{"@type":"WebSite","@id":"https:\/\/369agara.com\/#website","url":"https:\/\/369agara.com\/","name":"Livsrikedomar","description":"Koppla bort f\u00f6r att skapa b\u00e4ttre kontakt","publisher":{"@id":"https:\/\/369agara.com\/#organization"},"potentialAction":[{"@type":"SearchAction","target":{"@type":"EntryPoint","urlTemplate":"https:\/\/369agara.com\/?s={search_term_string}"},"query-input":{"@type":"PropertyValueSpecification","valueRequired":true,"valueName":"search_term_string"}}],"inLanguage":"sv-SE"},{"@type":"Organization","@id":"https:\/\/369agara.com\/#organization","name":"EACreations","url":"https:\/\/369agara.com\/","logo":{"@type":"ImageObject","inLanguage":"sv-SE","@id":"https:\/\/369agara.com\/#\/schema\/logo\/image\/","url":"","contentUrl":"","caption":"EACreations"},"image":{"@id":"https:\/\/369agara.com\/#\/schema\/logo\/image\/"}}]}},"jetpack_sharing_enabled":true,"_links":{"self":[{"href":"https:\/\/369agara.com\/sv\/wp-json\/wp\/v2\/product\/3750","targetHints":{"allow":["GET"]}}],"collection":[{"href":"https:\/\/369agara.com\/sv\/wp-json\/wp\/v2\/product"}],"about":[{"href":"https:\/\/369agara.com\/sv\/wp-json\/wp\/v2\/types\/product"}],"replies":[{"embeddable":true,"href":"https:\/\/369agara.com\/sv\/wp-json\/wp\/v2\/comments?post=3750"}],"wp:featuredmedia":[{"embeddable":true,"href":"https:\/\/369agara.com\/sv\/wp-json\/wp\/v2\/media\/3751"}],"wp:attachment":[{"href":"https:\/\/369agara.com\/sv\/wp-json\/wp\/v2\/media?parent=3750"}],"wp:term":[{"taxonomy":"product_brand","embeddable":true,"href":"https:\/\/369agara.com\/sv\/wp-json\/wp\/v2\/product_brand?post=3750"},{"taxonomy":"product_cat","embeddable":true,"href":"https:\/\/369agara.com\/sv\/wp-json\/wp\/v2\/product_cat?post=3750"},{"taxonomy":"product_tag","embeddable":true,"href":"https:\/\/369agara.com\/sv\/wp-json\/wp\/v2\/product_tag?post=3750"}],"curies":[{"name":"wp","href":"https:\/\/api.w.org\/{rel}","templated":true}]}}