{"id":3764,"date":"2025-05-11T12:06:37","date_gmt":"2025-05-11T10:06:37","guid":{"rendered":"https:\/\/369agara.com\/?post_type=product&#038;p=3764"},"modified":"2025-05-13T11:32:54","modified_gmt":"2025-05-13T09:32:54","slug":"couverture-plaid","status":"publish","type":"product","link":"https:\/\/369agara.com\/sv\/produkt\/couverture-plaid\/","title":{"rendered":"Earthing \"Doudou\" rutig filt"},"content":{"rendered":"<p><span style=\"font-family: 'Book Antiqua', Palatino; font-size: 120%; color: #333399;\">Earthing \"Doudou\"-filten \u00e4r en mjuk, ledande filt som \u00e4r mycket behaglig att anv\u00e4nda. Den \u00e4r perfekt att anv\u00e4nda n\u00e4r du tittar p\u00e5 TV, l\u00e4ser en bok eller bara kopplar av.<\/span><\/p>\n<p><span style=\"font-family: 'Book Antiqua', Palatino; font-size: 120%; color: #333399;\">Den h\u00e5ller dig varm och sk\u00f6n samtidigt som den ger din kropp alla f\u00f6rdelar med jordning (att koppla ihop kroppen med jorden, som att g\u00e5 barfota i gr\u00e4set).<\/span><\/p>\n<p><span style=\"font-family: 'Book Antiqua', Palatino; font-size: 120%; color: #333399;\">Den kan ocks\u00e5 anv\u00e4ndas i s\u00e4ngen f\u00f6r att koppla upp dig mot jorden medan du sover.<\/span><\/p>\n<p><span style=\"font-family: 'Book Antiqua', Palatino; font-size: 120%; color: #333399;\">Den ljusa sidan (off-white) \u00e4r tillverkad av ekologisk bomull som \u00e4r v\u00e4vd med h\u00f6gledande fibrer, medan chokladbaksidan \u00e4r tillverkad av mjuka mikrofibrer.<\/span><\/p>\n<p><span style=\"font-family: 'Book Antiqua', Palatino; font-size: 120%; color: #333399;\">Det m\u00e5ste finnas direktkontakt mellan huden och den ledande delen av filten (den sida som inneh\u00e5ller silverfibern och det pr\u00e4glade ordet \"Earthing\").<\/span><\/p>\n<p><span style=\"font-family: 'Book Antiqua', Palatino; font-size: 120%; color: #333399;\">Den rutiga jordningsfilten \"Doudou\" levereras med en 4,60 m l\u00e5ng jordningsledning och stickpropp. P\u00e5 kanten av filten finns ett kontaktdon som anslutningssladden f\u00e4sts i.<span style=\"color: #ed1c24;\"> Den m\u00e5ste anslutas till ett jordat uttag.<\/span><\/span><br \/>\n<span style=\"font-family: 'Book Antiqua', Palatino; font-size: 120%; color: #333399;\">Men om du inte har en tillfredsst\u00e4llande jordanslutning hemma och bor i en villa eller l\u00e4ngst ner i ett flerfamiljshus kan du anv\u00e4nda en \"metalljordningsstav\". \u00a0\u00a0<\/span><\/p>\n<h3><span style=\"font-family: 'Book Antiqua', Palatino; font-size: 120%; color: #333399;\">Tekniska specifikationer<\/span><\/h3>\n<ul>\n<li><span style=\"font-family: 'Book Antiqua', Palatino; font-size: 120%; color: #333399;\">M\u00e5tt: 114 x 152 cm (f\u00f6r enkels\u00e4ng)<\/span><\/li>\n<li><span style=\"font-family: 'Book Antiqua', Palatino; font-size: 120%; color: #333399;\">Sammans\u00e4ttning: 100 % ekologisk bomull, silvertr\u00e5dar<\/span><\/li>\n<li><span style=\"font-family: 'Book Antiqua', Palatino; font-size: 120%; color: #333399;\">Levereras med jordkabel och stickpropp.<\/span><\/li>\n<\/ul>\n<h3><span style=\"font-family: 'Book Antiqua', Palatino; font-size: 120%; color: #333399;\">Vad \u00e4r jordning?<\/span><\/h3>\n<p><span style=\"font-family: 'Book Antiqua', Palatino; font-size: 120%; color: #333399;\">Enligt Clinton Ober, Stephen Sinatra och Martin Zuckers bok \"Connecting to the Earth, Perhaps the most important health discovery\", som fungerar som ett referensverk i \u00e4mnet, \u00e5terst\u00e4lls kroppens naturliga elektriska balans genom att kroppen kopplas till jorden (eller jordas) och laddas ur elektrostatiskt, precis som n\u00e4r man g\u00e5r barfota i gr\u00e4set.<\/span><\/p>\n<p><span style=\"font-family: 'Book Antiqua', Palatino; font-size: 120%; color: #333399;\">De olika jordningsprodukterna \u00e5terskapar detta naturliga fenomen.<\/span><\/p>\n<p><span style=\"font-family: 'Book Antiqua', Palatino; font-size: 120%; color: #333399;\">Det har ett antal f\u00f6rdelar, bland annat :<\/span><\/p>\n<ul>\n<li><span style=\"font-family: 'Book Antiqua', Palatino; font-size: 120%; color: #333399;\">ett f\u00f6rb\u00e4ttrat immunf\u00f6rsvar<\/span><\/li>\n<li><span style=\"font-family: 'Book Antiqua', Palatino; font-size: 120%; color: #333399;\">f\u00f6rb\u00e4ttrad matsm\u00e4ltning<\/span><\/li>\n<li><span style=\"font-family: 'Book Antiqua', Palatino; font-size: 120%; color: #333399;\">en f\u00f6rb\u00e4ttring av s\u00f6mnkvaliteten och en balansering av v\u00e5r biologiska klocka<\/span><\/li>\n<li><span style=\"font-family: 'Book Antiqua', Palatino; font-size: 120%; color: #333399;\">\u00f6kad energi och minskad stress<\/span><\/li>\n<li><span style=\"font-family: 'Book Antiqua', Palatino; font-size: 120%; color: #333399;\">f\u00f6rb\u00e4ttrad blodcirkulation<\/span><\/li>\n<li><span style=\"font-family: 'Book Antiqua', Palatino; font-size: 120%; color: #333399;\">snabbare \u00e5terh\u00e4mtning efter intensiv fysisk aktivitet och snabbare l\u00e4kning av skador<\/span><\/li>\n<li><span style=\"font-family: 'Book Antiqua', Palatino; font-size: 120%; color: #333399;\">lindring av muskelsp\u00e4nningar, huvudv\u00e4rk, hormonella symtom och menstruationssymtom<\/span><\/li>\n<li><span style=\"font-family: 'Book Antiqua', Palatino; font-size: 120%; color: #333399;\">en minskning av inflammation<\/span><\/li>\n<li><span style=\"font-family: 'Book Antiqua', Palatino; font-size: 120%; color: #333399;\">minskad stress, \u00e5ngest, irritabilitet och till och med symtom p\u00e5 el\u00f6verk\u00e4nslighet<\/span><\/li>\n<\/ul>\n<p><span style=\"font-family: 'Book Antiqua', Palatino; font-size: 120%; color: #ed1c24;\">Denna information ers\u00e4tter inte p\u00e5 n\u00e5got s\u00e4tt r\u00e5d fr\u00e5n din l\u00e4kare och \u00e4r inte avsedd att behandla eller bota n\u00e5got medicinskt tillst\u00e5nd. Vid eventuella h\u00e4lsoproblem b\u00f6r du r\u00e5dfr\u00e5ga din l\u00e4kare.<\/span><\/p>\n<h3><span style=\"font-family: 'Book Antiqua', Palatino; font-size: 120%; color: #333399;\">Sk\u00f6tsel- och tv\u00e4ttr\u00e5d<\/span><\/h3>\n<p><span style=\"font-family: 'Book Antiqua', Palatino; font-size: 120%; color: #333399;\">Det \u00e4r viktigt att tv\u00e4tta din Earthing-produkt ofta. Den skadas inte av tv\u00e4tt, tv\u00e4rtom gynnas den av det.<\/span><\/p>\n<p><span style=\"font-family: 'Book Antiqua', Palatino; font-size: 120%; color: #333399;\">Tv\u00e4tt avl\u00e4gsnar svett och oljor som finns naturligt p\u00e5 huden, vilket bibeh\u00e5ller silvrets ledningsf\u00f6rm\u00e5ga.<\/span><\/p>\n<p><span style=\"font-family: 'Book Antiqua', Palatino; font-size: 120%; color: #333399;\"><strong>Att g\u00f6ra :<\/strong><\/span><\/p>\n<ul>\n<li><span style=\"font-family: 'Book Antiqua', Palatino; font-size: 120%; color: #333399;\">Tv\u00e4ttas varje eller varannan vecka Maskintv\u00e4tt i varmt vatten (40\u00b0C)<\/span><\/li>\n<li><span style=\"font-family: 'Book Antiqua', Palatino; font-size: 120%; color: #333399;\">Anv\u00e4nd ett flytande tv\u00e4ttmedel<\/span><\/li>\n<li><span style=\"font-family: 'Book Antiqua', Palatino; font-size: 120%; color: #333399;\">Torka plant eller i torktumlare vid l\u00e5g temperatur (h\u00f6gst 65\u00b0C).<\/span><\/li>\n<li><span style=\"font-family: 'Book Antiqua', Palatino; font-size: 120%; color: #333399;\">Kan strykas p\u00e5 l\u00e5g temperatur om s\u00e5 \u00f6nskas<\/span><\/li>\n<\/ul>\n<p><span style=\"font-family: 'Book Antiqua', Palatino; font-size: 120%; color: #333399;\"><strong>Vad man inte ska g\u00f6ra :<\/strong><\/span><\/p>\n<ul>\n<li><span style=\"font-family: 'Book Antiqua', Palatino; font-size: 120%; color: #ed1c24;\">F\u00e5r inte tv\u00e4ttas med blekmedel F\u00e5r inte tv\u00e4ttas med sk\u00f6ljmedel<\/span><\/li>\n<li><span style=\"font-family: 'Book Antiqua', Palatino; font-size: 120%; color: #ed1c24;\">Anv\u00e4nd inte blekande tv\u00e4ttmedel eller oxiclean-tv\u00e4ttmedel eller tv\u00e4ttmedel som inneh\u00e5ller oljor som lavendel eller kokosn\u00f6tsolja.<\/span><\/li>\n<li><span style=\"font-family: 'Book Antiqua', Palatino; font-size: 120%; color: #ed1c24;\">Anv\u00e4nd inte sk\u00f6ljmedelsservetter f\u00f6r torktumlare<\/span><\/li>\n<li><span style=\"font-family: 'Book Antiqua', Palatino; font-size: 120%; color: #ed1c24;\">Ingen kemtv\u00e4tt<\/span><\/li>\n<li><span style=\"font-family: 'Book Antiqua', Palatino; font-size: 120%; color: #ed1c24;\">Blekmedel, lotioner och oljor kan missf\u00e4rga silver och g\u00f6ra det icke ledande.<\/span><\/li>\n<li><span style=\"font-family: 'Book Antiqua', Palatino; font-size: 120%; color: #ed1c24;\">Mjukg\u00f6rare ansamlas p\u00e5 silver och skadar dess ledningsf\u00f6rm\u00e5ga.<\/span><\/li>\n<\/ul>\n<h3><span style=\"font-family: 'Book Antiqua', Palatino; font-size: 120%; color: #333399;\">Agara r\u00e5d<\/span><\/h3>\n<p><span style=\"font-family: 'Book Antiqua', Palatino; font-size: 120%; color: #333399;\">F\u00f6r att jordningen ska vara effektiv \u00e4r det viktigt att du testar kvaliteten p\u00e5 ditt jordningssystem, antingen med en l\u00e4mplig enhet (jordtestare, Tohm-E eller Catohm DT-300 jordm\u00e4tare) eller genom att anlita en fackman med l\u00e4mplig utrustning.\u00a0<\/span><\/p>\n<p><span style=\"font-family: 'Book Antiqua', Palatino; font-size: 120%; color: #333399;\">Om elinstallationerna \u00e4r f\u00f6r gamla eller felaktigt installerade kan jordanslutningen vara otillr\u00e4cklig eller obefintlig.<\/span><\/p>\n<p><span style=\"font-family: 'Book Antiqua', Palatino; font-size: 120%; color: #333399;\">Det \u00e4r ocks\u00e5 mycket viktigt att minimera elektriska f\u00e4lt i rummet (klockradio, s\u00e4nglampor, osk\u00e4rmade eluttag och f\u00f6rl\u00e4ngningssladdar) f\u00f6r att f\u00f6rhindra att de st\u00f6r jordsystemet. Tveka inte att m\u00e4ta dem eller l\u00e5ta m\u00e4ta dem!<\/span><\/p>\n<p><span style=\"font-family: 'Book Antiqua', Palatino; font-size: 120%; color: #ed1c24;\"><strong>Av hygiensk\u00e4l f\u00e5r textilvaror (kl\u00e4der, m\u00f6ssor, hattar, s\u00e4ngkl\u00e4der, sovs\u00e4ckar, filtar, handskar, strumpor etc.) eller andra varor som b\u00e4rs i direkt kontakt med kroppen inte returneras eller bytas.<br \/>\nTack p\u00e5 f\u00f6rhand f\u00f6r din f\u00f6rst\u00e5else.<\/strong><\/span><\/p>","protected":false},"excerpt":{"rendered":"<p><span style=\"font-family: 'Book Antiqua', Palatino; font-size: 120%; color: #333399;\">Earthing \"Doudou\" plaid filt g\u00f6r att din kropp kan njuta av de m\u00e5nga f\u00f6rdelarna med jordning medan du vilar, l\u00e4ser, tittar p\u00e5 TV, och s\u00e5 vidare.\u00a0<\/span><\/p>\n<p><span style=\"font-family: 'Book Antiqua', Palatino; font-size: 120%; color: #333399;\">Storlek 114 x 152 cm.\u00a0<\/span><\/p>\n<p><span style=\"font-family: 'Book Antiqua', Palatino; font-size: 120%; color: #333399;\">Levereras med tillbeh\u00f6r f\u00f6r jordning.<\/span><\/p>","protected":false},"featured_media":3767,"comment_status":"open","ping_status":"closed","template":"","meta":[],"product_brand":[267],"product_cat":[164],"product_tag":[248,246,247,249,257,245],"class_list":{"0":"post-3764","1":"product","2":"type-product","3":"status-publish","4":"has-post-thumbnail","6":"product_brand-earthing","7":"product_cat-baubiologie","8":"product_tag-baubiologie","9":"product_tag-bureau","10":"product_tag-chambre","11":"product_tag-electromagnetisme","12":"product_tag-linge","13":"product_tag-maison","15":"first","16":"instock","17":"taxable","18":"shipping-taxable","19":"purchasable","20":"product-type-simple"},"yoast_head":"<!-- This site is optimized with the Yoast SEO Premium plugin v25.1 (Yoast SEO v27.4) - https:\/\/yoast.com\/product\/yoast-seo-premium-wordpress\/ -->\n<title>Couverture plaid &quot;Doudou&quot; de mise \u00e0 la terre Earthing | Agara<\/title>\n<meta name=\"description\" content=\"La couverture plaid &quot;Doudou&quot; Earthing permet \u00e0 votre corps de profiter nombreux bienfaits de la mise \u00e0 la terre pendant que vous vous reposez, lisez, regardez la t\u00e9l\u00e9vision, etc.\u00a0Dimensions 114 x 152 cm.\u00a0Livr\u00e9 avec accessoires de mise \u00e0 la terre.\" \/>\n<meta name=\"robots\" content=\"index, follow, max-snippet:-1, max-image-preview:large, max-video-preview:-1\" \/>\n<link rel=\"canonical\" href=\"https:\/\/369agara.com\/sv\/produkt\/couverture-plaid\/\" \/>\n<meta property=\"og:locale\" content=\"sv_SE\" \/>\n<meta property=\"og:type\" content=\"article\" \/>\n<meta property=\"og:title\" content=\"Couverture plaid &quot;Doudou&quot; de mise \u00e0 la terre Earthing\" \/>\n<meta property=\"og:description\" content=\"La couverture plaid &quot;Doudou&quot; Earthing permet \u00e0 votre corps de profiter nombreux bienfaits de la mise \u00e0 la terre pendant que vous vous reposez, lisez, regardez la t\u00e9l\u00e9vision, etc.\u00a0Dimensions 114 x 152 cm.\u00a0Livr\u00e9 avec accessoires de mise \u00e0 la terre.\" \/>\n<meta property=\"og:url\" content=\"https:\/\/369agara.com\/sv\/produkt\/couverture-plaid\/\" \/>\n<meta property=\"og:site_name\" content=\"Agara\" \/>\n<meta property=\"article:modified_time\" content=\"2025-05-13T09:32:54+00:00\" \/>\n<meta property=\"og:image\" content=\"https:\/\/369agara.com\/wp-content\/uploads\/2025\/05\/couverture-plaid-doudou-de-mise-a-la-terre-earthing.jpg\" \/>\n\t<meta property=\"og:image:width\" content=\"800\" \/>\n\t<meta property=\"og:image:height\" content=\"800\" \/>\n\t<meta property=\"og:image:type\" content=\"image\/jpeg\" \/>\n<meta name=\"twitter:card\" content=\"summary_large_image\" \/>\n<meta name=\"twitter:label1\" content=\"Ber\u00e4knad l\u00e4stid\" \/>\n\t<meta name=\"twitter:data1\" content=\"5 minuter\" \/>\n<script type=\"application\/ld+json\" class=\"yoast-schema-graph\">{\"@context\":\"https:\\\/\\\/schema.org\",\"@graph\":[{\"@type\":\"WebPage\",\"@id\":\"https:\\\/\\\/369agara.com\\\/produit\\\/couverture-plaid\\\/\",\"url\":\"https:\\\/\\\/369agara.com\\\/produit\\\/couverture-plaid\\\/\",\"name\":\"Couverture plaid \\\"Doudou\\\" de mise \u00e0 la terre Earthing | Agara\",\"isPartOf\":{\"@id\":\"https:\\\/\\\/369agara.com\\\/#website\"},\"primaryImageOfPage\":{\"@id\":\"https:\\\/\\\/369agara.com\\\/produit\\\/couverture-plaid\\\/#primaryimage\"},\"image\":{\"@id\":\"https:\\\/\\\/369agara.com\\\/produit\\\/couverture-plaid\\\/#primaryimage\"},\"thumbnailUrl\":\"https:\\\/\\\/369agara.com\\\/wp-content\\\/uploads\\\/2025\\\/05\\\/couverture-plaid-doudou-de-mise-a-la-terre-earthing.jpg\",\"datePublished\":\"2025-05-11T10:06:37+00:00\",\"dateModified\":\"2025-05-13T09:32:54+00:00\",\"description\":\"La couverture plaid \\\"Doudou\\\" Earthing permet \u00e0 votre corps de profiter nombreux bienfaits de la mise \u00e0 la terre pendant que vous vous reposez, lisez, regardez la t\u00e9l\u00e9vision, etc.\u00a0Dimensions 114 x 152 cm.\u00a0Livr\u00e9 avec accessoires de mise \u00e0 la terre.\",\"breadcrumb\":{\"@id\":\"https:\\\/\\\/369agara.com\\\/produit\\\/couverture-plaid\\\/#breadcrumb\"},\"inLanguage\":\"sv-SE\",\"potentialAction\":[{\"@type\":\"ReadAction\",\"target\":[\"https:\\\/\\\/369agara.com\\\/produit\\\/couverture-plaid\\\/\"]}]},{\"@type\":\"ImageObject\",\"inLanguage\":\"sv-SE\",\"@id\":\"https:\\\/\\\/369agara.com\\\/produit\\\/couverture-plaid\\\/#primaryimage\",\"url\":\"https:\\\/\\\/369agara.com\\\/wp-content\\\/uploads\\\/2025\\\/05\\\/couverture-plaid-doudou-de-mise-a-la-terre-earthing.jpg\",\"contentUrl\":\"https:\\\/\\\/369agara.com\\\/wp-content\\\/uploads\\\/2025\\\/05\\\/couverture-plaid-doudou-de-mise-a-la-terre-earthing.jpg\",\"width\":800,\"height\":800},{\"@type\":\"BreadcrumbList\",\"@id\":\"https:\\\/\\\/369agara.com\\\/produit\\\/couverture-plaid\\\/#breadcrumb\",\"itemListElement\":[{\"@type\":\"ListItem\",\"position\":1,\"name\":\"Accueil\",\"item\":\"https:\\\/\\\/369agara.com\\\/\"},{\"@type\":\"ListItem\",\"position\":2,\"name\":\"La boutique\",\"item\":\"https:\\\/\\\/369agara.com\\\/la-boutique\\\/\"},{\"@type\":\"ListItem\",\"position\":3,\"name\":\"Couverture plaid \u00ab\u00a0Doudou\u00a0\u00bb de mise \u00e0 la terre Earthing\"}]},{\"@type\":\"WebSite\",\"@id\":\"https:\\\/\\\/369agara.com\\\/#website\",\"url\":\"https:\\\/\\\/369agara.com\\\/\",\"name\":\"Livsrikedomar\",\"description\":\"D\u00e9connectez pour mieux vous connecter\",\"publisher\":{\"@id\":\"https:\\\/\\\/369agara.com\\\/#organization\"},\"potentialAction\":[{\"@type\":\"SearchAction\",\"target\":{\"@type\":\"EntryPoint\",\"urlTemplate\":\"https:\\\/\\\/369agara.com\\\/?s={search_term_string}\"},\"query-input\":{\"@type\":\"PropertyValueSpecification\",\"valueRequired\":true,\"valueName\":\"search_term_string\"}}],\"inLanguage\":\"sv-SE\"},{\"@type\":\"Organization\",\"@id\":\"https:\\\/\\\/369agara.com\\\/#organization\",\"name\":\"EACreations\",\"url\":\"https:\\\/\\\/369agara.com\\\/\",\"logo\":{\"@type\":\"ImageObject\",\"inLanguage\":\"sv-SE\",\"@id\":\"https:\\\/\\\/369agara.com\\\/#\\\/schema\\\/logo\\\/image\\\/\",\"url\":\"\",\"contentUrl\":\"\",\"caption\":\"EACreations\"},\"image\":{\"@id\":\"https:\\\/\\\/369agara.com\\\/#\\\/schema\\\/logo\\\/image\\\/\"}}]}<\/script>\n<!-- \/ Yoast SEO Premium plugin. -->","yoast_head_json":{"title":"Couverture plaid \"Doudou\" de mise \u00e0 la terre Earthing | Agara","description":"Den rutiga jordningsfilten \"Doudou\" g\u00f6r att din kropp kan njuta av de m\u00e5nga f\u00f6rdelarna med jordningen medan du vilar, l\u00e4ser, tittar p\u00e5 TV etc. M\u00e5tt 114 x 152 cm. Levereras med tillbeh\u00f6r f\u00f6r jordning.","robots":{"index":"index","follow":"follow","max-snippet":"max-snippet:-1","max-image-preview":"max-image-preview:large","max-video-preview":"max-video-preview:-1"},"canonical":"https:\/\/369agara.com\/sv\/produkt\/couverture-plaid\/","og_locale":"sv_SE","og_type":"article","og_title":"Couverture plaid \"Doudou\" de mise \u00e0 la terre Earthing","og_description":"La couverture plaid \"Doudou\" Earthing permet \u00e0 votre corps de profiter nombreux bienfaits de la mise \u00e0 la terre pendant que vous vous reposez, lisez, regardez la t\u00e9l\u00e9vision, etc.\u00a0Dimensions 114 x 152 cm.\u00a0Livr\u00e9 avec accessoires de mise \u00e0 la terre.","og_url":"https:\/\/369agara.com\/sv\/produkt\/couverture-plaid\/","og_site_name":"Agara","article_modified_time":"2025-05-13T09:32:54+00:00","og_image":[{"width":800,"height":800,"url":"https:\/\/369agara.com\/wp-content\/uploads\/2025\/05\/couverture-plaid-doudou-de-mise-a-la-terre-earthing.jpg","type":"image\/jpeg"}],"twitter_card":"summary_large_image","twitter_misc":{"Ber\u00e4knad l\u00e4stid":"5 minuter"},"schema":{"@context":"https:\/\/schema.org","@graph":[{"@type":"WebPage","@id":"https:\/\/369agara.com\/produit\/couverture-plaid\/","url":"https:\/\/369agara.com\/produit\/couverture-plaid\/","name":"Couverture plaid \"Doudou\" de mise \u00e0 la terre Earthing | Agara","isPartOf":{"@id":"https:\/\/369agara.com\/#website"},"primaryImageOfPage":{"@id":"https:\/\/369agara.com\/produit\/couverture-plaid\/#primaryimage"},"image":{"@id":"https:\/\/369agara.com\/produit\/couverture-plaid\/#primaryimage"},"thumbnailUrl":"https:\/\/369agara.com\/wp-content\/uploads\/2025\/05\/couverture-plaid-doudou-de-mise-a-la-terre-earthing.jpg","datePublished":"2025-05-11T10:06:37+00:00","dateModified":"2025-05-13T09:32:54+00:00","description":"Den rutiga jordningsfilten \"Doudou\" g\u00f6r att din kropp kan njuta av de m\u00e5nga f\u00f6rdelarna med jordningen medan du vilar, l\u00e4ser, tittar p\u00e5 TV etc. M\u00e5tt 114 x 152 cm. Levereras med tillbeh\u00f6r f\u00f6r jordning.","breadcrumb":{"@id":"https:\/\/369agara.com\/produit\/couverture-plaid\/#breadcrumb"},"inLanguage":"sv-SE","potentialAction":[{"@type":"ReadAction","target":["https:\/\/369agara.com\/produit\/couverture-plaid\/"]}]},{"@type":"ImageObject","inLanguage":"sv-SE","@id":"https:\/\/369agara.com\/produit\/couverture-plaid\/#primaryimage","url":"https:\/\/369agara.com\/wp-content\/uploads\/2025\/05\/couverture-plaid-doudou-de-mise-a-la-terre-earthing.jpg","contentUrl":"https:\/\/369agara.com\/wp-content\/uploads\/2025\/05\/couverture-plaid-doudou-de-mise-a-la-terre-earthing.jpg","width":800,"height":800},{"@type":"BreadcrumbList","@id":"https:\/\/369agara.com\/produit\/couverture-plaid\/#breadcrumb","itemListElement":[{"@type":"ListItem","position":1,"name":"Accueil","item":"https:\/\/369agara.com\/"},{"@type":"ListItem","position":2,"name":"La boutique","item":"https:\/\/369agara.com\/la-boutique\/"},{"@type":"ListItem","position":3,"name":"Couverture plaid \u00ab\u00a0Doudou\u00a0\u00bb de mise \u00e0 la terre Earthing"}]},{"@type":"WebSite","@id":"https:\/\/369agara.com\/#website","url":"https:\/\/369agara.com\/","name":"Livsrikedomar","description":"Koppla bort f\u00f6r att skapa b\u00e4ttre kontakt","publisher":{"@id":"https:\/\/369agara.com\/#organization"},"potentialAction":[{"@type":"SearchAction","target":{"@type":"EntryPoint","urlTemplate":"https:\/\/369agara.com\/?s={search_term_string}"},"query-input":{"@type":"PropertyValueSpecification","valueRequired":true,"valueName":"search_term_string"}}],"inLanguage":"sv-SE"},{"@type":"Organization","@id":"https:\/\/369agara.com\/#organization","name":"EACreations","url":"https:\/\/369agara.com\/","logo":{"@type":"ImageObject","inLanguage":"sv-SE","@id":"https:\/\/369agara.com\/#\/schema\/logo\/image\/","url":"","contentUrl":"","caption":"EACreations"},"image":{"@id":"https:\/\/369agara.com\/#\/schema\/logo\/image\/"}}]}},"jetpack_sharing_enabled":true,"_links":{"self":[{"href":"https:\/\/369agara.com\/sv\/wp-json\/wp\/v2\/product\/3764","targetHints":{"allow":["GET"]}}],"collection":[{"href":"https:\/\/369agara.com\/sv\/wp-json\/wp\/v2\/product"}],"about":[{"href":"https:\/\/369agara.com\/sv\/wp-json\/wp\/v2\/types\/product"}],"replies":[{"embeddable":true,"href":"https:\/\/369agara.com\/sv\/wp-json\/wp\/v2\/comments?post=3764"}],"wp:featuredmedia":[{"embeddable":true,"href":"https:\/\/369agara.com\/sv\/wp-json\/wp\/v2\/media\/3767"}],"wp:attachment":[{"href":"https:\/\/369agara.com\/sv\/wp-json\/wp\/v2\/media?parent=3764"}],"wp:term":[{"taxonomy":"product_brand","embeddable":true,"href":"https:\/\/369agara.com\/sv\/wp-json\/wp\/v2\/product_brand?post=3764"},{"taxonomy":"product_cat","embeddable":true,"href":"https:\/\/369agara.com\/sv\/wp-json\/wp\/v2\/product_cat?post=3764"},{"taxonomy":"product_tag","embeddable":true,"href":"https:\/\/369agara.com\/sv\/wp-json\/wp\/v2\/product_tag?post=3764"}],"curies":[{"name":"wp","href":"https:\/\/api.w.org\/{rel}","templated":true}]}}