{"id":3806,"date":"2025-05-12T19:37:10","date_gmt":"2025-05-12T17:37:10","guid":{"rendered":"https:\/\/369agara.com\/?post_type=product&#038;p=3806"},"modified":"2025-05-12T19:55:42","modified_gmt":"2025-05-12T17:55:42","slug":"cable-ethernet-rj45-cat5e-3m-ou-5m","status":"publish","type":"product","link":"https:\/\/369agara.com\/sv\/produkt\/cable-ethernet-rj45-cat5e-3m-ou-5m\/","title":{"rendered":"Ethernet RJ45 CAT5E-kabel - 3 m | 5 m"},"content":{"rendered":"<p><span style=\"font-family: 'Book Antiqua', Palatino; font-size: 120%; color: #333399;\">Njut av Internet utan kr\u00e5ngel med WiFi, samtidigt som du drar nytta av en h\u00f6gpresterande tr\u00e5dbunden anslutning!<\/span><\/p>\n<p><span style=\"font-family: 'Book Antiqua', Palatino; font-size: 120%; color: #333399;\">Visste du att Wi-Fi st\u00e4ndigt s\u00e4nder ut elektromagnetiska v\u00e5gor i ditt hem?<\/span><br \/>\n<span style=\"font-family: 'Book Antiqua', Palatino; font-size: 120%; color: #333399;\">Med denna RJ45 CAT 5E Ethernet-kabel kan du njuta av en stabil och snabb anslutning samtidigt som du minskar din exponering f\u00f6r radiov\u00e5gor. Perfekt f\u00f6r en h\u00e4lsosammare milj\u00f6, oavsett om det \u00e4r hemma eller p\u00e5 kontoret.<\/span><\/p>\n<p><span style=\"font-family: 'Book Antiqua', Palatino; font-size: 120%; color: #333399;\">F\u00f6rdelarna med en tr\u00e5dbunden anslutning :<\/span><\/p>\n<ul>\n<li><span style=\"font-family: 'Book Antiqua', Palatino; font-size: 120%; color: #333399;\">Minskad exponering f\u00f6r radiov\u00e5gor - perfekt f\u00f6r ett lugnare boende.<\/span><\/li>\n<li><span style=\"font-family: 'Book Antiqua', Palatino; font-size: 120%; color: #333399;\">Stabil, snabb anslutning (upp till 1 Gbps): smidig surfning, effektivt distansarbete, oavbruten streaming<\/span><\/li>\n<li><span style=\"font-family: 'Book Antiqua', Palatino; font-size: 120%; color: #333399;\">Stabil och h\u00e5llbar installation: t\u00e5liga material och universella RJ45-kontakter<\/span><\/li>\n<li><span style=\"font-family: 'Book Antiqua', Palatino; font-size: 120%; color: #333399;\">Kompatibel med alla dina enheter: datorer, boxar, konsoler, TV etc.<\/span><\/li>\n<\/ul>\n<p><span style=\"font-family: 'Book Antiqua', Palatino; font-size: 120%; color: #333399;\"><strong>Perfekt f\u00f6r dem som vill begr\u00e4nsa sin exponering f\u00f6r Wi-Fi-v\u00e5gor samtidigt som de vill ha en tillf\u00f6rlitlig datahastighet<\/strong>\u00a0f\u00f6r distansarbete, spel eller HD-streaming.<\/span><\/p>\n<h3><span style=\"font-family: 'Book Antiqua', Palatino; font-size: 120%; color: #333399;\">2 l\u00e4ngder<\/span><\/h3>\n<ul>\n<li><span style=\"font-family: 'Book Antiqua', Palatino; font-size: 120%; color: #333399;\">3 meter<\/span><\/li>\n<li><span style=\"font-family: 'Book Antiqua', Palatino; font-size: 120%; color: #333399;\">5 meter<\/span><\/li>\n<\/ul>\n<h3><span style=\"font-family: 'Book Antiqua', Palatino; font-size: 120%; color: #333399;\">Tekniska specifikationer<\/span><\/h3>\n<ul>\n<li><span style=\"font-family: 'Book Antiqua', Palatino; font-size: 120%; color: #333399;\">Till\u00e4mpning: routeranslutning<\/span><\/li>\n<li><span style=\"font-family: 'Book Antiqua', Palatino; font-size: 120%; color: #333399;\">Typ av gr\u00e4nssnitt: RJ45-kontakt<\/span><\/li>\n<li><span style=\"font-family: 'Book Antiqua', Palatino; font-size: 120%; color: #333399;\">Diameter: 5,3 mm<\/span><\/li>\n<li><span style=\"font-family: 'Book Antiqua', Palatino; font-size: 120%; color: #333399;\">Kabell\u00e4ngd: 3 meter \/ 5 meter<\/span><\/li>\n<li><span style=\"font-family: 'Book Antiqua', Palatino; font-size: 120%; color: #333399;\">Sammans\u00e4ttning: supraledande legering<\/span><\/li>\n<li><span style=\"font-family: 'Book Antiqua', Palatino; font-size: 120%; color: #333399;\">Data\u00f6verf\u00f6ringshastighet: upp till 1 Gbps<\/span><\/li>\n<li><span style=\"font-family: 'Book Antiqua', Palatino; font-size: 120%; color: #333399;\">Driftstemperatur: -45 till 75\u00b0C<\/span><\/li>\n<li><span style=\"font-family: 'Book Antiqua', Palatino; font-size: 120%; color: #333399;\">Dragh\u00e5llfasthet: 1000N<\/span><\/li>\n<li><span style=\"font-family: 'Book Antiqua', Palatino; font-size: 120%; color: #333399;\">Tryckh\u00e5llfasthet: 250P<\/span><\/li>\n<\/ul>\n<h3><span style=\"font-family: 'Book Antiqua', Palatino; font-size: 120%; color: #333399;\">Agara r\u00e5d<\/span><\/h3>\n<p><span style=\"font-family: 'Book Antiqua', Palatino; font-size: 120%; color: #333399;\">Om du vill anv\u00e4nda det h\u00e4r paketet med en surfplatta eller dator som inte har en RJ45 Ethernet-port, eller med din telefon, inga problem! Allt du beh\u00f6ver \u00e4r en :<\/span><\/p>\n<ul>\n<li><a href=\"https:\/\/369agara.com\/produit\/adaptateur-rj45-usb-c\/\"><span style=\"font-family: 'Book Antiqua', Palatino; font-size: 120%; color: #333399;\">Ethernet RJ45 - USB-C-hubbadapter<\/span><\/a><\/li>\n<li><span style=\"font-family: 'Book Antiqua', Palatino; font-size: 120%; color: #333399;\"><a href=\"https:\/\/369agara.com\/produit\/adaptateur-hub-e\u2026t-rj45-lightning\/\">Ethernet RJ45 navadapter - Ligthning<\/a>\u00a0om du anv\u00e4nder Mac \/ iPhone.<\/span><\/li>\n<\/ul>","protected":false},"excerpt":{"rendered":"<p><span style=\"font-family: 'Book Antiqua', Palatino; font-size: 120%; color: #333399;\">Denna RJ45 Ethernet-kabel ansluter din box till din dator via en kabel, utan Wi-Fi, vilket skyddar dig fr\u00e5n tr\u00e5dl\u00f6s str\u00e5lning.\u00a0<\/span><\/p>\n<p><span style=\"font-family: 'Book Antiqua', Palatino; font-size: 120%; color: #333399;\">2 l\u00e4ngder: 3 eller 5 meter<\/span><\/p>","protected":false},"featured_media":3808,"comment_status":"open","ping_status":"closed","template":"","meta":[],"product_brand":[],"product_cat":[164],"product_tag":[248,246,247,251,249,245],"class_list":{"0":"post-3806","1":"product","2":"type-product","3":"status-publish","4":"has-post-thumbnail","6":"product_cat-baubiologie","7":"product_tag-baubiologie","8":"product_tag-bureau","9":"product_tag-chambre","10":"product_tag-electricite","11":"product_tag-electromagnetisme","12":"product_tag-maison","14":"first","15":"instock","16":"taxable","17":"shipping-taxable","18":"purchasable","19":"product-type-variable"},"yoast_head":"<!-- This site is optimized with the Yoast SEO Premium plugin v25.1 (Yoast SEO v27.4) - https:\/\/yoast.com\/product\/yoast-seo-premium-wordpress\/ -->\n<title>C\u00e2ble Ethernet RJ45 CAT5E - 3 m | 5 m | Agara<\/title>\n<meta name=\"description\" content=\"Ce c\u00e2ble Ethernet RJ45 permet de connecter votre box \u00e0 votre ordinateur &quot;en filaire&quot;, sans Wifi, vous pr\u00e9servant ainsi des rayonnements sans fil.\u00a02 longueurs : 3 ou 5 m\u00e8tres\" \/>\n<meta name=\"robots\" content=\"index, follow, max-snippet:-1, max-image-preview:large, max-video-preview:-1\" \/>\n<link rel=\"canonical\" href=\"https:\/\/369agara.com\/sv\/produkt\/cable-ethernet-rj45-cat5e-3m-ou-5m\/\" \/>\n<meta property=\"og:locale\" content=\"sv_SE\" \/>\n<meta property=\"og:type\" content=\"article\" \/>\n<meta property=\"og:title\" content=\"C\u00e2ble Ethernet RJ45 CAT5E - 3 m | 5 m\" \/>\n<meta property=\"og:description\" content=\"Ce c\u00e2ble Ethernet RJ45 permet de connecter votre box \u00e0 votre ordinateur &quot;en filaire&quot;, sans Wifi, vous pr\u00e9servant ainsi des rayonnements sans fil.\u00a02 longueurs : 3 ou 5 m\u00e8tres\" \/>\n<meta property=\"og:url\" content=\"https:\/\/369agara.com\/sv\/produkt\/cable-ethernet-rj45-cat5e-3m-ou-5m\/\" \/>\n<meta property=\"og:site_name\" content=\"Agara\" \/>\n<meta property=\"article:modified_time\" content=\"2025-05-12T17:55:42+00:00\" \/>\n<meta property=\"og:image\" content=\"https:\/\/369agara.com\/wp-content\/uploads\/2025\/05\/cable-ethernet-rj45-cat5e-3-metres.png\" \/>\n\t<meta property=\"og:image:width\" content=\"800\" \/>\n\t<meta property=\"og:image:height\" content=\"800\" \/>\n\t<meta property=\"og:image:type\" content=\"image\/png\" \/>\n<meta name=\"twitter:card\" content=\"summary_large_image\" \/>\n<meta name=\"twitter:label1\" content=\"Ber\u00e4knad l\u00e4stid\" \/>\n\t<meta name=\"twitter:data1\" content=\"2 minuter\" \/>\n<script type=\"application\/ld+json\" class=\"yoast-schema-graph\">{\"@context\":\"https:\\\/\\\/schema.org\",\"@graph\":[{\"@type\":\"WebPage\",\"@id\":\"https:\\\/\\\/369agara.com\\\/produit\\\/cable-ethernet-rj45-cat5e-3m-ou-5m\\\/\",\"url\":\"https:\\\/\\\/369agara.com\\\/produit\\\/cable-ethernet-rj45-cat5e-3m-ou-5m\\\/\",\"name\":\"C\u00e2ble Ethernet RJ45 CAT5E - 3 m | 5 m | Agara\",\"isPartOf\":{\"@id\":\"https:\\\/\\\/369agara.com\\\/#website\"},\"primaryImageOfPage\":{\"@id\":\"https:\\\/\\\/369agara.com\\\/produit\\\/cable-ethernet-rj45-cat5e-3m-ou-5m\\\/#primaryimage\"},\"image\":{\"@id\":\"https:\\\/\\\/369agara.com\\\/produit\\\/cable-ethernet-rj45-cat5e-3m-ou-5m\\\/#primaryimage\"},\"thumbnailUrl\":\"https:\\\/\\\/369agara.com\\\/wp-content\\\/uploads\\\/2025\\\/05\\\/cable-ethernet-rj45-cat5e-3-metres.png\",\"datePublished\":\"2025-05-12T17:37:10+00:00\",\"dateModified\":\"2025-05-12T17:55:42+00:00\",\"description\":\"Ce c\u00e2ble Ethernet RJ45 permet de connecter votre box \u00e0 votre ordinateur \\\"en filaire\\\", sans Wifi, vous pr\u00e9servant ainsi des rayonnements sans fil.\u00a02 longueurs : 3 ou 5 m\u00e8tres\",\"breadcrumb\":{\"@id\":\"https:\\\/\\\/369agara.com\\\/produit\\\/cable-ethernet-rj45-cat5e-3m-ou-5m\\\/#breadcrumb\"},\"inLanguage\":\"sv-SE\",\"potentialAction\":[{\"@type\":\"ReadAction\",\"target\":[\"https:\\\/\\\/369agara.com\\\/produit\\\/cable-ethernet-rj45-cat5e-3m-ou-5m\\\/\"]}]},{\"@type\":\"ImageObject\",\"inLanguage\":\"sv-SE\",\"@id\":\"https:\\\/\\\/369agara.com\\\/produit\\\/cable-ethernet-rj45-cat5e-3m-ou-5m\\\/#primaryimage\",\"url\":\"https:\\\/\\\/369agara.com\\\/wp-content\\\/uploads\\\/2025\\\/05\\\/cable-ethernet-rj45-cat5e-3-metres.png\",\"contentUrl\":\"https:\\\/\\\/369agara.com\\\/wp-content\\\/uploads\\\/2025\\\/05\\\/cable-ethernet-rj45-cat5e-3-metres.png\",\"width\":800,\"height\":800},{\"@type\":\"BreadcrumbList\",\"@id\":\"https:\\\/\\\/369agara.com\\\/produit\\\/cable-ethernet-rj45-cat5e-3m-ou-5m\\\/#breadcrumb\",\"itemListElement\":[{\"@type\":\"ListItem\",\"position\":1,\"name\":\"Accueil\",\"item\":\"https:\\\/\\\/369agara.com\\\/\"},{\"@type\":\"ListItem\",\"position\":2,\"name\":\"La boutique\",\"item\":\"https:\\\/\\\/369agara.com\\\/la-boutique\\\/\"},{\"@type\":\"ListItem\",\"position\":3,\"name\":\"C\u00e2ble Ethernet RJ45 CAT5E &#8211; 3 m | 5 m\"}]},{\"@type\":\"WebSite\",\"@id\":\"https:\\\/\\\/369agara.com\\\/#website\",\"url\":\"https:\\\/\\\/369agara.com\\\/\",\"name\":\"Livsrikedomar\",\"description\":\"D\u00e9connectez pour mieux vous connecter\",\"publisher\":{\"@id\":\"https:\\\/\\\/369agara.com\\\/#organization\"},\"potentialAction\":[{\"@type\":\"SearchAction\",\"target\":{\"@type\":\"EntryPoint\",\"urlTemplate\":\"https:\\\/\\\/369agara.com\\\/?s={search_term_string}\"},\"query-input\":{\"@type\":\"PropertyValueSpecification\",\"valueRequired\":true,\"valueName\":\"search_term_string\"}}],\"inLanguage\":\"sv-SE\"},{\"@type\":\"Organization\",\"@id\":\"https:\\\/\\\/369agara.com\\\/#organization\",\"name\":\"EACreations\",\"url\":\"https:\\\/\\\/369agara.com\\\/\",\"logo\":{\"@type\":\"ImageObject\",\"inLanguage\":\"sv-SE\",\"@id\":\"https:\\\/\\\/369agara.com\\\/#\\\/schema\\\/logo\\\/image\\\/\",\"url\":\"\",\"contentUrl\":\"\",\"caption\":\"EACreations\"},\"image\":{\"@id\":\"https:\\\/\\\/369agara.com\\\/#\\\/schema\\\/logo\\\/image\\\/\"}}]}<\/script>\n<!-- \/ Yoast SEO Premium plugin. -->","yoast_head_json":{"title":"C\u00e2ble Ethernet RJ45 CAT5E - 3 m | 5 m | Agara","description":"Ce c\u00e2ble Ethernet RJ45 permet de connecter votre box \u00e0 votre ordinateur \"en filaire\", sans Wifi, vous pr\u00e9servant ainsi des rayonnements sans fil.\u00a02 longueurs : 3 ou 5 m\u00e8tres","robots":{"index":"index","follow":"follow","max-snippet":"max-snippet:-1","max-image-preview":"max-image-preview:large","max-video-preview":"max-video-preview:-1"},"canonical":"https:\/\/369agara.com\/sv\/produkt\/cable-ethernet-rj45-cat5e-3m-ou-5m\/","og_locale":"sv_SE","og_type":"article","og_title":"C\u00e2ble Ethernet RJ45 CAT5E - 3 m | 5 m","og_description":"Ce c\u00e2ble Ethernet RJ45 permet de connecter votre box \u00e0 votre ordinateur \"en filaire\", sans Wifi, vous pr\u00e9servant ainsi des rayonnements sans fil.\u00a02 longueurs : 3 ou 5 m\u00e8tres","og_url":"https:\/\/369agara.com\/sv\/produkt\/cable-ethernet-rj45-cat5e-3m-ou-5m\/","og_site_name":"Agara","article_modified_time":"2025-05-12T17:55:42+00:00","og_image":[{"width":800,"height":800,"url":"https:\/\/369agara.com\/wp-content\/uploads\/2025\/05\/cable-ethernet-rj45-cat5e-3-metres.png","type":"image\/png"}],"twitter_card":"summary_large_image","twitter_misc":{"Ber\u00e4knad l\u00e4stid":"2 minuter"},"schema":{"@context":"https:\/\/schema.org","@graph":[{"@type":"WebPage","@id":"https:\/\/369agara.com\/produit\/cable-ethernet-rj45-cat5e-3m-ou-5m\/","url":"https:\/\/369agara.com\/produit\/cable-ethernet-rj45-cat5e-3m-ou-5m\/","name":"C\u00e2ble Ethernet RJ45 CAT5E - 3 m | 5 m | Agara","isPartOf":{"@id":"https:\/\/369agara.com\/#website"},"primaryImageOfPage":{"@id":"https:\/\/369agara.com\/produit\/cable-ethernet-rj45-cat5e-3m-ou-5m\/#primaryimage"},"image":{"@id":"https:\/\/369agara.com\/produit\/cable-ethernet-rj45-cat5e-3m-ou-5m\/#primaryimage"},"thumbnailUrl":"https:\/\/369agara.com\/wp-content\/uploads\/2025\/05\/cable-ethernet-rj45-cat5e-3-metres.png","datePublished":"2025-05-12T17:37:10+00:00","dateModified":"2025-05-12T17:55:42+00:00","description":"Ce c\u00e2ble Ethernet RJ45 permet de connecter votre box \u00e0 votre ordinateur \"en filaire\", sans Wifi, vous pr\u00e9servant ainsi des rayonnements sans fil.\u00a02 longueurs : 3 ou 5 m\u00e8tres","breadcrumb":{"@id":"https:\/\/369agara.com\/produit\/cable-ethernet-rj45-cat5e-3m-ou-5m\/#breadcrumb"},"inLanguage":"sv-SE","potentialAction":[{"@type":"ReadAction","target":["https:\/\/369agara.com\/produit\/cable-ethernet-rj45-cat5e-3m-ou-5m\/"]}]},{"@type":"ImageObject","inLanguage":"sv-SE","@id":"https:\/\/369agara.com\/produit\/cable-ethernet-rj45-cat5e-3m-ou-5m\/#primaryimage","url":"https:\/\/369agara.com\/wp-content\/uploads\/2025\/05\/cable-ethernet-rj45-cat5e-3-metres.png","contentUrl":"https:\/\/369agara.com\/wp-content\/uploads\/2025\/05\/cable-ethernet-rj45-cat5e-3-metres.png","width":800,"height":800},{"@type":"BreadcrumbList","@id":"https:\/\/369agara.com\/produit\/cable-ethernet-rj45-cat5e-3m-ou-5m\/#breadcrumb","itemListElement":[{"@type":"ListItem","position":1,"name":"Accueil","item":"https:\/\/369agara.com\/"},{"@type":"ListItem","position":2,"name":"La boutique","item":"https:\/\/369agara.com\/la-boutique\/"},{"@type":"ListItem","position":3,"name":"C\u00e2ble Ethernet RJ45 CAT5E &#8211; 3 m | 5 m"}]},{"@type":"WebSite","@id":"https:\/\/369agara.com\/#website","url":"https:\/\/369agara.com\/","name":"Livsrikedomar","description":"Koppla bort f\u00f6r att skapa b\u00e4ttre kontakt","publisher":{"@id":"https:\/\/369agara.com\/#organization"},"potentialAction":[{"@type":"SearchAction","target":{"@type":"EntryPoint","urlTemplate":"https:\/\/369agara.com\/?s={search_term_string}"},"query-input":{"@type":"PropertyValueSpecification","valueRequired":true,"valueName":"search_term_string"}}],"inLanguage":"sv-SE"},{"@type":"Organization","@id":"https:\/\/369agara.com\/#organization","name":"EACreations","url":"https:\/\/369agara.com\/","logo":{"@type":"ImageObject","inLanguage":"sv-SE","@id":"https:\/\/369agara.com\/#\/schema\/logo\/image\/","url":"","contentUrl":"","caption":"EACreations"},"image":{"@id":"https:\/\/369agara.com\/#\/schema\/logo\/image\/"}}]}},"jetpack_sharing_enabled":true,"_links":{"self":[{"href":"https:\/\/369agara.com\/sv\/wp-json\/wp\/v2\/product\/3806","targetHints":{"allow":["GET"]}}],"collection":[{"href":"https:\/\/369agara.com\/sv\/wp-json\/wp\/v2\/product"}],"about":[{"href":"https:\/\/369agara.com\/sv\/wp-json\/wp\/v2\/types\/product"}],"replies":[{"embeddable":true,"href":"https:\/\/369agara.com\/sv\/wp-json\/wp\/v2\/comments?post=3806"}],"wp:featuredmedia":[{"embeddable":true,"href":"https:\/\/369agara.com\/sv\/wp-json\/wp\/v2\/media\/3808"}],"wp:attachment":[{"href":"https:\/\/369agara.com\/sv\/wp-json\/wp\/v2\/media?parent=3806"}],"wp:term":[{"taxonomy":"product_brand","embeddable":true,"href":"https:\/\/369agara.com\/sv\/wp-json\/wp\/v2\/product_brand?post=3806"},{"taxonomy":"product_cat","embeddable":true,"href":"https:\/\/369agara.com\/sv\/wp-json\/wp\/v2\/product_cat?post=3806"},{"taxonomy":"product_tag","embeddable":true,"href":"https:\/\/369agara.com\/sv\/wp-json\/wp\/v2\/product_tag?post=3806"}],"curies":[{"name":"wp","href":"https:\/\/api.w.org\/{rel}","templated":true}]}}