{"id":3811,"date":"2025-05-12T19:48:34","date_gmt":"2025-05-12T17:48:34","guid":{"rendered":"https:\/\/369agara.com\/?post_type=product&#038;p=3811"},"modified":"2025-05-12T19:55:09","modified_gmt":"2025-05-12T17:55:09","slug":"adaptateur-hub-ethernet-rj45-lightning","status":"publish","type":"product","link":"https:\/\/369agara.com\/sv\/produkt\/adaptateur-hub-ethernet-rj45-lightning\/","title":{"rendered":"Ethernet RJ45 - Adapter f\u00f6r blixtnav"},"content":{"rendered":"<p><span style=\"font-family: 'Book Antiqua', Palatino; font-size: 120%; color: #333399;\">Med denna Ethernet-hubbadapter RJ45 till Lightning kan du ansluta en Ethernet-kabel till en Apple\u00ae iPhone, iPad eller iPod med Lightning-ing\u00e5ng.<\/span><br \/>\n<span style=\"font-family: 'Book Antiqua', Palatino; font-size: 120%; color: #333399;\"><strong>Det \u00e4r det viktigaste tillbeh\u00f6ret f\u00f6r att ansluta till Internet p\u00e5 dessa enheter utan v\u00e5gor (varken WiFi eller mobildata).<\/strong>.<\/span><\/p>\n<p><span style=\"font-family: 'Book Antiqua', Palatino; font-size: 120%; color: #333399;\">Du drar nytta av alla de tekniska f\u00f6rdelar som de medf\u00f6r, s\u00e5 att du kan komma \u00e5t Internet och surfa s\u00e5 l\u00e4nge du vill, samtidigt som du skyddas mot h\u00f6gfrekvent str\u00e5lning.<\/span><\/p>\n<p><span style=\"font-family: 'Book Antiqua', Palatino; font-size: 120%; color: #333399;\">Anslut bara ena \u00e4nden av adaptern till en RJ45 Ethernet-kabel och den andra \u00e4nden till Lightning-ing\u00e5ngen p\u00e5 den enhet du vill anv\u00e4nda, och s\u00e4tt sedan surfplattan, smarttelefonen eller den b\u00e4rbara datorn i flygplansl\u00e4ge.<\/span><br \/>\n<span style=\"font-family: 'Book Antiqua', Palatino; font-size: 120%; color: #333399;\">Du har d\u00e5 tillg\u00e5ng till alla dina favoritappar, Internet, WhatsApp och mycket mer.\u00a0<\/span><br \/>\n<span style=\"font-family: 'Book Antiqua', Palatino; font-size: 120%; color: #333399;\">S\u00e5 du kan arbeta hemifr\u00e5n, spela online och p\u00e5 ett n\u00e4tverk, titta p\u00e5 en film p\u00e5 Netflix, surfa p\u00e5 sociala n\u00e4tverk etc.<\/span><\/p>\n<p><span style=\"font-family: 'Book Antiqua', Palatino; font-size: 120%; color: #333399;\">Eftersom du befinner dig i flygplansl\u00e4ge kommer du dock inte att kunna n\u00e5s p\u00e5 din telefon och du kommer inte att kunna skicka SMS- eller MMS-meddelanden. Endast meddelandeappar kommer att fungera.<\/span><\/p>\n<p><span style=\"font-family: 'Book Antiqua', Palatino; font-size: 120%; color: #333399;\">Den h\u00e4r adaptern har ocks\u00e5 en ing\u00e5ng f\u00f6r din laddningskabel, s\u00e5 att du kan ladda din enhet medan du anv\u00e4nder den.<\/span><\/p>\n<h3><span style=\"font-family: 'Book Antiqua', Palatino; font-size: 120%; color: #333399;\">Lightning-kontakt<\/span><\/h3>\n<p><span style=\"font-family: 'Book Antiqua', Palatino; font-size: 120%; color: #333399;\">Denna RJ45 Ethernet-adapter har Lightning-anslutning och \u00e4r kompatibel med iPhones upp till iPhone 14, iPads och Apple\u00ae iPods.<\/span><\/p>\n<p><span style=\"font-family: 'Book Antiqua', Palatino; font-size: 120%; color: #333399;\">V\u00e4nligen notera! iPhones fr\u00e5n iPhone 15 och upp\u00e5t, surfplattor, MacBooks och MacBok Pros samt iPads Pro (fr\u00e5n 2018) \u00e4r utrustade med USB-C-anslutning. Dessa enheter b\u00f6r anv\u00e4ndas med v\u00e5ra\u00a0<a href=\"https:\/\/369agara.com\/produit\/adaptateur-rj45-usb-c\/\">Ethernet RJ45 - USB-C-hubbadapter<\/a>.\u00a0<\/span><\/p>\n<h3><span style=\"font-family: 'Book Antiqua', Palatino; font-size: 120%; color: #333399;\">Plug and Play<\/span><\/h3>\n<p><span style=\"font-family: 'Book Antiqua', Palatino; font-size: 120%; color: #333399;\">Adaptern kopplas enkelt in och kr\u00e4ver ingen f\u00f6reg\u00e5ende konfiguration.\u00a0<\/span><\/p>\n<h3><span style=\"font-family: 'Book Antiqua', Palatino; font-size: 120%; color: #333399;\">Tekniska specifikationer<\/span><\/h3>\n<ul>\n<li><span style=\"font-family: 'Book Antiqua', Palatino; font-size: 120%; color: #333399;\">N\u00e4tverkstyp: Gigabit Ethernet<\/span><\/li>\n<li><span style=\"font-family: 'Book Antiqua', Palatino; font-size: 120%; color: #333399;\">Laddningsfunktion<\/span><\/li>\n<li><span style=\"font-family: 'Book Antiqua', Palatino; font-size: 120%; color: #333399;\">RJ45-ing\u00e5ngs- och Lightning-utg\u00e5ngskontakter<\/span><\/li>\n<li><span style=\"font-family: 'Book Antiqua', Palatino; font-size: 120%; color: #333399;\">Material: Plast<\/span><\/li>\n<\/ul>","protected":false},"excerpt":{"rendered":"<p><span style=\"font-family: 'Book Antiqua', Palatino; font-size: 120%; color: #333399;\">Denna RJ45 till Lightning Ethernet-hubbadapter ansluter en Ethernet-kabel till en Apple\u00ae iPhone, iPad eller iPod med en Lightning-ing\u00e5ng. <\/span><\/p>\n<p><span style=\"font-family: 'Book Antiqua', Palatino; font-size: 120%; color: #333399;\"><strong>Detta inneb\u00e4r att du kan ansluta till Internet p\u00e5 dessa enheter utan att beh\u00f6va oroa dig f\u00f6r v\u00e5gor.<\/strong> (ingen WiFi eller mobildata). <\/span><\/p>\n<p><span style=\"font-family: 'Book Antiqua', Palatino; font-size: 120%; color: #333399;\">Perfekt f\u00f6r anv\u00e4ndning p\u00e5 kontoret eller i hemmet.<\/span><\/p>","protected":false},"featured_media":3812,"comment_status":"open","ping_status":"closed","template":"","meta":[],"product_brand":[],"product_cat":[164],"product_tag":[248,246,247,249,245],"class_list":{"0":"post-3811","1":"product","2":"type-product","3":"status-publish","4":"has-post-thumbnail","6":"product_cat-baubiologie","7":"product_tag-baubiologie","8":"product_tag-bureau","9":"product_tag-chambre","10":"product_tag-electromagnetisme","11":"product_tag-maison","13":"first","14":"instock","15":"taxable","16":"shipping-taxable","17":"purchasable","18":"product-type-simple"},"yoast_head":"<!-- This site is optimized with the Yoast SEO Premium plugin v25.1 (Yoast SEO v27.4) - https:\/\/yoast.com\/product\/yoast-seo-premium-wordpress\/ -->\n<title>Adaptateur hub Ethernet RJ45 - Lightning | Agara<\/title>\n<meta name=\"description\" content=\"Cet adaptateur hub Ethernet RJ45 - Lightning permet de relier un c\u00e2ble Ethernet \u00e0 un iPhone, iPad, iPod Apple\u00ae muni d&#039;une entr\u00e9e Lightning.Vous pouvez ainsi vous connecter \u00e0 Internet sur ces appareils sans aucune onde (ni WiFi, ni donn\u00e9es mobiles).Id\u00e9al au bureau et \u00e0 la maison.\" \/>\n<meta name=\"robots\" content=\"index, follow, max-snippet:-1, max-image-preview:large, max-video-preview:-1\" \/>\n<link rel=\"canonical\" href=\"https:\/\/369agara.com\/sv\/produkt\/adaptateur-hub-ethernet-rj45-lightning\/\" \/>\n<meta property=\"og:locale\" content=\"sv_SE\" \/>\n<meta property=\"og:type\" content=\"article\" \/>\n<meta property=\"og:title\" content=\"Adaptateur hub Ethernet RJ45 - Lightning\" \/>\n<meta property=\"og:description\" content=\"Cet adaptateur hub Ethernet RJ45 - Lightning permet de relier un c\u00e2ble Ethernet \u00e0 un iPhone, iPad, iPod Apple\u00ae muni d&#039;une entr\u00e9e Lightning.Vous pouvez ainsi vous connecter \u00e0 Internet sur ces appareils sans aucune onde (ni WiFi, ni donn\u00e9es mobiles).Id\u00e9al au bureau et \u00e0 la maison.\" \/>\n<meta property=\"og:url\" content=\"https:\/\/369agara.com\/sv\/produkt\/adaptateur-hub-ethernet-rj45-lightning\/\" \/>\n<meta property=\"og:site_name\" content=\"Agara\" \/>\n<meta property=\"article:modified_time\" content=\"2025-05-12T17:55:09+00:00\" \/>\n<meta property=\"og:image\" content=\"https:\/\/369agara.com\/wp-content\/uploads\/2025\/05\/adaptateur-hub-ethernet-rj45-lightning.jpg\" \/>\n\t<meta property=\"og:image:width\" content=\"800\" \/>\n\t<meta property=\"og:image:height\" content=\"800\" \/>\n\t<meta property=\"og:image:type\" content=\"image\/jpeg\" \/>\n<meta name=\"twitter:card\" content=\"summary_large_image\" \/>\n<meta name=\"twitter:label1\" content=\"Ber\u00e4knad l\u00e4stid\" \/>\n\t<meta name=\"twitter:data1\" content=\"2 minuter\" \/>\n<script type=\"application\/ld+json\" class=\"yoast-schema-graph\">{\"@context\":\"https:\\\/\\\/schema.org\",\"@graph\":[{\"@type\":\"WebPage\",\"@id\":\"https:\\\/\\\/369agara.com\\\/produit\\\/adaptateur-hub-ethernet-rj45-lightning\\\/\",\"url\":\"https:\\\/\\\/369agara.com\\\/produit\\\/adaptateur-hub-ethernet-rj45-lightning\\\/\",\"name\":\"Adaptateur hub Ethernet RJ45 - Lightning | Agara\",\"isPartOf\":{\"@id\":\"https:\\\/\\\/369agara.com\\\/#website\"},\"primaryImageOfPage\":{\"@id\":\"https:\\\/\\\/369agara.com\\\/produit\\\/adaptateur-hub-ethernet-rj45-lightning\\\/#primaryimage\"},\"image\":{\"@id\":\"https:\\\/\\\/369agara.com\\\/produit\\\/adaptateur-hub-ethernet-rj45-lightning\\\/#primaryimage\"},\"thumbnailUrl\":\"https:\\\/\\\/369agara.com\\\/wp-content\\\/uploads\\\/2025\\\/05\\\/adaptateur-hub-ethernet-rj45-lightning.jpg\",\"datePublished\":\"2025-05-12T17:48:34+00:00\",\"dateModified\":\"2025-05-12T17:55:09+00:00\",\"description\":\"Cet adaptateur hub Ethernet RJ45 - Lightning permet de relier un c\u00e2ble Ethernet \u00e0 un iPhone, iPad, iPod Apple\u00ae muni d'une entr\u00e9e Lightning.Vous pouvez ainsi vous connecter \u00e0 Internet sur ces appareils sans aucune onde (ni WiFi, ni donn\u00e9es mobiles).Id\u00e9al au bureau et \u00e0 la maison.\",\"breadcrumb\":{\"@id\":\"https:\\\/\\\/369agara.com\\\/produit\\\/adaptateur-hub-ethernet-rj45-lightning\\\/#breadcrumb\"},\"inLanguage\":\"sv-SE\",\"potentialAction\":[{\"@type\":\"ReadAction\",\"target\":[\"https:\\\/\\\/369agara.com\\\/produit\\\/adaptateur-hub-ethernet-rj45-lightning\\\/\"]}]},{\"@type\":\"ImageObject\",\"inLanguage\":\"sv-SE\",\"@id\":\"https:\\\/\\\/369agara.com\\\/produit\\\/adaptateur-hub-ethernet-rj45-lightning\\\/#primaryimage\",\"url\":\"https:\\\/\\\/369agara.com\\\/wp-content\\\/uploads\\\/2025\\\/05\\\/adaptateur-hub-ethernet-rj45-lightning.jpg\",\"contentUrl\":\"https:\\\/\\\/369agara.com\\\/wp-content\\\/uploads\\\/2025\\\/05\\\/adaptateur-hub-ethernet-rj45-lightning.jpg\",\"width\":800,\"height\":800},{\"@type\":\"BreadcrumbList\",\"@id\":\"https:\\\/\\\/369agara.com\\\/produit\\\/adaptateur-hub-ethernet-rj45-lightning\\\/#breadcrumb\",\"itemListElement\":[{\"@type\":\"ListItem\",\"position\":1,\"name\":\"Accueil\",\"item\":\"https:\\\/\\\/369agara.com\\\/\"},{\"@type\":\"ListItem\",\"position\":2,\"name\":\"La boutique\",\"item\":\"https:\\\/\\\/369agara.com\\\/la-boutique\\\/\"},{\"@type\":\"ListItem\",\"position\":3,\"name\":\"Adaptateur hub Ethernet RJ45 &#8211; Lightning\"}]},{\"@type\":\"WebSite\",\"@id\":\"https:\\\/\\\/369agara.com\\\/#website\",\"url\":\"https:\\\/\\\/369agara.com\\\/\",\"name\":\"Livsrikedomar\",\"description\":\"D\u00e9connectez pour mieux vous connecter\",\"publisher\":{\"@id\":\"https:\\\/\\\/369agara.com\\\/#organization\"},\"potentialAction\":[{\"@type\":\"SearchAction\",\"target\":{\"@type\":\"EntryPoint\",\"urlTemplate\":\"https:\\\/\\\/369agara.com\\\/?s={search_term_string}\"},\"query-input\":{\"@type\":\"PropertyValueSpecification\",\"valueRequired\":true,\"valueName\":\"search_term_string\"}}],\"inLanguage\":\"sv-SE\"},{\"@type\":\"Organization\",\"@id\":\"https:\\\/\\\/369agara.com\\\/#organization\",\"name\":\"EACreations\",\"url\":\"https:\\\/\\\/369agara.com\\\/\",\"logo\":{\"@type\":\"ImageObject\",\"inLanguage\":\"sv-SE\",\"@id\":\"https:\\\/\\\/369agara.com\\\/#\\\/schema\\\/logo\\\/image\\\/\",\"url\":\"\",\"contentUrl\":\"\",\"caption\":\"EACreations\"},\"image\":{\"@id\":\"https:\\\/\\\/369agara.com\\\/#\\\/schema\\\/logo\\\/image\\\/\"}}]}<\/script>\n<!-- \/ Yoast SEO Premium plugin. -->","yoast_head_json":{"title":"Adaptateur hub Ethernet RJ45 - Lightning | Agara","description":"Cet adaptateur hub Ethernet RJ45 - Lightning permet de relier un c\u00e2ble Ethernet \u00e0 un iPhone, iPad, iPod Apple\u00ae muni d'une entr\u00e9e Lightning.Vous pouvez ainsi vous connecter \u00e0 Internet sur ces appareils sans aucune onde (ni WiFi, ni donn\u00e9es mobiles).Id\u00e9al au bureau et \u00e0 la maison.","robots":{"index":"index","follow":"follow","max-snippet":"max-snippet:-1","max-image-preview":"max-image-preview:large","max-video-preview":"max-video-preview:-1"},"canonical":"https:\/\/369agara.com\/sv\/produkt\/adaptateur-hub-ethernet-rj45-lightning\/","og_locale":"sv_SE","og_type":"article","og_title":"Adaptateur hub Ethernet RJ45 - Lightning","og_description":"Cet adaptateur hub Ethernet RJ45 - Lightning permet de relier un c\u00e2ble Ethernet \u00e0 un iPhone, iPad, iPod Apple\u00ae muni d'une entr\u00e9e Lightning.Vous pouvez ainsi vous connecter \u00e0 Internet sur ces appareils sans aucune onde (ni WiFi, ni donn\u00e9es mobiles).Id\u00e9al au bureau et \u00e0 la maison.","og_url":"https:\/\/369agara.com\/sv\/produkt\/adaptateur-hub-ethernet-rj45-lightning\/","og_site_name":"Agara","article_modified_time":"2025-05-12T17:55:09+00:00","og_image":[{"width":800,"height":800,"url":"https:\/\/369agara.com\/wp-content\/uploads\/2025\/05\/adaptateur-hub-ethernet-rj45-lightning.jpg","type":"image\/jpeg"}],"twitter_card":"summary_large_image","twitter_misc":{"Ber\u00e4knad l\u00e4stid":"2 minuter"},"schema":{"@context":"https:\/\/schema.org","@graph":[{"@type":"WebPage","@id":"https:\/\/369agara.com\/produit\/adaptateur-hub-ethernet-rj45-lightning\/","url":"https:\/\/369agara.com\/produit\/adaptateur-hub-ethernet-rj45-lightning\/","name":"Adaptateur hub Ethernet RJ45 - Lightning | Agara","isPartOf":{"@id":"https:\/\/369agara.com\/#website"},"primaryImageOfPage":{"@id":"https:\/\/369agara.com\/produit\/adaptateur-hub-ethernet-rj45-lightning\/#primaryimage"},"image":{"@id":"https:\/\/369agara.com\/produit\/adaptateur-hub-ethernet-rj45-lightning\/#primaryimage"},"thumbnailUrl":"https:\/\/369agara.com\/wp-content\/uploads\/2025\/05\/adaptateur-hub-ethernet-rj45-lightning.jpg","datePublished":"2025-05-12T17:48:34+00:00","dateModified":"2025-05-12T17:55:09+00:00","description":"Cet adaptateur hub Ethernet RJ45 - Lightning permet de relier un c\u00e2ble Ethernet \u00e0 un iPhone, iPad, iPod Apple\u00ae muni d'une entr\u00e9e Lightning.Vous pouvez ainsi vous connecter \u00e0 Internet sur ces appareils sans aucune onde (ni WiFi, ni donn\u00e9es mobiles).Id\u00e9al au bureau et \u00e0 la maison.","breadcrumb":{"@id":"https:\/\/369agara.com\/produit\/adaptateur-hub-ethernet-rj45-lightning\/#breadcrumb"},"inLanguage":"sv-SE","potentialAction":[{"@type":"ReadAction","target":["https:\/\/369agara.com\/produit\/adaptateur-hub-ethernet-rj45-lightning\/"]}]},{"@type":"ImageObject","inLanguage":"sv-SE","@id":"https:\/\/369agara.com\/produit\/adaptateur-hub-ethernet-rj45-lightning\/#primaryimage","url":"https:\/\/369agara.com\/wp-content\/uploads\/2025\/05\/adaptateur-hub-ethernet-rj45-lightning.jpg","contentUrl":"https:\/\/369agara.com\/wp-content\/uploads\/2025\/05\/adaptateur-hub-ethernet-rj45-lightning.jpg","width":800,"height":800},{"@type":"BreadcrumbList","@id":"https:\/\/369agara.com\/produit\/adaptateur-hub-ethernet-rj45-lightning\/#breadcrumb","itemListElement":[{"@type":"ListItem","position":1,"name":"Accueil","item":"https:\/\/369agara.com\/"},{"@type":"ListItem","position":2,"name":"La boutique","item":"https:\/\/369agara.com\/la-boutique\/"},{"@type":"ListItem","position":3,"name":"Adaptateur hub Ethernet RJ45 &#8211; Lightning"}]},{"@type":"WebSite","@id":"https:\/\/369agara.com\/#website","url":"https:\/\/369agara.com\/","name":"Livsrikedomar","description":"Koppla bort f\u00f6r att skapa b\u00e4ttre kontakt","publisher":{"@id":"https:\/\/369agara.com\/#organization"},"potentialAction":[{"@type":"SearchAction","target":{"@type":"EntryPoint","urlTemplate":"https:\/\/369agara.com\/?s={search_term_string}"},"query-input":{"@type":"PropertyValueSpecification","valueRequired":true,"valueName":"search_term_string"}}],"inLanguage":"sv-SE"},{"@type":"Organization","@id":"https:\/\/369agara.com\/#organization","name":"EACreations","url":"https:\/\/369agara.com\/","logo":{"@type":"ImageObject","inLanguage":"sv-SE","@id":"https:\/\/369agara.com\/#\/schema\/logo\/image\/","url":"","contentUrl":"","caption":"EACreations"},"image":{"@id":"https:\/\/369agara.com\/#\/schema\/logo\/image\/"}}]}},"jetpack_sharing_enabled":true,"_links":{"self":[{"href":"https:\/\/369agara.com\/sv\/wp-json\/wp\/v2\/product\/3811","targetHints":{"allow":["GET"]}}],"collection":[{"href":"https:\/\/369agara.com\/sv\/wp-json\/wp\/v2\/product"}],"about":[{"href":"https:\/\/369agara.com\/sv\/wp-json\/wp\/v2\/types\/product"}],"replies":[{"embeddable":true,"href":"https:\/\/369agara.com\/sv\/wp-json\/wp\/v2\/comments?post=3811"}],"wp:featuredmedia":[{"embeddable":true,"href":"https:\/\/369agara.com\/sv\/wp-json\/wp\/v2\/media\/3812"}],"wp:attachment":[{"href":"https:\/\/369agara.com\/sv\/wp-json\/wp\/v2\/media?parent=3811"}],"wp:term":[{"taxonomy":"product_brand","embeddable":true,"href":"https:\/\/369agara.com\/sv\/wp-json\/wp\/v2\/product_brand?post=3811"},{"taxonomy":"product_cat","embeddable":true,"href":"https:\/\/369agara.com\/sv\/wp-json\/wp\/v2\/product_cat?post=3811"},{"taxonomy":"product_tag","embeddable":true,"href":"https:\/\/369agara.com\/sv\/wp-json\/wp\/v2\/product_tag?post=3811"}],"curies":[{"name":"wp","href":"https:\/\/api.w.org\/{rel}","templated":true}]}}