{"id":3815,"date":"2025-05-12T19:54:17","date_gmt":"2025-05-12T17:54:17","guid":{"rendered":"https:\/\/369agara.com\/?post_type=product&#038;p=3815"},"modified":"2025-05-12T20:03:35","modified_gmt":"2025-05-12T18:03:35","slug":"adaptateur-rj45-usb-c","status":"publish","type":"product","link":"https:\/\/369agara.com\/sv\/produkt\/adaptateur-rj45-usb-c\/","title":{"rendered":"Ethernet RJ45 - USB-C-hubbadapter"},"content":{"rendered":"<p><span style=\"font-family: 'Book Antiqua', Palatino; font-size: 120%; color: #333399;\">Denna RJ45 - USB-C Ethernet-hubbadapter ansluter en Ethernet-kabel till en b\u00e4rbar dator, surfplatta eller smartphone med en USB-C-ing\u00e5ng.<\/span><br \/>\n<span style=\"font-family: 'Book Antiqua', Palatino; font-size: 120%; color: #333399;\"><strong>Det \u00e4r det viktigaste tillbeh\u00f6ret f\u00f6r att ansluta till Internet p\u00e5 dessa enheter utan v\u00e5gor (varken WiFi eller mobildata).<\/strong>.<\/span><\/p>\n<p><span style=\"font-family: 'Book Antiqua', Palatino; font-size: 120%; color: #333399;\">Du drar nytta av alla de tekniska f\u00f6rdelar som de medf\u00f6r, s\u00e5 att du kan komma \u00e5t Internet och surfa s\u00e5 l\u00e4nge du vill, samtidigt som du skyddas mot h\u00f6gfrekvent str\u00e5lning.<\/span><\/p>\n<p><span style=\"font-family: 'Book Antiqua', Palatino; font-size: 120%; color: #333399;\">F\u00f6r att g\u00f6ra detta ansluter du helt enkelt ena sidan av adaptern till en RJ45 Ethernet-kabel och den andra sidan till USB-C-ing\u00e5ngen p\u00e5 den enhet du vill anv\u00e4nda, och s\u00e4tter sedan surfplattan, smarttelefonen eller den b\u00e4rbara datorn i flygplansl\u00e4ge.<\/span><br \/>\n<span style=\"font-family: 'Book Antiqua', Palatino; font-size: 120%; color: #333399;\">Du har d\u00e5 tillg\u00e5ng till alla dina favoritappar, Internet, WhatsApp och mycket mer.\u00a0<\/span><br \/>\n<span style=\"font-family: 'Book Antiqua', Palatino; font-size: 120%; color: #333399;\">S\u00e5 du kan arbeta hemifr\u00e5n, spela online och p\u00e5 ett n\u00e4tverk, titta p\u00e5 en film p\u00e5 Netflix, surfa p\u00e5 sociala n\u00e4tverk etc.<\/span><\/p>\n<p><span style=\"font-family: 'Book Antiqua', Palatino; font-size: 120%; color: #333399;\">Eftersom du befinner dig i flygplansl\u00e4ge kommer du dock inte att kunna n\u00e5s p\u00e5 din telefon och du kommer inte att kunna skicka SMS- eller MMS-meddelanden. Endast meddelandeappar kommer att fungera.<\/span><\/p>\n<h3><span style=\"font-family: 'Book Antiqua', Palatino; font-size: 120%; color: #333399;\">USB-C-anslutning<\/span><\/h3>\n<p><span style=\"font-family: 'Book Antiqua', Palatino; font-size: 120%; color: #333399;\">Denna RJ45 Ethernet-adapter har USB-C-anslutning, kompatibel med MacBooks och MacBook Pros, de flesta Android-surfplattor och de flesta smartphones med USB-C-anslutning (Huawei, Samsung, iPhone 15, etc.).<\/span><\/p>\n<h3><span style=\"font-family: 'Book Antiqua', Palatino; font-size: 120%; color: #333399;\">Plug and Play<\/span><\/h3>\n<p><span style=\"font-family: 'Book Antiqua', Palatino; font-size: 120%; color: #333399;\">Adaptern kopplas enkelt in och kr\u00e4ver ingen f\u00f6reg\u00e5ende konfiguration.\u00a0<\/span><\/p>\n<h3><span style=\"font-family: 'Book Antiqua', Palatino; font-size: 120%; color: #333399;\">Tekniska specifikationer<\/span><\/h3>\n<ul>\n<li><span style=\"font-family: 'Book Antiqua', Palatino; font-size: 120%; color: #333399;\">N\u00e4tverkstyp: Gigabit Ethernet<\/span><\/li>\n<li><span style=\"font-family: 'Book Antiqua', Palatino; font-size: 120%; color: #333399;\">RJ45-ing\u00e5ng och USB-C-utg\u00e5ngskontakter<\/span><\/li>\n<li><span style=\"font-family: 'Book Antiqua', Palatino; font-size: 120%; color: #333399;\">\u00d6verf\u00f6ringshastighet: 1200 Mbps<\/span><\/li>\n<li><span style=\"font-family: 'Book Antiqua', Palatino; font-size: 120%; color: #333399;\">\u00d6verf\u00f6ringshastighet f\u00f6r Lan: 1000 M Ethernet<\/span><\/li>\n<li><span style=\"font-family: 'Book Antiqua', Palatino; font-size: 120%; color: #333399;\">Material: metall<\/span><\/li>\n<li><span style=\"font-family: 'Book Antiqua', Palatino; font-size: 120%; color: #333399;\">System: Windows, Mac OS, Linux, Chrome OS, iPad OS, Android, iOS, etc.<\/span><\/li>\n<\/ul>","protected":false},"excerpt":{"rendered":"<p>Denna RJ45 - USB-C Ethernet-hubbadapter ansluter en Ethernet-kabel till en b\u00e4rbar eller station\u00e4r dator, surfplatta eller smartphone med en USB-C-ing\u00e5ng.<\/p>\n<p><strong>Detta inneb\u00e4r att du kan ansluta till Internet p\u00e5 dessa enheter utan att beh\u00f6va oroa dig f\u00f6r v\u00e5gor.<\/strong> (ingen WiFi eller mobildata).<\/p>\n<p>Perfekt f\u00f6r anv\u00e4ndning p\u00e5 kontoret eller i hemmet.<\/p>","protected":false},"featured_media":3813,"comment_status":"open","ping_status":"closed","template":"","meta":[],"product_brand":[],"product_cat":[164],"product_tag":[248,246,247,249,245],"class_list":{"0":"post-3815","1":"product","2":"type-product","3":"status-publish","4":"has-post-thumbnail","6":"product_cat-baubiologie","7":"product_tag-baubiologie","8":"product_tag-bureau","9":"product_tag-chambre","10":"product_tag-electromagnetisme","11":"product_tag-maison","13":"first","14":"instock","15":"taxable","16":"shipping-taxable","17":"purchasable","18":"product-type-simple"},"yoast_head":"<!-- This site is optimized with the Yoast SEO Premium plugin v25.1 (Yoast SEO v27.4) - https:\/\/yoast.com\/product\/yoast-seo-premium-wordpress\/ -->\n<title>Adaptateur hub Ethernet RJ45 - USB-C | Agara<\/title>\n<meta name=\"description\" content=\"Cet adaptateur hub Ethernet RJ45 - USB-C permet de relier un c\u00e2ble Ethernet \u00e0 un ordinateur portable ou fixe, \u00e0 une tablette ou un smartphone muni d&#039;une entr\u00e9e USB-C.\u00a0Vous pouvez ainsi vous connecter \u00e0 Internet sur ces appareils sans aucune onde (ni WiFi, ni donn\u00e9es mobiles).\u00a0Id\u00e9al au bureau et \u00e0 la maison.\" \/>\n<meta name=\"robots\" content=\"index, follow, max-snippet:-1, max-image-preview:large, max-video-preview:-1\" \/>\n<link rel=\"canonical\" href=\"https:\/\/369agara.com\/sv\/produkt\/adaptateur-rj45-usb-c\/\" \/>\n<meta property=\"og:locale\" content=\"sv_SE\" \/>\n<meta property=\"og:type\" content=\"article\" \/>\n<meta property=\"og:title\" content=\"Adaptateur hub Ethernet RJ45 - USB-C\" \/>\n<meta property=\"og:description\" content=\"Cet adaptateur hub Ethernet RJ45 - USB-C permet de relier un c\u00e2ble Ethernet \u00e0 un ordinateur portable ou fixe, \u00e0 une tablette ou un smartphone muni d&#039;une entr\u00e9e USB-C.\u00a0Vous pouvez ainsi vous connecter \u00e0 Internet sur ces appareils sans aucune onde (ni WiFi, ni donn\u00e9es mobiles).\u00a0Id\u00e9al au bureau et \u00e0 la maison.\" \/>\n<meta property=\"og:url\" content=\"https:\/\/369agara.com\/sv\/produkt\/adaptateur-rj45-usb-c\/\" \/>\n<meta property=\"og:site_name\" content=\"Agara\" \/>\n<meta property=\"article:modified_time\" content=\"2025-05-12T18:03:35+00:00\" \/>\n<meta property=\"og:image\" content=\"https:\/\/369agara.com\/wp-content\/uploads\/2025\/05\/adaptateur-hub-ethernet-rj45-usb-c.jpg\" \/>\n\t<meta property=\"og:image:width\" content=\"800\" \/>\n\t<meta property=\"og:image:height\" content=\"800\" \/>\n\t<meta property=\"og:image:type\" content=\"image\/jpeg\" \/>\n<meta name=\"twitter:card\" content=\"summary_large_image\" \/>\n<meta name=\"twitter:label1\" content=\"Ber\u00e4knad l\u00e4stid\" \/>\n\t<meta name=\"twitter:data1\" content=\"2 minuter\" \/>\n<script type=\"application\/ld+json\" class=\"yoast-schema-graph\">{\"@context\":\"https:\\\/\\\/schema.org\",\"@graph\":[{\"@type\":\"WebPage\",\"@id\":\"https:\\\/\\\/369agara.com\\\/produit\\\/adaptateur-rj45-usb-c\\\/\",\"url\":\"https:\\\/\\\/369agara.com\\\/produit\\\/adaptateur-rj45-usb-c\\\/\",\"name\":\"Adaptateur hub Ethernet RJ45 - USB-C | Agara\",\"isPartOf\":{\"@id\":\"https:\\\/\\\/369agara.com\\\/#website\"},\"primaryImageOfPage\":{\"@id\":\"https:\\\/\\\/369agara.com\\\/produit\\\/adaptateur-rj45-usb-c\\\/#primaryimage\"},\"image\":{\"@id\":\"https:\\\/\\\/369agara.com\\\/produit\\\/adaptateur-rj45-usb-c\\\/#primaryimage\"},\"thumbnailUrl\":\"https:\\\/\\\/369agara.com\\\/wp-content\\\/uploads\\\/2025\\\/05\\\/adaptateur-hub-ethernet-rj45-usb-c.jpg\",\"datePublished\":\"2025-05-12T17:54:17+00:00\",\"dateModified\":\"2025-05-12T18:03:35+00:00\",\"description\":\"Cet adaptateur hub Ethernet RJ45 - USB-C permet de relier un c\u00e2ble Ethernet \u00e0 un ordinateur portable ou fixe, \u00e0 une tablette ou un smartphone muni d'une entr\u00e9e USB-C.\u00a0Vous pouvez ainsi vous connecter \u00e0 Internet sur ces appareils sans aucune onde (ni WiFi, ni donn\u00e9es mobiles).\u00a0Id\u00e9al au bureau et \u00e0 la maison.\",\"breadcrumb\":{\"@id\":\"https:\\\/\\\/369agara.com\\\/produit\\\/adaptateur-rj45-usb-c\\\/#breadcrumb\"},\"inLanguage\":\"sv-SE\",\"potentialAction\":[{\"@type\":\"ReadAction\",\"target\":[\"https:\\\/\\\/369agara.com\\\/produit\\\/adaptateur-rj45-usb-c\\\/\"]}]},{\"@type\":\"ImageObject\",\"inLanguage\":\"sv-SE\",\"@id\":\"https:\\\/\\\/369agara.com\\\/produit\\\/adaptateur-rj45-usb-c\\\/#primaryimage\",\"url\":\"https:\\\/\\\/369agara.com\\\/wp-content\\\/uploads\\\/2025\\\/05\\\/adaptateur-hub-ethernet-rj45-usb-c.jpg\",\"contentUrl\":\"https:\\\/\\\/369agara.com\\\/wp-content\\\/uploads\\\/2025\\\/05\\\/adaptateur-hub-ethernet-rj45-usb-c.jpg\",\"width\":800,\"height\":800},{\"@type\":\"BreadcrumbList\",\"@id\":\"https:\\\/\\\/369agara.com\\\/produit\\\/adaptateur-rj45-usb-c\\\/#breadcrumb\",\"itemListElement\":[{\"@type\":\"ListItem\",\"position\":1,\"name\":\"Accueil\",\"item\":\"https:\\\/\\\/369agara.com\\\/\"},{\"@type\":\"ListItem\",\"position\":2,\"name\":\"La boutique\",\"item\":\"https:\\\/\\\/369agara.com\\\/la-boutique\\\/\"},{\"@type\":\"ListItem\",\"position\":3,\"name\":\"Adaptateur hub Ethernet RJ45 &#8211; USB-C\"}]},{\"@type\":\"WebSite\",\"@id\":\"https:\\\/\\\/369agara.com\\\/#website\",\"url\":\"https:\\\/\\\/369agara.com\\\/\",\"name\":\"Livsrikedomar\",\"description\":\"D\u00e9connectez pour mieux vous connecter\",\"publisher\":{\"@id\":\"https:\\\/\\\/369agara.com\\\/#organization\"},\"potentialAction\":[{\"@type\":\"SearchAction\",\"target\":{\"@type\":\"EntryPoint\",\"urlTemplate\":\"https:\\\/\\\/369agara.com\\\/?s={search_term_string}\"},\"query-input\":{\"@type\":\"PropertyValueSpecification\",\"valueRequired\":true,\"valueName\":\"search_term_string\"}}],\"inLanguage\":\"sv-SE\"},{\"@type\":\"Organization\",\"@id\":\"https:\\\/\\\/369agara.com\\\/#organization\",\"name\":\"EACreations\",\"url\":\"https:\\\/\\\/369agara.com\\\/\",\"logo\":{\"@type\":\"ImageObject\",\"inLanguage\":\"sv-SE\",\"@id\":\"https:\\\/\\\/369agara.com\\\/#\\\/schema\\\/logo\\\/image\\\/\",\"url\":\"\",\"contentUrl\":\"\",\"caption\":\"EACreations\"},\"image\":{\"@id\":\"https:\\\/\\\/369agara.com\\\/#\\\/schema\\\/logo\\\/image\\\/\"}}]}<\/script>\n<!-- \/ Yoast SEO Premium plugin. -->","yoast_head_json":{"title":"Adaptateur hub Ethernet RJ45 - USB-C | Agara","description":"Cet adaptateur hub Ethernet RJ45 - USB-C permet de relier un c\u00e2ble Ethernet \u00e0 un ordinateur portable ou fixe, \u00e0 une tablette ou un smartphone muni d'une entr\u00e9e USB-C.\u00a0Vous pouvez ainsi vous connecter \u00e0 Internet sur ces appareils sans aucune onde (ni WiFi, ni donn\u00e9es mobiles).\u00a0Id\u00e9al au bureau et \u00e0 la maison.","robots":{"index":"index","follow":"follow","max-snippet":"max-snippet:-1","max-image-preview":"max-image-preview:large","max-video-preview":"max-video-preview:-1"},"canonical":"https:\/\/369agara.com\/sv\/produkt\/adaptateur-rj45-usb-c\/","og_locale":"sv_SE","og_type":"article","og_title":"Adaptateur hub Ethernet RJ45 - USB-C","og_description":"Cet adaptateur hub Ethernet RJ45 - USB-C permet de relier un c\u00e2ble Ethernet \u00e0 un ordinateur portable ou fixe, \u00e0 une tablette ou un smartphone muni d'une entr\u00e9e USB-C.\u00a0Vous pouvez ainsi vous connecter \u00e0 Internet sur ces appareils sans aucune onde (ni WiFi, ni donn\u00e9es mobiles).\u00a0Id\u00e9al au bureau et \u00e0 la maison.","og_url":"https:\/\/369agara.com\/sv\/produkt\/adaptateur-rj45-usb-c\/","og_site_name":"Agara","article_modified_time":"2025-05-12T18:03:35+00:00","og_image":[{"width":800,"height":800,"url":"https:\/\/369agara.com\/wp-content\/uploads\/2025\/05\/adaptateur-hub-ethernet-rj45-usb-c.jpg","type":"image\/jpeg"}],"twitter_card":"summary_large_image","twitter_misc":{"Ber\u00e4knad l\u00e4stid":"2 minuter"},"schema":{"@context":"https:\/\/schema.org","@graph":[{"@type":"WebPage","@id":"https:\/\/369agara.com\/produit\/adaptateur-rj45-usb-c\/","url":"https:\/\/369agara.com\/produit\/adaptateur-rj45-usb-c\/","name":"Adaptateur hub Ethernet RJ45 - USB-C | Agara","isPartOf":{"@id":"https:\/\/369agara.com\/#website"},"primaryImageOfPage":{"@id":"https:\/\/369agara.com\/produit\/adaptateur-rj45-usb-c\/#primaryimage"},"image":{"@id":"https:\/\/369agara.com\/produit\/adaptateur-rj45-usb-c\/#primaryimage"},"thumbnailUrl":"https:\/\/369agara.com\/wp-content\/uploads\/2025\/05\/adaptateur-hub-ethernet-rj45-usb-c.jpg","datePublished":"2025-05-12T17:54:17+00:00","dateModified":"2025-05-12T18:03:35+00:00","description":"Cet adaptateur hub Ethernet RJ45 - USB-C permet de relier un c\u00e2ble Ethernet \u00e0 un ordinateur portable ou fixe, \u00e0 une tablette ou un smartphone muni d'une entr\u00e9e USB-C.\u00a0Vous pouvez ainsi vous connecter \u00e0 Internet sur ces appareils sans aucune onde (ni WiFi, ni donn\u00e9es mobiles).\u00a0Id\u00e9al au bureau et \u00e0 la maison.","breadcrumb":{"@id":"https:\/\/369agara.com\/produit\/adaptateur-rj45-usb-c\/#breadcrumb"},"inLanguage":"sv-SE","potentialAction":[{"@type":"ReadAction","target":["https:\/\/369agara.com\/produit\/adaptateur-rj45-usb-c\/"]}]},{"@type":"ImageObject","inLanguage":"sv-SE","@id":"https:\/\/369agara.com\/produit\/adaptateur-rj45-usb-c\/#primaryimage","url":"https:\/\/369agara.com\/wp-content\/uploads\/2025\/05\/adaptateur-hub-ethernet-rj45-usb-c.jpg","contentUrl":"https:\/\/369agara.com\/wp-content\/uploads\/2025\/05\/adaptateur-hub-ethernet-rj45-usb-c.jpg","width":800,"height":800},{"@type":"BreadcrumbList","@id":"https:\/\/369agara.com\/produit\/adaptateur-rj45-usb-c\/#breadcrumb","itemListElement":[{"@type":"ListItem","position":1,"name":"Accueil","item":"https:\/\/369agara.com\/"},{"@type":"ListItem","position":2,"name":"La boutique","item":"https:\/\/369agara.com\/la-boutique\/"},{"@type":"ListItem","position":3,"name":"Adaptateur hub Ethernet RJ45 &#8211; USB-C"}]},{"@type":"WebSite","@id":"https:\/\/369agara.com\/#website","url":"https:\/\/369agara.com\/","name":"Livsrikedomar","description":"Koppla bort f\u00f6r att skapa b\u00e4ttre kontakt","publisher":{"@id":"https:\/\/369agara.com\/#organization"},"potentialAction":[{"@type":"SearchAction","target":{"@type":"EntryPoint","urlTemplate":"https:\/\/369agara.com\/?s={search_term_string}"},"query-input":{"@type":"PropertyValueSpecification","valueRequired":true,"valueName":"search_term_string"}}],"inLanguage":"sv-SE"},{"@type":"Organization","@id":"https:\/\/369agara.com\/#organization","name":"EACreations","url":"https:\/\/369agara.com\/","logo":{"@type":"ImageObject","inLanguage":"sv-SE","@id":"https:\/\/369agara.com\/#\/schema\/logo\/image\/","url":"","contentUrl":"","caption":"EACreations"},"image":{"@id":"https:\/\/369agara.com\/#\/schema\/logo\/image\/"}}]}},"jetpack_sharing_enabled":true,"_links":{"self":[{"href":"https:\/\/369agara.com\/sv\/wp-json\/wp\/v2\/product\/3815","targetHints":{"allow":["GET"]}}],"collection":[{"href":"https:\/\/369agara.com\/sv\/wp-json\/wp\/v2\/product"}],"about":[{"href":"https:\/\/369agara.com\/sv\/wp-json\/wp\/v2\/types\/product"}],"replies":[{"embeddable":true,"href":"https:\/\/369agara.com\/sv\/wp-json\/wp\/v2\/comments?post=3815"}],"wp:featuredmedia":[{"embeddable":true,"href":"https:\/\/369agara.com\/sv\/wp-json\/wp\/v2\/media\/3813"}],"wp:attachment":[{"href":"https:\/\/369agara.com\/sv\/wp-json\/wp\/v2\/media?parent=3815"}],"wp:term":[{"taxonomy":"product_brand","embeddable":true,"href":"https:\/\/369agara.com\/sv\/wp-json\/wp\/v2\/product_brand?post=3815"},{"taxonomy":"product_cat","embeddable":true,"href":"https:\/\/369agara.com\/sv\/wp-json\/wp\/v2\/product_cat?post=3815"},{"taxonomy":"product_tag","embeddable":true,"href":"https:\/\/369agara.com\/sv\/wp-json\/wp\/v2\/product_tag?post=3815"}],"curies":[{"name":"wp","href":"https:\/\/api.w.org\/{rel}","templated":true}]}}